{"id":10171,"date":"2013-10-03T09:56:54","date_gmt":"2013-10-03T08:56:54","guid":{"rendered":"https:\/\/www-dev.ensma.fr\/the-school-2__trashed\/le-mot-du-directeur\/"},"modified":"2022-10-07T11:18:51","modified_gmt":"2022-10-07T10:18:51","slug":"a-word-from-the-director","status":"publish","type":"page","link":"https:\/\/www.ensma.fr\/en\/lecole\/a-word-from-the-director\/","title":{"rendered":"A word from the director"},"content":{"rendered":"<p>[et_pb_section fb_built=&#8221;1&#8243; _builder_version=&#8221;4.16&#8243; background_color=&#8221;RGBA(0,0,0,0)&#8221; use_background_color_gradient=&#8221;on&#8221; background_color_gradient_direction=&#8221;95deg&#8221; background_color_gradient_stops=&#8221;rgba(0,0,0,0) 20%|#ffffff 20%&#8221; background_color_gradient_overlays_image=&#8221;on&#8221; background_color_gradient_start=&#8221;rgba(0,0,0,0)&#8221; background_color_gradient_start_position=&#8221;20%&#8221; background_color_gradient_end=&#8221;#ffffff&#8221; background_color_gradient_end_position=&#8221;17%&#8221; background_image=&#8221;https:\/\/www.ensma.fr\/wp-content\/uploads\/2021\/05\/cover_plaquette21_web.jpg&#8221; background_size=&#8221;contain&#8221; background_position=&#8221;bottom_left&#8221; custom_padding=&#8221;|||&#8221; locked=&#8221;off&#8221; global_colors_info=&#8221;{}&#8221;][et_pb_row column_structure=&#8221;1_2,1_2&#8243; _builder_version=&#8221;4.16&#8243; global_colors_info=&#8221;{}&#8221; disabled_on=&#8221;on|on|on&#8221; disabled=&#8221;on&#8221;][et_pb_column type=&#8221;1_2&#8243; _builder_version=&#8221;4.16&#8243; custom_padding=&#8221;|||&#8221; global_colors_info=&#8221;{}&#8221; custom_padding__hover=&#8221;|||&#8221;][et_pb_text _builder_version=&#8221;4.16&#8243; text_font=&#8221;Roboto|500|||||||&#8221; text_text_color=&#8221;#939393&#8243; text_font_size=&#8221;21px&#8221; text_line_height=&#8221;2em&#8221; quote_font=&#8221;||||||||&#8221; header_font=&#8221;||||||||&#8221; header_2_font=&#8221;Rubik|700|||||||&#8221; header_2_font_size=&#8221;40px&#8221; header_2_line_height=&#8221;1.4em&#8221; header_3_text_align=&#8221;right&#8221; header_3_text_color=&#8221;#757575&#8243; header_3_font_size=&#8221;39px&#8221; header_5_font=&#8221;Rubik|700||on|||||&#8221; header_5_letter_spacing=&#8221;5px&#8221; header_5_line_height=&#8221;1.2em&#8221; text_orientation=&#8221;right&#8221; background_layout=&#8221;dark&#8221; max_width=&#8221;600px&#8221; max_width_tablet=&#8221;&#8221; max_width_phone=&#8221;&#8221; max_width_last_edited=&#8221;on|phone&#8221; custom_margin=&#8221;|||&#8221; custom_margin_tablet=&#8221;|70px||70px&#8221; custom_margin_phone=&#8221;|50px||50px&#8221; custom_margin_last_edited=&#8221;off|desktop&#8221; custom_padding=&#8221;|||&#8221; text_line_height_last_edited=&#8221;off|desktop&#8221; header_2_font_size_tablet=&#8221;&#8221; header_2_font_size_phone=&#8221;30px&#8221; header_2_font_size_last_edited=&#8221;on|phone&#8221; global_colors_info=&#8221;{}&#8221;]<\/p>\n<p>A word from the director<\/p>\n<h3>Prof. Roland Fortunier<\/h3>\n<p>[\/et_pb_text][et_pb_image src=&#8221;https:\/\/www.ensma.fr\/wp-content\/uploads\/2021\/06\/Roland-Fortunier_ISAE-ENSMA_2017_medaillon-3.jpg&#8221; title_text=&#8221;Roland Fortunier_ISAE-ENSMA_2017_m\u00e9daillon 3&#8243; align=&#8221;center&#8221; _builder_version=&#8221;4.16&#8243; _module_preset=&#8221;default&#8221; width=&#8221;42%&#8221; module_alignment=&#8221;right&#8221; global_colors_info=&#8221;{}&#8221;][\/et_pb_image][\/et_pb_column][et_pb_column type=&#8221;1_2&#8243; _builder_version=&#8221;4.16&#8243; custom_padding=&#8221;|||&#8221; global_colors_info=&#8221;{}&#8221; custom_padding__hover=&#8221;|||&#8221;][et_pb_text _builder_version=&#8221;4.16&#8243; text_font=&#8221;Roboto|500|||||||&#8221; text_text_color=&#8221;#7f7f7f&#8221; text_font_size=&#8221;16px&#8221; text_line_height=&#8221;2em&#8221; quote_font=&#8221;||||||||&#8221; header_font=&#8221;||||||||&#8221; header_2_font=&#8221;Rubik|700|||||||&#8221; header_2_font_size=&#8221;40px&#8221; header_2_line_height=&#8221;1.4em&#8221; header_5_font=&#8221;Rubik|700||on|||||&#8221; header_5_letter_spacing=&#8221;5px&#8221; header_5_line_height=&#8221;1.2em&#8221; background_layout=&#8221;dark&#8221; max_width=&#8221;600px&#8221; max_width_tablet=&#8221;&#8221; max_width_phone=&#8221;&#8221; max_width_last_edited=&#8221;on|phone&#8221; custom_margin=&#8221;99px|||||&#8221; custom_margin_tablet=&#8221;|70px||70px&#8221; custom_margin_phone=&#8221;|50px||50px&#8221; custom_margin_last_edited=&#8221;off|desktop&#8221; custom_padding=&#8221;|||&#8221; text_line_height_last_edited=&#8221;off|desktop&#8221; header_2_font_size_tablet=&#8221;&#8221; header_2_font_size_phone=&#8221;30px&#8221; header_2_font_size_last_edited=&#8221;on|phone&#8221; global_colors_info=&#8221;{}&#8221;]<\/p>\n<p>Founded in Poitiers in 1948 to train engineers in the fields of mechanical and aeronautical engineeing, ISAE-ENSMA has been located since 1993 north Poitiers, on the Poitiers-Futurocope aeronautics and transport campus.<\/p>\n<p>In 2011, ENSMA turns a corner by taking on the name of ISAE-ENSMA by creating, with ISAE-SUPAERO, the ISAE Group, the world leading centre of training and research in aeronautical and space engineering.<\/p>\n<p><em><\/em><\/p>\n<p>[\/et_pb_text][\/et_pb_column][\/et_pb_row][et_pb_row _builder_version=&#8221;4.16&#8243; _module_preset=&#8221;default&#8221; max_width=&#8221;948px&#8221; max_width_tablet=&#8221;&#8221; max_width_phone=&#8221;&#8221; max_width_last_edited=&#8221;on|tablet&#8221; module_alignment=&#8221;center&#8221; custom_padding=&#8221;|0px||||&#8221; global_colors_info=&#8221;{}&#8221; disabled_on=&#8221;on|on|on&#8221; disabled=&#8221;on&#8221;][et_pb_column type=&#8221;4_4&#8243; _builder_version=&#8221;4.16&#8243; _module_preset=&#8221;default&#8221; global_colors_info=&#8221;{}&#8221;][et_pb_text _builder_version=&#8221;4.16&#8243; _module_preset=&#8221;default&#8221; text_font_size=&#8221;16px&#8221; width=&#8221;85.8%&#8221; custom_margin=&#8221;|||111px||&#8221; custom_padding=&#8221;|0px||||&#8221; global_colors_info=&#8221;{}&#8221;]<\/p>\n<p>Today, the ISAE group represents more than 6,000 students, with three member schools in the three main aeronautical regions of France (ISAE-SUPAERO in Occitania, ISAE-ENSMA in New Aquitaine, ISAE-SUPMECA in Ile-de-France). In New Aquitaine, the group&#8217;s partner schools (ESTIA Bidart, EIGSI La Rochelle, ELISA Aerospace Bordeaux) have joined forces with ISAE-ENSMA to form the ISAE New Aquitaine alliance, with more than 3,500 students.<\/p>\n<p>More locally, ISAE-ENSMA has concluded strong agreements with the University of Poitiers, which will very soon celebrate its 700th anniversary. Joint research laboratories, including a CNRS unit, have enabled the school to be ranked among the world&#8217;s top 200 institutions in mechanical engineering in the Shanghai ranking for several years.<\/p>\n<p>The programs is extensive, covering fields such as fluid and structure mechanics, aerodynamics, energy, heat transfer and propulsion, materials, real-time computer science\u2026 Many industrials participate to the teaching activities, and share with students their professional experiences, in the framework of industrial chairs and sustainable partnerships. Humanities and social sciences are also included in the programs, as well as a solid international culture, to strengthen the expertise of our students. Our students are strongly involved in their education, through innovative projects, they are the next generation of scientists and managers, able to meet the industrial and societal challenges of the future.<\/p>\n<p>The following pages give a fairly complete description of our school. I hope you enjoy reading it.<\/p>\n<p>[\/et_pb_text][\/et_pb_column][\/et_pb_row][\/et_pb_section]<\/p>\n","protected":false},"excerpt":{"rendered":"<p>A word from the director Prof. Roland FortunierFounded in Poitiers in 1948 to train engineers in the fields of mechanical and aeronautical engineeing, ISAE-ENSMA has been located since 1993 north Poitiers, on the Poitiers-Futurocope aeronautics and transport campus. In 2011, ENSMA turns a corner by taking on the name of ISAE-ENSMA by creating, with ISAE-SUPAERO, [&hellip;]<\/p>\n","protected":false},"author":6,"featured_media":10167,"parent":10175,"menu_order":0,"comment_status":"open","ping_status":"closed","template":"","meta":{"_et_pb_use_builder":"on","_et_pb_old_content":"<p style=\"text-align: justify;\"><img class=\"alignright wp-image-5290 size-medium\" src=\"https:\/\/www.ensma.fr\/wp-content\/uploads\/2017\/09\/Roland-Fortunier_ISAE-ENSMA_2017_m\u00e9daillon-3-289x300.jpg\" alt=\"\" width=\"289\" height=\"300\" \/><\/p><p><em>R\u00e9f\u00e9rence sur son territoire et dans sa r\u00e9gion, Membre du groupe ISAE, p\u00f4le mondial de formation et de recherche en a\u00e9ronautique et spatial, L\u2019ISAE-ENSMA r\u00e9pond pr\u00e9sent face aux d\u00e9fis industriels et soci\u00e9taux, dans le domaine des transports et de l\u2019\u00e9nergie, en formant des scientifiques de haut niveau, capables de piloter des projets complexes, de faire preuve de leadership pour manager des \u00e9quipes et des organisations, et d'initiative pour entreprendre, dans un contexte international fortement connect\u00e9.<\/em><\/p><p>Cette vision guide la formation des ing\u00e9nieurs ISAE-ENSMA pour les prochaines ann\u00e9es. Elle s\u2019appuie sur de nombreux partenariats acad\u00e9miques et industriels, ainsi que sur des travaux de recherche d\u2019excellence \u00e9troitement li\u00e9s aux enseignements de haut niveau dispens\u00e9s.<\/p><p>L\u2019ENSMA a \u00e9t\u00e9 cr\u00e9\u00e9e en 1948 \u00e0 Poitiers pour former des ing\u00e9nieurs dans les domaines de la m\u00e9canique et de l\u2019a\u00e9rotechnique. Depuis 1993, elle est implant\u00e9e sur un campus r\u00e9solument novateur au sein du Futuroscope. En 2011, elle est devenue ISAE-ENSMA en fondant avec ISAE-SUPAERO le premier p\u00f4le mondial de formation sup\u00e9rieure en a\u00e9ronautique et spatial\u00a0: le groupe ISAE.<\/p><p>L\u2019enseignement couvre des domaines scientifiques \u00e9tendus tels que la m\u00e9canique des fluides et des structures, l\u2019a\u00e9rodynamique, l\u2019\u00e9nergie, la thermique et la propulsion, les mat\u00e9riaux, l\u2019informatique temps r\u00e9el, \u2026 De nombreux industriels participent \u00e0 ces enseignements, et font profiter les \u00e9l\u00e8ves de leur exp\u00e9rience sur des cas concrets, dans le cadre de chaires industrielles ou de partenariats durables.<\/p><p>Une formation en sciences humaines et sociale, ainsi qu\u2019une solide culture internationale, viennent compl\u00e9ter l\u2019expertise de nos \u00e9tudiants. Acteurs de leur formation, motiv\u00e9s par des projets innovants, ils sont les scientifiques et les managers de demain qui sauront relever les d\u00e9fis industriels et soci\u00e9taux du futur.<\/p><p>Les pages qui suivent donnent une description assez compl\u00e8te de notre Ecole. Je vous en souhaite une tr\u00e8s bonne lecture.<\/p><p style=\"text-align: justify;\">[box type=\"bio\"]<\/p><p style=\"text-align: justify;\">En 2011, l\u2019ENSMA a franchi un cap en adoptant la marque ISAE et en prenant le nom d\u2019usage ISAE-ENSMA. En effet, l\u2019ISAE \u2013 Institut Sup\u00e9rieur de l\u2019A\u00e9ronautique et de l\u2019Espace issu de la fusion SUPAERO et ENSICA \u2013 d\u00e9cline sa marque vers les \u00e9coles d\u2019ing\u00e9nieurs a\u00e9ronautiques fran\u00e7aises respectant une charte commune de valeurs et partageant des projets collectifs de d\u00e9veloppement. En 2012, l\u2019ESTACA et l'Ecole de l\u2019Air ont int\u00e9gr\u00e9 le Groupe ISAE. Le Groupe ISAE ainsi form\u00e9 permet d\u2019accro\u00eetre le rayonnement et la visibilit\u00e9 de ses membres, et de promouvoir la formation d\u2019ing\u00e9nieurs d\u2019excellence dans les domaines de l\u2019a\u00e9ronautique et de l\u2019espace.<\/p><p style=\"text-align: justify;\">[\/box]<\/p><p>\u00a0<\/p><p><strong>Prof. Roland Fortunier<\/strong> -<em> Directeur de l\u2019ISAE-ENSMA<\/em><\/p><p>\u00a0<\/p><p>\u00a0<\/p>","_et_gb_content_width":"","footnotes":""},"class_list":["post-10171","page","type-page","status-publish","has-post-thumbnail","hentry"],"_links":{"self":[{"href":"https:\/\/www.ensma.fr\/en\/wp-json\/wp\/v2\/pages\/10171","targetHints":{"allow":["GET"]}}],"collection":[{"href":"https:\/\/www.ensma.fr\/en\/wp-json\/wp\/v2\/pages"}],"about":[{"href":"https:\/\/www.ensma.fr\/en\/wp-json\/wp\/v2\/types\/page"}],"author":[{"embeddable":true,"href":"https:\/\/www.ensma.fr\/en\/wp-json\/wp\/v2\/users\/6"}],"replies":[{"embeddable":true,"href":"https:\/\/www.ensma.fr\/en\/wp-json\/wp\/v2\/comments?post=10171"}],"version-history":[{"count":10,"href":"https:\/\/www.ensma.fr\/en\/wp-json\/wp\/v2\/pages\/10171\/revisions"}],"predecessor-version":[{"id":20386,"href":"https:\/\/www.ensma.fr\/en\/wp-json\/wp\/v2\/pages\/10171\/revisions\/20386"}],"up":[{"embeddable":true,"href":"https:\/\/www.ensma.fr\/en\/wp-json\/wp\/v2\/pages\/10175"}],"wp:featuredmedia":[{"embeddable":true,"href":"https:\/\/www.ensma.fr\/en\/wp-json\/wp\/v2\/media\/10167"}],"wp:attachment":[{"href":"https:\/\/www.ensma.fr\/en\/wp-json\/wp\/v2\/media?parent=10171"}],"curies":[{"name":"wp","href":"https:\/\/api.w.org\/{rel}","templated":true}]}}