{"id":10184,"date":"2013-10-03T09:58:18","date_gmt":"2013-10-03T08:58:18","guid":{"rendered":"https:\/\/www-dev.ensma.fr\/lecole\/statuts\/"},"modified":"2021-06-28T21:36:29","modified_gmt":"2021-06-28T20:36:29","slug":"statutes","status":"publish","type":"page","link":"https:\/\/www.ensma.fr\/en\/lecole\/statutes\/","title":{"rendered":"Statutes"},"content":{"rendered":"<p>[et_pb_section fb_built=&#8221;1&#8243; _builder_version=&#8221;4.9.7&#8243; background_enable_color=&#8221;off&#8221; use_background_color_gradient=&#8221;on&#8221; background_color_gradient_start=&#8221;rgba(0,0,0,0)&#8221; background_color_gradient_end=&#8221;#ffffff&#8221; background_color_gradient_direction=&#8221;95deg&#8221; background_color_gradient_start_position=&#8221;20%&#8221; background_color_gradient_end_position=&#8221;17%&#8221; background_color_gradient_overlays_image=&#8221;on&#8221; background_image=&#8221;https:\/\/www.ensma.fr\/wp-content\/uploads\/2021\/05\/cover_plaquette21_web.jpg&#8221; background_size=&#8221;contain&#8221; background_position=&#8221;bottom_left&#8221; custom_padding=&#8221;|||&#8221; locked=&#8221;off&#8221;][et_pb_row column_structure=&#8221;1_2,1_2&#8243; _builder_version=&#8221;3.25&#8243;][et_pb_column type=&#8221;1_2&#8243; _builder_version=&#8221;3.25&#8243; custom_padding=&#8221;|||&#8221; custom_padding__hover=&#8221;|||&#8221;][et_pb_text _builder_version=&#8221;4.7.7&#8243; text_font=&#8221;Roboto|500|||||||&#8221; text_text_color=&#8221;#939393&#8243; text_font_size=&#8221;21px&#8221; text_line_height=&#8221;2em&#8221; quote_font=&#8221;||||||||&#8221; header_font=&#8221;||||||||&#8221; header_2_font=&#8221;Rubik|700|||||||&#8221; header_2_font_size=&#8221;40px&#8221; header_2_line_height=&#8221;1.4em&#8221; header_3_text_align=&#8221;right&#8221; header_3_text_color=&#8221;#757575&#8243; header_3_font_size=&#8221;39px&#8221; header_5_font=&#8221;Rubik|700||on|||||&#8221; header_5_letter_spacing=&#8221;5px&#8221; header_5_line_height=&#8221;1.2em&#8221; text_orientation=&#8221;right&#8221; background_layout=&#8221;dark&#8221; max_width=&#8221;600px&#8221; max_width_tablet=&#8221;&#8221; max_width_phone=&#8221;&#8221; max_width_last_edited=&#8221;on|phone&#8221; custom_margin=&#8221;|||&#8221; custom_margin_tablet=&#8221;|70px||70px&#8221; custom_margin_phone=&#8221;|50px||50px&#8221; custom_margin_last_edited=&#8221;off|desktop&#8221; custom_padding=&#8221;|||&#8221; text_line_height_last_edited=&#8221;off|desktop&#8221; header_2_font_size_tablet=&#8221;&#8221; header_2_font_size_phone=&#8221;30px&#8221; header_2_font_size_last_edited=&#8221;on|phone&#8221;]<\/p>\n<p>&nbsp;<\/p>\n<h3>Statutes<\/h3>\n<p>[\/et_pb_text][\/et_pb_column][et_pb_column type=&#8221;1_2&#8243; _builder_version=&#8221;3.25&#8243; custom_padding=&#8221;|||&#8221; custom_padding__hover=&#8221;|||&#8221;][et_pb_text _builder_version=&#8221;4.9.7&#8243; text_font=&#8221;Roboto|500|||||||&#8221; text_text_color=&#8221;#7f7f7f&#8221; text_font_size=&#8221;16px&#8221; text_line_height=&#8221;1.8em&#8221; quote_font=&#8221;||||||||&#8221; header_font=&#8221;||||||||&#8221; header_2_font=&#8221;Rubik|700|||||||&#8221; header_2_font_size=&#8221;40px&#8221; header_2_line_height=&#8221;1.4em&#8221; header_5_font=&#8221;Rubik|700||on|||||&#8221; header_5_letter_spacing=&#8221;5px&#8221; header_5_line_height=&#8221;1.2em&#8221; background_layout=&#8221;dark&#8221; max_width=&#8221;600px&#8221; max_width_tablet=&#8221;&#8221; max_width_phone=&#8221;&#8221; max_width_last_edited=&#8221;on|phone&#8221; custom_margin=&#8221;-5px|||||&#8221; custom_margin_tablet=&#8221;|70px||70px&#8221; custom_margin_phone=&#8221;|50px||50px&#8221; custom_margin_last_edited=&#8221;off|desktop&#8221; custom_padding=&#8221;|||&#8221; hover_enabled=&#8221;0&#8243; text_line_height_last_edited=&#8221;off|desktop&#8221; header_2_font_size_tablet=&#8221;&#8221; header_2_font_size_phone=&#8221;30px&#8221; header_2_font_size_last_edited=&#8221;on|phone&#8221; sticky_enabled=&#8221;0&#8243;]<\/p>\n<p style=\"text-align: justify;\">In 1946, the Institute of Mechanics and Aeronautics of Poitiers (IMAP) welcomed the first students who became, two years later, the first ENSMA engineers. Indeed, on January 16, 1947 the decree specifying the creation of Ecoles Nationales Sup\u00e9rieures d\u2019Ing\u00e9nieurs (ENSI), graduate engineering schools, was published in the Bulletin Officiel.<strong><strong><br \/><strong><br \/><\/strong><\/strong><\/strong><\/p>\n<p>[\/et_pb_text][\/et_pb_column][\/et_pb_row][et_pb_row use_custom_gutter=&#8221;on&#8221; gutter_width=&#8221;1&#8243; admin_label=&#8221;Image Row&#8221; _builder_version=&#8221;4.7.7&#8243; max_width=&#8221;976px&#8221; min_height=&#8221;107.7px&#8221; custom_padding=&#8221;||0px|||&#8221; locked=&#8221;off&#8221;][et_pb_column type=&#8221;4_4&#8243; _builder_version=&#8221;3.25&#8243; custom_padding=&#8221;|||&#8221; custom_padding__hover=&#8221;|||&#8221;][et_pb_blurb use_icon=&#8221;on&#8221; font_icon=&#8221;%%36%%&#8221; icon_color=&#8221;#0c71c3&#8243; icon_placement=&#8221;left&#8221; content_max_width=&#8221;830px&#8221; use_icon_font_size=&#8221;on&#8221; icon_font_size=&#8221;33px&#8221; _builder_version=&#8221;4.7.7&#8243; _module_preset=&#8221;default&#8221; header_font=&#8221;Roboto||||||||&#8221; header_text_color=&#8221;#225799&#8243; body_font=&#8221;Roboto||||||||&#8221; body_text_color=&#8221;#7f7f7f&#8221; body_font_size=&#8221;16px&#8221; min_height=&#8221;86px&#8221;]<\/p>\n<div class=\"learn-more-content\" style=\"visibility: visible;\">\n<p>On March 27, 1948, 6 schools were chosen, located in Grenoble, Toulouse, Nancy, Nantes, Paris and Poitiers. In October 1941, anticipating the future, Henri Poncin selected a twenty-student class under the aegis of what would become ENSMA.<\/p>\n<\/div>\n<p>[\/et_pb_blurb][\/et_pb_column][\/et_pb_row][et_pb_row use_custom_gutter=&#8221;on&#8221; gutter_width=&#8221;1&#8243; admin_label=&#8221;Image Row&#8221; _builder_version=&#8221;4.7.7&#8243; max_width=&#8221;976px&#8221; locked=&#8221;off&#8221;][et_pb_column type=&#8221;4_4&#8243; _builder_version=&#8221;3.25&#8243; custom_padding=&#8221;|||&#8221; custom_padding__hover=&#8221;|||&#8221;][et_pb_blurb use_icon=&#8221;on&#8221; font_icon=&#8221;%%36%%&#8221; icon_color=&#8221;#0c71c3&#8243; icon_placement=&#8221;left&#8221; content_max_width=&#8221;830px&#8221; use_icon_font_size=&#8221;on&#8221; icon_font_size=&#8221;33px&#8221; _builder_version=&#8221;4.9.4&#8243; _module_preset=&#8221;default&#8221; header_font=&#8221;Roboto||||||||&#8221; header_text_color=&#8221;#225799&#8243; body_font=&#8221;Roboto||||||||&#8221; body_text_color=&#8221;#7f7f7f&#8221; body_font_size=&#8221;16px&#8221; custom_padding=&#8221;0px|||||&#8221;]<\/p>\n<div class=\"learn-more-content\" style=\"visibility: visible;\">\n<div class=\"learn-more-content\" style=\"visibility: visible;\">\n<p>In 1984, the law on higher education and the ENSIs\u2019 statutes was passed.<\/p>\n<\/div>\n<\/div>\n<p>[\/et_pb_blurb][\/et_pb_column][\/et_pb_row][et_pb_row use_custom_gutter=&#8221;on&#8221; gutter_width=&#8221;1&#8243; admin_label=&#8221;Image Row&#8221; _builder_version=&#8221;4.7.7&#8243; max_width=&#8221;976px&#8221; locked=&#8221;off&#8221;][et_pb_column type=&#8221;4_4&#8243; _builder_version=&#8221;3.25&#8243; custom_padding=&#8221;|||&#8221; custom_padding__hover=&#8221;|||&#8221;][et_pb_blurb use_icon=&#8221;on&#8221; font_icon=&#8221;%%36%%&#8221; icon_color=&#8221;#0c71c3&#8243; icon_placement=&#8221;left&#8221; content_max_width=&#8221;830px&#8221; use_icon_font_size=&#8221;on&#8221; icon_font_size=&#8221;33px&#8221; _builder_version=&#8221;4.7.7&#8243; _module_preset=&#8221;default&#8221; header_font=&#8221;Roboto||||||||&#8221; header_text_color=&#8221;#225799&#8243; body_font=&#8221;Roboto||||||||&#8221; body_text_color=&#8221;#7f7f7f&#8221; body_font_size=&#8221;16px&#8221; custom_padding=&#8221;||0px|||&#8221;]<\/p>\n<p><strong><\/strong>In 1986 ENSMA acquired the status of administrative public body, according to the #86-640 decree of March 14, 1986 defining the operation and organization rules of some engineering schools linked to a public scientific, cultural and professional higher education school (University of Poitiers).<\/p>\n<p>[\/et_pb_blurb][\/et_pb_column][\/et_pb_row][et_pb_row use_custom_gutter=&#8221;on&#8221; gutter_width=&#8221;1&#8243; admin_label=&#8221;Image Row&#8221; _builder_version=&#8221;4.7.7&#8243; max_width=&#8221;976px&#8221; locked=&#8221;off&#8221;][et_pb_column type=&#8221;4_4&#8243; _builder_version=&#8221;3.25&#8243; custom_padding=&#8221;|||&#8221; custom_padding__hover=&#8221;|||&#8221;][et_pb_blurb use_icon=&#8221;on&#8221; font_icon=&#8221;%%36%%&#8221; icon_color=&#8221;#0c71c3&#8243; icon_placement=&#8221;left&#8221; content_max_width=&#8221;830px&#8221; use_icon_font_size=&#8221;on&#8221; icon_font_size=&#8221;33px&#8221; _builder_version=&#8221;4.7.7&#8243; _module_preset=&#8221;default&#8221; header_font=&#8221;Roboto||||||||&#8221; header_text_color=&#8221;#225799&#8243; body_font=&#8221;Roboto||||||||&#8221; body_text_color=&#8221;#7f7f7f&#8221; body_font_size=&#8221;16px&#8221; custom_padding=&#8221;10px|||||&#8221;]<\/p>\n<div class=\"learn-more-content\" style=\"visibility: visible;\">\n<p>In 2011, ENSMA adopted the ISAE brand and became known as ISAE-ENSMA. Indeed, the Higher Institute of Aeronautics and Space took the initiative to decline its brand towards French schools respecting a common charter of values \u200b\u200band sharing collective development projects.<\/p>\n<\/div>\n<p>[\/et_pb_blurb][\/et_pb_column][\/et_pb_row][et_pb_row use_custom_gutter=&#8221;on&#8221; gutter_width=&#8221;1&#8243; admin_label=&#8221;Image Row&#8221; _builder_version=&#8221;4.7.7&#8243; max_width=&#8221;976px&#8221; locked=&#8221;off&#8221;][et_pb_column type=&#8221;4_4&#8243; _builder_version=&#8221;3.25&#8243; custom_padding=&#8221;|||&#8221; custom_padding__hover=&#8221;|||&#8221;][et_pb_blurb use_icon=&#8221;on&#8221; font_icon=&#8221;%%36%%&#8221; icon_color=&#8221;#0c71c3&#8243; icon_placement=&#8221;left&#8221; content_max_width=&#8221;830px&#8221; use_icon_font_size=&#8221;on&#8221; icon_font_size=&#8221;33px&#8221; _builder_version=&#8221;4.7.7&#8243; _module_preset=&#8221;default&#8221; header_font=&#8221;Roboto||||||||&#8221; header_text_color=&#8221;#225799&#8243; body_font=&#8221;Roboto||||||||&#8221; body_text_color=&#8221;#7f7f7f&#8221; body_font_size=&#8221;16px&#8221;]<\/p>\n<p>In 2017, the ISAE-ENSMA becomes a public scientific, cultural and professional institution (EPSCP) among &#8220;non-university institutes and schools&#8221;. It thus crosses the last stage in autonomy, after the &#8220;RCE&#8221; in 2013.<\/p>\n<p>[\/et_pb_blurb][\/et_pb_column][\/et_pb_row][\/et_pb_section]<\/p>\n","protected":false},"excerpt":{"rendered":"<p>&nbsp; StatutesIn 1946, the Institute of Mechanics and Aeronautics of Poitiers (IMAP) welcomed the first students who became, two years later, the first ENSMA engineers. Indeed, on January 16, 1947 the decree specifying the creation of Ecoles Nationales Sup\u00e9rieures d\u2019Ing\u00e9nieurs (ENSI), graduate engineering schools, was published in the Bulletin Officiel. On March 27, 1948, 6 [&hellip;]<\/p>\n","protected":false},"author":6,"featured_media":10167,"parent":10175,"menu_order":0,"comment_status":"open","ping_status":"closed","template":"","meta":{"_et_pb_use_builder":"on","_et_pb_old_content":"<p style=\"text-align: justify;\"><strong>L\u2019IMAP accueille en 1946<\/strong> ses premiers \u00e9tudiants qui devinrent deux ans plus tard les premiers ing\u00e9nieurs ENSMA. En effet, le 16 janvier 1947 parut au Journal Officiel le d\u00e9cret instituant les Ecoles Nationales Sup\u00e9rieures d\u2019Ing\u00e9nieurs.<\/p><p style=\"text-align: justify;\"><strong>Le 27 mars 1948<\/strong>, les 6 premi\u00e8res \u00e9lues furent : Grenoble, Toulouse, Nancy, Nantes, Chimie de Paris et Poitiers. Anticipant sur l\u2019avenir, Henri Poncin avait recrut\u00e9, d\u00e8s octobre 1947, une promotion de vingt \u00e9tudiants sous l\u2019\u00e9gide de la future ENSMA.<\/p><p style=\"text-align: justify;\"><strong>1984 :<\/strong> Loi sur l\u2019enseignement sup\u00e9rieur et statut des ENSI.<\/p><p style=\"text-align: justify;\">L\u2019ENSMA obtint en 1986 le statut d\u2019\u00e9tablissement public \u00e0 caract\u00e8re administratif (EPA), selon d\u00e9cret n\u00b086-640 du 14 mars 1986 fixant les r\u00e8gles d\u2019organisation et de fonctionnement de certaines \u00e9coles d\u2019ing\u00e9nieurs rattach\u00e9es \u00e0 un \u00e9tablissement public \u00e0 caract\u00e8re scientifique, culturel et professionnel (Universit\u00e9 de Poitiers).<\/p><p>En 2011, l\u2019ENSMA a adopt\u00e9 la marque ISAE et a pris le nom d\u2019usage ISAE-ENSMA. En effet, l\u2019Institut Sup\u00e9rieur de l'A\u00e9ronautique et de l'Espace a pris l\u2019initiative de d\u00e9cliner sa marque vers des \u00e9coles fran\u00e7aises respectant une charte commune de valeurs et partageant des projets collectifs de d\u00e9veloppement.<\/p><p>En 2017, l\u2019ISAE-ENSMA devient un \u00e9tablissement public \u00e0 caract\u00e8re scientifique, culturel et professionnel (EPSCP) parmi les \u00ab\u00a0instituts et les \u00e9coles ne faisant pas partie des universit\u00e9s \u00bb. Elle franchit ainsi la derni\u00e8re \u00e9tape dans l'autonomie, apr\u00e8s les RCE en 2013.<\/p>","_et_gb_content_width":"","footnotes":""},"class_list":["post-10184","page","type-page","status-publish","has-post-thumbnail","hentry"],"_links":{"self":[{"href":"https:\/\/www.ensma.fr\/en\/wp-json\/wp\/v2\/pages\/10184","targetHints":{"allow":["GET"]}}],"collection":[{"href":"https:\/\/www.ensma.fr\/en\/wp-json\/wp\/v2\/pages"}],"about":[{"href":"https:\/\/www.ensma.fr\/en\/wp-json\/wp\/v2\/types\/page"}],"author":[{"embeddable":true,"href":"https:\/\/www.ensma.fr\/en\/wp-json\/wp\/v2\/users\/6"}],"replies":[{"embeddable":true,"href":"https:\/\/www.ensma.fr\/en\/wp-json\/wp\/v2\/comments?post=10184"}],"version-history":[{"count":7,"href":"https:\/\/www.ensma.fr\/en\/wp-json\/wp\/v2\/pages\/10184\/revisions"}],"predecessor-version":[{"id":16210,"href":"https:\/\/www.ensma.fr\/en\/wp-json\/wp\/v2\/pages\/10184\/revisions\/16210"}],"up":[{"embeddable":true,"href":"https:\/\/www.ensma.fr\/en\/wp-json\/wp\/v2\/pages\/10175"}],"wp:featuredmedia":[{"embeddable":true,"href":"https:\/\/www.ensma.fr\/en\/wp-json\/wp\/v2\/media\/10167"}],"wp:attachment":[{"href":"https:\/\/www.ensma.fr\/en\/wp-json\/wp\/v2\/media?parent=10184"}],"curies":[{"name":"wp","href":"https:\/\/api.w.org\/{rel}","templated":true}]}}