{"id":10389,"date":"2013-11-27T14:42:49","date_gmt":"2013-11-27T13:42:49","guid":{"rendered":"https:\/\/www-dev.ensma.fr\/press\/communique-de-presse\/"},"modified":"2022-01-11T15:33:56","modified_gmt":"2022-01-11T14:33:56","slug":"news-release","status":"publish","type":"page","link":"https:\/\/www.ensma.fr\/en\/news-release\/","title":{"rendered":"News release"},"content":{"rendered":"<p>[et_pb_section fb_built=&#8221;1&#8243; _builder_version=&#8221;4.7.7&#8243; background_enable_color=&#8221;off&#8221; use_background_color_gradient=&#8221;on&#8221; background_color_gradient_start=&#8221;rgba(255,255,255,0.72)&#8221; background_color_gradient_end=&#8221;rgba(255,255,255,0.82)&#8221; background_color_gradient_direction=&#8221;95deg&#8221; background_color_gradient_start_position=&#8221;100%&#8221; background_color_gradient_end_position=&#8221;17%&#8221; background_color_gradient_overlays_image=&#8221;on&#8221; background_image=&#8221;https:\/\/www-dev.ensma.fr\/wp-content\/uploads\/2020\/12\/Ensma-International.png&#8221; background_position=&#8221;bottom_left&#8221; min_height=&#8221;580.3px&#8221; custom_padding=&#8221;|||&#8221; locked=&#8221;off&#8221; global_colors_info=&#8221;{}&#8221;][et_pb_row _builder_version=&#8221;4.7.7&#8243; module_alignment=&#8221;center&#8221; min_height=&#8221;504.7px&#8221; global_colors_info=&#8221;{}&#8221;][et_pb_column type=&#8221;4_4&#8243; _builder_version=&#8221;4.7.7&#8243; custom_padding=&#8221;|||&#8221; global_colors_info=&#8221;{}&#8221; custom_padding__hover=&#8221;|||&#8221;][et_pb_text _builder_version=&#8221;4.14.2&#8243; text_font=&#8221;Roboto|500|||||||&#8221; text_text_color=&#8221;#939393&#8243; text_font_size=&#8221;21px&#8221; text_line_height=&#8221;2em&#8221; quote_font=&#8221;||||||||&#8221; header_font=&#8221;||||||||&#8221; header_2_font=&#8221;Rubik|700|||||||&#8221; header_2_font_size=&#8221;40px&#8221; header_2_line_height=&#8221;1.4em&#8221; header_3_text_align=&#8221;right&#8221; header_3_text_color=&#8221;#757575&#8243; header_3_font_size=&#8221;39px&#8221; header_5_font=&#8221;Rubik|700||on|||||&#8221; header_5_letter_spacing=&#8221;5px&#8221; header_5_line_height=&#8221;1.2em&#8221; text_orientation=&#8221;right&#8221; background_layout=&#8221;dark&#8221; max_width=&#8221;775px&#8221; max_width_tablet=&#8221;&#8221; max_width_phone=&#8221;&#8221; max_width_last_edited=&#8221;on|phone&#8221; module_alignment=&#8221;center&#8221; custom_margin=&#8221;|||&#8221; custom_margin_tablet=&#8221;|70px||70px&#8221; custom_margin_phone=&#8221;|50px||50px&#8221; custom_margin_last_edited=&#8221;off|desktop&#8221; custom_padding=&#8221;|||&#8221; hover_enabled=&#8221;0&#8243; text_line_height_last_edited=&#8221;off|desktop&#8221; header_2_font_size_tablet=&#8221;&#8221; header_2_font_size_phone=&#8221;30px&#8221; header_2_font_size_last_edited=&#8221;on|phone&#8221; global_colors_info=&#8221;{}&#8221; sticky_enabled=&#8221;0&#8243;]<\/p>\n<p><span style=\"text-decoration: underline;\">\u00a0<\/span><\/p>\n<h3 style=\"text-align: center;\">Communiqu\u00e9s de presse<\/h3>\n<p style=\"text-align: left;\">Vous \u00eates journaliste et souhaitez obtenir plus d&#8217;informations sur l&#8217;ISAE-ENSMA ? Vous voulez entrer en contact avec l&#8217;\u00e9quipe de direction, les enseignants, les chercheurs, les \u00e9tudiants de l&#8217;\u00e9cole ?<br \/>N&#8217;h\u00e9sitez pas \u00e0 nous contacter.<strong><\/strong><\/p>\n<h5 style=\"text-align: left;\"><span style=\"color: #0c71c3;\">\u2014<\/span><span style=\"color: #0c71c3;\">\u2014\u2014\u2014\u2014\u2014\u2014\u2014\u2014\u2014\u2014\u2014\u2014\u2014\u2014\u2014\u2014\u2014\u2014\u2014\u2014\u2014\u2014\u2014\u2014\u2014&#8211;\u2013-<\/span><\/h5>\n<p style=\"text-align: left;\">Natacha Menec<br \/>Charg\u00e9e de communication ISAE-ENSMA<br \/>05 16 08 00 82 &#8211; <a href=\"mailto:natacha.menec@isae-ensma.fr\" target=\"_blank\" rel=\"noopener\">natacha.menec@isae-ensma.fr<\/a><\/p>\n<p style=\"text-align: left;\">Olivier Geay<br \/>Charg\u00e9 de communication ISAE-ENSMA<br \/>05 49 49 80 08 &#8211; <a href=\"mailto:olivier.geay@isae-ensma.fr\" target=\"_blank\" rel=\"noopener\">olivier.geay@isae-ensma.fr<\/a><\/p>\n<h5 style=\"text-align: left;\"><span style=\"color: #0c71c3;\">\u2014\u2014\u2014\u2014\u2014\u2014\u2014\u2014\u2014\u2014\u2014\u2014\u2014\u2014\u2014\u2014\u2014\u2014\u2014\u2014\u2014\u2014\u2014\u2014\u2014\u2014\u2013&#8212;<\/span><\/h5>\n<p>[\/et_pb_text][\/et_pb_column][\/et_pb_row][\/et_pb_section][et_pb_section fb_built=&#8221;1&#8243; _builder_version=&#8221;4.7.7&#8243; _module_preset=&#8221;default&#8221; global_colors_info=&#8221;{}&#8221;][et_pb_row column_structure=&#8221;1_3,1_3,1_3&#8243; use_custom_gutter=&#8221;on&#8221; gutter_width=&#8221;2&#8243; _builder_version=&#8221;4.7.7&#8243; _module_preset=&#8221;default&#8221; max_width=&#8221;1607px&#8221; global_colors_info=&#8221;{}&#8221;][et_pb_column type=&#8221;1_3&#8243; _builder_version=&#8221;4.7.7&#8243; _module_preset=&#8221;default&#8221; global_colors_info=&#8221;{}&#8221;][et_pb_toggle title=&#8221;2020&#8243; icon_color=&#8221;#0c71c3&#8243; use_icon_font_size=&#8221;on&#8221; open_icon_color=&#8221;#0c71c3&#8243; open_use_icon_font_size=&#8221;on&#8221; _builder_version=&#8221;4.13.0&#8243; _module_preset=&#8221;default&#8221; closed_title_text_align=&#8221;left&#8221; global_colors_info=&#8221;{}&#8221;]<\/p>\n<div class=\"learn-more-content\" style=\"visibility: visible;\">\n<div class=\"page\" title=\"Page 6\">\n<div class=\"section\">\n<div class=\"layoutArea\">\n<div class=\"column\">\n<div class=\"learn-more-content\" style=\"visibility: visible; display: block;\">\n<p>[17.11.2020] Urgence climat : les \u00e9tudiantes et \u00e9tudiants de l\u2019ISAE-ENSMA \u00a0<a href=\"https:\/\/www.ensma.fr\/wp-content\/uploads\/2020\/11\/2020-11-17-ISAE-ENSMA-Transformation-environnementale.pdf\">oeuvrent \u00e0 la transformation de leur formation<\/a><\/p>\n<p>[12.10.2020] Le NAASC, Centre spatial universitaire de Nouvelle Aquitaine, <a href=\"https:\/\/www.ensma.fr\/wp-content\/uploads\/2020\/10\/2020-10-12-CP-NAASC.pdf\">poursuit sa structuration<\/a><\/p>\n<p>[09.09.2020] Le Groupe ISAE <a href=\"https:\/\/www.ensma.fr\/wp-content\/uploads\/2020\/09\/2020-09-07-Alliance-ISAE-Nouvelle-Aquitaine.pdf\">cr\u00e9e une alliance \u00ab\u00a0ISAE Nouvelle Aquitaine\u00a0\u00bb<\/a> pilot\u00e9e par l\u2019ISAE-ENSMA<\/p>\n<p>[30.06.2020] L\u2019ISAE-ENSMA conserve sa place <a href=\"https:\/\/www.ensma.fr\/wp-content\/uploads\/2020\/08\/2020-06-30-Classement-th\u00e9matique-Shanghai.pdf\">dans le classement th\u00e9matique mondial de Shanghai<\/a><\/p>\n<p>[01.04.2020]\u00a0<span style=\"font-size: inherit;\">Covid-19 : l\u2019association ISAE-ENSMA Alumni lance <a href=\"https:\/\/www.ensma.fr\/wp-content\/uploads\/2020\/08\/2020-04-01-Solidarit\u00e9-ISAE-ENSMA-alumni.pdf\">un appel aux dons<\/a> pour les \u00e9tudiants de l\u2019\u00e9cole<\/span><\/p>\n<p>[19.02.2020]\u00a0<span style=\"font-size: inherit;\">Des dipl\u00f4m\u00e9s et \u00e9tudiants de l\u2019ISAE-ENSMA s\u2019unissent pour proposer <a href=\"https:\/\/www.ensma.fr\/wp-content\/uploads\/2020\/08\/2020-02-19-Projet-EOS.pdf\">des cours d\u2019a\u00e9ronautique aux enfants colombiens<\/a><\/span><\/p>\n<\/div>\n<\/div>\n<\/div>\n<\/div>\n<\/div>\n<\/div>\n<p>[\/et_pb_toggle][\/et_pb_column][et_pb_column type=&#8221;1_3&#8243; _builder_version=&#8221;4.7.7&#8243; _module_preset=&#8221;default&#8221; global_colors_info=&#8221;{}&#8221;][et_pb_toggle title=&#8221;2019&#8243; icon_color=&#8221;#0c71c3&#8243; use_icon_font_size=&#8221;on&#8221; open_icon_color=&#8221;#0c71c3&#8243; open_use_icon_font_size=&#8221;on&#8221; _builder_version=&#8221;4.13.0&#8243; _module_preset=&#8221;default&#8221; global_colors_info=&#8221;{}&#8221;]<\/p>\n<div class=\"learn-more-content\" style=\"visibility: visible;\">\n<div class=\"learn-more-content\" style=\"visibility: visible;\">\n<div class=\"learn-more-content\" style=\"visibility: visible; display: block;\">\n<p>[18.11.2019] Forum entreprises : l\u2019ISAE-ENSMA attire toujours plus de partenaires<\/p>\n<p>[03.10.2019] Urgence climat : <a href=\"https:\/\/www.ensma.fr\/wp-content\/uploads\/2019\/10\/2019-10-02-Semaine-urgence-climat-OK.pdf\">les \u00e9tudiants de l\u2019ISAE-ENSMA se mobilisent<\/a><\/p>\n<p>[03.07.2019] L\u2019ISAE-ENSMA, dans le <a href=\"https:\/\/www.ensma.fr\/wp-content\/uploads\/2019\/07\/2019-07-03-Classement-th\u00e9matique-Shanghai.pdf\">classement th\u00e9matique mondial de Shanghai<\/a><\/p>\n<p>[17.06.2019] Salon du Bourget : l\u2019ISAE-ENSMA <a href=\"https:\/\/www.ensma.fr\/wp-content\/uploads\/2019\/07\/2019-06-17-Salon-du-Bourget.pdf\">au c\u0153ur de l\u2019avion des m\u00e9tiers<\/a><\/p>\n<p>[12.04.2019] Aviation : l\u2019ISAE-ENSMA se lance <a href=\"https:\/\/www.ensma.fr\/wp-content\/uploads\/2019\/07\/2019-04-12-Pioneer-300-et-Ensmair.pdf\">dans la construction d\u2019un Pioneer 300<\/a><\/p>\n<p>[22.03.2019] 25 \u00e9tudiants de l\u2019ISAE-ENSMA <a href=\"https:\/\/www.ensma.fr\/wp-content\/uploads\/2019\/07\/2019-03-22-Centre-spatial-guyanais.pdf\">en visite au centre spatial guyanais<\/a><\/p>\n<\/div>\n<\/div>\n<\/div>\n<p>[\/et_pb_toggle][\/et_pb_column][et_pb_column type=&#8221;1_3&#8243; _builder_version=&#8221;4.7.7&#8243; _module_preset=&#8221;default&#8221; global_colors_info=&#8221;{}&#8221;][et_pb_toggle title=&#8221;2018&#8243; icon_color=&#8221;#0c71c3&#8243; open_icon_color=&#8221;#0c71c3&#8243; _builder_version=&#8221;4.13.0&#8243; _module_preset=&#8221;default&#8221; global_colors_info=&#8221;{}&#8221;]<\/p>\n<div class=\"learn-more-content\" style=\"visibility: visible;\">\n<div class=\"learn-more-content\" style=\"visibility: visible;\">\n<div class=\"learn-more-content\" style=\"visibility: visible; display: block;\">\n<p>[24.09.2018] Dossier de presse :<br \/>Les 70 ans de l&#8217;ISAE-ENSMA<\/p>\n<\/div>\n<\/div>\n<\/div>\n<p>[\/et_pb_toggle][\/et_pb_column][\/et_pb_row][et_pb_row column_structure=&#8221;1_3,1_3,1_3&#8243; use_custom_gutter=&#8221;on&#8221; gutter_width=&#8221;2&#8243; _builder_version=&#8221;4.7.7&#8243; _module_preset=&#8221;default&#8221; max_width=&#8221;1607px&#8221; global_colors_info=&#8221;{}&#8221;][et_pb_column type=&#8221;1_3&#8243; _builder_version=&#8221;4.7.7&#8243; _module_preset=&#8221;default&#8221; global_colors_info=&#8221;{}&#8221;][et_pb_toggle title=&#8221;2017&#8243; icon_color=&#8221;#0c71c3&#8243; use_icon_font_size=&#8221;on&#8221; open_icon_color=&#8221;#0c71c3&#8243; open_use_icon_font_size=&#8221;on&#8221; _builder_version=&#8221;4.13.0&#8243; _module_preset=&#8221;default&#8221; closed_title_text_align=&#8221;left&#8221; global_colors_info=&#8221;{}&#8221;]<\/p>\n<div class=\"learn-more-content\" style=\"visibility: visible;\">\n<div class=\"learn-more-content\">\n<div class=\"learn-more-content\" style=\"visibility: visible;\">\n<p>[22.08.2017]\u00a0Roland Fortunier prend <a href=\"https:\/\/www.ensma.fr\/wp-content\/uploads\/2017\/08\/Communiqu\u00e9-de-presse_directeur-ISAE-ENSMA_22-08-2017.doc\">la direction de l\u2019ISAE-ENSMA<\/a><\/p>\n<p>[19.06.2017] Euroglider, le <a href=\"https:\/\/www.ensma.fr\/wp-content\/uploads\/2017\/08\/Dossier-de-presse-Euroglider-150617.pdf\">premier planeur biplace \u00e0 propulsion \u00e9lectrique<\/a> con\u00e7u par les \u00e9tudiants du groupe ISAE<\/p>\n<p>[23.02.2017]\u00a0L\u2019ISAE-ENSMA et le groupe INSA signent <a href=\"https:\/\/www.ensma.fr\/wp-content\/uploads\/2017\/08\/Com_ISAE-ENSMA_Groupe-INSA.docx\">un partenariat de double dipl\u00f4me<\/a><\/p>\n<\/div>\n<p><em>\u00a0<\/em><\/p>\n<\/div>\n<\/div>\n<p>[\/et_pb_toggle][\/et_pb_column][et_pb_column type=&#8221;1_3&#8243; _builder_version=&#8221;4.7.7&#8243; _module_preset=&#8221;default&#8221; global_colors_info=&#8221;{}&#8221;][et_pb_toggle title=&#8221;2016&#8243; icon_color=&#8221;#0c71c3&#8243; use_icon_font_size=&#8221;on&#8221; open_icon_color=&#8221;#0c71c3&#8243; open_use_icon_font_size=&#8221;on&#8221; _builder_version=&#8221;4.13.0&#8243; _module_preset=&#8221;default&#8221; global_colors_info=&#8221;{}&#8221;]<\/p>\n<div class=\"learn-more-content\" style=\"visibility: visible;\">\n<div class=\"learn-more-content\" style=\"visibility: visible;\">\n<div class=\"learn-more-content\" style=\"visibility: visible;\">\n<p>[08.08.2016] <a href=\"https:\/\/www.ensma.fr\/wp-content\/uploads\/2016\/12\/Dossier-dexposition-des-fus\u00e9es-\u00e9tudiantes.pdf\">Les fus\u00e9es \u00e9tudiantes<\/a> s\u2019exposent \u00e0 l\u2019ISAE-ENSMA (dossier de presse)<\/p>\n<\/div>\n<\/div>\n<\/div>\n<p>[\/et_pb_toggle][\/et_pb_column][et_pb_column type=&#8221;1_3&#8243; _builder_version=&#8221;4.7.7&#8243; _module_preset=&#8221;default&#8221; global_colors_info=&#8221;{}&#8221;][et_pb_toggle title=&#8221;2015&#8243; icon_color=&#8221;#0c71c3&#8243; open_icon_color=&#8221;#0c71c3&#8243; _builder_version=&#8221;4.13.0&#8243; _module_preset=&#8221;default&#8221; global_colors_info=&#8221;{}&#8221;]<\/p>\n<div class=\"learn-more-content\" style=\"visibility: visible;\">\n<div class=\"learn-more-content\" style=\"visibility: visible;\">\n<div class=\"learn-more-content\" style=\"visibility: visible;\">\n<div class=\"learn-more-content\" style=\"visibility: visible;\">\n<p>[16.07.2015] Les \u00e9coles du r\u00e9seau Polym\u00e9ca renouvellent l<a href=\"https:\/\/www.ensma.fr\/wp-content\/uploads\/2015\/08\/Communiqu\u00e9-Polym\u00e9ca-juillet-2015.pdf\">eurs parcours bi-dipl\u00f4mants<\/a><\/p>\n<p>[15.04.2015] L\u2019ISAE-ENSMA accueille les <a href=\"https:\/\/www.ensma.fr\/wp-content\/uploads\/2016\/12\/Olympiade-SI-2015_Poitiers.pdf\">Olympiades des sciences de l\u2019ing\u00e9nieur<\/a><\/p>\n<\/div>\n<\/div>\n<\/div>\n<\/div>\n<p>[\/et_pb_toggle][\/et_pb_column][\/et_pb_row][et_pb_row column_structure=&#8221;1_3,1_3,1_3&#8243; use_custom_gutter=&#8221;on&#8221; gutter_width=&#8221;2&#8243; _builder_version=&#8221;4.7.7&#8243; _module_preset=&#8221;default&#8221; max_width=&#8221;1607px&#8221; global_colors_info=&#8221;{}&#8221;][et_pb_column type=&#8221;1_3&#8243; _builder_version=&#8221;4.7.7&#8243; _module_preset=&#8221;default&#8221; global_colors_info=&#8221;{}&#8221;][et_pb_toggle title=&#8221;2014&#8243; icon_color=&#8221;#0c71c3&#8243; use_icon_font_size=&#8221;on&#8221; open_icon_color=&#8221;#0c71c3&#8243; open_use_icon_font_size=&#8221;on&#8221; _builder_version=&#8221;4.13.0&#8243; _module_preset=&#8221;default&#8221; closed_title_text_align=&#8221;left&#8221; global_colors_info=&#8221;{}&#8221;]<\/p>\n<div class=\"learn-more-content\" style=\"visibility: visible;\">\n<div class=\"learn-more-content\">\n<div class=\"learn-more-content\" style=\"visibility: visible;\">\n<p>[12.2014] <a href=\"https:\/\/www.ensma.fr\/wp-content\/uploads\/2016\/12\/Dossier-de-presse-PERGOLA.pdf\">Inauguration de PERGOLA<\/a>, b<span style=\"font-size: inherit;\">anc d\u2019essais d\u00e9di\u00e9 \u00e0 la\u00a0<\/span><span style=\"font-size: inherit;\">a combustion d\u2019ergols innovants pour la propulsion spatiale<\/span><\/p>\n<p>[17.04.2014] L\u2019ISAE-ENSMA accueille <a href=\"https:\/\/www.ensma.fr\/wp-content\/uploads\/2014\/04\/Olympiades-SI-2014_ISAE-ENSMA.pdf\">les Olympiades des sciences de l\u2019ing\u00e9nieur<\/a><\/p>\n<p>[15.04.2014] Une journ\u00e9e\u00a0<span style=\"font-size: inherit;\"><a href=\"https:\/\/www.ensma.fr\/wp-content\/uploads\/2014\/04\/Journ\u00e9e-mixit\u00e9-2014_ISAE-ENSMA.pdf\">\u00ab Sciences et technologies : la mixit\u00e9 au c\u0153ur des m\u00e9tiers \u00bb<\/a> \u00e0 l\u2019\u00e9cole<\/span><\/p>\n<\/div>\n<\/div>\n<\/div>\n<p>[\/et_pb_toggle][\/et_pb_column][et_pb_column type=&#8221;1_3&#8243; _builder_version=&#8221;4.7.7&#8243; _module_preset=&#8221;default&#8221; global_colors_info=&#8221;{}&#8221;][\/et_pb_column][et_pb_column type=&#8221;1_3&#8243; _builder_version=&#8221;4.7.7&#8243; _module_preset=&#8221;default&#8221; global_colors_info=&#8221;{}&#8221;][\/et_pb_column][\/et_pb_row][\/et_pb_section]<\/p>\n","protected":false},"excerpt":{"rendered":"<p>\u00a0 Communiqu\u00e9s de presse Vous \u00eates journaliste et souhaitez obtenir plus d&#8217;informations sur l&#8217;ISAE-ENSMA ? Vous voulez entrer en contact avec l&#8217;\u00e9quipe de direction, les enseignants, les chercheurs, les \u00e9tudiants de l&#8217;\u00e9cole ?N&#8217;h\u00e9sitez pas \u00e0 nous contacter. \u2014\u2014\u2014\u2014\u2014\u2014\u2014\u2014\u2014\u2014\u2014\u2014\u2014\u2014\u2014\u2014\u2014\u2014\u2014\u2014\u2014\u2014\u2014\u2014\u2014\u2014&#8211;\u2013- Natacha MenecCharg\u00e9e de communication ISAE-ENSMA05 16 08 00 82 &#8211; natacha.menec@isae-ensma.fr Olivier GeayCharg\u00e9 de communication ISAE-ENSMA05 49 [&hellip;]<\/p>\n","protected":false},"author":6,"featured_media":10391,"parent":0,"menu_order":0,"comment_status":"open","ping_status":"open","template":"","meta":{"_et_pb_use_builder":"on","_et_pb_old_content":"<h5>\u00a0<\/h5><h5><strong>Vous \u00eates journaliste et souhaitez obtenir plus d\u2019informations sur l'ISAE-ENSMA ? Vous voulez entrer en contact avec l'\u00e9quipe de direction, les enseignants, chercheurs, \u00e9tudiants de l'\u00e9cole ? N\u2019h\u00e9sitez pas \u00e0 nous contacter.<\/strong><\/h5><h5>\u00a0<\/h5><h5>--------------------------------------------------------------------------------<\/h5><h5><span style=\"color: #333333;\">C\u00e9line Authemayou<\/span><br \/><span style=\"color: #333333;\">Agence Can\u00e9vet et associ\u00e9s<\/span><br \/><span style=\"color: #333333;\">+33 6 60 64 16 95 - <a style=\"color: #333333;\" href=\"mailto:celine.authemayou@gmail.com\">celine.authemayou@gmail.com<\/a><\/span><\/h5><h5>--------------------------------------------------------------------------------<\/h5><p>[learn_more caption=\"2020\"]<\/p><p>[17.11.2020] Urgence climat : les \u00e9tudiantes et \u00e9tudiants de l'ISAE-ENSMA \u00a0<a href=\"https:\/\/www.ensma.fr\/wp-content\/uploads\/2020\/11\/2020-11-17-ISAE-ENSMA-Transformation-environnementale.pdf\">oeuvrent \u00e0 la transformation de leur formation<\/a><\/p><p>[12.10.2020] Le NAASC, Centre spatial universitaire de Nouvelle Aquitaine, <a href=\"https:\/\/www.ensma.fr\/wp-content\/uploads\/2020\/10\/2020-10-12-CP-NAASC.pdf\">poursuit sa structuration<\/a><\/p><p>[09.09.2020] Le Groupe ISAE <a href=\"https:\/\/www.ensma.fr\/wp-content\/uploads\/2020\/09\/2020-09-07-Alliance-ISAE-Nouvelle-Aquitaine.pdf\">cr\u00e9e une alliance \"ISAE Nouvelle Aquitaine\"<\/a> pilot\u00e9e par l'ISAE-ENSMA<\/p><p>[30.06.2020] L'ISAE-ENSMA conserve sa place <a href=\"https:\/\/www.ensma.fr\/wp-content\/uploads\/2020\/08\/2020-06-30-Classement-th\u00e9matique-Shanghai.pdf\">dans le classement th\u00e9matique mondial de Shanghai<\/a><\/p><p>[01.04.2020]\u00a0<span style=\"font-size: inherit;\">Covid-19 : l\u2019association ISAE-ENSMA Alumni lance <a href=\"https:\/\/www.ensma.fr\/wp-content\/uploads\/2020\/08\/2020-04-01-Solidarit\u00e9-ISAE-ENSMA-alumni.pdf\">un appel aux dons<\/a> pour les \u00e9tudiants de l\u2019\u00e9cole<\/span><\/p><p>[19.02.2020]\u00a0<span style=\"font-size: inherit;\">Des dipl\u00f4m\u00e9s et \u00e9tudiants de l\u2019ISAE-ENSMA s\u2019unissent pour proposer <a href=\"https:\/\/www.ensma.fr\/wp-content\/uploads\/2020\/08\/2020-02-19-Projet-EOS.pdf\">des cours d\u2019a\u00e9ronautique aux enfants colombiens<\/a><\/span><\/p><p>[\/learn_more]<\/p><p>[learn_more caption=\"2019\"]<\/p><p>[18.11.2019] Forum entreprises : l'ISAE-ENSMA attire toujours plus de partenaires<\/p><p>[03.10.2019] Urgence climat : <a href=\"https:\/\/www.ensma.fr\/wp-content\/uploads\/2019\/10\/2019-10-02-Semaine-urgence-climat-OK.pdf\">les \u00e9tudiants de l'ISAE-ENSMA se mobilisent<\/a><\/p><p>[03.07.2019] L'ISAE-ENSMA, dans le <a href=\"https:\/\/www.ensma.fr\/wp-content\/uploads\/2019\/07\/2019-07-03-Classement-th\u00e9matique-Shanghai.pdf\">classement th\u00e9matique mondial de Shanghai<\/a><\/p><p>[17.06.2019] Salon du Bourget : l'ISAE-ENSMA <a href=\"https:\/\/www.ensma.fr\/wp-content\/uploads\/2019\/07\/2019-06-17-Salon-du-Bourget.pdf\">au c\u0153ur de l'avion des m\u00e9tiers<\/a><\/p><p>[12.04.2019] Aviation : l'ISAE-ENSMA se lance <a href=\"https:\/\/www.ensma.fr\/wp-content\/uploads\/2019\/07\/2019-04-12-Pioneer-300-et-Ensmair.pdf\">dans la construction d'un Pioneer 300<\/a><\/p><p>[22.03.2019] 25 \u00e9tudiants de l'ISAE-ENSMA <a href=\"https:\/\/www.ensma.fr\/wp-content\/uploads\/2019\/07\/2019-03-22-Centre-spatial-guyanais.pdf\">en visite au centre spatial guyanais<\/a><\/p><p>[\/learn_more]<\/p><p>[learn_more caption=\"2018\"]<\/p><p>[\/learn_more]<\/p><p>[learn_more caption=\"2017\"]<\/p><p>[22.08.2017]\u00a0Roland Fortunier prend <a href=\"https:\/\/www.ensma.fr\/wp-content\/uploads\/2017\/08\/Communiqu\u00e9-de-presse_directeur-ISAE-ENSMA_22-08-2017.doc\">la direction de l'ISAE-ENSMA<\/a><\/p><p>[19.06.2017] Euroglider, le <a href=\"https:\/\/www.ensma.fr\/wp-content\/uploads\/2017\/08\/Dossier-de-presse-Euroglider-150617.pdf\">premier planeur biplace \u00e0 propulsion \u00e9lectrique<\/a> con\u00e7u par les \u00e9tudiants du groupe ISAE<\/p><p>[23.02.2017]\u00a0L'ISAE-ENSMA et le groupe INSA signent <a href=\"https:\/\/www.ensma.fr\/wp-content\/uploads\/2017\/08\/Com_ISAE-ENSMA_Groupe-INSA.docx\">un partenariat de double dipl\u00f4me<\/a><\/p><p>[\/learn_more]<\/p><p>[learn_more caption=\"2016\"]<\/p><p>[08.08.2016] <a href=\"https:\/\/www.ensma.fr\/wp-content\/uploads\/2016\/12\/Dossier-dexposition-des-fus\u00e9es-\u00e9tudiantes.pdf\">Les fus\u00e9es \u00e9tudiantes<\/a> s'exposent \u00e0 l'ISAE-ENSMA (dossier de presse)<\/p><p>[\/learn_more]<\/p><p>[learn_more caption=\"2015\"]<\/p><p>[16.07.2015] Les \u00e9coles du r\u00e9seau Polym\u00e9ca renouvellent l<a href=\"https:\/\/www.ensma.fr\/wp-content\/uploads\/2015\/08\/Communiqu\u00e9-Polym\u00e9ca-juillet-2015.pdf\">eurs parcours bi-dipl\u00f4mants<\/a><\/p><p>[15.04.2015] L'ISAE-ENSMA accueille les <a href=\"https:\/\/www.ensma.fr\/wp-content\/uploads\/2016\/12\/Olympiade-SI-2015_Poitiers.pdf\">Olympiades des sciences de l'ing\u00e9nieur<\/a><\/p><p>[\/learn_more]<\/p><p>[learn_more caption=\"2014\"]<\/p><p>[12.2014] <a href=\"https:\/\/www.ensma.fr\/wp-content\/uploads\/2016\/12\/Dossier-de-presse-PERGOLA.pdf\">Inauguration de PERGOLA<\/a>, b<span style=\"font-size: inherit;\">anc d\u2019essais d\u00e9di\u00e9 \u00e0 la\u00a0<\/span><span style=\"font-size: inherit;\">a combustion d\u2019ergols innovants pour la propulsion spatiale<\/span><\/p><p>[17.04.2014] L'ISAE-ENSMA accueille <a href=\"https:\/\/www.ensma.fr\/wp-content\/uploads\/2014\/04\/Olympiades-SI-2014_ISAE-ENSMA.pdf\">les Olympiades des sciences de l'ing\u00e9nieur<\/a><\/p><p>[15.04.2014] Une journ\u00e9e\u00a0<span style=\"font-size: inherit;\"><a href=\"https:\/\/www.ensma.fr\/wp-content\/uploads\/2014\/04\/Journ\u00e9e-mixit\u00e9-2014_ISAE-ENSMA.pdf\">\u00ab Sciences et technologies : la mixit\u00e9 au c\u0153ur des m\u00e9tiers \u00bb<\/a> \u00e0 l'\u00e9cole<\/span><\/p><p>[\/learn_more]<\/p>","_et_gb_content_width":"","footnotes":""},"class_list":["post-10389","page","type-page","status-publish","has-post-thumbnail","hentry"],"_links":{"self":[{"href":"https:\/\/www.ensma.fr\/en\/wp-json\/wp\/v2\/pages\/10389","targetHints":{"allow":["GET"]}}],"collection":[{"href":"https:\/\/www.ensma.fr\/en\/wp-json\/wp\/v2\/pages"}],"about":[{"href":"https:\/\/www.ensma.fr\/en\/wp-json\/wp\/v2\/types\/page"}],"author":[{"embeddable":true,"href":"https:\/\/www.ensma.fr\/en\/wp-json\/wp\/v2\/users\/6"}],"replies":[{"embeddable":true,"href":"https:\/\/www.ensma.fr\/en\/wp-json\/wp\/v2\/comments?post=10389"}],"version-history":[{"count":3,"href":"https:\/\/www.ensma.fr\/en\/wp-json\/wp\/v2\/pages\/10389\/revisions"}],"predecessor-version":[{"id":18033,"href":"https:\/\/www.ensma.fr\/en\/wp-json\/wp\/v2\/pages\/10389\/revisions\/18033"}],"wp:featuredmedia":[{"embeddable":true,"href":"https:\/\/www.ensma.fr\/en\/wp-json\/wp\/v2\/media\/10391"}],"wp:attachment":[{"href":"https:\/\/www.ensma.fr\/en\/wp-json\/wp\/v2\/media?parent=10389"}],"curies":[{"name":"wp","href":"https:\/\/api.w.org\/{rel}","templated":true}]}}