{"id":10410,"date":"2013-11-27T14:36:22","date_gmt":"2013-11-27T13:36:22","guid":{"rendered":"https:\/\/www-dev.ensma.fr\/luniversite-de-poitiers\/"},"modified":"2021-06-28T22:30:09","modified_gmt":"2021-06-28T21:30:09","slug":"luniversity-of-poitiers","status":"publish","type":"page","link":"https:\/\/www.ensma.fr\/en\/luniversity-of-poitiers\/","title":{"rendered":"University of Poitiers"},"content":{"rendered":"<p>[et_pb_section fb_built=&#8221;1&#8243; _builder_version=&#8221;4.9.7&#8243; background_enable_color=&#8221;off&#8221; use_background_color_gradient=&#8221;on&#8221; background_color_gradient_start=&#8221;rgba(0,0,0,0)&#8221; background_color_gradient_end=&#8221;#ffffff&#8221; background_color_gradient_direction=&#8221;95deg&#8221; background_color_gradient_start_position=&#8221;20%&#8221; background_color_gradient_end_position=&#8221;17%&#8221; background_color_gradient_overlays_image=&#8221;on&#8221; background_image=&#8221;https:\/\/www.ensma.fr\/wp-content\/uploads\/2021\/05\/cover_plaquette21_web.jpg&#8221; background_size=&#8221;contain&#8221; background_position=&#8221;bottom_left&#8221; custom_padding=&#8221;||1px|||&#8221; locked=&#8221;off&#8221;][et_pb_row column_structure=&#8221;2_5,3_5&#8243; _builder_version=&#8221;3.25&#8243;][et_pb_column type=&#8221;2_5&#8243; _builder_version=&#8221;3.25&#8243; custom_padding=&#8221;|||&#8221; custom_padding__hover=&#8221;|||&#8221;][et_pb_text _builder_version=&#8221;4.7.4&#8243; text_font=&#8221;Roboto|500|||||||&#8221; text_text_color=&#8221;#939393&#8243; text_font_size=&#8221;21px&#8221; text_line_height=&#8221;2em&#8221; quote_font=&#8221;||||||||&#8221; header_font=&#8221;||||||||&#8221; header_2_font=&#8221;Rubik|700|||||||&#8221; header_2_font_size=&#8221;40px&#8221; header_2_line_height=&#8221;1.4em&#8221; header_3_text_align=&#8221;right&#8221; header_3_text_color=&#8221;#757575&#8243; header_3_font_size=&#8221;39px&#8221; header_5_font=&#8221;Rubik|700||on|||||&#8221; header_5_letter_spacing=&#8221;5px&#8221; header_5_line_height=&#8221;1.2em&#8221; text_orientation=&#8221;right&#8221; background_layout=&#8221;dark&#8221; max_width=&#8221;600px&#8221; max_width_tablet=&#8221;&#8221; max_width_phone=&#8221;&#8221; max_width_last_edited=&#8221;on|phone&#8221; custom_margin=&#8221;|||&#8221; custom_margin_tablet=&#8221;|70px||70px&#8221; custom_margin_phone=&#8221;|50px||50px&#8221; custom_margin_last_edited=&#8221;off|desktop&#8221; custom_padding=&#8221;|||&#8221; text_line_height_last_edited=&#8221;off|desktop&#8221; header_2_font_size_tablet=&#8221;&#8221; header_2_font_size_phone=&#8221;30px&#8221; header_2_font_size_last_edited=&#8221;on|phone&#8221;]<\/p>\n<p>&nbsp;<\/p>\n<h3>University of Poitiers<\/h3>\n<p>[\/et_pb_text][\/et_pb_column][et_pb_column type=&#8221;3_5&#8243; _builder_version=&#8221;3.25&#8243; custom_padding=&#8221;|||&#8221; custom_padding__hover=&#8221;|||&#8221;][et_pb_text _builder_version=&#8221;4.9.4&#8243; text_font=&#8221;Roboto|500|||||||&#8221; text_text_color=&#8221;#7f7f7f&#8221; text_font_size=&#8221;16px&#8221; text_line_height=&#8221;1.8em&#8221; quote_font=&#8221;||||||||&#8221; header_font=&#8221;||||||||&#8221; header_2_font=&#8221;Rubik|700|||||||&#8221; header_2_font_size=&#8221;40px&#8221; header_2_line_height=&#8221;1.4em&#8221; header_5_font=&#8221;Rubik|700||on|||||&#8221; header_5_letter_spacing=&#8221;5px&#8221; header_5_line_height=&#8221;1.2em&#8221; background_layout=&#8221;dark&#8221; max_width=&#8221;600px&#8221; max_width_tablet=&#8221;&#8221; max_width_phone=&#8221;&#8221; max_width_last_edited=&#8221;on|phone&#8221; custom_margin=&#8221;||||false|false&#8221; custom_margin_tablet=&#8221;|70px||70px&#8221; custom_margin_phone=&#8221;|50px||50px&#8221; custom_margin_last_edited=&#8221;off|desktop&#8221; custom_padding=&#8221;|||&#8221; text_line_height_last_edited=&#8221;off|desktop&#8221; header_2_font_size_tablet=&#8221;&#8221; header_2_font_size_phone=&#8221;30px&#8221; header_2_font_size_last_edited=&#8221;on|phone&#8221;]<\/p>\n<div id=\"row-\" class=\"row row1col row-100 rowclassic no-margin-top no-margin-bottom no-padding-top no-padding-bottom next-to-sidebar \">\n<div class=\"col\">\n<div class=\"bloc bloc-texte\">\n<p class=\"Standard\"><strong>The <a href=\"http:\/\/www.univ-poitiers.fr\/\" target=\"_blank\" rel=\"noopener\">University of Poitiers<\/a>, founded in 1431 by Pope Eugene IV, later confirmed by French King Charles VII\u2019s letters patent, was originally composed of five Colleges: technology, canon law, civil law, medicine and arts. <\/strong><\/p>\n<p class=\"Standard\"><span class=\"VIiyi\" jsaction=\"mouseup:BR6jm\" jsname=\"jqKxS\" lang=\"en\"><span jsaction=\"agoMJf:PFBcW;usxOmf:aWLT7;jhKsnd:P7O7bd,F8DmGf;Q4AGo:Gm7gYd,qAKMYb;uFUCPb:pvnm0e,pfE8Hb,PFBcW;f56efd:dJXsye;EnoYf:KNzws,ZJsZZ,JgVSJc;zdMJQc:cCQNKb,ZJsZZ,zchEXc;Ytrrj:JJDvdc;tNR8yc:GeFvjb;oFN6Ye:hij5Wb\" jscontroller=\"Zl5N8\" jsmodel=\"SsMkhd\" jsname=\"txFAF\" class=\"JLqJ4b ChMk0b\" data-language-for-alternatives=\"en\" data-language-to-translate-into=\"fr\" data-phrase-index=\"0\" jsdata=\"uqLsIf;_;$396\"><span jsaction=\"click:qtZ4nf,GFf3ac,tMZCfe; contextmenu:Nqw7Te,QP7LD; mouseout:Nqw7Te; mouseover:qtZ4nf,c2aHje\" jsname=\"W297wb\">From the 16th century, the University of Poitiers shines on the cultural life of the city.<\/span><\/span> <span jsaction=\"agoMJf:PFBcW;usxOmf:aWLT7;jhKsnd:P7O7bd,F8DmGf;Q4AGo:Gm7gYd,qAKMYb;uFUCPb:pvnm0e,pfE8Hb,PFBcW;f56efd:dJXsye;EnoYf:KNzws,ZJsZZ,JgVSJc;zdMJQc:cCQNKb,ZJsZZ,zchEXc;Ytrrj:JJDvdc;tNR8yc:GeFvjb;oFN6Ye:hij5Wb\" jscontroller=\"Zl5N8\" jsmodel=\"SsMkhd\" jsname=\"txFAF\" class=\"JLqJ4b ChMk0b\" data-language-for-alternatives=\"en\" data-language-to-translate-into=\"fr\" data-phrase-index=\"1\" jsdata=\"uqLsIf;_;$397\"><span jsaction=\"click:qtZ4nf,GFf3ac,tMZCfe; contextmenu:Nqw7Te,QP7LD; mouseout:Nqw7Te; mouseover:qtZ4nf,c2aHje\" jsname=\"W297wb\">At that time, it was cited as the second university in France, after Paris;<\/span><\/span> <span jsaction=\"agoMJf:PFBcW;usxOmf:aWLT7;jhKsnd:P7O7bd,F8DmGf;Q4AGo:Gm7gYd,qAKMYb;uFUCPb:pvnm0e,pfE8Hb,PFBcW;f56efd:dJXsye;EnoYf:KNzws,ZJsZZ,JgVSJc;zdMJQc:cCQNKb,ZJsZZ,zchEXc;Ytrrj:JJDvdc;tNR8yc:GeFvjb;oFN6Ye:hij5Wb\" jscontroller=\"Zl5N8\" jsmodel=\"SsMkhd\" jsname=\"txFAF\" class=\"JLqJ4b ChMk0b\" data-language-for-alternatives=\"en\" data-language-to-translate-into=\"fr\" data-phrase-index=\"2\" jsdata=\"uqLsIf;_;$398\"><span jsaction=\"click:qtZ4nf,GFf3ac,tMZCfe; contextmenu:Nqw7Te,QP7LD; mouseout:Nqw7Te; mouseover:qtZ4nf,c2aHje\" jsname=\"W297wb\">4,000 students attended the university, some of whom would become famous: Joachim du Bellay, Guez de Balzac, Fran\u00e7ois Rabelais, Ren\u00e9 Descartes, Francis Bacon, Sc\u00e9vole de Sainte Marthe &#8230;<\/span><\/span><span jsaction=\"agoMJf:PFBcW;usxOmf:aWLT7;jhKsnd:P7O7bd,F8DmGf;Q4AGo:Gm7gYd,qAKMYb;uFUCPb:pvnm0e,pfE8Hb,PFBcW;f56efd:dJXsye;EnoYf:KNzws,ZJsZZ,JgVSJc;zdMJQc:cCQNKb,ZJsZZ,zchEXc;Ytrrj:JJDvdc;tNR8yc:GeFvjb;oFN6Ye:hij5Wb\" jscontroller=\"Zl5N8\" jsmodel=\"SsMkhd\" jsname=\"txFAF\" class=\"JLqJ4b\" data-language-for-alternatives=\"en\" data-language-to-translate-into=\"fr\" data-phrase-index=\"3\" jsdata=\"uqLsIf;_;$399\"><span jsaction=\"click:qtZ4nf,GFf3ac,tMZCfe; contextmenu:Nqw7Te,QP7LD; mouseout:Nqw7Te; mouseover:qtZ4nf,c2aHje\" jsname=\"W297wb\"> <\/span><\/span><span jsaction=\"agoMJf:PFBcW;usxOmf:aWLT7;jhKsnd:P7O7bd,F8DmGf;Q4AGo:Gm7gYd,qAKMYb;uFUCPb:pvnm0e,pfE8Hb,PFBcW;f56efd:dJXsye;EnoYf:KNzws,ZJsZZ,JgVSJc;zdMJQc:cCQNKb,ZJsZZ,zchEXc;Ytrrj:JJDvdc;tNR8yc:GeFvjb;oFN6Ye:hij5Wb\" jscontroller=\"Zl5N8\" jsmodel=\"SsMkhd\" jsname=\"txFAF\" class=\"JLqJ4b ChMk0b\" data-language-for-alternatives=\"en\" data-language-to-translate-into=\"fr\" data-phrase-index=\"4\" jsdata=\"uqLsIf;_;$400\"><span jsaction=\"click:qtZ4nf,GFf3ac,tMZCfe; contextmenu:Nqw7Te,QP7LD; mouseout:Nqw7Te; mouseover:qtZ4nf,c2aHje\" jsname=\"W297wb\">The basis of the teaching is made up of &#8220;readings&#8221; and comments supplemented by the organization of &#8220;disputes&#8221; where, for a given topic, arguments and objections are presented and ended with a summary.<\/span><\/span> <span jsaction=\"agoMJf:PFBcW;usxOmf:aWLT7;jhKsnd:P7O7bd,F8DmGf;Q4AGo:Gm7gYd,qAKMYb;uFUCPb:pvnm0e,pfE8Hb,PFBcW;f56efd:dJXsye;EnoYf:KNzws,ZJsZZ,JgVSJc;zdMJQc:cCQNKb,ZJsZZ,zchEXc;Ytrrj:JJDvdc;tNR8yc:GeFvjb;oFN6Ye:hij5Wb\" jscontroller=\"Zl5N8\" jsmodel=\"SsMkhd\" jsname=\"txFAF\" class=\"JLqJ4b ChMk0b\" data-language-for-alternatives=\"en\" data-language-to-translate-into=\"fr\" data-phrase-index=\"5\" jsdata=\"uqLsIf;_;$401\"><span jsaction=\"click:qtZ4nf,GFf3ac,tMZCfe; contextmenu:Nqw7Te,QP7LD; mouseout:Nqw7Te; mouseover:qtZ4nf,c2aHje\" jsname=\"W297wb\">The degrees are the baccalaureate, the license, the doctorate.<\/span><\/span><\/span><\/p>\n<p class=\"Standard\"><span class=\"VIiyi\" jsaction=\"mouseup:BR6jm\" jsname=\"jqKxS\" lang=\"en\"><span jsaction=\"agoMJf:PFBcW;usxOmf:aWLT7;jhKsnd:P7O7bd,F8DmGf;Q4AGo:Gm7gYd,qAKMYb;uFUCPb:pvnm0e,pfE8Hb,PFBcW;f56efd:dJXsye;EnoYf:KNzws,ZJsZZ,JgVSJc;zdMJQc:cCQNKb,ZJsZZ,zchEXc;Ytrrj:JJDvdc;tNR8yc:GeFvjb;oFN6Ye:hij5Wb\" jscontroller=\"Zl5N8\" jsmodel=\"SsMkhd\" jsname=\"txFAF\" class=\"JLqJ4b\" data-language-for-alternatives=\"en\" data-language-to-translate-into=\"fr\" data-phrase-index=\"6\" jsdata=\"uqLsIf;_;$402\"><span jsaction=\"click:qtZ4nf,GFf3ac,tMZCfe; contextmenu:Nqw7Te,QP7LD; mouseout:Nqw7Te; mouseover:qtZ4nf,c2aHje\" jsname=\"W297wb\"> <\/span><\/span><span jsaction=\"agoMJf:PFBcW;usxOmf:aWLT7;jhKsnd:P7O7bd,F8DmGf;Q4AGo:Gm7gYd,qAKMYb;uFUCPb:pvnm0e,pfE8Hb,PFBcW;f56efd:dJXsye;EnoYf:KNzws,ZJsZZ,JgVSJc;zdMJQc:cCQNKb,ZJsZZ,zchEXc;Ytrrj:JJDvdc;tNR8yc:GeFvjb;oFN6Ye:hij5Wb\" jscontroller=\"Zl5N8\" jsmodel=\"SsMkhd\" jsname=\"txFAF\" class=\"JLqJ4b ChMk0b\" data-language-for-alternatives=\"en\" data-language-to-translate-into=\"fr\" data-phrase-index=\"7\" jsdata=\"uqLsIf;_;$403\"><span jsaction=\"click:qtZ4nf,GFf3ac,tMZCfe; contextmenu:Nqw7Te,QP7LD; mouseout:Nqw7Te; mouseover:qtZ4nf,c2aHje\" jsname=\"W297wb\">After the Revolution, which abolished the provincial universities, the University of Poitiers is reborn and enriched with new faculties: letters, sciences &#8230;<\/span><\/span><\/span><\/p>\n<\/div>\n<\/div>\n<\/div>\n<p style=\"text-align: justify;\"><em><\/em><\/p>\n<p>[\/et_pb_text][\/et_pb_column][\/et_pb_row][\/et_pb_section][et_pb_section fb_built=&#8221;1&#8243; _builder_version=&#8221;4.9.7&#8243; _module_preset=&#8221;default&#8221; top_divider_style=&#8221;slant&#8221; top_divider_color=&#8221;#526c99&#8243; top_divider_height=&#8221;77px&#8221; background_color=&#8221;rgba(0,0,0,0)&#8221; use_background_color_gradient=&#8221;on&#8221; background_color_gradient_start=&#8221;rgba(255,255,255,0.91)&#8221; background_color_gradient_end=&#8221;rgba(255,255,255,0.83)&#8221; background_color_gradient_overlays_image=&#8221;on&#8221; background_image=&#8221;https:\/\/www.ensma.fr\/wp-content\/uploads\/2020\/12\/map_monde.png&#8221; background_size=&#8221;initial&#8221;][et_pb_row _builder_version=&#8221;4.7.4&#8243; _module_preset=&#8221;default&#8221;][et_pb_column type=&#8221;4_4&#8243; _builder_version=&#8221;4.7.4&#8243; _module_preset=&#8221;default&#8221;][et_pb_text _builder_version=&#8221;4.7.4&#8243; text_font=&#8221;Roboto|500|||||||&#8221; text_text_color=&#8221;#939393&#8243; text_font_size=&#8221;21px&#8221; text_line_height=&#8221;2em&#8221; quote_font=&#8221;||||||||&#8221; header_font=&#8221;||||||||&#8221; header_2_font=&#8221;Rubik|700|||||||&#8221; header_2_font_size=&#8221;40px&#8221; header_2_line_height=&#8221;1.4em&#8221; header_3_text_align=&#8221;center&#8221; header_3_text_color=&#8221;#757575&#8243; header_3_font_size=&#8221;39px&#8221; header_5_font=&#8221;Rubik|700||on|||||&#8221; header_5_letter_spacing=&#8221;5px&#8221; header_5_line_height=&#8221;1.2em&#8221; text_orientation=&#8221;center&#8221; background_layout=&#8221;dark&#8221; max_width_tablet=&#8221;&#8221; max_width_phone=&#8221;&#8221; max_width_last_edited=&#8221;on|phone&#8221; custom_margin=&#8221;|||&#8221; custom_margin_tablet=&#8221;|70px||70px&#8221; custom_margin_phone=&#8221;|50px||50px&#8221; custom_margin_last_edited=&#8221;off|desktop&#8221; custom_padding=&#8221;|||&#8221; text_line_height_last_edited=&#8221;off|desktop&#8221; header_2_font_size_tablet=&#8221;&#8221; header_2_font_size_phone=&#8221;30px&#8221; header_2_font_size_last_edited=&#8221;on|phone&#8221;]<\/p>\n<h3>Key figures<\/h3>\n<p>[\/et_pb_text][et_pb_text _builder_version=&#8221;4.8.0&#8243; text_font=&#8221;Roboto|500|||||||&#8221; text_text_color=&#8221;#7f7f7f&#8221; text_font_size=&#8221;16px&#8221; text_line_height=&#8221;1.8em&#8221; quote_font=&#8221;||||||||&#8221; header_font=&#8221;||||||||&#8221; header_2_font=&#8221;Rubik|700|||||||&#8221; header_2_font_size=&#8221;40px&#8221; header_2_line_height=&#8221;1.4em&#8221; header_5_font=&#8221;Rubik|700||on|||||&#8221; header_5_letter_spacing=&#8221;5px&#8221; header_5_line_height=&#8221;1.2em&#8221; background_layout=&#8221;dark&#8221; max_width=&#8221;918px&#8221; max_width_tablet=&#8221;&#8221; max_width_phone=&#8221;&#8221; max_width_last_edited=&#8221;on|phone&#8221; custom_margin=&#8221;||||false|false&#8221; custom_margin_tablet=&#8221;|70px||70px&#8221; custom_margin_phone=&#8221;|50px||50px&#8221; custom_margin_last_edited=&#8221;off|desktop&#8221; custom_padding=&#8221;|||&#8221; text_line_height_last_edited=&#8221;off|desktop&#8221; header_2_font_size_tablet=&#8221;&#8221; header_2_font_size_phone=&#8221;30px&#8221; header_2_font_size_last_edited=&#8221;on|phone&#8221;]<\/p>\n<p style=\"text-align: justify;\">\n<ul>\n<li style=\"text-align: justify;\">more than 28,000 students<\/li>\n<li style=\"text-align: justify;\">including more than 4,000 international students<\/li>\n<li style=\"text-align: justify;\">more than 3,000 staff<\/li>\n<li style=\"text-align: justify;\">14 faculties, institutes and schools<\/li>\n<li style=\"text-align: justify;\">1,000 teachers-researchers<\/li>\n<li style=\"text-align: justify;\">more than 1,100 doctoral students<\/li>\n<li style=\"text-align: justify;\">37 laboratories<\/li>\n<li style=\"text-align: justify;\">8 doctoral schools<\/li>\n<li style=\"text-align: justify;\">more than 200 national diplomas<\/li>\n<li style=\"text-align: justify;\">180 theses defended each year<\/li>\n<li style=\"text-align: justify;\">500 partner establishments around the world<\/li>\n<li style=\"text-align: justify;\">1,600 professional speakers<\/li>\n<\/ul>\n<p>[\/et_pb_text][et_pb_text _builder_version=&#8221;4.8.0&#8243; text_font=&#8221;Roboto|500|||||||&#8221; text_text_color=&#8221;#7f7f7f&#8221; text_font_size=&#8221;16px&#8221; text_line_height=&#8221;1.8em&#8221; quote_font=&#8221;||||||||&#8221; header_font=&#8221;||||||||&#8221; header_2_font=&#8221;Rubik|700|||||||&#8221; header_2_font_size=&#8221;40px&#8221; header_2_line_height=&#8221;1.4em&#8221; header_5_font=&#8221;Rubik|700||on|||||&#8221; header_5_letter_spacing=&#8221;5px&#8221; header_5_line_height=&#8221;1.2em&#8221; background_layout=&#8221;dark&#8221; max_width=&#8221;907px&#8221; max_width_tablet=&#8221;&#8221; max_width_phone=&#8221;&#8221; max_width_last_edited=&#8221;on|phone&#8221; custom_margin=&#8221;||||false|false&#8221; custom_margin_tablet=&#8221;|70px||70px&#8221; custom_margin_phone=&#8221;|50px||50px&#8221; custom_margin_last_edited=&#8221;off|desktop&#8221; custom_padding=&#8221;|0px||||&#8221; text_line_height_last_edited=&#8221;off|desktop&#8221; header_2_font_size_tablet=&#8221;&#8221; header_2_font_size_phone=&#8221;30px&#8221; header_2_font_size_last_edited=&#8221;on|phone&#8221;]<\/p>\n<p style=\"text-align: justify;\"><em><\/em><\/p>\n<p>[\/et_pb_text][\/et_pb_column][\/et_pb_row][\/et_pb_section]<\/p>\n","protected":false},"excerpt":{"rendered":"<p>&nbsp; University of Poitiers The University of Poitiers, founded in 1431 by Pope Eugene IV, later confirmed by French King Charles VII\u2019s letters patent, was originally composed of five Colleges: technology, canon law, civil law, medicine and arts. From the 16th century, the University of Poitiers shines on the cultural life of the city. At [&hellip;]<\/p>\n","protected":false},"author":6,"featured_media":9328,"parent":0,"menu_order":0,"comment_status":"open","ping_status":"open","template":"","meta":{"_et_pb_use_builder":"on","_et_pb_old_content":"<p style=\"text-align: justify;\"><strong>Fond\u00e9e en 1431 par le pape Eug\u00e8ne IV, puis confirm\u00e9e par les lettres patentes du roi Charles VII, l\u2019<a href=\"http:\/\/www.univ-poitiers.fr\/\" target=\"_blank\" rel=\"noopener\">Universit\u00e9 de Poitiers<\/a> compte d\u00e8s l\u2019origine cinq facult\u00e9s : th\u00e9ologie, droit canon, droit civil, m\u00e9decine et arts.<br \/><\/strong><br \/>D\u00e8s le xvie si\u00e8cle, l\u2019Universit\u00e9 de Poitiers rayonne sur la vie culturelle de la ville. \u00e0 cette \u00e9poque, elle est cit\u00e9e comme la seconde universit\u00e9 de France, apr\u00e8s Paris ; 4 000 \u00e9tudiants fr\u00e9quentent l\u2019universit\u00e9, dont certains deviendront c\u00e9l\u00e8bres : Joachim du Bellay, Guez de Balzac, Fran\u00e7ois Rabelais, Ren\u00e9 Descartes, Francis Bacon, Sc\u00e9vole de Sainte Marthe\u2026 Pass\u00e9e la R\u00e9volution, qui supprime les universit\u00e9s provinciales, l\u2019Universit\u00e9 de Poitiers rena\u00eet et s\u2019enrichit de nouvelles facult\u00e9s : lettres, sciences\u2026<\/p><p style=\"text-align: justify;\">L\u2019Universit\u00e9 de Poitiers rassemble actuellement plus de 23 000 \u00e9tudiants et emploie plus de 3 000 personnes : enseignants et enseignants chercheurs \/ Biblioth\u00e9caires, ing\u00e9nieurs, administratifs, techniciens, ouvriers, de service et de sant\u00e9 (BIATSS) \/ Attach\u00e9s temporaires d\u2019enseignement et de recherche (ATER) \/ lecteurs \/ ma\u00eetres de langues \/ contractuels doctorants \/ contractuels et vacataires.<\/p><p><span style=\"text-decoration: underline;\"><strong>Chiffres cl\u00e9s<\/strong><\/span><\/p><p><strong>G\u00e9n\u00e9ral<\/strong><\/p><div><div><div><div><ul><li><strong>7<\/strong> unit\u00e9s de formation et de recherche (UFR)<\/li><li><strong>1<\/strong> \u00e9cole d'ing\u00e9nieur<\/li><li><strong>6<\/strong> instituts<\/li><li><strong>23 000<\/strong> \u00e9tudiants dont <strong>4000<\/strong> \u00e9tudiants internationaux de <strong>136<\/strong> pays diff\u00e9rents<\/li><li><strong>3 00<\/strong><strong>0<\/strong> personnels<\/li><\/ul><p><strong>Formation<\/strong><\/p><\/div><ul><li style=\"text-align: justify;\"><strong>5<\/strong> domaines de formation qui couvrent toutes les disciplines : \u00a0\u00a0\u00a0 Droit, \u00e9conomie, gestion ; \u00a0\u00a0\u00a0 Arts, lettres et langues ; \u00a0\u00a0\u00a0 Sciences humaines et sociales ; \u00a0\u00a0\u00a0 Sciences, technologies, sant\u00e9 ; \u00a0\u00a0\u00a0 Sciences et techniques des activit\u00e9s physiques et sportives.<\/li><li><strong>200<\/strong> dipl\u00f4mes nationaux<\/li><li><strong>200<\/strong> dipl\u00f4mes de sp\u00e9cialisation dans le secteur de la sant\u00e9<\/li><li><strong>130<\/strong> dipl\u00f4mes d'universit\u00e9 (DU)<\/li><li><strong>1600<\/strong> intervenants professionnels participant aux enseignements<\/li><\/ul><p><strong>Recherche<\/strong><\/p><div><div><ul><li><strong>48<\/strong> laboratoires<\/li><li><strong>900<\/strong> enseignants-chercheurs<\/li><li style=\"text-align: justify;\"><strong>270<\/strong> personnels Ing\u00e9nieurs, techniciens de recherche et formation (ITRF)<\/li><li style=\"text-align: justify;\"><strong>120<\/strong> chercheurs du Centre national de la recherche scientifique (CNRS)<\/li><li style=\"text-align: justify;\"><strong>1 100<\/strong> doctorants (dont plus de 400 doctorants internationaux de 63 nationalit\u00e9s diff\u00e9rentes)<\/li><li style=\"text-align: justify;\"><strong>180<\/strong> th\u00e8ses soutenues chaque ann\u00e9e<\/li><li style=\"text-align: justify;\"><strong>30<\/strong> Habilitations \u00e0 diriger les recherches (HDR) soutenues chaque ann\u00e9e<\/li><li style=\"text-align: justify;\"><strong>173<\/strong> contrats de recherche partenariale avec : des entreprises, institutions europ\u00e9ennes, des minist\u00e8res, administrations\u00e9tablissements publics de recherche et\/ou d'enseignement sup\u00e9rieur, collectivit\u00e9s territoriales<\/li><li><strong>13<\/strong> nouvelles demandes de brevets nationales et internationales<\/li><\/ul><\/div><\/div><\/div><\/div><\/div>","_et_gb_content_width":"","footnotes":""},"class_list":["post-10410","page","type-page","status-publish","has-post-thumbnail","hentry"],"_links":{"self":[{"href":"https:\/\/www.ensma.fr\/en\/wp-json\/wp\/v2\/pages\/10410","targetHints":{"allow":["GET"]}}],"collection":[{"href":"https:\/\/www.ensma.fr\/en\/wp-json\/wp\/v2\/pages"}],"about":[{"href":"https:\/\/www.ensma.fr\/en\/wp-json\/wp\/v2\/types\/page"}],"author":[{"embeddable":true,"href":"https:\/\/www.ensma.fr\/en\/wp-json\/wp\/v2\/users\/6"}],"replies":[{"embeddable":true,"href":"https:\/\/www.ensma.fr\/en\/wp-json\/wp\/v2\/comments?post=10410"}],"version-history":[{"count":6,"href":"https:\/\/www.ensma.fr\/en\/wp-json\/wp\/v2\/pages\/10410\/revisions"}],"predecessor-version":[{"id":16231,"href":"https:\/\/www.ensma.fr\/en\/wp-json\/wp\/v2\/pages\/10410\/revisions\/16231"}],"wp:featuredmedia":[{"embeddable":true,"href":"https:\/\/www.ensma.fr\/en\/wp-json\/wp\/v2\/media\/9328"}],"wp:attachment":[{"href":"https:\/\/www.ensma.fr\/en\/wp-json\/wp\/v2\/media?parent=10410"}],"curies":[{"name":"wp","href":"https:\/\/api.w.org\/{rel}","templated":true}]}}