{"id":10414,"date":"2013-10-03T10:21:44","date_gmt":"2013-10-03T09:21:44","guid":{"rendered":"https:\/\/www-dev.ensma.fr\/les-reseaux-nationaux-et-internationaux\/"},"modified":"2021-06-29T13:57:02","modified_gmt":"2021-06-29T12:57:02","slug":"national-and-international-networks","status":"publish","type":"page","link":"https:\/\/www.ensma.fr\/en\/national-and-international-networks\/","title":{"rendered":"National and international networks"},"content":{"rendered":"<p>[et_pb_section fb_built=&#8221;1&#8243; _builder_version=&#8221;4.9.4&#8243; use_background_color_gradient=&#8221;on&#8221; background_color_gradient_start=&#8221;rgba(0,0,0,0)&#8221; background_color_gradient_end=&#8221;#ffffff&#8221; background_color_gradient_direction=&#8221;95deg&#8221; background_color_gradient_start_position=&#8221;20%&#8221; background_color_gradient_end_position=&#8221;17%&#8221; background_color_gradient_overlays_image=&#8221;on&#8221; background_image=&#8221;https:\/\/www.ensma.fr\/wp-content\/uploads\/2021\/05\/cover_plaquette21_web.jpg&#8221; background_size=&#8221;contain&#8221; background_position=&#8221;bottom_left&#8221; background_last_edited=&#8221;on|tablet&#8221; background_enable_image_tablet=&#8221;off&#8221; locked=&#8221;off&#8221;][et_pb_row column_structure=&#8221;1_4,3_4&#8243; use_custom_gutter=&#8221;on&#8221; gutter_width=&#8221;2&#8243; make_equal=&#8221;on&#8221; _builder_version=&#8221;4.8.0&#8243; _module_preset=&#8221;default&#8221; max_width=&#8221;1505px&#8221; custom_padding=&#8221;||||false|false&#8221;][et_pb_column type=&#8221;1_4&#8243; _builder_version=&#8221;4.8.0&#8243; _module_preset=&#8221;default&#8221; background_color=&#8221;rgba(0,0,0,0)&#8221; background_enable_image=&#8221;off&#8221; background_size=&#8221;initial&#8221;][\/et_pb_column][et_pb_column type=&#8221;3_4&#8243; _builder_version=&#8221;4.7.4&#8243; _module_preset=&#8221;default&#8221;][et_pb_text _builder_version=&#8221;4.9.4&#8243; _module_preset=&#8221;default&#8221; text_text_color=&#8221;#0c71c3&#8243; text_font_size=&#8221;22px&#8221;]<\/p>\n<p>National and international networks<\/p>\n<p>[\/et_pb_text][et_pb_text _builder_version=&#8221;4.9.7&#8243; _module_preset=&#8221;default&#8221; text_font_size=&#8221;16px&#8221; min_height=&#8221;83px&#8221; custom_margin=&#8221;||-2px|||&#8221; custom_padding=&#8221;17px||0px|||&#8221; locked=&#8221;off&#8221;]<\/p>\n<div class=\"learn-more-content\" style=\"visibility: visible;\">\n<p style=\"text-align: justify;\"><span class=\"VIiyi\" jsaction=\"mouseup:BR6jm\" jsname=\"jqKxS\" lang=\"en\"><span jsaction=\"agoMJf:PFBcW;usxOmf:aWLT7;jhKsnd:P7O7bd,F8DmGf;Q4AGo:Gm7gYd,qAKMYb;uFUCPb:pvnm0e,pfE8Hb,PFBcW;f56efd:dJXsye;EnoYf:KNzws,ZJsZZ,JgVSJc;zdMJQc:cCQNKb,ZJsZZ,zchEXc;Ytrrj:JJDvdc;tNR8yc:GeFvjb;oFN6Ye:hij5Wb\" jscontroller=\"Zl5N8\" jsmodel=\"SsMkhd\" jsname=\"txFAF\" class=\"JLqJ4b\" data-language-for-alternatives=\"en\" data-language-to-translate-into=\"fr\" data-phrase-index=\"0\" jsdata=\"uqLsIf;_;$445\"><span jsaction=\"click:qtZ4nf,GFf3ac,tMZCfe; contextmenu:Nqw7Te,QP7LD; mouseout:Nqw7Te; mouseover:qtZ4nf,c2aHje\" jsname=\"W297wb\">ISAE-ENSMA attaches great importance to exchanges and has developed numerous partnerships in France and abroad.<\/span><\/span><\/span><\/p>\n<\/div>\n<p>[\/et_pb_text][et_pb_blurb use_icon=&#8221;on&#8221; font_icon=&#8221;%%36%%&#8221; icon_color=&#8221;#0c71c3&#8243; icon_placement=&#8221;left&#8221; content_max_width=&#8221;1100px&#8221; _builder_version=&#8221;4.9.7&#8243; _module_preset=&#8221;default&#8221; header_font=&#8221;Roboto||||||||&#8221; header_text_color=&#8221;#0c71c3&#8243; body_font=&#8221;||||||||&#8221; body_text_color=&#8221;#7f7f7f&#8221; body_font_size=&#8221;16px&#8221; width=&#8221;100%&#8221; min_height=&#8221;128px&#8221; custom_margin=&#8221;|-87px|18px|-6px|false|false&#8221; custom_padding=&#8221;|2px|0px|5px|false|false&#8221; locked=&#8221;off&#8221;]<\/p>\n<h5 style=\"text-align: justify;\">In France, possibilities:<\/h5>\n<ul>\n<li><span class=\"VIiyi\" jsaction=\"mouseup:BR6jm\" jsname=\"jqKxS\" lang=\"en\"><span jsaction=\"agoMJf:PFBcW;usxOmf:aWLT7;jhKsnd:P7O7bd,F8DmGf;Q4AGo:Gm7gYd,qAKMYb;uFUCPb:pvnm0e,pfE8Hb,PFBcW;f56efd:dJXsye;EnoYf:KNzws,ZJsZZ,JgVSJc;zdMJQc:cCQNKb,ZJsZZ,zchEXc;Ytrrj:JJDvdc;tNR8yc:GeFvjb;oFN6Ye:hij5Wb\" jscontroller=\"Zl5N8\" jsmodel=\"SsMkhd\" jsname=\"txFAF\" class=\"JLqJ4b\" data-language-for-alternatives=\"en\" data-language-to-translate-into=\"fr\" data-phrase-index=\"0\" jsdata=\"uqLsIf;_;$445\"><span jsaction=\"click:qtZ4nf,GFf3ac,tMZCfe; contextmenu:Nqw7Te,QP7LD; mouseout:Nqw7Te; mouseover:qtZ4nf,c2aHje\" jsname=\"W297wb\"><strong>of a double degree:<\/strong> Polym\u00e9ca network, INSA group, Arts et M\u00e9tiers, INSTN (CEA Saclay and Cadarache), IAE Poitiers; <\/span><\/span><\/span><\/li>\n<li><span class=\"VIiyi\" jsaction=\"mouseup:BR6jm\" jsname=\"jqKxS\" lang=\"en\"><span jsaction=\"agoMJf:PFBcW;usxOmf:aWLT7;jhKsnd:P7O7bd,F8DmGf;Q4AGo:Gm7gYd,qAKMYb;uFUCPb:pvnm0e,pfE8Hb,PFBcW;f56efd:dJXsye;EnoYf:KNzws,ZJsZZ,JgVSJc;zdMJQc:cCQNKb,ZJsZZ,zchEXc;Ytrrj:JJDvdc;tNR8yc:GeFvjb;oFN6Ye:hij5Wb\" jscontroller=\"Zl5N8\" jsmodel=\"SsMkhd\" jsname=\"txFAF\" class=\"JLqJ4b\" data-language-for-alternatives=\"en\" data-language-to-translate-into=\"fr\" data-phrase-index=\"0\" jsdata=\"uqLsIf;_;$445\"><span jsaction=\"click:qtZ4nf,GFf3ac,tMZCfe; contextmenu:Nqw7Te,QP7LD; mouseout:Nqw7Te; mouseover:qtZ4nf,c2aHje\" jsname=\"W297wb\"><strong>of exchanges in 3rd year<\/strong> with aeronautical schools (ISAE-SUPAERO, ISAE-SUPMECA, ESTACA, Ecole de l&#8217;air) and schools of the Polym\u00e9ca network (ENSMM, ENSIL-ENSCI, ENSTA Bretagne, SeaTech, ISAE-SUPMECA, ENSEIRB-MATMECA).<\/span><\/span><\/span><\/li>\n<\/ul>\n<p>[\/et_pb_blurb][et_pb_blurb use_icon=&#8221;on&#8221; font_icon=&#8221;%%36%%&#8221; icon_color=&#8221;#0c71c3&#8243; icon_placement=&#8221;left&#8221; content_max_width=&#8221;1100px&#8221; _builder_version=&#8221;4.9.7&#8243; _module_preset=&#8221;default&#8221; header_font=&#8221;Roboto||||||||&#8221; header_text_color=&#8221;#0c71c3&#8243; body_font=&#8221;||||||||&#8221; body_text_color=&#8221;#7f7f7f&#8221; body_font_size=&#8221;16px&#8221; width=&#8221;100%&#8221; min_height=&#8221;214.8px&#8221; custom_margin=&#8221;|-87px|18px|-6px|false|false&#8221; custom_padding=&#8221;|2px|24px|5px|false|false&#8221; locked=&#8221;off&#8221;]<\/p>\n<h5 style=\"text-align: justify;\"><span class=\"VIiyi\" jsaction=\"mouseup:BR6jm\" jsname=\"jqKxS\" lang=\"en\"><span jsaction=\"agoMJf:PFBcW;usxOmf:aWLT7;jhKsnd:P7O7bd,F8DmGf;Q4AGo:Gm7gYd,qAKMYb;uFUCPb:pvnm0e,pfE8Hb,PFBcW;f56efd:dJXsye;EnoYf:KNzws,ZJsZZ,JgVSJc;zdMJQc:cCQNKb,ZJsZZ,zchEXc;Ytrrj:JJDvdc;tNR8yc:GeFvjb;oFN6Ye:hij5Wb\" jscontroller=\"Zl5N8\" jsmodel=\"SsMkhd\" jsname=\"txFAF\" class=\"JLqJ4b\" data-language-for-alternatives=\"en\" data-language-to-translate-into=\"fr\" data-phrase-index=\"0\" jsdata=\"uqLsIf;_;$445\"><span jsaction=\"click:qtZ4nf,GFf3ac,tMZCfe; contextmenu:Nqw7Te,QP7LD; mouseout:Nqw7Te; mouseover:qtZ4nf,c2aHje\" jsname=\"W297wb\">Internationally<\/span><\/span><\/span>:<\/h5>\n<p style=\"text-align: justify;\"><span class=\"VIiyi\" jsaction=\"mouseup:BR6jm\" jsname=\"jqKxS\" lang=\"en\"><span jsaction=\"agoMJf:PFBcW;usxOmf:aWLT7;jhKsnd:P7O7bd,F8DmGf;Q4AGo:Gm7gYd,qAKMYb;uFUCPb:pvnm0e,pfE8Hb,PFBcW;f56efd:dJXsye;EnoYf:KNzws,ZJsZZ,JgVSJc;zdMJQc:cCQNKb,ZJsZZ,zchEXc;Ytrrj:JJDvdc;tNR8yc:GeFvjb;oFN6Ye:hij5Wb\" jscontroller=\"Zl5N8\" jsmodel=\"SsMkhd\" jsname=\"txFAF\" class=\"JLqJ4b\" data-language-for-alternatives=\"en\" data-language-to-translate-into=\"fr\" data-phrase-index=\"0\" jsdata=\"uqLsIf;_;$445\"><span jsaction=\"click:qtZ4nf,GFf3ac,tMZCfe; contextmenu:Nqw7Te,QP7LD; mouseout:Nqw7Te; mouseover:qtZ4nf,c2aHje\" jsname=\"W297wb\">In order to facilitate exchanges, ISAE-ENSMA has signed <strong>bilateral agreements<\/strong> with foreign universities (more than fifty) and participates in the <strong>Erasmus +, GE4 and BCI<\/strong> (Quebec) <strong>networks<\/strong>.<\/span><\/span><\/span><\/p>\n<p style=\"text-align: justify;\"><span class=\"VIiyi\" jsaction=\"mouseup:BR6jm\" jsname=\"jqKxS\" lang=\"en\"><span jsaction=\"agoMJf:PFBcW;usxOmf:aWLT7;jhKsnd:P7O7bd,F8DmGf;Q4AGo:Gm7gYd,qAKMYb;uFUCPb:pvnm0e,pfE8Hb,PFBcW;f56efd:dJXsye;EnoYf:KNzws,ZJsZZ,JgVSJc;zdMJQc:cCQNKb,ZJsZZ,zchEXc;Ytrrj:JJDvdc;tNR8yc:GeFvjb;oFN6Ye:hij5Wb\" jscontroller=\"Zl5N8\" jsmodel=\"SsMkhd\" jsname=\"txFAF\" class=\"JLqJ4b\" data-language-for-alternatives=\"en\" data-language-to-translate-into=\"fr\" data-phrase-index=\"0\" jsdata=\"uqLsIf;_;$445\"><span jsaction=\"click:qtZ4nf,GFf3ac,tMZCfe; contextmenu:Nqw7Te,QP7LD; mouseout:Nqw7Te; mouseover:qtZ4nf,c2aHje\" jsname=\"W297wb\">The school also participates in the <strong>BRAFITEC<\/strong> and <strong>ARFITEC<\/strong> exchange programs. The <strong>PFIEV<\/strong> program supports the training of Vietnamese engineering students and the <strong>SIAE<\/strong> program supports the training of Chinese students. In order to promote European aviation training and ensure better visibility, ISAE-ENSMA is a member of the <strong>Pegasus network<\/strong>.<\/span><\/span><\/span><\/p>\n<p style=\"text-align: justify;\"><span class=\"VIiyi\" jsaction=\"mouseup:BR6jm\" jsname=\"jqKxS\" lang=\"en\"><span jsaction=\"agoMJf:PFBcW;usxOmf:aWLT7;jhKsnd:P7O7bd,F8DmGf;Q4AGo:Gm7gYd,qAKMYb;uFUCPb:pvnm0e,pfE8Hb,PFBcW;f56efd:dJXsye;EnoYf:KNzws,ZJsZZ,JgVSJc;zdMJQc:cCQNKb,ZJsZZ,zchEXc;Ytrrj:JJDvdc;tNR8yc:GeFvjb;oFN6Ye:hij5Wb\" jscontroller=\"Zl5N8\" jsmodel=\"SsMkhd\" jsname=\"txFAF\" class=\"JLqJ4b\" data-language-for-alternatives=\"en\" data-language-to-translate-into=\"fr\" data-phrase-index=\"0\" jsdata=\"uqLsIf;_;$445\"><span jsaction=\"click:qtZ4nf,GFf3ac,tMZCfe; contextmenu:Nqw7Te,QP7LD; mouseout:Nqw7Te; mouseover:qtZ4nf,c2aHje\" jsname=\"W297wb\"><strong>For more details on the above networks and the list of ISAE-ENSMA partner universities<\/strong> with which exchanges and double degrees are possible, see <a href=\"https:\/\/www.ensma.fr\/reseaux-et-conventions\/\">here<\/a>.<\/span><\/span><\/span><span class=\"VIiyi\" jsaction=\"mouseup:BR6jm\" jsname=\"jqKxS\" lang=\"en\"><span jsaction=\"agoMJf:PFBcW;usxOmf:aWLT7;jhKsnd:P7O7bd,F8DmGf;Q4AGo:Gm7gYd,qAKMYb;uFUCPb:pvnm0e,pfE8Hb,PFBcW;f56efd:dJXsye;EnoYf:KNzws,ZJsZZ,JgVSJc;zdMJQc:cCQNKb,ZJsZZ,zchEXc;Ytrrj:JJDvdc;tNR8yc:GeFvjb;oFN6Ye:hij5Wb\" jscontroller=\"Zl5N8\" jsmodel=\"SsMkhd\" jsname=\"txFAF\" class=\"JLqJ4b\" data-language-for-alternatives=\"en\" data-language-to-translate-into=\"fr\" data-phrase-index=\"0\" jsdata=\"uqLsIf;_;$445\"><span jsaction=\"click:qtZ4nf,GFf3ac,tMZCfe; contextmenu:Nqw7Te,QP7LD; mouseout:Nqw7Te; mouseover:qtZ4nf,c2aHje\" jsname=\"W297wb\"><span style=\"font-style: normal;\" class=\"\"><span class=\"\" style=\"color: #000000;\"><strong><\/strong><\/span><\/span><\/span><\/span><\/span><\/p>\n<p>[\/et_pb_blurb][et_pb_text _builder_version=&#8221;4.9.4&#8243; _module_preset=&#8221;default&#8221; text_text_color=&#8221;#0c71c3&#8243; text_font_size=&#8221;22px&#8221; min_height=&#8221;14.8px&#8221; custom_margin=&#8221;9px||10px|||&#8221; custom_padding=&#8221;||18px|||&#8221;]<\/p>\n<p>International policy<\/p>\n<p>[\/et_pb_text][et_pb_text _builder_version=&#8221;4.9.7&#8243; _module_preset=&#8221;default&#8221; text_font_size=&#8221;16px&#8221; min_height=&#8221;291.2px&#8221;]<\/p>\n<div class=\"learn-more-content\" style=\"visibility: visible;\">\n<p style=\"text-align: justify;\"><span class=\"VIiyi\" jsaction=\"mouseup:BR6jm\" jsname=\"jqKxS\" lang=\"en\"><span jsaction=\"agoMJf:PFBcW;usxOmf:aWLT7;jhKsnd:P7O7bd,F8DmGf;Q4AGo:Gm7gYd,qAKMYb;uFUCPb:pvnm0e,pfE8Hb,PFBcW;f56efd:dJXsye;EnoYf:KNzws,ZJsZZ,JgVSJc;zdMJQc:cCQNKb,ZJsZZ,zchEXc;Ytrrj:JJDvdc;tNR8yc:GeFvjb;oFN6Ye:hij5Wb\" jscontroller=\"Zl5N8\" jsmodel=\"SsMkhd\" jsname=\"txFAF\" class=\"JLqJ4b ChMk0b\" data-language-for-alternatives=\"en\" data-language-to-translate-into=\"fr\" data-phrase-index=\"0\" jsdata=\"uqLsIf;_;$459\"><span jsaction=\"click:qtZ4nf,GFf3ac,tMZCfe; contextmenu:Nqw7Te,QP7LD; mouseout:Nqw7Te; mouseover:qtZ4nf,c2aHje\" jsname=\"W297wb\">A minimum of 3 months experience abroad is required during the engineering course.<\/span><\/span><\/span><\/p>\n<p style=\"text-align: justify;\"><span class=\"VIiyi\" jsaction=\"mouseup:BR6jm\" jsname=\"jqKxS\" lang=\"en\"><span jsaction=\"agoMJf:PFBcW;usxOmf:aWLT7;jhKsnd:P7O7bd,F8DmGf;Q4AGo:Gm7gYd,qAKMYb;uFUCPb:pvnm0e,pfE8Hb,PFBcW;f56efd:dJXsye;EnoYf:KNzws,ZJsZZ,JgVSJc;zdMJQc:cCQNKb,ZJsZZ,zchEXc;Ytrrj:JJDvdc;tNR8yc:GeFvjb;oFN6Ye:hij5Wb\" jscontroller=\"Zl5N8\" jsmodel=\"SsMkhd\" jsname=\"txFAF\" class=\"JLqJ4b\" data-language-for-alternatives=\"en\" data-language-to-translate-into=\"fr\" data-phrase-index=\"1\" jsdata=\"uqLsIf;_;$460\"><span jsaction=\"click:qtZ4nf,GFf3ac,tMZCfe; contextmenu:Nqw7Te,QP7LD; mouseout:Nqw7Te; mouseover:qtZ4nf,c2aHje\" jsname=\"W297wb\"> <\/span><\/span><span jsaction=\"agoMJf:PFBcW;usxOmf:aWLT7;jhKsnd:P7O7bd,F8DmGf;Q4AGo:Gm7gYd,qAKMYb;uFUCPb:pvnm0e,pfE8Hb,PFBcW;f56efd:dJXsye;EnoYf:KNzws,ZJsZZ,JgVSJc;zdMJQc:cCQNKb,ZJsZZ,zchEXc;Ytrrj:JJDvdc;tNR8yc:GeFvjb;oFN6Ye:hij5Wb\" jscontroller=\"Zl5N8\" jsmodel=\"SsMkhd\" jsname=\"txFAF\" class=\"JLqJ4b ChMk0b\" data-language-for-alternatives=\"en\" data-language-to-translate-into=\"fr\" data-phrase-index=\"2\" jsdata=\"uqLsIf;_;$461\"><span jsaction=\"click:qtZ4nf,GFf3ac,tMZCfe; contextmenu:Nqw7Te,QP7LD; mouseout:Nqw7Te; mouseover:qtZ4nf,c2aHje\" jsname=\"W297wb\">The school welcomes international students who follow engineering training, international masters and\/or do internships in laboratories.<\/span><\/span><\/span><\/p>\n<p style=\"text-align: justify;\"><span class=\"VIiyi\" jsaction=\"mouseup:BR6jm\" jsname=\"jqKxS\" lang=\"en\"><span jsaction=\"agoMJf:PFBcW;usxOmf:aWLT7;jhKsnd:P7O7bd,F8DmGf;Q4AGo:Gm7gYd,qAKMYb;uFUCPb:pvnm0e,pfE8Hb,PFBcW;f56efd:dJXsye;EnoYf:KNzws,ZJsZZ,JgVSJc;zdMJQc:cCQNKb,ZJsZZ,zchEXc;Ytrrj:JJDvdc;tNR8yc:GeFvjb;oFN6Ye:hij5Wb\" jscontroller=\"Zl5N8\" jsmodel=\"SsMkhd\" jsname=\"txFAF\" class=\"JLqJ4b\" data-language-for-alternatives=\"en\" data-language-to-translate-into=\"fr\" data-phrase-index=\"3\" jsdata=\"uqLsIf;_;$462\"><span jsaction=\"click:qtZ4nf,GFf3ac,tMZCfe; contextmenu:Nqw7Te,QP7LD; mouseout:Nqw7Te; mouseover:qtZ4nf,c2aHje\" jsname=\"W297wb\"><\/span><\/span><span jsaction=\"agoMJf:PFBcW;usxOmf:aWLT7;jhKsnd:P7O7bd,F8DmGf;Q4AGo:Gm7gYd,qAKMYb;uFUCPb:pvnm0e,pfE8Hb,PFBcW;f56efd:dJXsye;EnoYf:KNzws,ZJsZZ,JgVSJc;zdMJQc:cCQNKb,ZJsZZ,zchEXc;Ytrrj:JJDvdc;tNR8yc:GeFvjb;oFN6Ye:hij5Wb\" jscontroller=\"Zl5N8\" jsmodel=\"SsMkhd\" jsname=\"txFAF\" class=\"JLqJ4b ChMk0b\" data-language-for-alternatives=\"en\" data-language-to-translate-into=\"fr\" data-phrase-index=\"4\" jsdata=\"uqLsIf;_;$463\"><span jsaction=\"click:qtZ4nf,GFf3ac,tMZCfe; contextmenu:Nqw7Te,QP7LD; mouseout:Nqw7Te; mouseover:qtZ4nf,c2aHje\" jsname=\"W297wb\">ISAE-ENSMA has obtained the &#8220;Bienvenue en France&#8221; label, granted by the Campus France agency attesting to its quality of reception of international students.<\/span><\/span><\/span><\/p>\n<p style=\"text-align: justify;\"><span class=\"VIiyi\" jsaction=\"mouseup:BR6jm\" jsname=\"jqKxS\" lang=\"en\"><span jsaction=\"agoMJf:PFBcW;usxOmf:aWLT7;jhKsnd:P7O7bd,F8DmGf;Q4AGo:Gm7gYd,qAKMYb;uFUCPb:pvnm0e,pfE8Hb,PFBcW;f56efd:dJXsye;EnoYf:KNzws,ZJsZZ,JgVSJc;zdMJQc:cCQNKb,ZJsZZ,zchEXc;Ytrrj:JJDvdc;tNR8yc:GeFvjb;oFN6Ye:hij5Wb\" jscontroller=\"Zl5N8\" jsmodel=\"SsMkhd\" jsname=\"txFAF\" class=\"JLqJ4b ChMk0b\" data-language-for-alternatives=\"en\" data-language-to-translate-into=\"fr\" data-phrase-index=\"6\" jsdata=\"uqLsIf;_;$465\"><span jsaction=\"click:qtZ4nf,GFf3ac,tMZCfe; contextmenu:Nqw7Te,QP7LD; mouseout:Nqw7Te; mouseover:qtZ4nf,c2aHje\" jsname=\"W297wb\">This Label is used for communication and promotion of establishments and makes it possible to attest to the quality and accessibility of information, reception systems, training offer, teaching support,<\/span><\/span> <span jsaction=\"agoMJf:PFBcW;usxOmf:aWLT7;jhKsnd:P7O7bd,F8DmGf;Q4AGo:Gm7gYd,qAKMYb;uFUCPb:pvnm0e,pfE8Hb,PFBcW;f56efd:dJXsye;EnoYf:KNzws,ZJsZZ,JgVSJc;zdMJQc:cCQNKb,ZJsZZ,zchEXc;Ytrrj:JJDvdc;tNR8yc:GeFvjb;oFN6Ye:hij5Wb\" jscontroller=\"Zl5N8\" jsmodel=\"SsMkhd\" jsname=\"txFAF\" class=\"JLqJ4b ChMk0b\" data-language-for-alternatives=\"en\" data-language-to-translate-into=\"fr\" data-phrase-index=\"7\" jsdata=\"uqLsIf;_;$466\"><span jsaction=\"click:qtZ4nf,GFf3ac,tMZCfe; contextmenu:Nqw7Te,QP7LD; mouseout:Nqw7Te; mouseover:qtZ4nf,c2aHje\" jsname=\"W297wb\">housing, the quality of campus life and post-graduation support for international students.<img decoding=\"async\" loading=\"lazy\" class=\"wp-image-7843 alignright\" src=\"https:\/\/www.ensma.fr\/wp-content\/uploads\/2020\/06\/CampusF_Label_Bienv_2Etoil-300x300.jpg\" alt=\"\" srcset=\"https:\/\/www.ensma.fr\/wp-content\/uploads\/2020\/06\/CampusF_Label_Bienv_2Etoil-300x300.jpg 300w, https:\/\/www.ensma.fr\/wp-content\/uploads\/2020\/06\/CampusF_Label_Bienv_2Etoil-150x150.jpg 150w, https:\/\/www.ensma.fr\/wp-content\/uploads\/2020\/06\/CampusF_Label_Bienv_2Etoil-768x768.jpg 768w, https:\/\/www.ensma.fr\/wp-content\/uploads\/2020\/06\/CampusF_Label_Bienv_2Etoil-1024x1024.jpg 1024w, https:\/\/www.ensma.fr\/wp-content\/uploads\/2020\/06\/CampusF_Label_Bienv_2Etoil-220x220.jpg 220w, https:\/\/www.ensma.fr\/wp-content\/uploads\/2020\/06\/CampusF_Label_Bienv_2Etoil-75x75.jpg 75w, https:\/\/www.ensma.fr\/wp-content\/uploads\/2020\/06\/CampusF_Label_Bienv_2Etoil-187x187.jpg 187w, https:\/\/www.ensma.fr\/wp-content\/uploads\/2020\/06\/CampusF_Label_Bienv_2Etoil-453x453.jpg 453w, https:\/\/www.ensma.fr\/wp-content\/uploads\/2020\/06\/CampusF_Label_Bienv_2Etoil-184x184.jpg 184w, https:\/\/www.ensma.fr\/wp-content\/uploads\/2020\/06\/CampusF_Label_Bienv_2Etoil.jpg 1076w\" sizes=\"(max-width: 150px) 100vw, 150px\" width=\"150\" height=\"150\" \/><\/span><\/span><\/span><\/p>\n<\/div>\n<p>[\/et_pb_text][\/et_pb_column][\/et_pb_row][\/et_pb_section]<\/p>\n","protected":false},"excerpt":{"rendered":"<p>National and international networks ISAE-ENSMA attaches great importance to exchanges and has developed numerous partnerships in France and abroad. In France, possibilities: of a double degree: Polym\u00e9ca network, INSA group, Arts et M\u00e9tiers, INSTN (CEA Saclay and Cadarache), IAE Poitiers; of exchanges in 3rd year with aeronautical schools (ISAE-SUPAERO, ISAE-SUPMECA, ESTACA, Ecole de l&#8217;air) and [&hellip;]<\/p>\n","protected":false},"author":6,"featured_media":10416,"parent":0,"menu_order":0,"comment_status":"open","ping_status":"closed","template":"","meta":{"_et_pb_use_builder":"on","_et_pb_old_content":"<h2>\u00a0<\/h2><h2>L'ISAE-ENSMA appartient \u00e0 deux r\u00e9seaux d'\u00e9coles en France :<\/h2><p>[learn_more caption=\"Le r\u00e9seau GEA France\"]<\/p><p><img class=\"wp-image-2868 alignright\" src=\"http:\/\/www.ensma.fr\/wp-content\/uploads\/2013\/10\/Logo-GEA.jpg\" alt=\"Logo GEA\" width=\"107\" height=\"42\" \/><\/p><p style=\"text-align: justify;\">Le Groupe des Ecoles A\u00e9ronautiques et Spatiales est un r\u00e9seau de formation sup\u00e9rieure, de recherche et de formation continue dans toutes les th\u00e9matiques de l\u2019a\u00e9ronautique et du spatial. Il regroupe 3 grandes \u00e9coles d\u2019ing\u00e9nieurs, compl\u00e9mentaires par leur p\u00f4le d\u2019excellence scientifique et leurs offres de formation : ENAC et ISAE de Toulouse, et ISAE-ENSMA de Poitiers.<\/p><p style=\"text-align: justify;\">Le GEA d\u00e9veloppe des collaborations avec les centres de formation a\u00e9ronautique et les grands groupes industriels a\u00e9ronautiques internationaux, et permet l\u2019\u00e9change d\u2019\u00e9tudiants en 3e ann\u00e9e entre les 4 \u00e9coles du r\u00e9seau.<\/p><p>[\/learn_more]<\/p><p>[learn_more caption=\"Le r\u00e9seau national POLYMECA\"]<\/p><p><img class=\"wp-image-2869 alignright\" src=\"http:\/\/www.ensma.fr\/wp-content\/uploads\/2013\/10\/Logo-POLYMECA.jpg\" alt=\"Logo-POLYMECA\" width=\"158\" height=\"55\" \/><\/p><p style=\"text-align: justify;\">Le r\u00e9seau Polym\u00e9ca regroupe 7 ENSI \u00e0 dominante m\u00e9canique : ENSMM de Besan\u00e7on, ENSIAME de Valenciennes, SUPMECA de Paris et Toulon, ENSI de Bourges, ENSCI de Limoges, ENSIETA de Brest et ISAE-ENSMA de Poitiers.<\/p><p style=\"text-align: justify;\">Il d\u00e9veloppe un partenariat d\u2019\u00e9changes internationaux et permet aussi l'\u00e9change d'\u00e9tudiants au niveau des options de 3e ann\u00e9e entre les sept \u00e9coles.<\/p><p>Pour plus d\u2019informations :\u00a0<a href=\"http:\/\/www.polymeca.org\" target=\"_blank\" rel=\"noopener noreferrer\">www.polymeca.org<\/a><\/p><p>[\/learn_more]<\/p><h2>L'ISAE-ENSMA participe activement \u00e0 des r\u00e9seaux internationaux :<\/h2><p>[learn_more caption=\"Le r\u00e9seau PEGASUS\"]<\/p><p><img class=\"alignright wp-image-2860\" src=\"http:\/\/www.ensma.fr\/wp-content\/uploads\/2013\/11\/logo-pegasus-300x130.jpg\" alt=\"logo-pegasus\" width=\"165\" height=\"71\" \/><\/p><p style=\"text-align: justify;\">PEGASUS, cr\u00e9\u00e9 \u00e0 l'initiative des \u00e9coles membres du GEA, regroupe 25 partenaires europ\u00e9ens et a pour mission la promotion de la formation a\u00e9ronautique europ\u00e9enne. PEGASUS permet un renforcement des liens institutionnels qui unissent les universit\u00e9s partenaires et une meilleure lisibilit\u00e9 de l'offre de formation europ\u00e9enne en a\u00e9ronautique vis \u00e0 vis de nos partenaires industriels.<\/p><p style=\"text-align: justify;\">Le label \u00ab Pegasus Award and Certificate \u00bb est d\u00e9livr\u00e9 \u00e0 nos \u00e9tudiants. Il s\u2019agit d\u2019un label\/award (suppl\u00e9ment \u00e0 chacun des dipl\u00f4mes nationaux) d\u00e9livr\u00e9 si l\u2019\u00e9l\u00e8ve satisfait certains crit\u00e8res de connaissances en langues \u00e9trang\u00e8res et effectue un s\u00e9jour de cinq mois \u2013 au minimum- \u00e0 l\u2019\u00e9tranger, en entreprise ou en laboratoire dans le domaine a\u00e9ronautique ou spatial.<\/p><p>Pour plus d\u2019informations :\u00a0<a href=\"http:\/\/www.pegasus-europe.org\" target=\"_blank\" rel=\"noopener noreferrer\">www.pegasus-europe.org<\/a><\/p><p>[\/learn_more]<\/p><p>[learn_more caption=\"Le r\u00e9seau PFIEV\"]<\/p><p><img class=\"alignright wp-image-2863\" src=\"http:\/\/www.ensma.fr\/wp-content\/uploads\/2013\/11\/logo-PFIEV-300x88.jpg\" alt=\"logo PFIEV\" width=\"205\" height=\"60\" \/><\/p><p style=\"text-align: justify;\">L'ISAE-ENSMA est engag\u00e9e dans le Programme PFIEV (Programme de Formation d'Ing\u00e9nieurs d'Excellence au Vietnam) comme membre fondateur, en partenariat avec les Instituts Polytechniques de Hano\u00ef et HoChiMinville, et les \u00e9coles fran\u00e7aises Centrale Paris, T\u00e9l\u00e9com, Ponts et Chauss\u00e9es, INSA Lyon et l'INPG.<\/p><p style=\"text-align: justify;\">Dans le cadre de ce programme, l'ISAE-ENSMA est en charge de la fili\u00e8re a\u00e9ronautique. Le programme conduit aux formations d'ing\u00e9nieur (reconnues par la Commission des Titres d'Ing\u00e9nieur) et \u00e0 un envoi r\u00e9gulier de professeurs de l'ISAE-ENSMA au sein des instituts vietnamiens ainsi qu'\u00e0 l'accueil des ing\u00e9nieurs dipl\u00f4m\u00e9s au sein des laboratoires de recherche de l'ISAE-ENSMA.<\/p><p style=\"text-align: justify;\">Le PFIEV-A\u00e9ronautique est fortement soutenu par les entreprises a\u00e9ronautiques en France (Snecma), en Europe (Airbus, A\u00e9rospatiale, Eurocopter) et au Vietnam (Vietnam Airlines).<\/p><p>[\/learn_more]<\/p><p>[learn_more caption=\"GE4\"]<\/p><p><img class=\"alignright wp-image-2864\" src=\"http:\/\/www.ensma.fr\/wp-content\/uploads\/2013\/11\/Logo-GE4.gif\" alt=\"Logo GE4\" width=\"170\" height=\"53\" \/><\/p><p style=\"text-align: justify;\">Le GE4 est une association priv\u00e9e cr\u00e9\u00e9e en 1996 avec le support de l'industrie europ\u00e9enne et des organismes de formation. Son but est de faciliter la mobilit\u00e9 des \u00e9tudiants ing\u00e9nieurs dans le monde entier. Divers programmes sont d'ailleurs \u00e9tablis avec les Etats-Unis, l'Am\u00e9rique Latine, l'Asie et la Russie. Il permet aux \u00e9tudiants de suivre un ou deux semestres de cours en substitution et d'en obtenir la reconnaissance acad\u00e9mique.<\/p><p>Pour plus d'informations :\u00a0<a href=\"http:\/\/www.ge4.org\" target=\"_blank\" rel=\"noopener noreferrer\">www.ge4.org<\/a><\/p><p>[\/learn_more]<\/p><p>[learn_more caption=\"PQ\u00c9\u00c9 - BCI (Qu\u00e9bec)\"]<\/p><p style=\"text-align: justify;\">Le Programme qu\u00e9b\u00e9cois d\u2019\u00e9changes \u00e9tudiants (PQ\u00c9\u00c9) <img class=\"wp-image-7830 alignright\" src=\"https:\/\/www.ensma.fr\/wp-content\/uploads\/2020\/06\/logo-BCI-300x118.png\" alt=\"\" width=\"178\" height=\"70\" \/>du BCI s\u2019adresse aux \u00e9tudiants internationaux qui veulent venir \u00e9tudier au Qu\u00e9bec, en programme d'\u00e9changes (d\u2019un trimestre \u00e0 une ann\u00e9e) avec plus de 500 \u00e9tablissements universitaires du monde entier, dont l\u2019ISAE-ENSMA.<\/p><p>Pour plus d\u2019informations : <a href=\"https:\/\/echanges-etudiants.bci-qc.ca\">PQ\u00c9\u00c9<\/a><\/p><p>[\/learn_more]<\/p>","_et_gb_content_width":"","footnotes":""},"class_list":["post-10414","page","type-page","status-publish","has-post-thumbnail","hentry"],"_links":{"self":[{"href":"https:\/\/www.ensma.fr\/en\/wp-json\/wp\/v2\/pages\/10414","targetHints":{"allow":["GET"]}}],"collection":[{"href":"https:\/\/www.ensma.fr\/en\/wp-json\/wp\/v2\/pages"}],"about":[{"href":"https:\/\/www.ensma.fr\/en\/wp-json\/wp\/v2\/types\/page"}],"author":[{"embeddable":true,"href":"https:\/\/www.ensma.fr\/en\/wp-json\/wp\/v2\/users\/6"}],"replies":[{"embeddable":true,"href":"https:\/\/www.ensma.fr\/en\/wp-json\/wp\/v2\/comments?post=10414"}],"version-history":[{"count":9,"href":"https:\/\/www.ensma.fr\/en\/wp-json\/wp\/v2\/pages\/10414\/revisions"}],"predecessor-version":[{"id":16263,"href":"https:\/\/www.ensma.fr\/en\/wp-json\/wp\/v2\/pages\/10414\/revisions\/16263"}],"wp:featuredmedia":[{"embeddable":true,"href":"https:\/\/www.ensma.fr\/en\/wp-json\/wp\/v2\/media\/10416"}],"wp:attachment":[{"href":"https:\/\/www.ensma.fr\/en\/wp-json\/wp\/v2\/media?parent=10414"}],"curies":[{"name":"wp","href":"https:\/\/api.w.org\/{rel}","templated":true}]}}