{"id":10535,"date":"2013-11-26T16:53:30","date_gmt":"2013-11-26T15:53:30","guid":{"rendered":"https:\/\/www-dev.ensma.fr\/politique-douverture-2\/"},"modified":"2025-03-31T09:41:58","modified_gmt":"2025-03-31T08:41:58","slug":"international-policy","status":"publish","type":"page","link":"https:\/\/www.ensma.fr\/en\/international-policy\/","title":{"rendered":"International policy"},"content":{"rendered":"<p>[et_pb_section fb_built=&#8221;1&#8243; _builder_version=&#8221;4.16&#8243; background_color=&#8221;RGBA(0,0,0,0)&#8221; use_background_color_gradient=&#8221;on&#8221; background_color_gradient_direction=&#8221;95deg&#8221; background_color_gradient_stops=&#8221;rgba(0,0,0,0) 20%|#ffffff 20%&#8221; background_color_gradient_overlays_image=&#8221;on&#8221; background_color_gradient_start=&#8221;rgba(0,0,0,0)&#8221; background_color_gradient_start_position=&#8221;20%&#8221; background_color_gradient_end=&#8221;#ffffff&#8221; background_color_gradient_end_position=&#8221;17%&#8221; background_image=&#8221;https:\/\/www.ensma.fr\/wp-content\/uploads\/2021\/05\/cover_plaquette21_web.jpg&#8221; background_position=&#8221;top_left&#8221; custom_padding=&#8221;||0px|||&#8221; background_last_edited=&#8221;on|tablet&#8221; use_background_color_gradient_phone=&#8221;off&#8221; background_enable_image_tablet=&#8221;off&#8221; background_enable_image_phone=&#8221;off&#8221; locked=&#8221;off&#8221; global_colors_info=&#8221;{}&#8221;][et_pb_row column_structure=&#8221;2_5,3_5&#8243; _builder_version=&#8221;4.16&#8243; global_colors_info=&#8221;{}&#8221;][et_pb_column type=&#8221;2_5&#8243; _builder_version=&#8221;4.16&#8243; custom_padding=&#8221;|||&#8221; global_colors_info=&#8221;{}&#8221; custom_padding__hover=&#8221;|||&#8221;][et_pb_text _builder_version=&#8221;4.16&#8243; text_font=&#8221;Roboto|500|||||||&#8221; text_text_color=&#8221;#939393&#8243; text_font_size=&#8221;21px&#8221; text_line_height=&#8221;2em&#8221; quote_font=&#8221;||||||||&#8221; header_font=&#8221;||||||||&#8221; header_2_font=&#8221;Rubik|700|||||||&#8221; header_2_font_size=&#8221;40px&#8221; header_2_line_height=&#8221;1.4em&#8221; header_3_text_align=&#8221;right&#8221; header_3_text_color=&#8221;#757575&#8243; header_3_font_size=&#8221;39px&#8221; header_5_font=&#8221;Rubik|700||on|||||&#8221; header_5_letter_spacing=&#8221;5px&#8221; header_5_line_height=&#8221;1.2em&#8221; text_orientation=&#8221;right&#8221; background_layout=&#8221;dark&#8221; max_width=&#8221;600px&#8221; max_width_tablet=&#8221;&#8221; max_width_phone=&#8221;&#8221; max_width_last_edited=&#8221;on|phone&#8221; custom_margin=&#8221;|||&#8221; custom_margin_tablet=&#8221;|70px||70px&#8221; custom_margin_phone=&#8221;|50px||50px&#8221; custom_margin_last_edited=&#8221;off|desktop&#8221; custom_padding=&#8221;|||&#8221; text_line_height_last_edited=&#8221;off|desktop&#8221; header_2_font_size_tablet=&#8221;&#8221; header_2_font_size_phone=&#8221;30px&#8221; header_2_font_size_last_edited=&#8221;on|phone&#8221; global_colors_info=&#8221;{}&#8221;]<\/p>\n<p>&nbsp;<\/p>\n<h3>International<\/h3>\n<h3>policy<\/h3>\n<p>[\/et_pb_text][\/et_pb_column][et_pb_column type=&#8221;3_5&#8243; _builder_version=&#8221;4.16&#8243; custom_padding=&#8221;|||&#8221; global_colors_info=&#8221;{}&#8221; custom_padding__hover=&#8221;|||&#8221;][et_pb_text _builder_version=&#8221;4.16&#8243; text_font=&#8221;Roboto|500|||||||&#8221; text_text_color=&#8221;#7f7f7f&#8221; text_font_size=&#8221;16px&#8221; text_line_height=&#8221;1.8em&#8221; quote_font=&#8221;||||||||&#8221; header_font=&#8221;||||||||&#8221; header_2_font=&#8221;Rubik|700|||||||&#8221; header_2_font_size=&#8221;40px&#8221; header_2_line_height=&#8221;1.4em&#8221; header_5_font=&#8221;Rubik|700||on|||||&#8221; header_5_letter_spacing=&#8221;5px&#8221; header_5_line_height=&#8221;1.2em&#8221; background_layout=&#8221;dark&#8221; max_width=&#8221;600px&#8221; max_width_tablet=&#8221;&#8221; max_width_phone=&#8221;&#8221; max_width_last_edited=&#8221;on|phone&#8221; custom_margin=&#8221;||||false|false&#8221; custom_padding=&#8221;|||&#8221; header_2_font_size_tablet=&#8221;&#8221; header_2_font_size_phone=&#8221;30px&#8221; header_2_font_size_last_edited=&#8221;on|phone&#8221; global_colors_info=&#8221;{}&#8221;]<\/p>\n<p style=\"text-align: justify;\">One of ISAE-ENSMA\u2019s main priorities is to promote international student exchanges. An experience of at least 3 months abroad is required during the engineering program.<\/p>\n<p style=\"text-align: justify;\">The school welcome international students from more than 25 different nationalities. They attend the engineering program, the international Master programs, perform research projects in laboratories, or a PhD.<\/p>\n<p style=\"text-align: justify;\">In order to facilitate exchanges, ISAE-ENSMA has signed <a href=\"http:\/\/www.ensma.fr\/en\/international-2\/reseaux-et-conventions\/\" target=\"_blank\" rel=\"noopener\">bilateral agreements with international universities<\/a> and plays an active role, as a member of the <a href=\"https:\/\/info.erasmusplus.fr\/\" target=\"_blank\" rel=\"noopener noreferrer\">Erasmus+<\/a>, <a href=\"http:\/\/www.ge4.org\/\" target=\"_blank\" rel=\"noopener\">GE4<\/a> and the <a href=\"https:\/\/echanges-etudiants.bci-qc.ca\/\" target=\"_blank\" rel=\"noopener\">BCI<\/a> (Quebec) networks. <span class=\"VIiyi\" jsaction=\"mouseup:BR6jm\" jsname=\"jqKxS\" lang=\"en\"><span jsaction=\"agoMJf:PFBcW;usxOmf:aWLT7;jhKsnd:P7O7bd,F8DmGf;Q4AGo:Gm7gYd,qAKMYb;uFUCPb:pvnm0e,pfE8Hb,PFBcW;f56efd:dJXsye;EnoYf:KNzws,ZJsZZ,JgVSJc;zdMJQc:cCQNKb,ZJsZZ,zchEXc;Ytrrj:JJDvdc;tNR8yc:GeFvjb;oFN6Ye:hij5Wb\" jsname=\"txFAF\" class=\"JLqJ4b ChMk0b\" data-language-for-alternatives=\"en\" data-language-to-translate-into=\"fr\" data-phrase-index=\"0\" jscontroller=\"Zl5N8\" jsdata=\"uqLsIf;_;$121\" jsmodel=\"SsMkhd\"><span jsaction=\"click:qtZ4nf,GFf3ac,tMZCfe; contextmenu:Nqw7Te,QP7LD; mouseout:Nqw7Te; mouseover:qtZ4nf,c2aHje\" jsname=\"W297wb\">The school also participates in the <a href=\"http:\/\/educ-br.fr\/etudes-et-recherches-au-bresil\/brafitec\/\" target=\"_blank\" rel=\"noopener\">BRAFITEC<\/a> and <a href=\"http:\/\/www.cdefi.fr\/fr\/activites\/les-programmes-de-mobilite-internationale\" target=\"_blank\" rel=\"noopener\">ARFITEC<\/a> exchange programs.<\/span><\/span><\/span> The <a href=\"http:\/\/pfiev.edu.vn\/fr\/presentation-generale\/\" target=\"_blank\" rel=\"noopener\">PFIEV<\/a> program supports the training of Vietnamese students and the <a href=\"https:\/\/www.cauc.edu.cn\/siaeE\/Overview_of_SIAE\/Introduction_to_SIAE.htm\" target=\"_blank\" rel=\"noopener noreferrer\">SIAE<\/a> supports the training of Chinese students. In order to promote European aeronautical education and visibility, ISAE-ENSMA is a member of the <a href=\"https:\/\/www.pegasus-europe.org\/\" target=\"_blank\" rel=\"noopener\">Pegasus network<\/a>.<\/p>\n<p>[\/et_pb_text][\/et_pb_column][\/et_pb_row][et_pb_row custom_padding_last_edited=&#8221;on|tablet&#8221; _builder_version=&#8221;4.16&#8243; _module_preset=&#8221;default&#8221; min_height=&#8221;40.8px&#8221; custom_padding=&#8221;11px||27px|100px|false|false&#8221; custom_padding_tablet=&#8221;|10px||10px|false|true&#8221; custom_padding_phone=&#8221;&#8221; global_colors_info=&#8221;{}&#8221;][et_pb_column type=&#8221;4_4&#8243; _builder_version=&#8221;4.16&#8243; _module_preset=&#8221;default&#8221; global_colors_info=&#8221;{}&#8221;][et_pb_text _builder_version=&#8221;4.27.4&#8243; _module_preset=&#8221;default&#8221; text_text_color=&#8221;#0c71c3&#8243; text_font_size=&#8221;22px&#8221; custom_padding=&#8221;|||87px||&#8221; global_colors_info=&#8221;{}&#8221;]<\/p>\n<table style=\"width: 100%; border-collapse: collapse;\" border=\"0\">\n<tbody>\n<tr>\n<td style=\"width: 50%;\">Label &#8220;Welcome to France&#8221;<\/td>\n<td style=\"width: 50%;\"><img loading=\"lazy\" decoding=\"async\" src=\"https:\/\/www.ensma.fr\/wp-content\/uploads\/2025\/03\/LOGO-Etoiles-rouges_3-etoiles-300x300.jpg\" width=\"168\" height=\"168\" alt=\"\" class=\"wp-image-26472 alignnone size-medium\" \/><\/td>\n<\/tr>\n<\/tbody>\n<\/table>\n<p>[\/et_pb_text][\/et_pb_column][\/et_pb_row][et_pb_row column_structure=&#8221;1_2,1_2&#8243; custom_padding_last_edited=&#8221;on|phone&#8221; _builder_version=&#8221;4.16&#8243; _module_preset=&#8221;default&#8221; width=&#8221;81.8%&#8221; min_height=&#8221;424.5px&#8221; custom_margin=&#8221;-10px||-124px||false|false&#8221; custom_margin_tablet=&#8221;-10px||10px||false|false&#8221; custom_margin_phone=&#8221;&#8221; custom_margin_last_edited=&#8221;on|tablet&#8221; custom_padding=&#8221;0px||109px|346px|false|false&#8221; custom_padding_tablet=&#8221;|10px||10px|false|true&#8221; custom_padding_phone=&#8221;&#8221; global_colors_info=&#8221;{}&#8221;][et_pb_column type=&#8221;1_2&#8243; _builder_version=&#8221;4.16&#8243; _module_preset=&#8221;default&#8221; global_colors_info=&#8221;{}&#8221;][et_pb_text _builder_version=&#8221;4.27.4&#8243; text_font=&#8221;Roboto|500|||||||&#8221; text_text_color=&#8221;#7f7f7f&#8221; text_font_size=&#8221;16px&#8221; text_line_height=&#8221;1.8em&#8221; quote_font=&#8221;||||||||&#8221; header_font=&#8221;||||||||&#8221; header_2_font=&#8221;Rubik|700|||||||&#8221; header_2_font_size=&#8221;40px&#8221; header_2_line_height=&#8221;1.4em&#8221; header_5_font=&#8221;Rubik|700||on|||||&#8221; header_5_letter_spacing=&#8221;5px&#8221; header_5_line_height=&#8221;1.2em&#8221; background_layout=&#8221;dark&#8221; max_width=&#8221;1281px&#8221; max_width_tablet=&#8221;&#8221; max_width_phone=&#8221;&#8221; max_width_last_edited=&#8221;on|phone&#8221; min_height=&#8221;143px&#8221; custom_margin=&#8221;|-126px|-68px|-152px|false|false&#8221; custom_padding=&#8221;|27px|0px|||&#8221; header_2_font_size_tablet=&#8221;&#8221; header_2_font_size_phone=&#8221;30px&#8221; header_2_font_size_last_edited=&#8221;on|phone&#8221; global_colors_info=&#8221;{}&#8221;]<\/p>\n<p>The \u201cWelcome to France\u201d Label was granted for the second time in 2025 with the highest distinction (3 stars) by the Campus France agency, attesting to the quality of international students welcome.<\/p>\n<p>This label is used to promote and communicate about the higher eductaion institutions and to attest to the quality and accessibility of the information, the offer of programs, the teaching follow-up, the housing, the campus quality of life and the post-graduate follow-up of the international students.<\/p>\n<p>To know more about the <a href=\"https:\/\/www.ensma.fr\/wp-content\/uploads\/2020\/06\/20200225_Pre\u2560\u00fcsentation-ge\u2560\u00fcne\u2560\u00fcrique-Label-EES.pdf\" target=\"_blank\" rel=\"noopener noreferrer\">Label<\/a><em><\/em><\/p>\n<p>Read the <a href=\"https:\/\/www.ensma.fr\/wp-content\/uploads\/2023\/12\/Flyer_label-BEF_12092023.pdf\" rel=\"attachment wp-att-23880\">flyer<\/a> for more information.<\/p>\n<p>The schools is also a member of the <a href=\"https:\/\/www.campusfrance.org\/fr\/ressource\/membres-du-forummembres-du-forum-campus-france\" target=\"_blank\" rel=\"noopener\">Forum Campus France<\/a> and <a href=\"https:\/\/www.francealumni.fr\/fr\/espace-partenaire\/depot-offre\" target=\"_blank\" rel=\"noopener\">France Alumni<\/a>.<\/p>\n<p>[\/et_pb_text][\/et_pb_column][et_pb_column type=&#8221;1_2&#8243; _builder_version=&#8221;4.16&#8243; _module_preset=&#8221;default&#8221; global_colors_info=&#8221;{}&#8221;][et_pb_image src=&#8221;https:\/\/www.ensma.fr\/wp-content\/uploads\/2025\/03\/2025_Parchemin-ISAE-ENSMA.jpg&#8221; title_text=&#8221;2025_Parchemin-ISAE-ENSMA&#8221; _builder_version=&#8221;4.27.4&#8243; _module_preset=&#8221;default&#8221; width=&#8221;70%&#8221; custom_margin=&#8221;|26px||113px||&#8221; custom_padding=&#8221;|27px||||&#8221; hover_enabled=&#8221;0&#8243; global_colors_info=&#8221;{}&#8221; url=&#8221;https:\/\/www.ensma.fr\/wp-content\/uploads\/2025\/03\/2025_Parchemin-ISAE-ENSMA.pdf&#8221; sticky_enabled=&#8221;0&#8243;][\/et_pb_image][\/et_pb_column][\/et_pb_row][et_pb_row _builder_version=&#8221;4.16&#8243; _module_preset=&#8221;default&#8221; width_tablet=&#8221;&#8221; width_phone=&#8221;100%&#8221; width_last_edited=&#8221;on|phone&#8221; max_width=&#8221;1003px&#8221; max_width_tablet=&#8221;&#8221; max_width_phone=&#8221;&#8221; max_width_last_edited=&#8221;on|phone&#8221; module_alignment=&#8221;center&#8221; min_height=&#8221;301.5px&#8221; custom_margin=&#8221;-23px|565px||auto||&#8221; custom_padding=&#8221;108px||27px|||&#8221; border_color_all=&#8221;#757575&#8243; global_colors_info=&#8221;{}&#8221;][et_pb_column type=&#8221;4_4&#8243; _builder_version=&#8221;4.16&#8243; _module_preset=&#8221;default&#8221; global_colors_info=&#8221;{}&#8221;][et_pb_blurb title=&#8221;Contacts&#8221; use_icon=&#8221;on&#8221; font_icon=&#8221;&#x6b;||divi||400&#8243; icon_color=&#8221;#0c71c3&#8243; icon_placement=&#8221;left&#8221; content_max_width_tablet=&#8221;&#8221; content_max_width_phone=&#8221;&#8221; content_max_width_last_edited=&#8221;on|phone&#8221; _builder_version=&#8221;4.16&#8243; _module_preset=&#8221;default&#8221; header_font_size=&#8221;22px&#8221; body_font_size=&#8221;16px&#8221; width=&#8221;53.8%&#8221; width_tablet=&#8221;&#8221; width_phone=&#8221;80.6%&#8221; width_last_edited=&#8221;on|phone&#8221; module_alignment=&#8221;center&#8221; custom_padding=&#8221;20px|50px|20px|34px|false|false&#8221; custom_padding_tablet=&#8221;&#8221; custom_padding_phone=&#8221;20px|0px|20px|0px|false|false&#8221; custom_padding_last_edited=&#8221;on|phone&#8221; border_width_all=&#8221;1px&#8221; border_color_all=&#8221;#757575&#8243; global_colors_info=&#8221;{}&#8221;]<\/p>\n<p><span style=\"font-size: x-large;\"><strong><\/strong><\/span><\/p>\n<p><span style=\"font-size: x-large;\"><strong>International Relations Office<br \/><\/strong><\/span><\/p>\n<p>Mrs Aur\u00e9lie COTILLON &#8211; Tel : +33(0)5.49.49.80.16<\/p>\n<p>Mrs Laura MONTOIS &#8211; Tel : +33(0)5.16.08.01.53 <span style=\"caret-color: #595959; color: #595959; font-family: 'Calibri Light', sans-serif; font-size: 14.666666984558105px; font-style: normal; font-variant-caps: normal; font-weight: normal; letter-spacing: normal; orphans: auto; text-align: start; text-indent: 0px; text-transform: none; white-space: normal; widows: auto; word-spacing: 0px; -webkit-text-size-adjust: auto; -webkit-text-stroke-width: 0px; text-decoration: none; display: inline !important; float: none;\"><\/span><\/p>\n<p>Mrs Maggy SOURISSEAU &#8211; Tel : +33(0)5.49.49.83.46<\/p>\n<p><a href=\"mailto:international@ensma.fr\">international@ensma.fr<\/a><\/p>\n<p>&nbsp;<\/p>\n<p>[\/et_pb_blurb][\/et_pb_column][\/et_pb_row][\/et_pb_section]<\/p>\n","protected":false},"excerpt":{"rendered":"<p>&nbsp; International policyOne of ISAE-ENSMA\u2019s main priorities is to promote international student exchanges. An experience of at least 3 months abroad is required during the engineering program. The school welcome international students from more than 25 different nationalities. They attend the engineering program, the international Master programs, perform research projects in laboratories, or a PhD. [&hellip;]<\/p>\n","protected":false},"author":6,"featured_media":10537,"parent":0,"menu_order":0,"comment_status":"open","ping_status":"open","template":"","meta":{"_et_pb_use_builder":"on","_et_pb_old_content":"<p style=\"text-align: justify;\">L'ISAE-ENSMA attache une grande importance aux \u00e9changes internationaux. Une exp\u00e9rience de 3 mois minimum \u00e0 l\u2019\u00e9tranger est requise au cours du cursus ing\u00e9nieur.<\/p><p style=\"text-align: justify;\">L'\u00e9cole accueille des \u00e9tudiants internationaux qui suivent la formation ing\u00e9nieur, les masters internationaux et\/ou effectuent des stages dans les laboratoires.<\/p><p style=\"text-align: justify;\">Afin de faciliter les \u00e9changes, l'ISAE-ENSMA a sign\u00e9 des <a title=\"R\u00e9seaux et conventions\" href=\"http:\/\/www.ensma.fr\/international\/reseaux-et-conventions\/\" target=\"_blank\" rel=\"noopener noreferrer\">conventions bilat\u00e9rales avec des universit\u00e9s \u00e9trang\u00e8res<\/a> et participe aux r\u00e9seaux <a href=\"https:\/\/info.erasmusplus.fr\/\" target=\"_blank\" rel=\"noopener noreferrer\">Erasmus+<\/a>, <a title=\"Les r\u00e9seaux nationaux et internationaux\" href=\"http:\/\/www.ensma.fr\/formations\/ingenieur\/les-reseaux-nationaux-et-internationaux\/\" target=\"_blank\" rel=\"noopener noreferrer\">GE4<\/a> et <a title=\"Les r\u00e9seaux nationaux et internationaux\" href=\"http:\/\/www.ensma.fr\/formations\/ingenieur\/les-reseaux-nationaux-et-internationaux\/\">BCI (Qu\u00e9bec)<\/a>. L'\u00e9cole participe \u00e9galement aux programmes d'\u00e9changes <a title=\"Les r\u00e9seaux nationaux et internationaux\" href=\"http:\/\/wwwdev.ensma.fr\/formations\/ingenieur\/les-reseaux-nationaux-et-internationaux\/\" target=\"_blank\" rel=\"noopener noreferrer\">BRAFITEC<\/a> et <a title=\"Les r\u00e9seaux nationaux et internationaux\" href=\"http:\/\/wwwdev.ensma.fr\/formations\/ingenieur\/les-reseaux-nationaux-et-internationaux\/\" target=\"_blank\" rel=\"noopener noreferrer\">ARFITEC<\/a>. Le programme <a title=\"Les r\u00e9seaux nationaux et internationaux\" href=\"http:\/\/www.ensma.fr\/formations\/ingenieur\/les-reseaux-nationaux-et-internationaux\/\" target=\"_blank\" rel=\"noopener noreferrer\">PFIEV<\/a> soutient la formation d\u2019\u00e9l\u00e8ves ing\u00e9nieurs vietnamiens et le programme <a href=\"https:\/\/www.cauc.edu.cn\/en\/Academics\/Sino_European_Institute_of_Aviation_Engineering.htm\" target=\"_blank\" rel=\"noopener noreferrer\">SIAE<\/a> la formation d'\u00e9tudiants chinois. Afin de promouvoir la formation a\u00e9ronautique europ\u00e9enne et d\u2019en assurer une meilleure visibilit\u00e9, l\u2019ISAE-ENSMA est membre du <a title=\"Les r\u00e9seaux nationaux et internationaux\" href=\"http:\/\/www.ensma.fr\/formations\/ingenieur\/les-reseaux-nationaux-et-internationaux\/\" target=\"_blank\" rel=\"noopener noreferrer\">r\u00e9seau Pegasus<\/a>.<\/p><p>Consultez la liste des universit\u00e9s partenaires dans l'onglet \"R\u00e9seaux et Conventions\".<\/p><p><span style=\"color: #ff6600;\"><strong>[learn_more caption=\"Label Bienvenue en France\"]<\/strong><\/span><\/p><p>L'ISAE-ENSMA a obtenu le Label \"Bienvenue en France\", accord\u00e9 par l\u2019agence Campus France attestant de sa qualit\u00e9 d\u2019accueil des \u00e9tudiants internationaux.<img class=\"wp-image-7843 alignright\" src=\"https:\/\/www.ensma.fr\/wp-content\/uploads\/2020\/06\/CampusF_Label_Bienv_2Etoil-300x300.jpg\" alt=\"\" width=\"150\" height=\"150\" \/><\/p><p>Ce Label est utilis\u00e9 pour la communication et la promotion des \u00e9tablissements et permet d\u2019attester de la qualit\u00e9 et l\u2019accessibilit\u00e9 de l\u2019information, des dispositifs d\u2019accueil, de l\u2019offre de formation, de l\u2019accompagnement des enseignements, du logement, de la qualit\u00e9 de vie du campus et du suivi post-dipl\u00f4me des \u00e9tudiants internationaux.<\/p><p><img class=\"wp-image-7850 aligncenter\" src=\"https:\/\/www.ensma.fr\/wp-content\/uploads\/2020\/06\/ISAE-ENSMA-300x248.jpg\" alt=\"\" width=\"384\" height=\"318\" \/><\/p><p style=\"text-align: left;\">Pour en savoir plus sur le <a href=\"https:\/\/www.ensma.fr\/wp-content\/uploads\/2020\/06\/20200225_Pre\u2560\u00fcsentation-ge\u2560\u00fcne\u2560\u00fcrique-Label-EES.pdf\" target=\"_blank\" rel=\"noopener noreferrer\">Label<\/a><\/p>","_et_gb_content_width":"","footnotes":""},"class_list":["post-10535","page","type-page","status-publish","has-post-thumbnail","hentry"],"_links":{"self":[{"href":"https:\/\/www.ensma.fr\/en\/wp-json\/wp\/v2\/pages\/10535","targetHints":{"allow":["GET"]}}],"collection":[{"href":"https:\/\/www.ensma.fr\/en\/wp-json\/wp\/v2\/pages"}],"about":[{"href":"https:\/\/www.ensma.fr\/en\/wp-json\/wp\/v2\/types\/page"}],"author":[{"embeddable":true,"href":"https:\/\/www.ensma.fr\/en\/wp-json\/wp\/v2\/users\/6"}],"replies":[{"embeddable":true,"href":"https:\/\/www.ensma.fr\/en\/wp-json\/wp\/v2\/comments?post=10535"}],"version-history":[{"count":24,"href":"https:\/\/www.ensma.fr\/en\/wp-json\/wp\/v2\/pages\/10535\/revisions"}],"predecessor-version":[{"id":26481,"href":"https:\/\/www.ensma.fr\/en\/wp-json\/wp\/v2\/pages\/10535\/revisions\/26481"}],"wp:featuredmedia":[{"embeddable":true,"href":"https:\/\/www.ensma.fr\/en\/wp-json\/wp\/v2\/media\/10537"}],"wp:attachment":[{"href":"https:\/\/www.ensma.fr\/en\/wp-json\/wp\/v2\/media?parent=10535"}],"curies":[{"name":"wp","href":"https:\/\/api.w.org\/{rel}","templated":true}]}}