{"id":10575,"date":"2013-10-03T08:59:43","date_gmt":"2013-10-03T07:59:43","guid":{"rendered":"https:\/\/www-dev.ensma.fr\/entreprises\/emplois\/"},"modified":"2021-05-17T13:39:57","modified_gmt":"2021-05-17T12:39:57","slug":"job-offers","status":"publish","type":"page","link":"https:\/\/www.ensma.fr\/en\/companies\/job-offers\/","title":{"rendered":"Job offers"},"content":{"rendered":"<p>[et_pb_section fb_built=&#8221;1&#8243; _builder_version=&#8221;4.7.4&#8243; background_enable_color=&#8221;off&#8221; use_background_color_gradient=&#8221;on&#8221; background_color_gradient_start=&#8221;rgba(0,0,0,0)&#8221; background_color_gradient_end=&#8221;#ffffff&#8221; background_color_gradient_direction=&#8221;95deg&#8221; background_color_gradient_start_position=&#8221;20%&#8221; background_color_gradient_end_position=&#8221;17%&#8221; background_color_gradient_overlays_image=&#8221;on&#8221; background_image=&#8221;https:\/\/www-dev.ensma.fr\/wp-content\/uploads\/2020\/12\/Ensma-ecole.png&#8221; background_size=&#8221;contain&#8221; background_position=&#8221;bottom_left&#8221; custom_padding=&#8221;|||&#8221; locked=&#8221;off&#8221;][et_pb_row column_structure=&#8221;1_2,1_2&#8243; _builder_version=&#8221;3.25&#8243;][et_pb_column type=&#8221;1_2&#8243; _builder_version=&#8221;3.25&#8243; custom_padding=&#8221;|||&#8221; custom_padding__hover=&#8221;|||&#8221;][et_pb_text _builder_version=&#8221;4.7.7&#8243; text_font=&#8221;Roboto|500|||||||&#8221; text_text_color=&#8221;#939393&#8243; text_font_size=&#8221;21px&#8221; text_line_height=&#8221;2em&#8221; quote_font=&#8221;||||||||&#8221; header_font=&#8221;||||||||&#8221; header_2_font=&#8221;Rubik|700|||||||&#8221; header_2_font_size=&#8221;40px&#8221; header_2_line_height=&#8221;1.4em&#8221; header_3_text_align=&#8221;right&#8221; header_3_text_color=&#8221;#757575&#8243; header_3_font_size=&#8221;39px&#8221; header_5_font=&#8221;Rubik|700||on|||||&#8221; header_5_letter_spacing=&#8221;5px&#8221; header_5_line_height=&#8221;1.2em&#8221; text_orientation=&#8221;right&#8221; background_layout=&#8221;dark&#8221; max_width=&#8221;600px&#8221; max_width_tablet=&#8221;&#8221; max_width_phone=&#8221;&#8221; max_width_last_edited=&#8221;on|phone&#8221; custom_margin=&#8221;|||&#8221; custom_margin_tablet=&#8221;|70px||70px&#8221; custom_margin_phone=&#8221;|50px||50px&#8221; custom_margin_last_edited=&#8221;off|desktop&#8221; custom_padding=&#8221;|||&#8221; text_line_height_last_edited=&#8221;off|desktop&#8221; header_2_font_size_tablet=&#8221;&#8221; header_2_font_size_phone=&#8221;30px&#8221; header_2_font_size_last_edited=&#8221;on|phone&#8221;]<\/p>\n<p>&nbsp;<\/p>\n<h3>Recruiting ISAE-ENSMA engineers<\/h3>\n<p>[\/et_pb_text][\/et_pb_column][et_pb_column type=&#8221;1_2&#8243; _builder_version=&#8221;3.25&#8243; custom_padding=&#8221;|||&#8221; custom_padding__hover=&#8221;|||&#8221;][et_pb_text _builder_version=&#8221;4.7.7&#8243; text_font=&#8221;Roboto|500|||||||&#8221; text_text_color=&#8221;#7f7f7f&#8221; text_font_size=&#8221;16px&#8221; text_line_height=&#8221;1.8em&#8221; quote_font=&#8221;||||||||&#8221; header_font=&#8221;||||||||&#8221; header_2_font=&#8221;Rubik|700|||||||&#8221; header_2_font_size=&#8221;40px&#8221; header_2_line_height=&#8221;1.4em&#8221; header_5_font=&#8221;Rubik|700||on|||||&#8221; header_5_letter_spacing=&#8221;5px&#8221; header_5_line_height=&#8221;1.2em&#8221; background_layout=&#8221;dark&#8221; max_width=&#8221;600px&#8221; max_width_tablet=&#8221;&#8221; max_width_phone=&#8221;&#8221; max_width_last_edited=&#8221;on|phone&#8221; custom_margin=&#8221;-5px|||||&#8221; custom_margin_tablet=&#8221;|70px||70px&#8221; custom_margin_phone=&#8221;|50px||50px&#8221; custom_margin_last_edited=&#8221;off|desktop&#8221; custom_padding=&#8221;|||&#8221; text_line_height_last_edited=&#8221;off|desktop&#8221; header_2_font_size_tablet=&#8221;&#8221; header_2_font_size_phone=&#8221;30px&#8221; header_2_font_size_last_edited=&#8221;on|phone&#8221;]<\/p>\n<div class=\"et_pb_column et_pb_column_4_4 et_pb_column_0  et_pb_css_mix_blend_mode_passthrough et-last-child\">\n<div class=\"et_pb_module et_pb_text et_pb_text_0  et_pb_text_align_left et_pb_bg_layout_light\">\n<div class=\"et_pb_text_inner\">\n<p style=\"text-align: justify;\"><em>ISAE-ENSMA offers a training that matches company expectations. Whereas a student looks for a training which helps him\/her find a suitable position right after university, companies are interested in young engineers with a strong engineering background, which gives flexibility to career pathing, provides state-of-the-art competences to the organization while fostering innovation.<\/em><\/p>\n<\/div>\n<\/div>\n<\/div>\n<p><em>\u00a0<\/em><\/p>\n<p>[\/et_pb_text][\/et_pb_column][\/et_pb_row][et_pb_row use_custom_gutter=&#8221;on&#8221; gutter_width=&#8221;1&#8243; admin_label=&#8221;Image Row&#8221; _builder_version=&#8221;4.7.7&#8243; max_width=&#8221;976px&#8221; custom_padding=&#8221;||0px|||&#8221; locked=&#8221;off&#8221;][et_pb_column type=&#8221;4_4&#8243; _builder_version=&#8221;3.25&#8243; custom_padding=&#8221;|||&#8221; custom_padding__hover=&#8221;|||&#8221;][et_pb_blurb use_icon=&#8221;on&#8221; font_icon=&#8221;%%36%%&#8221; icon_color=&#8221;#0c71c3&#8243; icon_placement=&#8221;left&#8221; content_max_width=&#8221;830px&#8221; use_icon_font_size=&#8221;on&#8221; icon_font_size=&#8221;33px&#8221; _builder_version=&#8221;4.7.7&#8243; _module_preset=&#8221;default&#8221; header_font=&#8221;Roboto||||||||&#8221; header_text_color=&#8221;#225799&#8243; body_font=&#8221;Roboto||||||||&#8221; body_text_color=&#8221;#7f7f7f&#8221; body_font_size=&#8221;16px&#8221; min_height=&#8221;174px&#8221;]<\/p>\n<div class=\"learn-more-content\" style=\"visibility: visible;\">\n<p>ISAE-ENSMA engineers have advanced knowledge in mechanics and energetics, with emphasis on: (1) aerodynamics and fluid mechanics, heat transfer, energetics (combustion and detonics), (2) structure and materials, (3) computer science (programming and systems design). The first two years of studies are dedicated to a core training both in science (mathematics and physics) and in the engineering sciences mentioned above. The third and final year of studies is devoted to gaining practical experience though a 3 to 4-month internship in industry and to acquiring advanced skills in one of the three specific areas previously delineated.<\/p>\n<\/div>\n<p>[\/et_pb_blurb][\/et_pb_column][\/et_pb_row][et_pb_row use_custom_gutter=&#8221;on&#8221; gutter_width=&#8221;1&#8243; admin_label=&#8221;Image Row&#8221; _builder_version=&#8221;4.7.7&#8243; max_width=&#8221;976px&#8221; locked=&#8221;off&#8221;][et_pb_column type=&#8221;4_4&#8243; _builder_version=&#8221;3.25&#8243; custom_padding=&#8221;|||&#8221; custom_padding__hover=&#8221;|||&#8221;][et_pb_blurb use_icon=&#8221;on&#8221; font_icon=&#8221;%%36%%&#8221; icon_color=&#8221;#0c71c3&#8243; icon_placement=&#8221;left&#8221; content_max_width=&#8221;830px&#8221; use_icon_font_size=&#8221;on&#8221; icon_font_size=&#8221;33px&#8221; _builder_version=&#8221;4.7.7&#8243; _module_preset=&#8221;default&#8221; header_font=&#8221;Roboto||||||||&#8221; header_text_color=&#8221;#225799&#8243; body_font=&#8221;Roboto||||||||&#8221; body_text_color=&#8221;#7f7f7f&#8221; body_font_size=&#8221;16px&#8221;]<\/p>\n<div class=\"learn-more-content\" style=\"visibility: visible;\">\n<div class=\"learn-more-content\" style=\"visibility: visible;\">\n<p>In line with ISAE-ENSMA\u2019s domains of expertise, ISAE-ENSMA engineers pursue careers in priority in the aeronautical and aerospace industries (more than 50% of a class), the car industry (20%) and the energy sector (8%). Software companies, the machine tool and metallurgy sectors and to a lesser extent banks and insurance companies also recruit ENSMA engineers. Accordingly, over 60% of ISAE-ENSMA graduates work for major companies (employing over 500 staff). 85% of them hold expert, R&amp;D and design positions on industrial projects. 6% of our graduates work in production departments (industrial engineering, QA\/QC and cost controls). 3% are sales engineers.<\/p>\n<\/div>\n<\/div>\n<p>[\/et_pb_blurb][\/et_pb_column][\/et_pb_row][et_pb_row use_custom_gutter=&#8221;on&#8221; gutter_width=&#8221;1&#8243; admin_label=&#8221;Image Row&#8221; _builder_version=&#8221;4.7.7&#8243; max_width=&#8221;976px&#8221; locked=&#8221;off&#8221;][et_pb_column type=&#8221;4_4&#8243; _builder_version=&#8221;3.25&#8243; custom_padding=&#8221;|||&#8221; custom_padding__hover=&#8221;|||&#8221;][et_pb_blurb use_icon=&#8221;on&#8221; font_icon=&#8221;%%36%%&#8221; icon_color=&#8221;#0c71c3&#8243; icon_placement=&#8221;left&#8221; content_max_width=&#8221;830px&#8221; use_icon_font_size=&#8221;on&#8221; icon_font_size=&#8221;33px&#8221; _builder_version=&#8221;4.9.4&#8243; _module_preset=&#8221;default&#8221; header_font=&#8221;Roboto||||||||&#8221; header_text_color=&#8221;#225799&#8243; body_font=&#8221;Roboto||||||||&#8221; body_text_color=&#8221;#7f7f7f&#8221; body_font_size=&#8221;16px&#8221; hover_enabled=&#8221;0&#8243; sticky_enabled=&#8221;0&#8243;]<\/p>\n<div class=\"learn-more-content\">\n<p><strong>For any job offers, we kindly request you to go through ISAE-ENSMA Career Center by filling out a form <a href=\"http:\/\/ensma.jobteaser.com\/fr\/recruiter_account\/job_offers\" target=\"_blank\" rel=\"noopener noreferrer\">here<\/a>.<\/strong><\/p>\n<p><strong>This form will allow you to promote your offers over a platform exclusively dedicated to our students and alumni<\/strong><strong>.<\/strong><\/p>\n<p><strong>For any further questions, we remain at your disposal by email at <a href=\"mailto:careercenter@isae-ensma.fr\" target=\"_blank\" rel=\"noopener\">careercenter@isae-ensma.fr<\/a><\/strong><\/p>\n<\/div>\n<p><strong><a href=\"mailto:careercenter@isae-ensma.fr\" target=\"_blank\" rel=\"noopener noreferrer\"><\/a><\/strong><\/p>\n<p>&nbsp;<\/p>\n<p style=\"text-align: justify;\"><a title=\"M\u00e9tiers apr\u00e8s l\u2019ENSMA\" href=\"https:\/\/www-dev.ensma.fr\/en\/engineering-program\/engineering-careers\/\" target=\"_blank\" rel=\"noopener noreferrer\">Engineering careers and testimonies<\/a><\/p>\n<p>[\/et_pb_blurb][\/et_pb_column][\/et_pb_row][\/et_pb_section][et_pb_section fb_built=&#8221;1&#8243; _builder_version=&#8221;4.7.7&#8243; _module_preset=&#8221;default&#8221; custom_padding=&#8221;0px|||||&#8221;][et_pb_row _builder_version=&#8221;4.7.7&#8243; _module_preset=&#8221;default&#8221;][et_pb_column type=&#8221;4_4&#8243; _builder_version=&#8221;4.7.7&#8243; _module_preset=&#8221;default&#8221;][et_pb_blurb title=&#8221;Contact&#8221; use_icon=&#8221;on&#8221; font_icon=&#8221;%%74%%&#8221; icon_color=&#8221;#0c71c3&#8243; icon_placement=&#8221;left&#8221; _builder_version=&#8221;4.9.4&#8243; _module_preset=&#8221;default&#8221; body_line_height=&#8221;1em&#8221; width=&#8221;50%&#8221; width_tablet=&#8221;&#8221; width_phone=&#8221;100%&#8221; width_last_edited=&#8221;on|phone&#8221; module_alignment=&#8221;center&#8221; custom_padding=&#8221;20px|75px|20px|75px|true|true&#8221; custom_padding_tablet=&#8221;&#8221; custom_padding_phone=&#8221;|3px||3px|true|true&#8221; custom_padding_last_edited=&#8221;on|phone&#8221; border_width_all=&#8221;2px&#8221;]<\/p>\n<div class=\"learn-more-content\" style=\"visibility: visible;\">\n<p><strong>Corporate relations office<\/strong><\/p>\n<p>Internships and job offers<\/p>\n<p><a href=\"mailto:stages@ensma.fr\" target=\"_blank\" rel=\"noopener noreferrer\">stages@ensma.fr<\/a><\/p>\n<p><a href=\"mailto:emploi@ensma.fr\" target=\"_blank\" rel=\"noopener\">emploi@ensma.fr<\/a><\/p>\n<p>Tel : +33(0)5 49 49 80 13 ou 05 49 49 80 05<\/p>\n<p>Head of office:<br \/>Mrs. Annette ROY<\/p>\n<p><a href=\"mailto:annette.roy@ensma.fr\" target=\"_blank\" rel=\"noopener noreferrer\">annette.roy@ensma.fr<\/a><\/p>\n<p>Tel : 05 49 49 84 20<\/p>\n<\/div>\n<p>[\/et_pb_blurb][\/et_pb_column][\/et_pb_row][\/et_pb_section][et_pb_section fb_built=&#8221;1&#8243; _builder_version=&#8221;4.7.4&#8243; _module_preset=&#8221;default&#8221; background_color=&#8221;#515151&#8243; custom_margin=&#8221;-23px||||false|false&#8221; custom_padding=&#8221;0px||||false|false&#8221;][et_pb_row column_structure=&#8221;1_3,2_3&#8243; _builder_version=&#8221;4.7.4&#8243; _module_preset=&#8221;default&#8221;][et_pb_column type=&#8221;1_3&#8243; _builder_version=&#8221;4.7.4&#8243; _module_preset=&#8221;default&#8221;][et_pb_image src=&#8221;https:\/\/www-dev.ensma.fr\/wp-content\/uploads\/2020\/12\/logo_ensma_blanc.png&#8221; title_text=&#8221;logo_ensma_blanc&#8221; _builder_version=&#8221;4.7.4&#8243; _module_preset=&#8221;default&#8221;][\/et_pb_image][\/et_pb_column][et_pb_column type=&#8221;2_3&#8243; _builder_version=&#8221;4.7.4&#8243; _module_preset=&#8221;default&#8221;][et_pb_text _builder_version=&#8221;4.7.4&#8243; _module_preset=&#8221;default&#8221; text_text_color=&#8221;#ffffff&#8221; text_font_size=&#8221;17px&#8221; text_line_height=&#8221;1.8em&#8221; header_text_color=&#8221;#ffffff&#8221; header_2_text_color=&#8221;#ffffff&#8221; header_4_text_color=&#8221;#ffffff&#8221; header_4_font_size=&#8221;21px&#8221; custom_margin=&#8221;13px|||13px|false|false&#8221;]<\/p>\n<h4 class=\"titre-actus\">\u00c9cole nationale sup\u00e9rieure de m\u00e9canique et d\u2019a\u00e9rotechnique<\/h4>\n<p>T\u00e9l\u00e9port 2 \u2013 1 avenue Cl\u00e9ment Ader<br \/> BP 40109<br \/> 86961 Futuroscope Chasseneuil Cedex<br \/> T\u00e9l. +33 (0)5 49 49 80 80<br \/> Fax : +33 (0)5 49 49 80 00<\/p>\n<p>[\/et_pb_text][\/et_pb_column][\/et_pb_row][\/et_pb_section]<\/p>\n","protected":false},"excerpt":{"rendered":"<p>&nbsp; Recruiting ISAE-ENSMA engineers ISAE-ENSMA offers a training that matches company expectations. Whereas a student looks for a training which helps him\/her find a suitable position right after university, companies are interested in young engineers with a strong engineering background, which gives flexibility to career pathing, provides state-of-the-art competences to the organization while fostering innovation. [&hellip;]<\/p>\n","protected":false},"author":6,"featured_media":9500,"parent":10573,"menu_order":0,"comment_status":"open","ping_status":"open","template":"","meta":{"_et_pb_use_builder":"on","_et_pb_old_content":"<p>\u00a0<\/p><p style=\"text-align: justify;\">L\u2019ISAE-ENSMA dispense une formation permettant de r\u00e9pondre aux attentes des entreprises. En effet, si les \u00e9l\u00e8ves recherchent une formation leur permettant de trouver un emploi d\u00e8s leur sortie de l\u2019\u00e9cole, les entreprises entendent recruter des ing\u00e9nieurs poss\u00e9dant une culture scientifique et technologique approfondie facilitant les orientations de carri\u00e8re et qui apportent \u00e0 l\u2019entreprise des comp\u00e9tences actualis\u00e9es et une dynamique de progr\u00e8s.<\/p><p>\u00a0<\/p><p style=\"text-align: justify;\">Les ing\u00e9nieurs de l\u2019ISAE-ENSMA re\u00e7oivent une formation large couvrant la m\u00e9canique et l\u2019\u00e9nerg\u00e9tique avec des dominantes fortes dans les domaines sp\u00e9cifiques : (1) de l\u2019a\u00e9rodynamique et de la m\u00e9canique des fluides, de la thermique, de l\u2019\u00e9nerg\u00e9tique (de la combustion \u00e0 la d\u00e9tonique), (2) des structures et des mat\u00e9riaux et (3) de l\u2019ing\u00e9nierie informatique (de la programmation aux syst\u00e8mes embarqu\u00e9s). Les deux premi\u00e8res ann\u00e9es sont d\u00e9di\u00e9es \u00e0 l\u2019enseignement commun des sciences g\u00e9n\u00e9rales (math\u00e9matiques, physique) et de ces sp\u00e9cialit\u00e9s, la troisi\u00e8me \u00e9tant d\u00e9volue \u00e0 l\u2019apprentissage du m\u00e9tier d\u2019ing\u00e9nieur en entreprise (stage ing\u00e9nieur de 3 \u00e0 4 mois), \u00e0 une sp\u00e9cialisation \u00e0 l\u2019\u00e9cole dans l\u2019un des trois domaines et \u00e0 la pratique initiale du m\u00e9tier d\u2019ing\u00e9nieur en entreprise, \u00e0 l\u2019occasion d\u2019un projet de fin d\u2019\u00e9tudes de 4 \u00e0 5 mois.<\/p><p>\u00a0<\/p><p style=\"text-align: justify;\">Les domaines sp\u00e9cifiques de la formation de l\u2019ISAE-ENSMA orientent nos ing\u00e9nieurs en priorit\u00e9 vers les secteurs de l\u2019a\u00e9ronautique et du spatial (plus de la moiti\u00e9), de l\u2019automobile (20%) et de l\u2019\u00e9nergie (8%). Les entreprises informatiques, m\u00e9caniques et m\u00e9tallurgiques, et, de fa\u00e7on plus anecdotique, les banques, les assurances\u2026, recrutent \u00e9galement des ing\u00e9nieurs ENSMA. Il r\u00e9sulte de ces destinations que plus de 60% d\u2019entre eux sont employ\u00e9s par de grandes, voire de tr\u00e8s grandes entreprises (500 salari\u00e9s et plus). Enfin, 85% des travaux effectu\u00e9s sont de type expertise, R&D, bureaux d\u2019\u00e9tudes\u2026la plupart dans le cadre de projets. Les t\u00e2ches de production (organisation, contr\u00f4le et \u00e9valuation des co\u00fbts) interviennent pour 6% en moyenne et le technico-commercial pour 3%.<\/p><p>\u00a0<\/p><p><strong>Nous vous invitons \u00e0 d\u00e9poser vos offres d'emploi directement sur le Career Center de l'ISAE-ENSMA via le formulaire accessible <a href=\"http:\/\/ensma.jobteaser.com\/fr\/sp_job_offers\/users\/new\" target=\"_blank\" rel=\"noopener noreferrer\">ici<\/a>.<\/strong><\/p><p><strong>Ce formulaire vous permettra de diffuser vos offres sur une plateforme \u00e0 destination exclusive de nos \u00e9tudiants et anciens dipl\u00f4m\u00e9s.<\/strong><\/p><p><strong>Pour toute question, nous restons \u00e0 votre disposition via le mail <a href=\"mailto:careercenter@isae-ensma.fr\">careercenter@isae-ensma.fr<\/a><\/strong><\/p><p>\u00a0<\/p><p style=\"text-align: justify;\"><a title=\"M\u00e9tiers apr\u00e8s l\u2019ENSMA\" href=\"http:\/\/www.ensma.fr\/formations\/ingenieur\/metiers-apres-lensma\/\">M\u00e9tiers apr\u00e8s l'ENSMA<\/a><\/p><p style=\"text-align: justify;\"><a title=\"Ing\u00e9nieurs ENSMA\" href=\"http:\/\/www.ensma.fr\/ingenieurs-ensma\/\">Exemples d'ing\u00e9nieurs ENSMA<\/a><\/p><p>[learn_more caption=\"Contact\"]<\/p><div><p>SERVICE DES RELATIONS EXTERIEURES<\/p><p>Stages et insertion professionnelle<\/p><p><a href=\"mailto:stages@ensma.fr\">emploi@ensma.fr<\/a><\/p><p>Tel : 05.49.49.80.10<\/p><p>\u00a0<\/p><p>Responsable du service : Mme Aur\u00e9lie COTILLON<\/p><p><a href=\"mailto:aurelie.cotillon@ensma.fr\">aurelie.cotillon@ensma.fr<\/a><\/p><p>Tel : 05.49.49.80.16<\/p><\/div><p>[\/learn_more]<\/p>","_et_gb_content_width":"","footnotes":""},"class_list":["post-10575","page","type-page","status-publish","has-post-thumbnail","hentry"],"_links":{"self":[{"href":"https:\/\/www.ensma.fr\/en\/wp-json\/wp\/v2\/pages\/10575","targetHints":{"allow":["GET"]}}],"collection":[{"href":"https:\/\/www.ensma.fr\/en\/wp-json\/wp\/v2\/pages"}],"about":[{"href":"https:\/\/www.ensma.fr\/en\/wp-json\/wp\/v2\/types\/page"}],"author":[{"embeddable":true,"href":"https:\/\/www.ensma.fr\/en\/wp-json\/wp\/v2\/users\/6"}],"replies":[{"embeddable":true,"href":"https:\/\/www.ensma.fr\/en\/wp-json\/wp\/v2\/comments?post=10575"}],"version-history":[{"count":5,"href":"https:\/\/www.ensma.fr\/en\/wp-json\/wp\/v2\/pages\/10575\/revisions"}],"predecessor-version":[{"id":12629,"href":"https:\/\/www.ensma.fr\/en\/wp-json\/wp\/v2\/pages\/10575\/revisions\/12629"}],"up":[{"embeddable":true,"href":"https:\/\/www.ensma.fr\/en\/wp-json\/wp\/v2\/pages\/10573"}],"wp:featuredmedia":[{"embeddable":true,"href":"https:\/\/www.ensma.fr\/en\/wp-json\/wp\/v2\/media\/9500"}],"wp:attachment":[{"href":"https:\/\/www.ensma.fr\/en\/wp-json\/wp\/v2\/media?parent=10575"}],"curies":[{"name":"wp","href":"https:\/\/api.w.org\/{rel}","templated":true}]}}