{"id":10579,"date":"2013-11-27T11:57:55","date_gmt":"2013-11-27T10:57:55","guid":{"rendered":"https:\/\/www-dev.ensma.fr\/entreprises\/partenariats\/"},"modified":"2021-07-06T22:09:52","modified_gmt":"2021-07-06T21:09:52","slug":"partnerships","status":"publish","type":"page","link":"https:\/\/www.ensma.fr\/en\/companies\/partnerships\/","title":{"rendered":"Partnerships"},"content":{"rendered":"<p>[et_pb_section fb_built=&#8221;1&#8243; _builder_version=&#8221;4.9.7&#8243; background_enable_color=&#8221;off&#8221; use_background_color_gradient=&#8221;on&#8221; background_color_gradient_start=&#8221;rgba(0,0,0,0)&#8221; background_color_gradient_end=&#8221;#ffffff&#8221; background_color_gradient_direction=&#8221;95deg&#8221; background_color_gradient_start_position=&#8221;20%&#8221; background_color_gradient_end_position=&#8221;17%&#8221; background_color_gradient_overlays_image=&#8221;on&#8221; background_image=&#8221;https:\/\/www.ensma.fr\/wp-content\/uploads\/2021\/05\/cover_plaquette21_web.jpg&#8221; background_size=&#8221;contain&#8221; background_position=&#8221;bottom_left&#8221; custom_padding=&#8221;|||&#8221; locked=&#8221;off&#8221;][et_pb_row column_structure=&#8221;1_2,1_2&#8243; _builder_version=&#8221;3.25&#8243;][et_pb_column type=&#8221;1_2&#8243; _builder_version=&#8221;3.25&#8243; custom_padding=&#8221;|||&#8221; custom_padding__hover=&#8221;|||&#8221;][et_pb_text _builder_version=&#8221;4.7.7&#8243; text_font=&#8221;Roboto|500|||||||&#8221; text_text_color=&#8221;#939393&#8243; text_font_size=&#8221;21px&#8221; text_line_height=&#8221;2em&#8221; quote_font=&#8221;||||||||&#8221; header_font=&#8221;||||||||&#8221; header_2_font=&#8221;Rubik|700|||||||&#8221; header_2_font_size=&#8221;40px&#8221; header_2_line_height=&#8221;1.4em&#8221; header_3_text_align=&#8221;right&#8221; header_3_text_color=&#8221;#757575&#8243; header_3_font_size=&#8221;39px&#8221; header_5_font=&#8221;Rubik|700||on|||||&#8221; header_5_letter_spacing=&#8221;5px&#8221; header_5_line_height=&#8221;1.2em&#8221; text_orientation=&#8221;right&#8221; background_layout=&#8221;dark&#8221; max_width=&#8221;600px&#8221; max_width_tablet=&#8221;&#8221; max_width_phone=&#8221;&#8221; max_width_last_edited=&#8221;on|phone&#8221; custom_margin=&#8221;|||&#8221; custom_margin_tablet=&#8221;|70px||70px&#8221; custom_margin_phone=&#8221;|50px||50px&#8221; custom_margin_last_edited=&#8221;off|desktop&#8221; custom_padding=&#8221;|||&#8221; text_line_height_last_edited=&#8221;off|desktop&#8221; header_2_font_size_tablet=&#8221;&#8221; header_2_font_size_phone=&#8221;30px&#8221; header_2_font_size_last_edited=&#8221;on|phone&#8221;]<\/p>\n<p>&nbsp;<\/p>\n<h3>Partnerships<\/h3>\n<p>[\/et_pb_text][\/et_pb_column][et_pb_column type=&#8221;1_2&#8243; _builder_version=&#8221;3.25&#8243; custom_padding=&#8221;|||&#8221; custom_padding__hover=&#8221;|||&#8221;][et_pb_text _builder_version=&#8221;4.9.7&#8243; text_font=&#8221;Roboto|500|||||||&#8221; text_text_color=&#8221;#7f7f7f&#8221; text_font_size=&#8221;16px&#8221; text_line_height=&#8221;1.8em&#8221; quote_font=&#8221;||||||||&#8221; header_font=&#8221;||||||||&#8221; header_2_font=&#8221;Rubik|700|||||||&#8221; header_2_font_size=&#8221;40px&#8221; header_2_line_height=&#8221;1.4em&#8221; header_5_font=&#8221;Rubik|700||on|||||&#8221; header_5_letter_spacing=&#8221;5px&#8221; header_5_line_height=&#8221;1.2em&#8221; background_layout=&#8221;dark&#8221; max_width=&#8221;600px&#8221; max_width_tablet=&#8221;&#8221; max_width_phone=&#8221;&#8221; max_width_last_edited=&#8221;on|phone&#8221; custom_margin=&#8221;||||false|false&#8221; custom_margin_tablet=&#8221;|70px||70px&#8221; custom_margin_phone=&#8221;|50px||50px&#8221; custom_margin_last_edited=&#8221;off|desktop&#8221; custom_padding=&#8221;|||&#8221; text_line_height_last_edited=&#8221;off|desktop&#8221; header_2_font_size_tablet=&#8221;&#8221; header_2_font_size_phone=&#8221;30px&#8221; header_2_font_size_last_edited=&#8221;on|phone&#8221; locked=&#8221;off&#8221;]<\/p>\n<p style=\"text-align: justify;\"><span class=\"VIiyi\" jsaction=\"mouseup:BR6jm\" jsname=\"jqKxS\" lang=\"en\"><span jsaction=\"agoMJf:PFBcW;usxOmf:aWLT7;jhKsnd:P7O7bd,F8DmGf;Q4AGo:Gm7gYd,qAKMYb;uFUCPb:pvnm0e,pfE8Hb,PFBcW;f56efd:dJXsye;EnoYf:KNzws,ZJsZZ,JgVSJc;zdMJQc:cCQNKb,ZJsZZ,zchEXc;Ytrrj:JJDvdc;tNR8yc:GeFvjb;oFN6Ye:hij5Wb\" jsname=\"txFAF\" class=\"JLqJ4b ChMk0b\" data-language-for-alternatives=\"en\" data-language-to-translate-into=\"fr\" data-phrase-index=\"0\" jscontroller=\"Zl5N8\" jsdata=\"uqLsIf;_;$730\" jsmodel=\"SsMkhd\"><span jsaction=\"click:qtZ4nf,GFf3ac,tMZCfe; contextmenu:Nqw7Te,QP7LD; mouseout:Nqw7Te; mouseover:qtZ4nf,c2aHje\" jsname=\"W297wb\">From a natural consideration of its strong axes &#8211; transports (aeronautics, automobile), space, energies and environment, defense and security &#8211; both for training and for research, ISAE-ENSMA has developed strong links and commitments with<\/span><\/span> <span jsaction=\"agoMJf:PFBcW;usxOmf:aWLT7;jhKsnd:P7O7bd,F8DmGf;Q4AGo:Gm7gYd,qAKMYb;uFUCPb:pvnm0e,pfE8Hb,PFBcW;f56efd:dJXsye;EnoYf:KNzws,ZJsZZ,JgVSJc;zdMJQc:cCQNKb,ZJsZZ,zchEXc;Ytrrj:JJDvdc;tNR8yc:GeFvjb;oFN6Ye:hij5Wb\" jsname=\"txFAF\" class=\"JLqJ4b ChMk0b\" data-language-for-alternatives=\"en\" data-language-to-translate-into=\"fr\" data-phrase-index=\"1\" jscontroller=\"Zl5N8\" jsdata=\"uqLsIf;_;$731\" jsmodel=\"SsMkhd\"><span jsaction=\"click:qtZ4nf,GFf3ac,tMZCfe; contextmenu:Nqw7Te,QP7LD; mouseout:Nqw7Te; mouseover:qtZ4nf,c2aHje\" jsname=\"W297wb\">companies.<\/span><\/span><\/span><\/p>\n<p>[\/et_pb_text][\/et_pb_column][\/et_pb_row][et_pb_row use_custom_gutter=&#8221;on&#8221; gutter_width=&#8221;1&#8243; admin_label=&#8221;Image Row&#8221; _builder_version=&#8221;4.7.7&#8243; max_width=&#8221;976px&#8221; custom_padding=&#8221;||0px|||&#8221; locked=&#8221;off&#8221;][et_pb_column type=&#8221;4_4&#8243; _builder_version=&#8221;3.25&#8243; custom_padding=&#8221;|||&#8221; custom_padding__hover=&#8221;|||&#8221;][et_pb_blurb title=&#8221;Engineering training&#8221; use_icon=&#8221;on&#8221; font_icon=&#8221;%%36%%&#8221; icon_color=&#8221;#0c71c3&#8243; icon_placement=&#8221;left&#8221; content_max_width=&#8221;830px&#8221; use_icon_font_size=&#8221;on&#8221; icon_font_size=&#8221;33px&#8221; _builder_version=&#8221;4.9.4&#8243; _module_preset=&#8221;default&#8221; header_font=&#8221;Roboto||||||||&#8221; header_text_color=&#8221;#225799&#8243; body_font=&#8221;Roboto||||||||&#8221; body_text_color=&#8221;#7f7f7f&#8221; body_font_size=&#8221;16px&#8221; min_height=&#8221;174px&#8221;]<\/p>\n<div class=\"learn-more-content\" style=\"visibility: visible;\">\n<div class=\"learn-more-content\" style=\"visibility: visible;\">\n<div class=\"learn-more-content\" style=\"visibility: visible;\">\n<p style=\"text-align: justify;\">The industry plays a key role in the ISAE-ENSMA engineering training:<\/p>\n<ul>\n<li style=\"text-align: justify;\">Specialized courses given by industrials<\/li>\n<li style=\"text-align: justify;\">Collaboration for the engineering design projects and student projects<\/li>\n<li style=\"text-align: justify;\">Peronalized mailing of internship and job offers<\/li>\n<li style=\"text-align: justify;\">Organization of a project teams in collaboration with industrials<\/li>\n<li style=\"text-align: justify;\">Organization of conferences, professional days and visits of companies<\/li>\n<\/ul>\n<\/div>\n<\/div>\n<\/div>\n<p>[\/et_pb_blurb][\/et_pb_column][\/et_pb_row][et_pb_row use_custom_gutter=&#8221;on&#8221; gutter_width=&#8221;1&#8243; admin_label=&#8221;Image Row&#8221; _builder_version=&#8221;4.7.7&#8243; max_width=&#8221;976px&#8221; locked=&#8221;off&#8221;][et_pb_column type=&#8221;4_4&#8243; _builder_version=&#8221;3.25&#8243; custom_padding=&#8221;|||&#8221; custom_padding__hover=&#8221;|||&#8221;][et_pb_blurb title=&#8221;Research and Development&#8221; use_icon=&#8221;on&#8221; font_icon=&#8221;%%36%%&#8221; icon_color=&#8221;#0c71c3&#8243; icon_placement=&#8221;left&#8221; content_max_width=&#8221;830px&#8221; use_icon_font_size=&#8221;on&#8221; icon_font_size=&#8221;33px&#8221; _builder_version=&#8221;4.9.4&#8243; _module_preset=&#8221;default&#8221; header_font=&#8221;Roboto||||||||&#8221; header_text_color=&#8221;#225799&#8243; body_font=&#8221;Roboto||||||||&#8221; body_text_color=&#8221;#7f7f7f&#8221; body_font_size=&#8221;16px&#8221;]<\/p>\n<div class=\"learn-more-content\" style=\"visibility: visible;\">\n<div class=\"learn-more-content\" style=\"visibility: visible;\">\n<div class=\"learn-more-content\" style=\"visibility: visible;\">\n<div class=\"learn-more-content\" style=\"visibility: visible; display: block;\">\n<p style=\"text-align: justify;\">Faced with the evolution of society, the globalization of research and graduate education and the expectations of corporations, a future engineer must be increasingly reactive, adaptable and willing to relocate. ISAE-ENSMA graduate school has 2 missions: to train engineers that meet the needs of industry and to enhance the research conducted in its laboratories, in close partnership with industry.<\/p>\n<p style=\"text-align: justify;\">The R&amp;D effort conducted at ISAE-ENSMA, in close collaboration with CNRS and the University of Poitiers, is clearly devoted to engineering sciences, in full accordance with the vocation, image and missions of ISAE-ENSMA. Ties have long been forged with the aeronautical, the aerospace, the transport industries as well as the machine tool and the energy sectors.<\/p>\n<p style=\"text-align: justify;\">The leading topics researched at ISAE-ENSMA are the following:<\/p>\n<ul>\n<li style=\"text-align: justify;\">turbulence, unsteady and compressible aerodynamics, flow control<\/li>\n<li style=\"text-align: justify;\">turbulent combustion and detonation science<\/li>\n<li style=\"text-align: justify;\">mechanical behavior and durability of materials and structures<\/li>\n<li style=\"text-align: justify;\">data engineering and embedded systems<\/li>\n<li style=\"text-align: justify;\">coupled heat transfer and transfer control<\/li>\n<\/ul>\n<\/div>\n<\/div>\n<\/div>\n<\/div>\n<p>[\/et_pb_blurb][\/et_pb_column][\/et_pb_row][\/et_pb_section]<\/p>\n","protected":false},"excerpt":{"rendered":"<p>&nbsp; PartnershipsFrom a natural consideration of its strong axes &#8211; transports (aeronautics, automobile), space, energies and environment, defense and security &#8211; both for training and for research, ISAE-ENSMA has developed strong links and commitments with companies. The industry plays a key role in the ISAE-ENSMA engineering training: Specialized courses given by industrials Collaboration for the [&hellip;]<\/p>\n","protected":false},"author":6,"featured_media":9500,"parent":10573,"menu_order":0,"comment_status":"open","ping_status":"open","template":"","meta":{"_et_pb_use_builder":"on","_et_pb_old_content":"<p>[learn_more caption=\"Formation\"]<\/p><p style=\"text-align: justify;\">L\u2019ISAE-ENSMA consid\u00e8re l\u2019entreprise comme un acteur essentiel de sa politique de formation\u00a0:<\/p><ul><li style=\"text-align: justify;\">Des cours th\u00e9matiques donn\u00e9s par des acteurs de l\u2019industrie<\/li><li style=\"text-align: justify;\">Implication des professionnels dans la formation via les bureaux d\u2019\u00e9tudes et les projets \u00e9tudiants<\/li><li style=\"text-align: justify;\">Diffusion personnalis\u00e9e des offres de stage et d\u2019emploi<\/li><li style=\"text-align: justify;\">Mise en place d\u2019\u00e9quipes-projets en collaboration avec les industriels<\/li><li style=\"text-align: justify;\">Organisation de conf\u00e9rences, de Journ\u00e9es M\u00e9tiers, de visites d\u2019entreprises et d\u2019un Forum Entreprises<\/li><\/ul><p>[\/learn_more]<\/p><p>[learn_more caption=\"Recherche & Developpement\"]<\/p><p style=\"text-align: justify;\">Face aux \u00e9volutions de la soci\u00e9t\u00e9, \u00e0 l\u2019internationalisation de la formation et de la recherche et \u00e0 l\u2019attente des milieux professionnels, les futurs ing\u00e9nieurs doivent \u00eatre de plus en plus r\u00e9actifs, adaptables et mobiles. L\u2019ISAE-ENSMA, en tant qu\u2019\u00e9tablissement d\u2019enseignement sup\u00e9rieur, a une double mission : former des ing\u00e9nieurs r\u00e9pondant \u00e0 l\u2019attente des entreprises et d\u00e9velopper de la recherche, au travers de ses laboratoires, orient\u00e9e vers des partenariats industriels.<\/p><p style=\"text-align: justify;\">La recherche et la valorisation d\u00e9velopp\u00e9es \u00e0 l\u2019ISAE-ENSMA, en collaboration \u00e9troite avec le CNRS et l\u2019Universit\u00e9 de Poitiers, ont une orientation clairement affich\u00e9e vers les sciences pour l\u2019ing\u00e9nieur avec des th\u00e9matiques scientifiques tout \u00e0 fait en harmonie avec la vocation, l\u2019image et les missions de l\u2019\u00e9cole. Depuis longtemps, des liens et des partenariats nombreux ont \u00e9t\u00e9 tiss\u00e9s avec les industries de l\u2019a\u00e9ronautique et du spatial, et plus g\u00e9n\u00e9ralement du transport, de la m\u00e9canique et de l\u2019\u00e9nergie.<\/p><p style=\"text-align: justify;\">En ce qui concerne les th\u00e9matiques \u00ab phares \u00bb, elles correspondent aux champs applicatifs industriels \u00e9voqu\u00e9s plus haut, il s\u2019agit tout particuli\u00e8rement :<\/p><ul><li style=\"text-align: justify;\">De la turbulence, de l\u2019a\u00e9rodynamique instationnaire et compressible, et du contr\u00f4le des \u00e9coulements<\/li><li style=\"text-align: justify;\">De la combustion turbulente et la d\u00e9tonique<\/li><li style=\"text-align: justify;\">Du comportement m\u00e9canique et la durabilit\u00e9 des mat\u00e9riaux et des structures<\/li><li style=\"text-align: justify;\">De l\u2019ing\u00e9nierie des donn\u00e9es et des syst\u00e8mes embarqu\u00e9s<\/li><li style=\"text-align: justify;\">Des transferts thermiques coupl\u00e9s et du contr\u00f4le<\/li><\/ul><p style=\"text-align: justify;\">Deux laboratoires, des plates-formes technologiques, des relations industrielles fortes et p\u00e9rennes, des projets d\u2019excellence.<\/p><p>[\/learn_more]<\/p><p>[learn_more caption=\"P\u00f4les de comp\u00e9titivit\u00e9\"]<\/p><p style=\"text-align: justify;\">A partir d\u2019une prise en compte \u00ab naturelle \u00bb de nos axes forts \u2013 a\u00e9ronautique, spatial, transport terrestre, \u00e9nergie \u2013 tant pour la formation d\u2019ing\u00e9nieur que pour la recherche, l\u2019ISAE-ENSMA a d\u00e9velopp\u00e9 des liens et des engagements avec deux p\u00f4les de comp\u00e9titivit\u00e9 :<\/p><ul><li style=\"text-align: justify;\">Le p\u00f4le mondial AESE (A\u00e9ronautique Espace Syst\u00e8mes Embarqu\u00e9s) de Midi-Pyr\u00e9n\u00e9es et de l\u2019Aquitaine s\u2019appuie sur un tissu industriel consid\u00e9rable de 94000 employ\u00e9s, un total de 8500 chercheurs d\u00e9di\u00e9s au secteur et de pr\u00e8s de 4000 \u00e9tudiants dans les grandes \u00e9coles a\u00e9ronautiques. L\u2019ISAE-ENSMA avec les \u00e9coles du GEA sont membres fondateurs de l\u2019association Aerospace Valley qui pilote ce p\u00f4le.<\/li><li style=\"text-align: justify;\">Le p\u00f4le \u00e0 vocation MOV\u2019Eo s\u2019organise autour de 4 domaines d\u2019application strat\u00e9giques sur le th\u00e8me des automobiles et des transports collectifs s\u00fbrs pour l\u2019homme et son environnement\u00a0: \u00e9nergie et environnement, m\u00e9catronique, s\u00e9curit\u00e9 routi\u00e8re, mobilit\u00e9 et services.<\/li><\/ul><p>[\/learn_more]<\/p>","_et_gb_content_width":"","footnotes":""},"class_list":["post-10579","page","type-page","status-publish","has-post-thumbnail","hentry"],"_links":{"self":[{"href":"https:\/\/www.ensma.fr\/en\/wp-json\/wp\/v2\/pages\/10579","targetHints":{"allow":["GET"]}}],"collection":[{"href":"https:\/\/www.ensma.fr\/en\/wp-json\/wp\/v2\/pages"}],"about":[{"href":"https:\/\/www.ensma.fr\/en\/wp-json\/wp\/v2\/types\/page"}],"author":[{"embeddable":true,"href":"https:\/\/www.ensma.fr\/en\/wp-json\/wp\/v2\/users\/6"}],"replies":[{"embeddable":true,"href":"https:\/\/www.ensma.fr\/en\/wp-json\/wp\/v2\/comments?post=10579"}],"version-history":[{"count":12,"href":"https:\/\/www.ensma.fr\/en\/wp-json\/wp\/v2\/pages\/10579\/revisions"}],"predecessor-version":[{"id":16548,"href":"https:\/\/www.ensma.fr\/en\/wp-json\/wp\/v2\/pages\/10579\/revisions\/16548"}],"up":[{"embeddable":true,"href":"https:\/\/www.ensma.fr\/en\/wp-json\/wp\/v2\/pages\/10573"}],"wp:featuredmedia":[{"embeddable":true,"href":"https:\/\/www.ensma.fr\/en\/wp-json\/wp\/v2\/media\/9500"}],"wp:attachment":[{"href":"https:\/\/www.ensma.fr\/en\/wp-json\/wp\/v2\/media?parent=10579"}],"curies":[{"name":"wp","href":"https:\/\/api.w.org\/{rel}","templated":true}]}}