{"id":10589,"date":"2013-11-27T12:19:15","date_gmt":"2013-11-27T11:19:15","guid":{"rendered":"https:\/\/www-dev.ensma.fr\/entreprises\/anciens\/"},"modified":"2021-07-08T09:21:44","modified_gmt":"2021-07-08T08:21:44","slug":"alumni-association","status":"publish","type":"page","link":"https:\/\/www.ensma.fr\/en\/companies\/alumni-association\/","title":{"rendered":"Alumni association"},"content":{"rendered":"<p>[et_pb_section fb_built=&#8221;1&#8243; _builder_version=&#8221;4.9.4&#8243; background_enable_color=&#8221;off&#8221; use_background_color_gradient=&#8221;on&#8221; background_color_gradient_start=&#8221;rgba(0,0,0,0)&#8221; background_color_gradient_end=&#8221;#ffffff&#8221; background_color_gradient_direction=&#8221;95deg&#8221; background_color_gradient_start_position=&#8221;20%&#8221; background_color_gradient_end_position=&#8221;17%&#8221; background_color_gradient_overlays_image=&#8221;on&#8221; background_image=&#8221;https:\/\/www.ensma.fr\/wp-content\/uploads\/2021\/05\/cover_plaquette21_web.jpg&#8221; background_size=&#8221;contain&#8221; background_position=&#8221;bottom_left&#8221; custom_padding=&#8221;||29px|||&#8221; background_last_edited=&#8221;on|tablet&#8221; background_enable_image_tablet=&#8221;off&#8221; locked=&#8221;off&#8221;][et_pb_row column_structure=&#8221;1_2,1_2&#8243; _builder_version=&#8221;3.25&#8243;][et_pb_column type=&#8221;1_2&#8243; _builder_version=&#8221;3.25&#8243; custom_padding=&#8221;|||&#8221; custom_padding__hover=&#8221;|||&#8221;][et_pb_text _builder_version=&#8221;4.7.7&#8243; text_font=&#8221;Roboto|500|||||||&#8221; text_text_color=&#8221;#939393&#8243; text_font_size=&#8221;21px&#8221; text_line_height=&#8221;2em&#8221; quote_font=&#8221;||||||||&#8221; header_font=&#8221;||||||||&#8221; header_2_font=&#8221;Rubik|700|||||||&#8221; header_2_font_size=&#8221;40px&#8221; header_2_line_height=&#8221;1.4em&#8221; header_3_text_align=&#8221;right&#8221; header_3_text_color=&#8221;#757575&#8243; header_3_font_size=&#8221;39px&#8221; header_5_font=&#8221;Rubik|700||on|||||&#8221; header_5_letter_spacing=&#8221;5px&#8221; header_5_line_height=&#8221;1.2em&#8221; text_orientation=&#8221;right&#8221; background_layout=&#8221;dark&#8221; max_width=&#8221;600px&#8221; max_width_tablet=&#8221;&#8221; max_width_phone=&#8221;&#8221; max_width_last_edited=&#8221;on|phone&#8221; custom_margin=&#8221;|||&#8221; custom_margin_tablet=&#8221;|70px||70px&#8221; custom_margin_phone=&#8221;|50px||50px&#8221; custom_margin_last_edited=&#8221;off|desktop&#8221; custom_padding=&#8221;|||&#8221; text_line_height_last_edited=&#8221;off|desktop&#8221; header_2_font_size_tablet=&#8221;&#8221; header_2_font_size_phone=&#8221;30px&#8221; header_2_font_size_last_edited=&#8221;on|phone&#8221;]<\/p>\n<p>&nbsp;<\/p>\n<h3>Alumni<\/h3>\n<p>[\/et_pb_text][\/et_pb_column][et_pb_column type=&#8221;1_2&#8243; _builder_version=&#8221;3.25&#8243; custom_padding=&#8221;|||&#8221; custom_padding__hover=&#8221;|||&#8221;][et_pb_text _builder_version=&#8221;4.9.7&#8243; text_font=&#8221;Roboto|500|||||||&#8221; text_text_color=&#8221;#7f7f7f&#8221; text_font_size=&#8221;16px&#8221; text_line_height=&#8221;1.8em&#8221; quote_font=&#8221;||||||||&#8221; header_font=&#8221;||||||||&#8221; header_2_font=&#8221;Rubik|700|||||||&#8221; header_2_font_size=&#8221;40px&#8221; header_2_line_height=&#8221;1.4em&#8221; header_5_font=&#8221;Rubik|700||on|||||&#8221; header_5_letter_spacing=&#8221;5px&#8221; header_5_line_height=&#8221;1.2em&#8221; background_layout=&#8221;dark&#8221; max_width=&#8221;600px&#8221; max_width_tablet=&#8221;&#8221; max_width_phone=&#8221;&#8221; max_width_last_edited=&#8221;on|phone&#8221; custom_margin=&#8221;||||false|false&#8221; custom_padding=&#8221;|||&#8221; header_2_font_size_tablet=&#8221;&#8221; header_2_font_size_phone=&#8221;30px&#8221; header_2_font_size_last_edited=&#8221;on|phone&#8221;]<\/p>\n<p style=\"text-align: justify;\">ISAE-ENSMA\u2019s alumni association is the organization of the alumni and friends of ISAE-ENSMA. It promotes the image and the reputation of ISAE-ENSMA, as well as it contributes to the evolution of the school. Its members are not only ex-ISAE-ENSMA students, but also ISAE-ENSMA staff members, doctors, doctoral students and friends of our school.<strong><br \/><\/strong><\/p>\n<p>[\/et_pb_text][\/et_pb_column][\/et_pb_row][et_pb_row use_custom_gutter=&#8221;on&#8221; gutter_width=&#8221;1&#8243; admin_label=&#8221;Image Row&#8221; _builder_version=&#8221;4.8.0&#8243; width=&#8221;60%&#8221; max_width=&#8221;976px&#8221; custom_padding=&#8221;||0px|||&#8221; locked=&#8221;off&#8221;][et_pb_column type=&#8221;4_4&#8243; _builder_version=&#8221;3.25&#8243; custom_padding=&#8221;|||&#8221; custom_padding__hover=&#8221;|||&#8221;][et_pb_blurb use_icon=&#8221;on&#8221; font_icon=&#8221;%%36%%&#8221; icon_color=&#8221;#0c71c3&#8243; icon_placement=&#8221;left&#8221; content_max_width=&#8221;830px&#8221; use_icon_font_size=&#8221;on&#8221; icon_font_size=&#8221;33px&#8221; _builder_version=&#8221;4.9.7&#8243; _module_preset=&#8221;default&#8221; header_font=&#8221;Roboto||||||||&#8221; header_text_color=&#8221;#225799&#8243; body_font=&#8221;Roboto||||||||&#8221; body_text_color=&#8221;#7f7f7f&#8221; body_font_size=&#8221;16px&#8221; min_height=&#8221;129px&#8221;]<\/p>\n<div class=\"learn-more-content\" style=\"visibility: visible;\">\n<p style=\"text-align: justify;\">Like many graduate schools in engineering, ISAE-ENSMA gives importance to the relations between the school and its alumni. It works in partnership with ISAE-ENSMA Alumni to post job offers and update the directory of ISAE-ENSMA alumni and alumnae. The Office of Relations with Industry devotes a lot of time to these two tasks. It collects information on the careers pursued by all ex-ISAE-ENSMA students. As a result, it keeps track of more than 4,000 ISAE-ENSMA engineers. At the end of each year, the service shares its data to help ISAE-ENSMA Alumni update the alumni directory. In turn, the association is, with the help of an advertising sales group, charged with the publication of the annual directory as well as its distribution to all ISAE-ENSMA Alumni members and to the corporations which have ordered the yearbook.<\/p>\n<p>More information at: <a href=\"http:\/\/www.isae-ensma-alumni.org\/\" target=\"_blank\" rel=\"noopener noreferrer\">www.isae-ensma-alumni.org<\/a><\/p>\n<p><a href=\"http:\/\/www.isae-ensma-alumni.org\/\" target=\"_blank\" rel=\"noopener noreferrer\"><\/a><\/p>\n<h5><a href=\"mailto:taxe-apprentissage@isae-ensma.fr\"><\/a><\/h5>\n<\/div>\n<p>[\/et_pb_blurb][\/et_pb_column][\/et_pb_row][et_pb_row column_structure=&#8221;1_3,1_3,1_3&#8243; _builder_version=&#8221;4.9.4&#8243; _module_preset=&#8221;default&#8221; custom_padding=&#8221;43px||20px|||&#8221;][et_pb_column type=&#8221;1_3&#8243; _builder_version=&#8221;4.9.4&#8243; _module_preset=&#8221;default&#8221;][et_pb_text _builder_version=&#8221;4.9.4&#8243; _module_preset=&#8221;default&#8221; text_font_size=&#8221;16px&#8221; module_alignment=&#8221;right&#8221; custom_margin=&#8221;||0px||false|false&#8221; custom_padding=&#8221;||14px||false|false&#8221;]<\/p>\n<p><span class=\"VIiyi\" jsaction=\"mouseup:BR6jm\" jsname=\"jqKxS\" lang=\"en\"><span jsaction=\"agoMJf:PFBcW;usxOmf:aWLT7;jhKsnd:P7O7bd,F8DmGf;Q4AGo:Gm7gYd,qAKMYb;uFUCPb:pvnm0e,pfE8Hb,PFBcW;f56efd:dJXsye;EnoYf:KNzws,ZJsZZ,JgVSJc;zdMJQc:cCQNKb,ZJsZZ,zchEXc;Ytrrj:JJDvdc;tNR8yc:GeFvjb;oFN6Ye:hij5Wb\" jsname=\"txFAF\" class=\"JLqJ4b ChMk0b\" data-language-for-alternatives=\"en\" data-language-to-translate-into=\"fr\" data-phrase-index=\"0\" jscontroller=\"Zl5N8\" jsdata=\"uqLsIf;_;$243\" jsmodel=\"SsMkhd\"><span jsaction=\"click:qtZ4nf,GFf3ac,tMZCfe; contextmenu:Nqw7Te,QP7LD; mouseout:Nqw7Te; mouseover:qtZ4nf,c2aHje\" jsname=\"W297wb\">Listen to Chantal GRESILLON, President of ISAE-ENSMA Alumni, during the ISAE-ENSMA Alumni Ambassadors Meeting on May 18, 2021:<\/span><\/span><\/span>\u00a0<\/p>\n<p>[\/et_pb_text][\/et_pb_column][et_pb_column type=&#8221;1_3&#8243; _builder_version=&#8221;4.9.4&#8243; _module_preset=&#8221;default&#8221;][et_pb_video src=&#8221;https:\/\/www.youtube.com\/watch?v=KOmBnb4_QDk&#8221; _builder_version=&#8221;4.9.4&#8243; _module_preset=&#8221;default&#8221;][\/et_pb_video][\/et_pb_column][et_pb_column type=&#8221;1_3&#8243; _builder_version=&#8221;4.9.4&#8243; _module_preset=&#8221;default&#8221;][et_pb_text _builder_version=&#8221;4.9.7&#8243; _module_preset=&#8221;default&#8221; text_font_size=&#8221;16px&#8221; module_alignment=&#8221;right&#8221; custom_margin=&#8221;||0px||false|false&#8221; custom_padding=&#8221;||14px||false|false&#8221;]<\/p>\n<p><span class=\"VIiyi\" jsaction=\"mouseup:BR6jm\" jsname=\"jqKxS\" lang=\"en\"><span jsaction=\"agoMJf:PFBcW;usxOmf:aWLT7;jhKsnd:P7O7bd,F8DmGf;Q4AGo:Gm7gYd,qAKMYb;uFUCPb:pvnm0e,pfE8Hb,PFBcW;f56efd:dJXsye;EnoYf:KNzws,ZJsZZ,JgVSJc;zdMJQc:cCQNKb,ZJsZZ,zchEXc;Ytrrj:JJDvdc;tNR8yc:GeFvjb;oFN6Ye:hij5Wb\" jsname=\"txFAF\" class=\"JLqJ4b ChMk0b\" data-language-for-alternatives=\"en\" data-language-to-translate-into=\"fr\" data-phrase-index=\"0\" jscontroller=\"Zl5N8\" jsdata=\"uqLsIf;_;$253\" jsmodel=\"SsMkhd\"><span jsaction=\"click:qtZ4nf,GFf3ac,tMZCfe; contextmenu:Nqw7Te,QP7LD; mouseout:Nqw7Te; mouseover:qtZ4nf,c2aHje\" jsname=\"W297wb\">Find all the other testimonials recorded during this meeting on our <a href=\"https:\/\/www.youtube.com\/channel\/UCjckbOkZI2k3oiG68yoOZ9w\" target=\"_blank\" rel=\"noopener\">YouTube channel<\/a> in the &#8220;The pros club&#8221; section.<\/span><\/span><\/span><\/p>\n<p>[\/et_pb_text][\/et_pb_column][\/et_pb_row][\/et_pb_section]<\/p>\n","protected":false},"excerpt":{"rendered":"<p>&nbsp; AlumniISAE-ENSMA\u2019s alumni association is the organization of the alumni and friends of ISAE-ENSMA. It promotes the image and the reputation of ISAE-ENSMA, as well as it contributes to the evolution of the school. Its members are not only ex-ISAE-ENSMA students, but also ISAE-ENSMA staff members, doctors, doctoral students and friends of our school. Like [&hellip;]<\/p>\n","protected":false},"author":6,"featured_media":9500,"parent":10573,"menu_order":0,"comment_status":"open","ping_status":"open","template":"","meta":{"_et_pb_use_builder":"on","_et_pb_old_content":"<p style=\"text-align: justify;\">L'association des Anciens \u00e9l\u00e8ves et amis de l'ISAE-ENSMA, ISAE-ENSMA Alumni, rassemble tous ceux qui contribuent \u00e0 l'image, au renom et \u00e0 l'\u00e9volution de l'ISAE-ENSMA. S'y retrouvent non seulement les anciens \u00e9l\u00e8ves, mais aussi le personnel, les docteurs et doctorants, et les amis de l'ISAE-ENSMA.<\/p><p style=\"text-align: justify;\">L'ISAE-ENSMA, comme beaucoup d'\u00e9coles, accorde une importance primordiale aux relations avec les anciens, et un partenariat a \u00e9t\u00e9 \u00e9tabli avec leur association, ISAE-ENSMA Alumni, pour la diffusion des offres d'emploi et la tenue du fichier \u00e0 partir duquel est r\u00e9alis\u00e9 leur annuaire. Un personnel de l'\u00e9cole consacre une partie de son temps \u00e0 ces deux t\u00e2ches. A l'occasion de ses diverses activit\u00e9s, le service relations industrielles recueille en effet un grand nombre d'informations sur le devenir des anciens, lesquelles permettent une mise \u00e0 jour permanente du fichier qui contient actuellement plus de 4000 noms. A la fin de chaque ann\u00e9e, ce fichier est mis gratuitement \u00e0 la disposition d'ISAE-ENSMA Alumni pour la mise \u00e0 jour de l'annuaire. L'association en assure sa r\u00e9\u00e9dition, par l'interm\u00e9diaire d'une r\u00e9gie publicitaire, la diffusion \u00e0 ses membres et la vente aux entreprises qui lui en font la demande.<\/p><p>Plus d\u2019info : <a href=\"http:\/\/www.isae-ensma-alumni.org\/\" target=\"_blank\" rel=\"noopener noreferrer\">www.isae-ensma-alumni.org<\/a><\/p>","_et_gb_content_width":"","footnotes":""},"class_list":["post-10589","page","type-page","status-publish","has-post-thumbnail","hentry"],"_links":{"self":[{"href":"https:\/\/www.ensma.fr\/en\/wp-json\/wp\/v2\/pages\/10589","targetHints":{"allow":["GET"]}}],"collection":[{"href":"https:\/\/www.ensma.fr\/en\/wp-json\/wp\/v2\/pages"}],"about":[{"href":"https:\/\/www.ensma.fr\/en\/wp-json\/wp\/v2\/types\/page"}],"author":[{"embeddable":true,"href":"https:\/\/www.ensma.fr\/en\/wp-json\/wp\/v2\/users\/6"}],"replies":[{"embeddable":true,"href":"https:\/\/www.ensma.fr\/en\/wp-json\/wp\/v2\/comments?post=10589"}],"version-history":[{"count":13,"href":"https:\/\/www.ensma.fr\/en\/wp-json\/wp\/v2\/pages\/10589\/revisions"}],"predecessor-version":[{"id":16591,"href":"https:\/\/www.ensma.fr\/en\/wp-json\/wp\/v2\/pages\/10589\/revisions\/16591"}],"up":[{"embeddable":true,"href":"https:\/\/www.ensma.fr\/en\/wp-json\/wp\/v2\/pages\/10573"}],"wp:featuredmedia":[{"embeddable":true,"href":"https:\/\/www.ensma.fr\/en\/wp-json\/wp\/v2\/media\/9500"}],"wp:attachment":[{"href":"https:\/\/www.ensma.fr\/en\/wp-json\/wp\/v2\/media?parent=10589"}],"curies":[{"name":"wp","href":"https:\/\/api.w.org\/{rel}","templated":true}]}}