{"id":14000,"date":"2021-04-07T13:42:09","date_gmt":"2021-04-07T12:42:09","guid":{"rendered":"https:\/\/www-dev.ensma.fr\/master-aeronautique-et-espace\/ame-stages-et-projets\/"},"modified":"2021-07-06T09:31:47","modified_gmt":"2021-07-06T08:31:47","slug":"ame-internships-and-projects","status":"publish","type":"page","link":"https:\/\/www.ensma.fr\/en\/master-of-science-in-aeronautics-and-space\/ame-internships-and-projects\/","title":{"rendered":"International MSc AME Internships and Projects"},"content":{"rendered":"<p>[et_pb_section fb_built=&#8221;1&#8243; fullwidth=&#8221;on&#8221; admin_label=&#8221;Hero&#8221; _builder_version=&#8221;4.9.7&#8243; use_background_color_gradient=&#8221;on&#8221; background_color_gradient_start=&#8221;#eeeff2&#8243; background_color_gradient_end=&#8221;rgba(238,239,242,0)&#8221; background_color_gradient_direction=&#8221;91deg&#8221; background_color_gradient_start_position=&#8221;33%&#8221; background_color_gradient_end_position=&#8221;52%&#8221; background_color_gradient_overlays_image=&#8221;on&#8221; background_image=&#8221;https:\/\/www.ensma.fr\/wp-content\/uploads\/2021\/05\/bandeau-AME-site-web_2.jpg&#8221; hover_enabled=&#8221;0&#8243; saved_tabs=&#8221;all&#8221; locked=&#8221;off&#8221; title_text=&#8221;bandeau AME site web_2&#8243; sticky_enabled=&#8221;0&#8243;][et_pb_fullwidth_header title=&#8221;Masters training&#8221; subhead=&#8221;Master of Science in Aeronautics and Space&#8221; content_max_width=&#8221;600px&#8221; admin_label=&#8221;Formation Master AME&#8221; _builder_version=&#8221;4.9.4&#8243; title_font=&#8221;Roboto|700||on|||||&#8221; title_text_color=&#8221;#ff7355&#8243; title_font_size=&#8221;16px&#8221; title_letter_spacing=&#8221;5px&#8221; title_line_height=&#8221;0.5em&#8221; content_font=&#8221;Rubik||||||||&#8221; content_text_color=&#8221;#af412b&#8221; content_font_size=&#8221;18px&#8221; subhead_font=&#8221;Rubik|700|||||||&#8221; subhead_text_color=&#8221;rgba(0,0,0,0.8)&#8221; subhead_font_size=&#8221;50px&#8221; subhead_line_height=&#8221;1.5em&#8221; background_color=&#8221;rgba(255,255,255,0)&#8221; use_background_color_gradient=&#8221;on&#8221; background_color_gradient_start=&#8221;rgba(255,255,255,0)&#8221; background_color_gradient_end=&#8221;rgba(255,255,255,0.7)&#8221; background_color_gradient_start_position=&#8221;50%&#8221; background_size=&#8221;contain&#8221; background_position=&#8221;bottom_center&#8221; custom_button_one=&#8221;on&#8221; button_one_text_size=&#8221;16px&#8221; button_one_text_color=&#8221;#ffffff&#8221; button_one_bg_color=&#8221;#ff7355&#8243; button_one_border_width=&#8221;15px&#8221; button_one_border_color=&#8221;rgba(210,159,104,0)&#8221; button_one_border_radius=&#8221;100px&#8221; button_one_letter_spacing=&#8221;0px&#8221; button_one_font=&#8221;Rubik|700|||||||&#8221; button_one_use_icon=&#8221;off&#8221; custom_button_two=&#8221;on&#8221; button_two_text_size=&#8221;16px&#8221; button_two_text_color=&#8221;#ffffff&#8221; button_two_bg_color=&#8221;rgba(0,0,0,0.6)&#8221; button_two_border_width=&#8221;15px&#8221; button_two_border_color=&#8221;rgba(210,159,104,0)&#8221; button_two_border_radius=&#8221;100px&#8221; button_two_letter_spacing=&#8221;0px&#8221; button_two_font=&#8221;Rubik|700|||||||&#8221; button_two_use_icon=&#8221;off&#8221; background_layout=&#8221;light&#8221; max_width_last_edited=&#8221;off|desktop&#8221; module_alignment=&#8221;center&#8221; custom_margin=&#8221;|||&#8221; custom_padding=&#8221;1vw||4vw|||&#8221; subhead_font_size_tablet=&#8221;&#8221; subhead_font_size_phone=&#8221;30px&#8221; subhead_font_size_last_edited=&#8221;on|phone&#8221; button_one_border_radius_hover=&#8221;100px&#8221; button_two_border_radius_hover=&#8221;100px&#8221; button_one_bg_color_hover=&#8221;#ff8a70&#8243; button_two_bg_color_hover=&#8221;#ff8a70&#8243; button_one_text_size__hover_enabled=&#8221;off&#8221; button_two_text_size__hover_enabled=&#8221;off&#8221; button_one_text_color__hover_enabled=&#8221;off&#8221; button_two_text_color__hover_enabled=&#8221;off&#8221; button_one_border_width__hover_enabled=&#8221;off&#8221; button_two_border_width__hover_enabled=&#8221;off&#8221; button_one_border_color__hover_enabled=&#8221;off&#8221; button_two_border_color__hover_enabled=&#8221;off&#8221; button_one_border_radius__hover_enabled=&#8221;on&#8221; button_one_border_radius__hover=&#8221;100px&#8221; button_two_border_radius__hover_enabled=&#8221;on&#8221; button_two_border_radius__hover=&#8221;100px&#8221; button_one_letter_spacing__hover_enabled=&#8221;off&#8221; button_two_letter_spacing__hover_enabled=&#8221;off&#8221; button_one_bg_color__hover_enabled=&#8221;on&#8221; button_one_bg_color__hover=&#8221;#ff8a70&#8243; button_two_bg_color__hover_enabled=&#8221;on&#8221; button_two_bg_color__hover=&#8221;#ff8a70&#8243;]<\/p>\n<p>Aeronautical Mechanics and Energetics &#8211; AME<\/p>\n<p>[\/et_pb_fullwidth_header][\/et_pb_section][et_pb_section fb_built=&#8221;1&#8243; _builder_version=&#8221;4.9.2&#8243; background_enable_color=&#8221;off&#8221; use_background_color_gradient=&#8221;on&#8221; background_color_gradient_start=&#8221;#cecece&#8221; background_color_gradient_end=&#8221;rgba(0,0,0,0)&#8221; background_color_gradient_direction=&#8221;121deg&#8221; background_color_gradient_start_position=&#8221;14%&#8221; background_color_gradient_end_position=&#8221;0%&#8221; background_enable_image=&#8221;off&#8221; background_size=&#8221;contain&#8221; background_position=&#8221;top_center&#8221; custom_padding=&#8221;|||&#8221;][et_pb_row column_structure=&#8221;1_4,1_2,1_4&#8243; admin_label=&#8221;Image Row&#8221; _builder_version=&#8221;4.7.4&#8243; max_width=&#8221;1327px&#8221; custom_padding=&#8221;||0px|||&#8221;][et_pb_column type=&#8221;1_4&#8243; _builder_version=&#8221;3.25&#8243; custom_padding=&#8221;|||&#8221; custom_padding__hover=&#8221;|||&#8221;][et_pb_cta title=&#8221;Internships and projects&#8221; _builder_version=&#8221;4.9.4&#8243; _module_preset=&#8221;default&#8221; header_font_size=&#8221;22px&#8221; background_color=&#8221;#757575&#8243; custom_padding=&#8221;|5px||5px|false|true&#8221;][\/et_pb_cta][\/et_pb_column][et_pb_column type=&#8221;1_2&#8243; _builder_version=&#8221;3.25&#8243; custom_padding=&#8221;|||&#8221; custom_padding__hover=&#8221;|||&#8221;][et_pb_text _builder_version=&#8221;4.9.4&#8243; _module_preset=&#8221;default&#8221; text_font_size=&#8221;25px&#8221; text_line_height=&#8221;1.5em&#8221; custom_margin=&#8221;||3px|||&#8221; custom_padding=&#8221;12px||12px||true|false&#8221; border_radii=&#8221;off||||&#8221; border_style_all=&#8221;none&#8221; border_width_bottom=&#8221;1px&#8221; border_color_bottom=&#8221;#a5a5a5&#8243; border_radii__hover_enabled=&#8221;on|desktop&#8221;]<\/p>\n<p>Stages<\/p>\n<p>[\/et_pb_text][et_pb_text _builder_version=&#8221;4.9.4&#8243; _module_preset=&#8221;default&#8221; text_font_size=&#8221;17px&#8221; header_2_line_height=&#8221;1.4em&#8221; min_height=&#8221;84.9px&#8221; custom_margin=&#8221;||27px|||&#8221; custom_padding=&#8221;0px||0px||true|false&#8221; border_width_bottom=&#8221;1px&#8221; border_color_bottom=&#8221;#a5a5a5&#8243;]<\/p>\n<p>Au cours de la scolarit\u00e9 \u00e0 l\u2019ENSMA, les \u00e9l\u00e8ves mettent en pratique l\u2019enseignement dispens\u00e9 et s\u2019initient aux m\u00e9tiers d\u2019ing\u00e9nieur au cours de trois stages obligatoires.<\/p>\n<p>[\/et_pb_text][et_pb_blurb title=&#8221;Stage ouvrier&#8221; use_icon=&#8221;on&#8221; font_icon=&#8221;%%36%%&#8221; icon_color=&#8221;#757575&#8243; icon_placement=&#8221;left&#8221; _builder_version=&#8221;4.7.4&#8243; _module_preset=&#8221;default&#8221; header_font=&#8221;Roboto||||||||&#8221; header_text_color=&#8221;#757575&#8243; body_font=&#8221;Roboto||||||||&#8221; body_text_color=&#8221;#7f7f7f&#8221; body_font_size=&#8221;16px&#8221; custom_margin=&#8221;||18px||false|false&#8221; custom_padding=&#8221;||||false|false&#8221;]<\/p>\n<p>Entre la 1re et la 2e ann\u00e9e : 1 \u00e0 2 mois de juillet \u00e0 ao\u00fbt.<br \/> Au cours de ce premier stage, l\u2019\u00e9tudiant d\u00e9couvre la fonction de production et peut appr\u00e9cier l\u2019importance des contacts humains et des relations sociales au sein de l\u2019entreprise<\/p>\n<p>[\/et_pb_blurb][et_pb_blurb title=&#8221;Stage ing\u00e9nieur&#8221; use_icon=&#8221;on&#8221; font_icon=&#8221;%%36%%&#8221; icon_color=&#8221;#757575&#8243; icon_placement=&#8221;left&#8221; _builder_version=&#8221;4.7.4&#8243; _module_preset=&#8221;default&#8221; header_font=&#8221;Roboto||||||||&#8221; header_text_color=&#8221;#757575&#8243; body_font=&#8221;Roboto||||||||&#8221; body_text_color=&#8221;#7f7f7f&#8221; body_font_size=&#8221;16px&#8221; min_height=&#8221;212px&#8221; custom_margin=&#8221;||27px|||&#8221;]<\/p>\n<p>Entre la 2e et la 3e ann\u00e9e : 3 \u00e0 4 mois de juin \u00e0 septembre.<br \/>Ce stage, effectu\u00e9 en entreprise ou dans un organisme, en France ou \u00e0 l\u2019\u00e9tranger, encadr\u00e9 par un ing\u00e9nieur \u00ab Ma\u00eetre de Stage \u00bb, permet \u00e0 l\u2019\u00e9l\u00e8ve de d\u00e9couvrir le m\u00e9tier d\u2019ing\u00e9nieur et lui offre l\u2019occasion d\u2019une premi\u00e8re initiation. Cette d\u00e9couverte du m\u00e9tier d\u2019ing\u00e9nieur en entreprise permet \u00e0 l\u2019\u00e9tudiant de pr\u00e9ciser son projet professionnel et d\u2019orienter ses choix de formation en troisi\u00e8me ann\u00e9e.<\/p>\n<p>[\/et_pb_blurb][et_pb_text _builder_version=&#8221;4.7.4&#8243; _module_preset=&#8221;default&#8221; text_font=&#8221;|600|||||||&#8221; text_text_color=&#8221;#7f7f7f&#8221; text_font_size=&#8221;17px&#8221; custom_margin=&#8221;||||false|false&#8221; custom_padding=&#8221;|||10px|false|false&#8221; border_width_left=&#8221;7px&#8221; border_color_left=&#8221;#757575&#8243;]<\/p>\n<p>Les soutenances ont lieu mi-novembre.<\/p>\n<p>[\/et_pb_text][\/et_pb_column][et_pb_column type=&#8221;1_4&#8243; _builder_version=&#8221;3.25&#8243; custom_padding=&#8221;|||&#8221; custom_padding__hover=&#8221;|||&#8221;][et_pb_blurb title=&#8221;Presentation&#8221; url=&#8221;\/en\/master-of-science-in-aeronautics-and-space\/international-msc-ame-presentation\/&#8221; use_icon=&#8221;on&#8221; font_icon=&#8221;%%72%%&#8221; icon_color=&#8221;#ffffff&#8221; icon_placement=&#8221;left&#8221; _builder_version=&#8221;4.9.7&#8243; _module_preset=&#8221;default&#8221; header_text_color=&#8221;#ffffff&#8221; header_font_size=&#8221;20px&#8221; background_color=&#8221;#32baec&#8221; use_background_color_gradient=&#8221;on&#8221; background_color_gradient_start=&#8221;#d6805e&#8221; background_color_gradient_end=&#8221;#f2be3c&#8221; background_color_gradient_type=&#8221;radial&#8221; background_color_gradient_start_position=&#8221;50%&#8221; background_color_gradient_end_position=&#8221;87%&#8221; custom_padding=&#8221;25px|25px|25px|25px|true|true&#8221;][\/et_pb_blurb][et_pb_blurb title=&#8221;Admission&#8221; url=&#8221;\/en\/master-of-science-in-aeronautics-and-space\/ame-admission\/&#8221; use_icon=&#8221;on&#8221; font_icon=&#8221;%%72%%&#8221; icon_color=&#8221;#ffffff&#8221; icon_placement=&#8221;left&#8221; _builder_version=&#8221;4.9.7&#8243; _module_preset=&#8221;default&#8221; header_text_color=&#8221;#ffffff&#8221; header_font_size=&#8221;20px&#8221; background_color=&#8221;#32baec&#8221; use_background_color_gradient=&#8221;on&#8221; background_color_gradient_start=&#8221;#d6805e&#8221; background_color_gradient_end=&#8221;#f2be3c&#8221; background_color_gradient_type=&#8221;radial&#8221; background_color_gradient_start_position=&#8221;50%&#8221; background_color_gradient_end_position=&#8221;87%&#8221; custom_padding=&#8221;25px|25px|25px|25px|true|true&#8221;][\/et_pb_blurb][et_pb_blurb title=&#8221;Courses&#8221; url=&#8221;\/en\/master-of-science-in-aeronautics-and-space\/ame-courses\/&#8221; use_icon=&#8221;on&#8221; font_icon=&#8221;%%72%%&#8221; icon_color=&#8221;#ffffff&#8221; icon_placement=&#8221;left&#8221; _builder_version=&#8221;4.9.7&#8243; _module_preset=&#8221;default&#8221; header_text_color=&#8221;#ffffff&#8221; header_font_size=&#8221;20px&#8221; background_color=&#8221;#32baec&#8221; use_background_color_gradient=&#8221;on&#8221; background_color_gradient_start=&#8221;#d6805e&#8221; background_color_gradient_end=&#8221;#f2be3c&#8221; background_color_gradient_type=&#8221;radial&#8221; background_color_gradient_start_position=&#8221;50%&#8221; background_color_gradient_end_position=&#8221;87%&#8221; custom_padding=&#8221;25px|25px|25px|25px|true|true&#8221;][\/et_pb_blurb][et_pb_blurb title=&#8221;Careers&#8221; url=&#8221;\/en\/master-of-science-in-aeronautics-and-space\/ame-careers\/&#8221; use_icon=&#8221;on&#8221; font_icon=&#8221;%%72%%&#8221; icon_color=&#8221;#ffffff&#8221; icon_placement=&#8221;left&#8221; _builder_version=&#8221;4.9.7&#8243; _module_preset=&#8221;default&#8221; header_text_color=&#8221;#ffffff&#8221; header_font_size=&#8221;20px&#8221; background_color=&#8221;#32baec&#8221; use_background_color_gradient=&#8221;on&#8221; background_color_gradient_start=&#8221;#d6805e&#8221; background_color_gradient_end=&#8221;#f2be3c&#8221; background_color_gradient_type=&#8221;radial&#8221; background_color_gradient_start_position=&#8221;50%&#8221; background_color_gradient_end_position=&#8221;87%&#8221; custom_padding=&#8221;25px|25px|25px|25px|true|true&#8221;][\/et_pb_blurb][et_pb_button button_url=&#8221;\/en\/master-of-science-in-aeronautics-and-space\/&#8221; button_text=&#8221;Back home Master&#8221; button_alignment=&#8221;right&#8221; _builder_version=&#8221;4.9.7&#8243; _module_preset=&#8221;default&#8221; custom_button=&#8221;on&#8221; button_text_color=&#8221;#af412b&#8221; button_bg_color=&#8221;RGBA(0,0,0,0)&#8221; button_border_width=&#8221;0px&#8221; button_border_color=&#8221;#FFFFFF&#8221; button_border_radius=&#8221;0px&#8221; button_letter_spacing=&#8221;0px&#8221; button_font=&#8221;Roboto||||||||&#8221; button_icon=&#8221;%%28%%&#8221; button_icon_color=&#8221;#af412b&#8221;][\/et_pb_button][\/et_pb_column][\/et_pb_row][et_pb_row _builder_version=&#8221;4.7.4&#8243; _module_preset=&#8221;default&#8221; min_height=&#8221;42px&#8221; custom_margin=&#8221;19px||19px||true|false&#8221; custom_padding=&#8221;||||false|false&#8221;][et_pb_column type=&#8221;4_4&#8243; _builder_version=&#8221;4.7.4&#8243; _module_preset=&#8221;default&#8221;][et_pb_divider color=&#8221;#727272&#8243; divider_style=&#8221;dotted&#8221; divider_weight=&#8221;5px&#8221; _builder_version=&#8221;4.7.4&#8243; _module_preset=&#8221;default&#8221;][\/et_pb_divider][\/et_pb_column][\/et_pb_row][et_pb_row column_structure=&#8221;1_4,1_2,1_4&#8243; admin_label=&#8221;Image Row&#8221; _builder_version=&#8221;4.7.4&#8243; max_width=&#8221;1327px&#8221; custom_margin=&#8221;-45px|auto||auto|false|false&#8221; custom_padding=&#8221;2px|||||&#8221;][et_pb_column type=&#8221;1_4&#8243; _builder_version=&#8221;3.25&#8243; custom_padding=&#8221;|||&#8221; custom_padding__hover=&#8221;|||&#8221;][\/et_pb_column][et_pb_column type=&#8221;1_2&#8243; _builder_version=&#8221;3.25&#8243; custom_padding=&#8221;|||&#8221; custom_padding__hover=&#8221;|||&#8221;][et_pb_text _builder_version=&#8221;4.7.4&#8243; _module_preset=&#8221;default&#8221; text_font_size=&#8221;25px&#8221; header_2_line_height=&#8221;1.4em&#8221; custom_padding=&#8221;27px||27px||true|false&#8221; border_width_bottom=&#8221;1px&#8221; border_color_bottom=&#8221;#a5a5a5&#8243;]<\/p>\n<h2>Projet de fin d&#8217;\u00e9tudes (PFE)<\/h2>\n<p>[\/et_pb_text][et_pb_text _builder_version=&#8221;4.7.4&#8243; _module_preset=&#8221;default&#8221; text_font=&#8221;Roboto||||||||&#8221; text_font_size=&#8221;16px&#8221;]<\/p>\n<p>Fin du cursus ENSMA : 3 \u00e0 6 mois d\u2019avril \u00e0 septembre.<\/p>\n<p>Inscrit \u00e0 la fin du cursus scolaire de l\u2019\u00e9l\u00e8ve ing\u00e9nieur, ce dernier stage peut s\u2019effectuer en entreprise ou dans un organisme de recherche, en France ou \u00e0 l\u2019\u00e9tranger.<\/p>\n<p>Charg\u00e9 d\u2019une \u00e9tude pour ing\u00e9nieur d\u00e9butant, l\u2019\u00e9tudiant compl\u00e8te sa formation suivant l\u2019orientation de son projet professionnel. Le PFE lui permet de participer activement \u00e0 la r\u00e9alisation d\u2019un projet technique industriel (conception, mod\u00e9lisation, suivi et analyse d\u2019essais\u2026). Plac\u00e9 en fin de cursus, ce dernier stage est un v\u00e9ritable tremplin pour l\u2019insertion professionnelle des jeunes dipl\u00f4m\u00e9s.<\/p>\n<p>Le stage de PFE peut aussi valoir en tant que Master Recherche, apr\u00e8s validation pr\u00e9alable du sujet par un correspondant ENSMA co-encadrant. De tels stages combin\u00e9s PFE+Master Recherche peuvent \u00eatre l\u2019occasion d\u2019associer les comp\u00e9tences en recherche de l\u2019ENSMA aux besoins des entreprises.<\/p>\n<p>[\/et_pb_text][et_pb_text _builder_version=&#8221;4.7.4&#8243; _module_preset=&#8221;default&#8221; text_font=&#8221;|600|||||||&#8221; text_text_color=&#8221;#7f7f7f&#8221; text_font_size=&#8221;17px&#8221; custom_margin=&#8221;||||false|false&#8221; custom_padding=&#8221;|||10px|false|false&#8221; border_width_left=&#8221;7px&#8221; border_color_left=&#8221;#757575&#8243;]<\/p>\n<p>Les soutenances ont lieu d\u00e9but septembre.<\/p>\n<p>[\/et_pb_text][\/et_pb_column][et_pb_column type=&#8221;1_4&#8243; _builder_version=&#8221;3.25&#8243; custom_padding=&#8221;|||&#8221; custom_padding__hover=&#8221;|||&#8221;][\/et_pb_column][\/et_pb_row][et_pb_row _builder_version=&#8221;4.7.4&#8243; _module_preset=&#8221;default&#8221; min_height=&#8221;42px&#8221; custom_margin=&#8221;19px||19px||true|false&#8221; custom_padding=&#8221;||||false|false&#8221;][et_pb_column type=&#8221;4_4&#8243; _builder_version=&#8221;4.7.4&#8243; _module_preset=&#8221;default&#8221;][et_pb_divider color=&#8221;#727272&#8243; divider_style=&#8221;dotted&#8221; divider_weight=&#8221;5px&#8221; _builder_version=&#8221;4.7.4&#8243; _module_preset=&#8221;default&#8221;][\/et_pb_divider][\/et_pb_column][\/et_pb_row][et_pb_row column_structure=&#8221;1_4,1_2,1_4&#8243; admin_label=&#8221;Image Row&#8221; _builder_version=&#8221;4.7.4&#8243; max_width=&#8221;1327px&#8221; custom_margin=&#8221;-45px|auto||auto|false|false&#8221; custom_padding=&#8221;2px|||||&#8221;][et_pb_column type=&#8221;1_4&#8243; _builder_version=&#8221;3.25&#8243; custom_padding=&#8221;|||&#8221; custom_padding__hover=&#8221;|||&#8221;][\/et_pb_column][et_pb_column type=&#8221;1_2&#8243; _builder_version=&#8221;3.25&#8243; custom_padding=&#8221;|||&#8221; custom_padding__hover=&#8221;|||&#8221;][et_pb_text _builder_version=&#8221;4.7.4&#8243; _module_preset=&#8221;default&#8221; text_font_size=&#8221;25px&#8221; header_2_line_height=&#8221;1.4em&#8221; custom_padding=&#8221;27px||27px||true|false&#8221; border_width_bottom=&#8221;1px&#8221; border_color_bottom=&#8221;#a5a5a5&#8243;]<\/p>\n<h2>Exemples de stage<\/h2>\n<p>[\/et_pb_text][et_pb_text _builder_version=&#8221;4.7.4&#8243; _module_preset=&#8221;default&#8221; text_font=&#8221;Roboto||||||||&#8221; text_font_size=&#8221;16px&#8221;]<\/p>\n<ul>\n<li>BOMBARDIER AERONAUTIQUE \u2013 Montr\u00e9al, Canada D\u00e9veloppement d\u2019un code d\u2019analyse acoustique de nuisances sonores g\u00e9n\u00e9r\u00e9es par le trafic a\u00e9rien<\/li>\n<li>EUROCOPTER Deutschland GmbH\u00a0\u2013 Munich, Allemagne Analyse et simulation de l\u2019endommagement par impact de pi\u00e8ces en carbone composite<\/li>\n<li>AIRBUS France \u2013 Toulouse Elaboration de tests automatiques pour la validation des simulateurs d\u2019int\u00e9gration d\u2019A380<\/li>\n<li>ALCATEL SPACE \u2013 Cannes La Bocca Application de la m\u00e9thode des \u00e9l\u00e9ments finis \u00e0 la mod\u00e9lisation thermique des satellites<br \/> CNES (Centre National d\u2019Etudes Spatiales) \u2013 Evry Etudes dynamiques sur Ariane 5 et ses d\u00e9riv\u00e9s en avant-projet<\/li>\n<li>DASSAULT AVIATION \u2013 Saint Cloud Mod\u00e9lisation a\u00e9rothermique d\u2019\u00e9coulements internes \u00e0 un a\u00e9ronef<\/li>\n<li>EADS Space Transportation \u2013 St M\u00e9dard en Jalles Pr\u00e9-dimensionnement des syst\u00e8mes d\u2019atterrissage pour les sondes interplan\u00e9taires<\/li>\n<li>PEUGEOT SPORT \u2013 V\u00e9lizy D\u00e9veloppement a\u00e9rodynamique de la Peugeot 307 WRC<\/li>\n<li>SNECMA MOTEURS site de Villaroche \u2013 Moissy Cramayel Validation d\u2019un mod\u00e8le thermodynamique de CFM56 5C\/P<\/li>\n<li>PSA-PEUGEOT-CITROEN \u2013 La Garenne Colombes Identification du potentiel maximal de la combustion stratifi\u00e9e<\/li>\n<li>RENAULT SA \u2013 Guyancourt R\u00e9duction de la tra\u00een\u00e9e par contr\u00f4le des \u00e9coulements<\/li>\n<\/ul>\n<p>[\/et_pb_text][\/et_pb_column][et_pb_column type=&#8221;1_4&#8243; _builder_version=&#8221;3.25&#8243; custom_padding=&#8221;|||&#8221; custom_padding__hover=&#8221;|||&#8221;][\/et_pb_column][\/et_pb_row][et_pb_row _builder_version=&#8221;4.7.4&#8243; _module_preset=&#8221;default&#8221; background_color=&#8221;#6b6b6b&#8221; width=&#8221;49%&#8221;][et_pb_column type=&#8221;4_4&#8243; _builder_version=&#8221;4.7.4&#8243; _module_preset=&#8221;default&#8221;][et_pb_text _builder_version=&#8221;4.7.4&#8243; _module_preset=&#8221;default&#8221; text_text_color=&#8221;#ffffff&#8221; text_font_size=&#8221;21px&#8221; text_line_height=&#8221;1.8em&#8221; text_orientation=&#8221;center&#8221;]<\/p>\n<p><strong>PROJETS<\/strong><\/p>\n<p>D\u00e9velopp\u00e9s en collaboration avec des entreprises, ces travaux am\u00e8nent les \u00e9tudiants \u00e0 appr\u00e9hender un probl\u00e8me concret dans son ensemble.<\/p>\n<p>[\/et_pb_text][\/et_pb_column][\/et_pb_row][\/et_pb_section]<\/p>\n","protected":false},"excerpt":{"rendered":"<p>Aeronautical Mechanics and Energetics &#8211; AMEStagesAu cours de la scolarit\u00e9 \u00e0 l\u2019ENSMA, les \u00e9l\u00e8ves mettent en pratique l\u2019enseignement dispens\u00e9 et s\u2019initient aux m\u00e9tiers d\u2019ing\u00e9nieur au cours de trois stages obligatoires.Entre la 1re et la 2e ann\u00e9e : 1 \u00e0 2 mois de juillet \u00e0 ao\u00fbt. Au cours de ce premier stage, l\u2019\u00e9tudiant d\u00e9couvre la fonction [&hellip;]<\/p>\n","protected":false},"author":30,"featured_media":0,"parent":13974,"menu_order":0,"comment_status":"closed","ping_status":"closed","template":"","meta":{"_et_pb_use_builder":"on","_et_pb_old_content":"","_et_gb_content_width":"","footnotes":""},"class_list":["post-14000","page","type-page","status-publish","hentry"],"_links":{"self":[{"href":"https:\/\/www.ensma.fr\/en\/wp-json\/wp\/v2\/pages\/14000","targetHints":{"allow":["GET"]}}],"collection":[{"href":"https:\/\/www.ensma.fr\/en\/wp-json\/wp\/v2\/pages"}],"about":[{"href":"https:\/\/www.ensma.fr\/en\/wp-json\/wp\/v2\/types\/page"}],"author":[{"embeddable":true,"href":"https:\/\/www.ensma.fr\/en\/wp-json\/wp\/v2\/users\/30"}],"replies":[{"embeddable":true,"href":"https:\/\/www.ensma.fr\/en\/wp-json\/wp\/v2\/comments?post=14000"}],"version-history":[{"count":8,"href":"https:\/\/www.ensma.fr\/en\/wp-json\/wp\/v2\/pages\/14000\/revisions"}],"predecessor-version":[{"id":16511,"href":"https:\/\/www.ensma.fr\/en\/wp-json\/wp\/v2\/pages\/14000\/revisions\/16511"}],"up":[{"embeddable":true,"href":"https:\/\/www.ensma.fr\/en\/wp-json\/wp\/v2\/pages\/13974"}],"wp:attachment":[{"href":"https:\/\/www.ensma.fr\/en\/wp-json\/wp\/v2\/media?parent=14000"}],"curies":[{"name":"wp","href":"https:\/\/api.w.org\/{rel}","templated":true}]}}