{"id":14005,"date":"2021-04-02T15:36:40","date_gmt":"2021-04-02T14:36:40","guid":{"rendered":"https:\/\/www-dev.ensma.fr\/master-aeronautique-et-espace\/tat-debouches\/"},"modified":"2021-07-06T09:11:41","modified_gmt":"2021-07-06T08:11:41","slug":"tat-careers","status":"publish","type":"page","link":"https:\/\/www.ensma.fr\/en\/master-of-science-in-aeronautics-and-space\/tat-careers\/","title":{"rendered":"Master TAT Careers"},"content":{"rendered":"<p>[et_pb_section fb_built=&#8221;1&#8243; fullwidth=&#8221;on&#8221; admin_label=&#8221;Hero&#8221; _builder_version=&#8221;4.9.7&#8243; use_background_color_gradient=&#8221;on&#8221; background_color_gradient_start=&#8221;#eeeff2&#8243; background_color_gradient_end=&#8221;rgba(238,239,242,0)&#8221; background_color_gradient_direction=&#8221;90deg&#8221; background_color_gradient_start_position=&#8221;33%&#8221; background_color_gradient_end_position=&#8221;52%&#8221; background_color_gradient_overlays_image=&#8221;on&#8221; background_image=&#8221;https:\/\/www.ensma.fr\/wp-content\/uploads\/2021\/05\/amphi-ENSMA_bandeau-web.jpg&#8221; hover_enabled=&#8221;0&#8243; saved_tabs=&#8221;all&#8221; locked=&#8221;off&#8221; title_text=&#8221;amphi ENSMA_bandeau web&#8221; sticky_enabled=&#8221;0&#8243;][et_pb_fullwidth_header title=&#8221;Masters training&#8221; subhead=&#8221;Master of Science in Aeronautics and Space&#8221; content_max_width=&#8221;600px&#8221; _builder_version=&#8221;4.9.4&#8243; title_font=&#8221;Roboto|700||on|||||&#8221; title_text_color=&#8221;#ed5125&#8243; title_font_size=&#8221;16px&#8221; title_letter_spacing=&#8221;5px&#8221; title_line_height=&#8221;0.5em&#8221; content_font=&#8221;Rubik||||||||&#8221; content_text_color=&#8221;#fc6900&#8243; content_font_size=&#8221;20px&#8221; subhead_font=&#8221;Rubik|700|||||||&#8221; subhead_text_color=&#8221;rgba(0,0,0,0.8)&#8221; subhead_font_size=&#8221;50px&#8221; subhead_line_height=&#8221;1.5em&#8221; background_color=&#8221;rgba(255,255,255,0)&#8221; use_background_color_gradient=&#8221;on&#8221; background_color_gradient_start=&#8221;rgba(255,255,255,0)&#8221; background_color_gradient_end=&#8221;rgba(255,255,255,0.7)&#8221; background_color_gradient_start_position=&#8221;50%&#8221; background_size=&#8221;contain&#8221; background_position=&#8221;bottom_center&#8221; custom_button_one=&#8221;on&#8221; button_one_text_size=&#8221;16px&#8221; button_one_text_color=&#8221;#ffffff&#8221; button_one_bg_color=&#8221;#fc6900&#8243; button_one_border_width=&#8221;15px&#8221; button_one_border_color=&#8221;rgba(210,159,104,0)&#8221; button_one_border_radius=&#8221;100px&#8221; button_one_letter_spacing=&#8221;0px&#8221; button_one_font=&#8221;Rubik|700|||||||&#8221; button_one_use_icon=&#8221;off&#8221; custom_button_two=&#8221;on&#8221; button_two_text_size=&#8221;16px&#8221; button_two_text_color=&#8221;#ffffff&#8221; button_two_bg_color=&#8221;rgba(0,0,0,0.6)&#8221; button_two_border_width=&#8221;15px&#8221; button_two_border_color=&#8221;rgba(210,159,104,0)&#8221; button_two_border_radius=&#8221;100px&#8221; button_two_letter_spacing=&#8221;0px&#8221; button_two_font=&#8221;Rubik|700|||||||&#8221; button_two_use_icon=&#8221;off&#8221; background_layout=&#8221;light&#8221; max_width_last_edited=&#8221;off|desktop&#8221; module_alignment=&#8221;center&#8221; custom_margin=&#8221;|||&#8221; custom_padding=&#8221;1vw||4vw|||&#8221; animation_style=&#8221;fade&#8221; animation_duration=&#8221;850ms&#8221; subhead_font_size_tablet=&#8221;&#8221; subhead_font_size_phone=&#8221;30px&#8221; subhead_font_size_last_edited=&#8221;on|phone&#8221; button_one_border_radius_hover=&#8221;100px&#8221; button_two_border_radius_hover=&#8221;100px&#8221; button_one_bg_color_hover=&#8221;#ff8a70&#8243; button_two_bg_color_hover=&#8221;#ff8a70&#8243; button_one_text_size__hover_enabled=&#8221;off&#8221; button_two_text_size__hover_enabled=&#8221;off&#8221; button_one_text_color__hover_enabled=&#8221;off&#8221; button_two_text_color__hover_enabled=&#8221;off&#8221; button_one_border_width__hover_enabled=&#8221;off&#8221; button_two_border_width__hover_enabled=&#8221;off&#8221; button_one_border_color__hover_enabled=&#8221;off&#8221; button_two_border_color__hover_enabled=&#8221;off&#8221; button_one_border_radius__hover_enabled=&#8221;on&#8221; button_one_border_radius__hover=&#8221;100px&#8221; button_two_border_radius__hover_enabled=&#8221;on&#8221; button_two_border_radius__hover=&#8221;100px&#8221; button_one_letter_spacing__hover_enabled=&#8221;off&#8221; button_two_letter_spacing__hover_enabled=&#8221;off&#8221; button_one_bg_color__hover_enabled=&#8221;on&#8221; button_one_bg_color__hover=&#8221;#ff8a70&#8243; button_two_bg_color__hover_enabled=&#8221;on&#8221; button_two_bg_color__hover=&#8221;#ff8a70&#8243;]<\/p>\n<p>Master TAT<\/p>\n<p>[\/et_pb_fullwidth_header][\/et_pb_section][et_pb_section fb_built=&#8221;1&#8243; _builder_version=&#8221;4.9.2&#8243; background_enable_color=&#8221;off&#8221; use_background_color_gradient=&#8221;on&#8221; background_color_gradient_start=&#8221;#cecece&#8221; background_color_gradient_end=&#8221;rgba(0,0,0,0)&#8221; background_color_gradient_direction=&#8221;121deg&#8221; background_color_gradient_start_position=&#8221;14%&#8221; background_color_gradient_end_position=&#8221;0%&#8221; background_enable_image=&#8221;off&#8221; background_size=&#8221;contain&#8221; background_position=&#8221;top_center&#8221; custom_padding=&#8221;|||&#8221;][et_pb_row column_structure=&#8221;1_4,1_2,1_4&#8243; admin_label=&#8221;Image Row&#8221; _builder_version=&#8221;4.7.4&#8243; max_width=&#8221;1327px&#8221; custom_padding=&#8221;||0px|||&#8221;][et_pb_column type=&#8221;1_4&#8243; _builder_version=&#8221;3.25&#8243; custom_padding=&#8221;|||&#8221; custom_padding__hover=&#8221;|||&#8221;][et_pb_cta title=&#8221;Careers&#8221; admin_label=&#8221;Master TAT d\u00e9bouch\u00e9s (grand encadr\u00e9)&#8221; _builder_version=&#8221;4.9.4&#8243; _module_preset=&#8221;default&#8221; header_font_size=&#8221;22px&#8221; background_color=&#8221;#fc6900&#8243; use_background_color_gradient=&#8221;on&#8221; background_color_gradient_start=&#8221;#fc6900&#8243; background_color_gradient_end=&#8221;#eaaf00&#8243; background_color_gradient_type=&#8221;radial&#8221; background_color_gradient_start_position=&#8221;50%&#8221; background_color_gradient_end_position=&#8221;87%&#8221; saved_tabs=&#8221;all&#8221;][\/et_pb_cta][\/et_pb_column][et_pb_column type=&#8221;1_2&#8243; _builder_version=&#8221;3.25&#8243; custom_padding=&#8221;|||&#8221; custom_padding__hover=&#8221;|||&#8221;][et_pb_text _builder_version=&#8221;4.9.2&#8243; _module_preset=&#8221;default&#8221; text_text_color=&#8221;#757575&#8243; text_font_size=&#8221;25px&#8221; header_2_line_height=&#8221;1.4em&#8221; custom_padding=&#8221;27px||27px||true|false&#8221; border_width_bottom=&#8221;1px&#8221; border_color_bottom=&#8221;#a5a5a5&#8243;]Le m\u00e9tier d&#8217;ing\u00e9nieur[\/et_pb_text][et_pb_text _builder_version=&#8221;4.7.4&#8243; _module_preset=&#8221;default&#8221; text_font=&#8221;Roboto||||||||&#8221; text_font_size=&#8221;16px&#8221;]<\/p>\n<p>Si \u00eatre ing\u00e9nieur est une fonction, ce sont en fait plusieurs m\u00e9tiers qui s\u2019offrent \u00e0 vous\u00a0: chef de projet, achats, logistique, qualit\u00e9, recherche et d\u00e9veloppement, \u00e9tudes, m\u00e9thodes, production, technico-commercial, affaires, maintenance, exploitation\u2026<br \/> L\u2019ing\u00e9nieur ENSMA a un profil principalement orient\u00e9 vers la conception (recherche et d\u00e9veloppement, bureau d\u2019\u00e9tudes) pour les industries de l\u2019a\u00e9ronautique et du spatial, des transports terrestres, de la m\u00e9canique et de l\u2019\u00e9nergie.<\/p>\n<p>[\/et_pb_text][\/et_pb_column][et_pb_column type=&#8221;1_4&#8243; _builder_version=&#8221;3.25&#8243; custom_padding=&#8221;|||&#8221; custom_padding__hover=&#8221;|||&#8221;][et_pb_blurb title=&#8221;Presentation&#8221; url=&#8221;\/en\/master-of-science-in-aeronautics-and-space\/master-tat-presentation\/&#8221; use_icon=&#8221;on&#8221; font_icon=&#8221;%%72%%&#8221; icon_color=&#8221;#ffffff&#8221; icon_placement=&#8221;left&#8221; _builder_version=&#8221;4.9.7&#8243; _module_preset=&#8221;default&#8221; header_text_color=&#8221;#ffffff&#8221; header_font_size=&#8221;20px&#8221; background_color=&#8221;#32baec&#8221; use_background_color_gradient=&#8221;on&#8221; background_color_gradient_start=&#8221;#eac760&#8243; background_color_gradient_end=&#8221;#fca86c&#8221; background_color_gradient_type=&#8221;radial&#8221; custom_padding=&#8221;25px|25px|25px|25px|true|true&#8221; hover_enabled=&#8221;0&#8243; sticky_enabled=&#8221;0&#8243;][\/et_pb_blurb][et_pb_blurb title=&#8221;Admission&#8221; url=&#8221;\/en\/master-of-science-in-aeronautics-and-space\/tat-admission\/&#8221; use_icon=&#8221;on&#8221; font_icon=&#8221;%%72%%&#8221; icon_color=&#8221;#ffffff&#8221; icon_placement=&#8221;left&#8221; _builder_version=&#8221;4.9.7&#8243; _module_preset=&#8221;default&#8221; header_text_color=&#8221;#ffffff&#8221; header_font_size=&#8221;20px&#8221; background_color=&#8221;#32baec&#8221; use_background_color_gradient=&#8221;on&#8221; background_color_gradient_start=&#8221;#eac760&#8243; background_color_gradient_end=&#8221;#fca86c&#8221; background_color_gradient_type=&#8221;radial&#8221; custom_padding=&#8221;25px|25px|25px|25px|true|true&#8221; hover_enabled=&#8221;0&#8243; sticky_enabled=&#8221;0&#8243;][\/et_pb_blurb][et_pb_blurb title=&#8221;Courses&#8221; url=&#8221;\/en\/master-of-science-in-aeronautics-and-space\/tat-courses\/&#8221; use_icon=&#8221;on&#8221; font_icon=&#8221;%%72%%&#8221; icon_color=&#8221;#ffffff&#8221; icon_placement=&#8221;left&#8221; admin_label=&#8221;R\u00e9sum\u00e9&#8221; _builder_version=&#8221;4.9.7&#8243; _module_preset=&#8221;default&#8221; header_text_color=&#8221;#ffffff&#8221; header_font_size=&#8221;20px&#8221; background_color=&#8221;#32baec&#8221; use_background_color_gradient=&#8221;on&#8221; background_color_gradient_start=&#8221;#eac760&#8243; background_color_gradient_end=&#8221;#fca86c&#8221; background_color_gradient_type=&#8221;radial&#8221; custom_padding=&#8221;25px|25px|25px|25px|true|true&#8221; hover_enabled=&#8221;0&#8243; sticky_enabled=&#8221;0&#8243;][\/et_pb_blurb][et_pb_blurb title=&#8221;Internships and projects&#8221; url=&#8221;\/en\/master-of-science-in-aeronautics-and-space\/tat-internships-and-projects\/&#8221; use_icon=&#8221;on&#8221; font_icon=&#8221;%%72%%&#8221; icon_color=&#8221;#FFFFFF&#8221; icon_placement=&#8221;left&#8221; _builder_version=&#8221;4.9.7&#8243; _module_preset=&#8221;default&#8221; header_text_color=&#8221;#ffffff&#8221; header_font_size=&#8221;20px&#8221; background_color=&#8221;#757575&#8243; custom_padding=&#8221;25px|25px|25px|25px|true|true&#8221; hover_enabled=&#8221;0&#8243; sticky_enabled=&#8221;0&#8243;][\/et_pb_blurb][et_pb_button button_url=&#8221;\/en\/master-of-science-in-aeronautics-and-space\/&#8221; button_text=&#8221;Back home Master&#8221; button_alignment=&#8221;right&#8221; _builder_version=&#8221;4.9.7&#8243; _module_preset=&#8221;default&#8221; custom_button=&#8221;on&#8221; button_text_color=&#8221;#fc6900&#8243; button_bg_color=&#8221;RGBA(0,0,0,0)&#8221; button_border_width=&#8221;0px&#8221; button_border_color=&#8221;#FFFFFF&#8221; button_border_radius=&#8221;0px&#8221; button_letter_spacing=&#8221;0px&#8221; button_font=&#8221;Roboto||||||||&#8221; button_icon=&#8221;%%28%%&#8221; button_icon_color=&#8221;#fc6900&#8243; hover_enabled=&#8221;0&#8243; sticky_enabled=&#8221;0&#8243;][\/et_pb_button][\/et_pb_column][\/et_pb_row][et_pb_row _builder_version=&#8221;4.7.4&#8243; _module_preset=&#8221;default&#8221;][et_pb_column type=&#8221;4_4&#8243; _builder_version=&#8221;4.7.4&#8243; _module_preset=&#8221;default&#8221;][et_pb_blurb title=&#8221;Exemples d&#8217;ing\u00e9nieurs Ensma&#8221; use_icon=&#8221;on&#8221; font_icon=&#8221;%%36%%&#8221; icon_color=&#8221;#fc6900&#8243; icon_placement=&#8221;left&#8221; content_max_width=&#8221;920px&#8221; _builder_version=&#8221;4.9.2&#8243; _module_preset=&#8221;default&#8221; header_font=&#8221;Roboto||||||||&#8221; header_text_color=&#8221;#fc6900&#8243; header_line_height=&#8221;1.6em&#8221; body_font=&#8221;Roboto||||||||&#8221; body_text_color=&#8221;#7f7f7f&#8221; body_font_size=&#8221;16px&#8221;][\/et_pb_blurb][et_pb_blog fullwidth=&#8221;off&#8221; posts_number=&#8221;4&#8243; include_categories=&#8221;42&#8243; meta_date=&#8221;j M Y&#8221; use_manual_excerpt=&#8221;off&#8221; excerpt_length=&#8221;0&#8243; show_more=&#8221;on&#8221; show_author=&#8221;off&#8221; show_categories=&#8221;off&#8221; _builder_version=&#8221;4.7.4&#8243; _module_preset=&#8221;default&#8221;][\/et_pb_blog][\/et_pb_column][\/et_pb_row][et_pb_row _builder_version=&#8221;4.7.4&#8243; _module_preset=&#8221;default&#8221; min_height=&#8221;42px&#8221; custom_margin=&#8221;19px||19px||true|false&#8221; custom_padding=&#8221;||||false|false&#8221;][et_pb_column type=&#8221;4_4&#8243; _builder_version=&#8221;4.7.4&#8243; _module_preset=&#8221;default&#8221;][et_pb_divider color=&#8221;#727272&#8243; divider_style=&#8221;dotted&#8221; divider_weight=&#8221;5px&#8221; _builder_version=&#8221;4.7.4&#8243; _module_preset=&#8221;default&#8221;][\/et_pb_divider][\/et_pb_column][\/et_pb_row][et_pb_row column_structure=&#8221;1_4,1_2,1_4&#8243; admin_label=&#8221;Image Row&#8221; _builder_version=&#8221;4.7.4&#8243; max_width=&#8221;1327px&#8221; custom_margin=&#8221;-45px|auto||auto|false|false&#8221; custom_padding=&#8221;2px|||||&#8221;][et_pb_column type=&#8221;1_4&#8243; _builder_version=&#8221;3.25&#8243; custom_padding=&#8221;|||&#8221; custom_padding__hover=&#8221;|||&#8221;][\/et_pb_column][et_pb_column type=&#8221;1_2&#8243; _builder_version=&#8221;3.25&#8243; custom_padding=&#8221;|||&#8221; custom_padding__hover=&#8221;|||&#8221;][et_pb_text _builder_version=&#8221;4.7.4&#8243; _module_preset=&#8221;default&#8221; text_font_size=&#8221;25px&#8221; header_2_line_height=&#8221;1.4em&#8221; custom_padding=&#8221;27px||27px||true|false&#8221; border_width_bottom=&#8221;1px&#8221; border_color_bottom=&#8221;#a5a5a5&#8243;]<\/p>\n<h2>Secteurs d&#8217;activit\u00e9<\/h2>\n<p>[\/et_pb_text][et_pb_text _builder_version=&#8221;4.7.4&#8243; _module_preset=&#8221;default&#8221; text_font=&#8221;Roboto||||||||&#8221; text_font_size=&#8221;16px&#8221;]<\/p>\n<p>Le choix du secteur a\u00e9ronautique\/a\u00e9rospatial est majoritaire, \u00e0 l\u2019image du souhait initial des \u00e9l\u00e8ves qui int\u00e8grent l\u2019ENSMA. En effet, l\u2019implantation de nos dipl\u00f4m\u00e9s est forte dans les industries de l\u2019a\u00e9ronautique et de l\u2019espace (60%), cependant le caract\u00e8re \u00e9tendu de la formation leur ouvre aussi d\u2019autres secteurs comme la m\u00e9canique et les transports terrestres (25%) , l\u2019\u00e9nergie (10%) et l\u2019informatique industrielle.<\/p>\n<p>Les dipl\u00f4m\u00e9s de l\u2019ENSMA sont recrut\u00e9s pour l\u2019essentiel dans les grands groupes nationaux et internationaux (EADS, SAFRAN, Airbus, Dassault, Renault, THALES, PSA, FRAMATOME, etc.) ou encore dans les entreprises prestataires de services qui leur sont associ\u00e9es (ALTRAN, Safran Engineering Services, Sogeti High Tech, etc.).<\/p>\n<p>[\/et_pb_text][et_pb_image src=&#8221;https:\/\/www-dev.ensma.fr\/wp-content\/uploads\/2020\/12\/Debouches-Ensma.png&#8221; title_text=&#8221;Debouches-Ensma&#8221; _builder_version=&#8221;4.7.4&#8243; _module_preset=&#8221;default&#8221;][\/et_pb_image][\/et_pb_column][et_pb_column type=&#8221;1_4&#8243; _builder_version=&#8221;3.25&#8243; custom_padding=&#8221;|||&#8221; custom_padding__hover=&#8221;|||&#8221;][\/et_pb_column][\/et_pb_row][et_pb_row _builder_version=&#8221;4.7.4&#8243; _module_preset=&#8221;default&#8221; min_height=&#8221;42px&#8221; custom_margin=&#8221;19px||19px||true|false&#8221; custom_padding=&#8221;||||false|false&#8221;][et_pb_column type=&#8221;4_4&#8243; _builder_version=&#8221;4.7.4&#8243; _module_preset=&#8221;default&#8221;][et_pb_divider color=&#8221;#727272&#8243; divider_style=&#8221;dotted&#8221; divider_weight=&#8221;5px&#8221; _builder_version=&#8221;4.7.4&#8243; _module_preset=&#8221;default&#8221;][\/et_pb_divider][\/et_pb_column][\/et_pb_row][et_pb_row column_structure=&#8221;1_4,1_2,1_4&#8243; admin_label=&#8221;Image Row&#8221; _builder_version=&#8221;4.7.4&#8243; max_width=&#8221;1327px&#8221; custom_margin=&#8221;-45px|auto||auto|false|false&#8221; custom_padding=&#8221;2px|||||&#8221;][et_pb_column type=&#8221;1_4&#8243; _builder_version=&#8221;3.25&#8243; custom_padding=&#8221;|||&#8221; custom_padding__hover=&#8221;|||&#8221;][\/et_pb_column][et_pb_column type=&#8221;1_2&#8243; _builder_version=&#8221;3.25&#8243; custom_padding=&#8221;|||&#8221; custom_padding__hover=&#8221;|||&#8221;][et_pb_text _builder_version=&#8221;4.7.4&#8243; _module_preset=&#8221;default&#8221; text_font_size=&#8221;25px&#8221; header_2_line_height=&#8221;1.4em&#8221; custom_padding=&#8221;27px||27px||true|false&#8221; border_width_bottom=&#8221;1px&#8221; border_color_bottom=&#8221;#a5a5a5&#8243;]<\/p>\n<h2>Nature du travail effectu\u00e9<\/h2>\n<p>[\/et_pb_text][et_pb_text _builder_version=&#8221;4.7.4&#8243; _module_preset=&#8221;default&#8221; text_font=&#8221;Roboto||||||||&#8221; text_font_size=&#8221;16px&#8221;]<\/p>\n<p>La formation d\u00e9livr\u00e9e \u00e0 l\u2019ENSMA permet aux jeunes ing\u00e9nieurs de s\u2019orienter vers des fonctions types bureaux d\u2019\u00e9tudes, recherche et d\u00e9veloppement pour l\u2019essentiel dans les secteurs des industries de transports a\u00e9ronautiques et terrestres.<br \/>Au d\u00e9but de leur carri\u00e8re, plus de 80% des ing\u00e9nieurs ENSMA ont des activit\u00e9s type bureaux d\u2019\u00e9tudes, recherche et d\u00e9veloppement, pour lesquels ils ont \u00e9t\u00e9 essentiellement form\u00e9s. Ils sont 6% en moyenne \u00e0 travailler en production, et un peu moins de 3% dans le domaine technico-commercial<\/p>\n<p>[\/et_pb_text][et_pb_image src=&#8221;https:\/\/www-dev.ensma.fr\/wp-content\/uploads\/2020\/12\/Travail-effectue-ensma.png&#8221; title_text=&#8221;Travail effectue ensma&#8221; _builder_version=&#8221;4.7.4&#8243; _module_preset=&#8221;default&#8221;][\/et_pb_image][\/et_pb_column][et_pb_column type=&#8221;1_4&#8243; _builder_version=&#8221;3.25&#8243; custom_padding=&#8221;|||&#8221; custom_padding__hover=&#8221;|||&#8221;][\/et_pb_column][\/et_pb_row][\/et_pb_section]<\/p>\n","protected":false},"excerpt":{"rendered":"<p>Master TATLe m\u00e9tier d&#8217;ing\u00e9nieurSi \u00eatre ing\u00e9nieur est une fonction, ce sont en fait plusieurs m\u00e9tiers qui s\u2019offrent \u00e0 vous\u00a0: chef de projet, achats, logistique, qualit\u00e9, recherche et d\u00e9veloppement, \u00e9tudes, m\u00e9thodes, production, technico-commercial, affaires, maintenance, exploitation\u2026 L\u2019ing\u00e9nieur ENSMA a un profil principalement orient\u00e9 vers la conception (recherche et d\u00e9veloppement, bureau d\u2019\u00e9tudes) pour les industries de l\u2019a\u00e9ronautique [&hellip;]<\/p>\n","protected":false},"author":30,"featured_media":0,"parent":13974,"menu_order":0,"comment_status":"closed","ping_status":"closed","template":"","meta":{"_et_pb_use_builder":"on","_et_pb_old_content":"","_et_gb_content_width":"","footnotes":""},"class_list":["post-14005","page","type-page","status-publish","hentry"],"_links":{"self":[{"href":"https:\/\/www.ensma.fr\/en\/wp-json\/wp\/v2\/pages\/14005","targetHints":{"allow":["GET"]}}],"collection":[{"href":"https:\/\/www.ensma.fr\/en\/wp-json\/wp\/v2\/pages"}],"about":[{"href":"https:\/\/www.ensma.fr\/en\/wp-json\/wp\/v2\/types\/page"}],"author":[{"embeddable":true,"href":"https:\/\/www.ensma.fr\/en\/wp-json\/wp\/v2\/users\/30"}],"replies":[{"embeddable":true,"href":"https:\/\/www.ensma.fr\/en\/wp-json\/wp\/v2\/comments?post=14005"}],"version-history":[{"count":6,"href":"https:\/\/www.ensma.fr\/en\/wp-json\/wp\/v2\/pages\/14005\/revisions"}],"predecessor-version":[{"id":16494,"href":"https:\/\/www.ensma.fr\/en\/wp-json\/wp\/v2\/pages\/14005\/revisions\/16494"}],"up":[{"embeddable":true,"href":"https:\/\/www.ensma.fr\/en\/wp-json\/wp\/v2\/pages\/13974"}],"wp:attachment":[{"href":"https:\/\/www.ensma.fr\/en\/wp-json\/wp\/v2\/media?parent=14005"}],"curies":[{"name":"wp","href":"https:\/\/api.w.org\/{rel}","templated":true}]}}