{"id":14202,"date":"2013-10-03T09:00:16","date_gmt":"2013-10-03T08:00:16","guid":{"rendered":"https:\/\/www-dev.ensma.fr\/telecharger\/"},"modified":"2024-02-14T11:41:12","modified_gmt":"2024-02-14T10:41:12","slug":"documents-and-videos","status":"publish","type":"page","link":"https:\/\/www.ensma.fr\/en\/documents-and-videos\/","title":{"rendered":"Documents and videos"},"content":{"rendered":"<p>[et_pb_section fb_built=&#8221;1&#8243; _builder_version=&#8221;4.16&#8243; background_color=&#8221;RGBA(0,0,0,0)&#8221; use_background_color_gradient=&#8221;on&#8221; background_color_gradient_direction=&#8221;95deg&#8221; background_color_gradient_stops=&#8221;rgba(0,0,0,0) 20%|#ffffff 20%&#8221; background_color_gradient_overlays_image=&#8221;on&#8221; background_color_gradient_start=&#8221;rgba(0,0,0,0)&#8221; background_color_gradient_start_position=&#8221;20%&#8221; background_color_gradient_end=&#8221;#ffffff&#8221; background_color_gradient_end_position=&#8221;17%&#8221; background_image=&#8221;https:\/\/www.ensma.fr\/wp-content\/uploads\/2021\/05\/cover_plaquette21_web.jpg&#8221; background_size=&#8221;contain&#8221; background_position=&#8221;top_left&#8221; custom_padding=&#8221;|||&#8221; locked=&#8221;off&#8221; global_colors_info=&#8221;{}&#8221;][et_pb_row _builder_version=&#8221;4.16&#8243; global_colors_info=&#8221;{}&#8221;][et_pb_column type=&#8221;4_4&#8243; _builder_version=&#8221;4.16&#8243; custom_padding=&#8221;|||&#8221; global_colors_info=&#8221;{}&#8221; custom_padding__hover=&#8221;|||&#8221;][et_pb_text _builder_version=&#8221;4.16&#8243; text_font=&#8221;Roboto|500|||||||&#8221; text_text_color=&#8221;#939393&#8243; text_font_size=&#8221;21px&#8221; text_line_height=&#8221;2em&#8221; quote_font=&#8221;||||||||&#8221; header_font=&#8221;||||||||&#8221; header_2_font=&#8221;Rubik|700|||||||&#8221; header_2_font_size=&#8221;40px&#8221; header_2_line_height=&#8221;1.4em&#8221; header_3_text_align=&#8221;right&#8221; header_3_text_color=&#8221;#757575&#8243; header_3_font_size=&#8221;39px&#8221; header_5_font=&#8221;Rubik|700||on|||||&#8221; header_5_letter_spacing=&#8221;5px&#8221; header_5_line_height=&#8221;1.2em&#8221; text_orientation=&#8221;right&#8221; background_layout=&#8221;dark&#8221; max_width=&#8221;600px&#8221; max_width_tablet=&#8221;&#8221; max_width_phone=&#8221;&#8221; max_width_last_edited=&#8221;on|phone&#8221; custom_margin=&#8221;|||&#8221; custom_margin_tablet=&#8221;|70px||70px&#8221; custom_margin_phone=&#8221;|50px||50px&#8221; custom_margin_last_edited=&#8221;off|desktop&#8221; custom_padding=&#8221;|||&#8221; text_line_height_last_edited=&#8221;off|desktop&#8221; header_2_font_size_tablet=&#8221;&#8221; header_2_font_size_phone=&#8221;30px&#8221; header_2_font_size_last_edited=&#8221;on|phone&#8221; global_colors_info=&#8221;{}&#8221;]<\/p>\n<p>&nbsp;<\/p>\n<h3>Downloads<\/h3>\n<p>[\/et_pb_text][\/et_pb_column][\/et_pb_row][et_pb_row _builder_version=&#8221;4.16&#8243; _module_preset=&#8221;default&#8221; width=&#8221;54%&#8221; global_colors_info=&#8221;{}&#8221;][et_pb_column type=&#8221;4_4&#8243; _builder_version=&#8221;4.16&#8243; _module_preset=&#8221;default&#8221; global_colors_info=&#8221;{}&#8221;][et_pb_toggle title=&#8221;School brochures&#8221; _builder_version=&#8221;4.21.0&#8243; _module_preset=&#8221;default&#8221; link_option_url=&#8221;\/wp-content\/uploads\/2020\/06\/plaquette-ISAE-ENSMA-2020_fran%C3%A7aise.pdf&#8221; global_colors_info=&#8221;{}&#8221;]<\/p>\n<p><a href=\"https:\/\/www.ensma.fr\/wp-content\/uploads\/2023\/06\/plaquette-eleves-ISAE-ENSMA-2023.pdf\" target=\"_blank\" rel=\"noopener\">Plaquette \u00e9l\u00e8ves ISAE-ENSMA 2023<\/a><\/p>\n<p><a href=\"https:\/\/www.ensma.fr\/wp-content\/uploads\/2023\/06\/depliant-Groupe-ISAE-2023.pdf\" target=\"_blank\" rel=\"noopener\">Brochure Groupe ISAE 2023<\/a><\/p>\n<p><a href=\"https:\/\/www.ensma.fr\/wp-content\/uploads\/2021\/05\/livret-formation-ISAE-ENSMA-2020-2021.pdf\" target=\"_blank\" rel=\"noopener\">Livret formation ISAE-ENSMA 2020-2021<\/a><\/p>\n<p><a href=\"https:\/\/www.ensma.fr\/wp-content\/uploads\/2023\/06\/depliant-ISAE-ENSMA.pdf\" target=\"_blank\" rel=\"noopener\">D\u00e9pliant Groupe ISAE<\/a><\/p>\n<p>[\/et_pb_toggle][et_pb_toggle title=&#8221;International&#8221; _builder_version=&#8221;4.24.0&#8243; _module_preset=&#8221;default&#8221; link_option_url=&#8221;\/wp-content\/uploads\/2020\/06\/plaquette-ISAE-ENSMA-2020_fran%C3%A7aise.pdf&#8221; hover_enabled=&#8221;0&#8243; global_colors_info=&#8221;{}&#8221; sticky_enabled=&#8221;0&#8243;]<\/p>\n<p><a href=\"\/wp-content\/uploads\/2020\/06\/plaquette-ISAE-ENSMA-2020_anglaise_web.pdf\" target=\"_blank\" rel=\"noopener\">Brochure ISAE-ENSMA<\/a><\/p>\n<p><a href=\"\/wp-content\/uploads\/2019\/09\/International-Guide-2019-English-version.pdf\" target=\"_blank\" rel=\"noopener noreferrer\"><\/a><a href=\"https:\/\/www.ensma.fr\/wp-content\/uploads\/2024\/02\/International-Guide-2024.pdf\" rel=\"attachment wp-att-24291\">International Guide 2024<\/a><\/p>\n<p>&nbsp;<\/p>\n<p>[\/et_pb_toggle][et_pb_toggle title=&#8221;Activity report&#8221; _builder_version=&#8221;4.21.0&#8243; _module_preset=&#8221;default&#8221; link_option_url=&#8221;\/wp-content\/uploads\/2020\/06\/plaquette-ISAE-ENSMA-2020_fran%C3%A7aise.pdf&#8221; global_colors_info=&#8221;{}&#8221;]<\/p>\n<p><a href=\"https:\/\/www.ensma.fr\/wp-content\/uploads\/2023\/07\/rapport-ENSMA-2022_vfinale-modifiee_07-07-2023_web.pdf\" target=\"_blank\" rel=\"noopener\">Rapport d&#8217;activit\u00e9s ISAE-ENSMA 2022<\/a><\/p>\n<p><a href=\"https:\/\/www.ensma.fr\/wp-content\/uploads\/2022\/06\/rapport-ENSMA-2020-21_version-finale.pdf\" target=\"_blank\" rel=\"noopener\">Rapport d&#8217;activit\u00e9s ISAE-ENSMA 2020 et 2021<\/a><\/p>\n<p><a href=\"\/wp-content\/uploads\/2021\/05\/rapport-activites-ISAE-ENSMA-2019.pdf\" rel=\"attachment noopener wp-att-13385\" target=\"_blank\">Rapport d&#8217;activit\u00e9s ISAE-ENSMA 2019<\/a><\/p>\n<p><a href=\"\/wp-content\/uploads\/2020\/06\/rapport-ENSMA-2018.pdf\" target=\"_blank\" rel=\"noopener\">Rapport d\u2019activit\u00e9s ISAE-ENSMA 2018<\/a><\/p>\n<p><a href=\"\/wp-content\/uploads\/2018\/07\/rapport-2017-web-avec-liens.pdf\" target=\"_blank\" rel=\"noopener noreferrer\">Rapport d\u2019activit\u00e9s ISAE-ENSMA 2017<\/a><\/p>\n<p>[\/et_pb_toggle][et_pb_toggle title=&#8221;Social report&#8221; _builder_version=&#8221;4.23.1&#8243; _module_preset=&#8221;default&#8221; link_option_url=&#8221;\/wp-content\/uploads\/2020\/06\/plaquette-ISAE-ENSMA-2020_fran%C3%A7aise.pdf&#8221; global_colors_info=&#8221;{}&#8221;]<\/p>\n<div class=\"learn-more-content\" style=\"visibility: visible;\">\n<p><a href=\"https:\/\/www.ensma.fr\/wp-content\/uploads\/2023\/12\/2023-Rapport-Social-Unique-2022.pdf\" target=\"_blank\" rel=\"noopener\">Bilan social 2022<\/a><\/p>\n<p><a href=\"https:\/\/www.ensma.fr\/wp-content\/uploads\/2022\/12\/Point-11-2022_12_17_Rapport-Social-Unique-2021.pdf\" target=\"_blank\" rel=\"noopener\">Bilan social 2021<\/a><\/p>\n<p><a href=\"https:\/\/www.ensma.fr\/wp-content\/uploads\/2022\/05\/Rapport-Social-Unique-2020.pdf\" target=\"_blank\" rel=\"noopener\">Bilan social 2020<\/a><\/p>\n<p><a href=\"\/wp-content\/uploads\/2020\/10\/Bilan_Social_2019.pdf\" target=\"_blank\" rel=\"noopener\">Bilan Social 2019<\/a><\/p>\n<p><a href=\"\/wp-content\/uploads\/2019\/08\/Bilan-Social-2018.pdf\" target=\"_blank\" rel=\"noopener\">Bilan Social 2018<\/a><\/p>\n<\/div>\n<p>[\/et_pb_toggle][et_pb_toggle title=&#8221;Graduation videos&#8221; _builder_version=&#8221;4.21.0&#8243; _module_preset=&#8221;default&#8221; link_option_url=&#8221;\/wp-content\/uploads\/2020\/06\/plaquette-ISAE-ENSMA-2020_fran%C3%A7aise.pdf&#8221; global_colors_info=&#8221;{}&#8221;]<\/p>\n<div class=\"learn-more-content\" style=\"visibility: visible;\">\n<div class=\"learn-more-content\" style=\"visibility: visible;\">\n<p><strong>RDD 2023 Promo 2022 en haute d\u00e9finition<\/strong><\/p>\n<p><a href=\"https:\/\/cloud.ensma.fr\/s\/77skoTT8nqmnKyM\">Spectacle RDD 2023 partie 1<\/a> \u2013 (2,6 GB)<\/p>\n<p><a href=\"https:\/\/cloud.ensma.fr\/s\/Yxp5NWpezGfgZ99\">Spectacle RDD 2023 partie 2 <\/a>\u2013 (2,7 GB)<\/p>\n<p><a href=\"https:\/\/cloud.ensma.fr\/s\/QM6HSaKRfkLWf6C\">Pubs RDD 2023 <\/a>\u2013 (878,6 MB)<\/p>\n<p><a href=\"https:\/\/cloud.ensma.fr\/s\/QcrTfYp4gDx2EdM\">Youtube de profs RDD 2023<\/a> \u2013 (1,3 GB)<\/p>\n<p><a href=\"https:\/\/cloud.ensma.fr\/s\/jLmDizDdz2jF8Bo\">Retrospective RDD 2023<\/a> \u2013 (870,8 MB)<\/p>\n<p><a href=\"https:\/\/cloud.ensma.fr\/s\/SgWftS5nXXwtQ7i\">Into RDD 2023 <\/a>\u2013 (1,3 GB)<\/p>\n<p><a href=\"https:\/\/cloud.ensma.fr\/s\/fgwEqmWAHG6Praa\">Remise des dipl\u00f4mes RDD 2023 <\/a>\u2013 (865,3 MB)<\/p>\n<p><strong>RDD 2022 Promo 2021 en haute d\u00e9finition<\/strong><\/p>\n<p><a href=\"https:\/\/cloud.ensma.fr\/s\/7gfjHnfff2jt5wL\" target=\"_blank\" rel=\"noopener\">Spectacle RDD 2022 partie 1<\/a><\/p>\n<p><a href=\"https:\/\/cloud.ensma.fr\/s\/NANqzYqpkMePmiD\" target=\"_blank\" rel=\"noopener\">Spectacle RDD 2022 partie 2<\/a><\/p>\n<p><a href=\"https:\/\/cloud.ensma.fr\/s\/PpcGstdHAPyGmW6\" target=\"_blank\" rel=\"noopener\">Spectacle RDD 2022 partie 3<\/a><\/p>\n<p><a href=\"https:\/\/cloud.ensma.fr\/s\/xm7xqaMXSGjqRDp\" target=\"_blank\" rel=\"noopener\">Spectacle RDD 2022 partie 4<\/a><\/p>\n<p><a href=\"https:\/\/cloud.ensma.fr\/s\/gfj2EYRsoRPFw84\" target=\"_blank\" rel=\"noopener\">Pubs RDD 2022<\/a><\/p>\n<p><a href=\"https:\/\/cloud.ensma.fr\/s\/LtwNp5jtrGNK3ZT\" target=\"_blank\" rel=\"noopener\">ENSZAPPING<\/a><\/p>\n<p><a href=\"https:\/\/cloud.ensma.fr\/s\/FgbKxznD2KA7TeP\" target=\"_blank\" rel=\"noopener\">La remise des dipl\u00f4mes<\/a><\/p>\n<p><strong><span class=\"\" style=\"color: #666666;\">Graduation ceremony 2021 &#8211; 2020 Class &#8211; in HD<\/span><\/strong><\/p>\n<p><a href=\"https:\/\/cloud.ensma.fr\/s\/QBYbXxTrdaa3kWk\" target=\"_blank\" rel=\"noopener\">Spectacle RDD Partie 1<\/a><\/p>\n<p><a href=\"https:\/\/cloud.ensma.fr\/s\/iBXxxFZDgKHKZnd\" target=\"_blank\" rel=\"noopener\">Spectacle RDD Partie 2<\/a><\/p>\n<p><a href=\"https:\/\/cloud.ensma.fr\/s\/tDfqnfcEKwCZwZp\" target=\"_blank\" rel=\"noopener\">Spectacle RDD Partie 3<\/a><\/p>\n<p><a href=\"https:\/\/cloud.ensma.fr\/s\/KkQW8m2ftNb7t92\" target=\"_blank\" rel=\"noopener\">Discours Roland Fortunier et Vincent Garnier<\/a><\/p>\n<p><a href=\"https:\/\/cloud.ensma.fr\/s\/iFcNAxm7mxAdfXL\" target=\"_blank\" rel=\"noopener\">Discours Herv\u00e9 Stevenin<\/a><\/p>\n<p><a href=\"https:\/\/cloud.ensma.fr\/s\/CkpixLPSP876WML\" target=\"_blank\" rel=\"noopener\">Discours Chantal Gresillon<\/a><\/p>\n<p><a href=\"https:\/\/cloud.ensma.fr\/s\/LX7LykE3kXmNacA\" target=\"_blank\" rel=\"noopener\">Pubs<\/a><\/p>\n<p><a href=\"https:\/\/cloud.ensma.fr\/s\/cmdNSHECwSATegy\" target=\"_blank\" rel=\"noopener\">Clash des Options<\/a><\/p>\n<p><a href=\"https:\/\/cloud.ensma.fr\/s\/76TwwCsC34fCGAZ\" target=\"_blank\" rel=\"noopener\">Fansmare<\/a><\/p>\n<p><strong><span class=\"\" style=\"color: #666666;\">Graduation ceremony 2020 &#8211; 2019 Class &#8211; in HD<\/span><\/strong><\/p>\n<p><a href=\"https:\/\/cloud.ensma.fr\/s\/pxqTLjmb3jrqrL2\" target=\"_blank\" rel=\"noopener\">Spectacle RDD Partie 1<\/a><\/p>\n<p><a href=\"https:\/\/cloud.ensma.fr\/s\/ke3C49FXMbciNYf\" target=\"_blank\" rel=\"noopener\">Spectacle RDD Partie 2<\/a><\/p>\n<p><a href=\"https:\/\/cloud.ensma.fr\/s\/b3sCHWpNMxXztrm\" target=\"_blank\" rel=\"noopener\">Spectacle Gala ISAE-ENSMA 2020<\/a><\/p>\n<p><a href=\"https:\/\/cloud.ensma.fr\/s\/aZEgHSt4LAJmfbP\" target=\"_blank\" rel=\"noopener\">Les Pubs<\/a><\/p>\n<p><a href=\"https:\/\/cloud.ensma.fr\/s\/sZpBANmGW3kMxF2\" target=\"_blank\" rel=\"noopener\">Zapping + Hit Machine<\/a><\/p>\n<p><a href=\"https:\/\/cloud.ensma.fr\/s\/BZfemmGZPRCTeQj\" target=\"_blank\" rel=\"noopener\">La Chanson \u2013 Rock Celtic<\/a><\/p>\n<p><a href=\"https:\/\/cloud.ensma.fr\/s\/q5QWPNAHFFZ6t65\" target=\"_blank\" rel=\"noopener\">La Fansmare<\/a><\/p>\n<p><a href=\"https:\/\/cloud.ensma.fr\/s\/zkSCoJbfP8cdiDi\" target=\"_blank\" rel=\"noopener\">Dance<\/a><\/p>\n<p><a href=\"https:\/\/cloud.ensma.fr\/s\/t4dxtKoFnKLfiaE\" target=\"_blank\" rel=\"noopener\">La r\u00e9tro 2020<\/a><\/p>\n<p><strong><\/strong><strong><span class=\"\" style=\"color: #666666;\">Graduation ceremony 2019 &#8211; 2018 Class &#8211; in HD<\/span><\/strong><\/p>\n<p><a href=\"https:\/\/cloud.ensma.fr\/index.php\/s\/iA9kQyc4qQ5Nent\">Spectacle RDD Partie 1 <\/a><\/p>\n<p><a href=\"https:\/\/cloud.ensma.fr\/index.php\/s\/3iqnzRE57xjmyxG\">Spectacle RDD Partie 2 <\/a><\/p>\n<p><a href=\"https:\/\/cloud.ensma.fr\/index.php\/s\/nXCXQB7aE4TQHz3\">La Fansmare+PomPomGirl\u00a0\u00a0<\/a><\/p>\n<p><a href=\"https:\/\/cloud.ensma.fr\/index.php\/s\/39GpA3ABoMccode\">La remise des Dipl\u00f4mes<\/a> <a href=\"https:\/\/cloud.ensma.fr\/index.php\/s\/39GpA3ABoMccode\">promo 2018\u00a0\u00a0<\/a><\/p>\n<p><a href=\"https:\/\/cloud.ensma.fr\/index.php\/s\/M5eXEdYaHcRtMFf\">Pub Partie 1 <\/a><\/p>\n<p><a href=\"https:\/\/cloud.ensma.fr\/index.php\/s\/5F44rwQHjdPQA6G\">Pub Partie 2 <\/a><\/p>\n<p><a href=\"https:\/\/cloud.ensma.fr\/index.php\/s\/yagSB8MDBzbTqqB\">Discours Francis Carla (2019) <\/a><\/p>\n<p><a href=\"https:\/\/cloud.ensma.fr\/index.php\/s\/TxmJfSJWsJD8qTL\">Discours Vincent Garnier (2019) <\/a><\/p>\n<p><a href=\"https:\/\/cloud.ensma.fr\/index.php\/s\/As873FKa25rHsY3\">Discours Roland Fortunier (2019) <\/a><\/p>\n<p><a href=\"https:\/\/cloud.ensma.fr\/index.php\/s\/k3rSkN8g4JHDMaE\">Discours G\u00e9rard Darteyre (2019)\u00a0\u00a0<\/a><\/p>\n<p><strong><span class=\"\" style=\"color: #666666;\">Graduation ceremony 2018 &#8211; 2017 Class &#8211; in HD<\/span><\/strong><\/p>\n<p><a href=\"https:\/\/cloud.ensma.fr\/index.php\/s\/tmyYPNZBrBZtH6o\">Spectacle RDD Partie 1\u00a0\u00a0<\/a><\/p>\n<p><a href=\"https:\/\/cloud.ensma.fr\/index.php\/s\/qzx6S5gQe3Xjeyb\">Spectacle RDD Partie 2<\/a><\/p>\n<p><a href=\"https:\/\/cloud.ensma.fr\/index.php\/s\/K5deFasJiqDRLdj\">La remise des dipl\u00f4mes promo 2017<\/a><\/p>\n<p><a href=\"https:\/\/cloud.ensma.fr\/index.php\/s\/7qHWPxZ3ApJLgzz\">Pub partie 1 et 2<\/a><\/p>\n<p><a href=\"https:\/\/cloud.ensma.fr\/index.php\/s\/33QcKF4MNWjX3w4\">La Fansmare<\/a><\/p>\n<p><a href=\"https:\/\/cloud.ensma.fr\/index.php\/s\/zr35izgWxJ5GbMy\">Discours Chantal Gresillion (2018)<\/a><\/p>\n<p><a href=\"https:\/\/cloud.ensma.fr\/index.php\/s\/Y7PcH5JidtGDSNd\">Discours Roland Fortunier (2018)<\/a><\/p>\n<p><a href=\"https:\/\/cloud.ensma.fr\/index.php\/s\/pkAx8EPqTMA5PtL\">Discours Vincent Garnier (2018)<\/a><\/p>\n<p><strong><span class=\"\" style=\"color: #666666;\">Graduation ceremony 2017 &#8211; 2016 Class &#8211; in HD<\/span><\/strong><\/p>\n<p><a href=\"https:\/\/cloud.ensma.fr\/index.php\/s\/WqgPcDt8PHcdQQy\">Spectacle RDD Partie 1<\/a><\/p>\n<p><a href=\"https:\/\/cloud.ensma.fr\/index.php\/s\/sjSHSTXGsFKiJrx\">Spectacle RDD Partie 2<\/a><\/p>\n<p><a href=\"https:\/\/cloud.ensma.fr\/index.php\/s\/ET5kXTRTHy3Z6qq\">La remise des dipl\u00f4mes promo 2016<\/a><\/p>\n<p><a href=\"https:\/\/cloud.ensma.fr\/index.php\/s\/oEq5xpCapCKQDLS\">S\u00e9rie Pub<\/a><\/p>\n<p><a href=\"https:\/\/cloud.ensma.fr\/index.php\/s\/KFxdi52gW9rFEXG\">Discours Francis Cottet (2017)<\/a><\/p>\n<p><a href=\"https:\/\/cloud.ensma.fr\/index.php\/s\/7DHaXPAX5AdzjQX\">Discours Vincent Garnier (2017)<\/a><\/p>\n<p><a href=\"https:\/\/cloud.ensma.fr\/index.php\/s\/JGr94j3McyQPCT5\">Discours Pierre Dupont (2017)<\/a><\/p>\n<p><strong><span class=\"\" style=\"color: #666666;\">Graduation ceremony 2016 &#8211; 2015 Class &#8211; in<\/span> DV mp4 <\/strong><\/p>\n<p><a href=\"https:\/\/cloud.ensma.fr\/index.php\/s\/LZCKrxBzbcZ6zrM\">La RDD 2016 Promo 2015 Partie 1<\/a><\/p>\n<p><a href=\"https:\/\/cloud.ensma.fr\/index.php\/s\/WDiwQkqFGzNFbd3\">La RDD 2016 Promo 2015 Partie 2<\/a><\/p>\n<\/div>\n<\/div>\n<p>[\/et_pb_toggle][et_pb_toggle title=&#8221;70th anniversary&#8221; _builder_version=&#8221;4.16&#8243; _module_preset=&#8221;default&#8221; link_option_url=&#8221;\/wp-content\/uploads\/2020\/06\/plaquette-ISAE-ENSMA-2020_fran%C3%A7aise.pdf&#8221; global_colors_info=&#8221;{}&#8221;]<\/p>\n<div class=\"learn-more-content\" style=\"visibility: visible;\">\n<div class=\"learn-more-content\" style=\"visibility: visible;\">\n<p><a href=\"\/wp-content\/uploads\/2018\/07\/flyer-70-ans-ENSMA_web.pdf\" target=\"_blank\" rel=\"noopener noreferrer\">Flyer 70 ans ISAE-ENSMA<\/a><\/p>\n<p><a href=\"\/wp-content\/uploads\/2020\/06\/ENSMA-Info-70-ans.pdf\" target=\"_blank\" rel=\"noopener\">ENSMA Info sp\u00e9cial 70 ans<\/a><\/p>\n<\/div>\n<\/div>\n<p>[\/et_pb_toggle][\/et_pb_column][\/et_pb_row][\/et_pb_section]<\/p>\n","protected":false},"excerpt":{"rendered":"<p>&nbsp; DownloadsPlaquette \u00e9l\u00e8ves ISAE-ENSMA 2023 Brochure Groupe ISAE 2023 Livret formation ISAE-ENSMA 2020-2021 D\u00e9pliant Groupe ISAEBrochure ISAE-ENSMA International Guide 2024 &nbsp;Rapport d&#8217;activit\u00e9s ISAE-ENSMA 2022 Rapport d&#8217;activit\u00e9s ISAE-ENSMA 2020 et 2021 Rapport d&#8217;activit\u00e9s ISAE-ENSMA 2019 Rapport d\u2019activit\u00e9s ISAE-ENSMA 2018 Rapport d\u2019activit\u00e9s ISAE-ENSMA 2017 Bilan social 2022 Bilan social 2021 Bilan social 2020 Bilan Social 2019 Bilan [&hellip;]<\/p>\n","protected":false},"author":6,"featured_media":10406,"parent":0,"menu_order":0,"comment_status":"open","ping_status":"open","template":"","meta":{"_et_pb_use_builder":"on","_et_pb_old_content":"","_et_gb_content_width":"","footnotes":""},"class_list":["post-14202","page","type-page","status-publish","has-post-thumbnail","hentry"],"_links":{"self":[{"href":"https:\/\/www.ensma.fr\/en\/wp-json\/wp\/v2\/pages\/14202","targetHints":{"allow":["GET"]}}],"collection":[{"href":"https:\/\/www.ensma.fr\/en\/wp-json\/wp\/v2\/pages"}],"about":[{"href":"https:\/\/www.ensma.fr\/en\/wp-json\/wp\/v2\/types\/page"}],"author":[{"embeddable":true,"href":"https:\/\/www.ensma.fr\/en\/wp-json\/wp\/v2\/users\/6"}],"replies":[{"embeddable":true,"href":"https:\/\/www.ensma.fr\/en\/wp-json\/wp\/v2\/comments?post=14202"}],"version-history":[{"count":15,"href":"https:\/\/www.ensma.fr\/en\/wp-json\/wp\/v2\/pages\/14202\/revisions"}],"predecessor-version":[{"id":24312,"href":"https:\/\/www.ensma.fr\/en\/wp-json\/wp\/v2\/pages\/14202\/revisions\/24312"}],"wp:featuredmedia":[{"embeddable":true,"href":"https:\/\/www.ensma.fr\/en\/wp-json\/wp\/v2\/media\/10406"}],"wp:attachment":[{"href":"https:\/\/www.ensma.fr\/en\/wp-json\/wp\/v2\/media?parent=14202"}],"curies":[{"name":"wp","href":"https:\/\/api.w.org\/{rel}","templated":true}]}}