{"id":16149,"date":"2021-05-18T22:29:18","date_gmt":"2021-05-18T21:29:18","guid":{"rendered":"https:\/\/www.ensma.fr\/international-students\/ecoles\/"},"modified":"2023-05-03T14:01:39","modified_gmt":"2023-05-03T13:01:39","slug":"schools","status":"publish","type":"page","link":"https:\/\/www.ensma.fr\/en\/international-students\/schools\/","title":{"rendered":"International students Schools"},"content":{"rendered":"<p>[et_pb_section fb_built=&#8221;1&#8243; disabled_on=&#8221;off|off|off&#8221; _builder_version=&#8221;4.16&#8243; background_color=&#8221;RGBA(0,0,0,0)&#8221; use_background_color_gradient=&#8221;on&#8221; background_color_gradient_direction=&#8221;95deg&#8221; background_color_gradient_stops=&#8221;rgba(0,0,0,0) 20%|#ffffff 20%&#8221; background_color_gradient_overlays_image=&#8221;on&#8221; background_color_gradient_start=&#8221;rgba(0,0,0,0)&#8221; background_color_gradient_start_position=&#8221;20%&#8221; background_color_gradient_end=&#8221;#ffffff&#8221; background_color_gradient_end_position=&#8221;17%&#8221; background_image=&#8221;https:\/\/www.ensma.fr\/wp-content\/uploads\/2021\/05\/cover_plaquette21_web.jpg&#8221; background_position=&#8221;top_left&#8221; custom_padding=&#8221;||1px|||&#8221; background_last_edited=&#8221;on|phone&#8221; use_background_color_gradient_phone=&#8221;off&#8221; background_enable_image_tablet=&#8221;off&#8221; locked=&#8221;off&#8221; global_colors_info=&#8221;{}&#8221;][et_pb_row column_structure=&#8221;1_4,1_2,1_4&#8243; admin_label=&#8221;Image Row&#8221; _builder_version=&#8221;4.16&#8243; max_width=&#8221;1327px&#8221; custom_padding=&#8221;||0px|||&#8221; global_colors_info=&#8221;{}&#8221;][et_pb_column type=&#8221;1_4&#8243; _builder_version=&#8221;4.16&#8243; custom_padding=&#8221;|||&#8221; global_colors_info=&#8221;{}&#8221; custom_padding__hover=&#8221;|||&#8221;][et_pb_cta title=&#8221;System of French engineering schools&#8221; _builder_version=&#8221;4.16&#8243; _module_preset=&#8221;default&#8221; header_font_size=&#8221;24px&#8221; header_line_height=&#8221;1.3em&#8221; background_color=&#8221;#2b87da&#8221; custom_padding=&#8221;20px||5px|||&#8221; global_colors_info=&#8221;{}&#8221;][\/et_pb_cta][\/et_pb_column][et_pb_column type=&#8221;1_2&#8243; _builder_version=&#8221;4.16&#8243; custom_padding=&#8221;|||&#8221; global_colors_info=&#8221;{}&#8221; custom_padding__hover=&#8221;|||&#8221;][et_pb_text _builder_version=&#8221;4.16&#8243; _module_preset=&#8221;default&#8221; text_text_color=&#8221;#757575&#8243; text_font_size=&#8221;25px&#8221; custom_padding=&#8221;42px||42px||true|false&#8221; border_width_bottom=&#8221;1px&#8221; border_color_bottom=&#8221;#a5a5a5&#8243; global_colors_info=&#8221;{}&#8221;]<\/p>\n<p>Things to know<\/p>\n<p>[\/et_pb_text][et_pb_blurb title=&#8221;Admission to the French Grandes Ecoles&#8221; use_icon=&#8221;on&#8221; font_icon=&#8221;&#x45;||divi||400&#8243; icon_color=&#8221;#0c71c3&#8243; icon_placement=&#8221;left&#8221; content_max_width=&#8221;658px&#8221; _builder_version=&#8221;4.16&#8243; _module_preset=&#8221;default&#8221; header_font=&#8221;Roboto||||||||&#8221; header_text_color=&#8221;#0c71c3&#8243; body_font=&#8221;Roboto||||||||&#8221; body_text_color=&#8221;#7f7f7f&#8221; body_font_size=&#8221;16px&#8221; width=&#8221;100%&#8221; custom_margin=&#8221;||18px|-1px|false|false&#8221; custom_padding=&#8221;||||false|false&#8221; global_colors_info=&#8221;{}&#8221;]<\/p>\n<p>The <em>Grandes Ecoles<\/em>, at the highest level of French higher education, represent a specificity of the educational system which is not very much known abroad. They are very selective and prestigious schools of higher education. These institutions some of which are linked to universities, exist in the engineering, agricultural, applied and physical sciences, the humanities, the social sciences, management, and so on.<\/p>\n<p>Students usually enrol after the competitive entrance examination. The enrolment concerns those French students who have consistently obtained the highest grades throughout the last few years of their secondary studies.<\/p>\n<p>There are mor than 240 institutions accredited by the Ministry of Higher Education and Research, which are authorized to deliver the <em><strong>dipl\u00f4me national d&#8217;ing\u00e9nieur<\/strong><\/em>.<\/p>\n<p>[\/et_pb_blurb][\/et_pb_column][et_pb_column type=&#8221;1_4&#8243; _builder_version=&#8221;4.16&#8243; custom_padding=&#8221;|||&#8221; global_colors_info=&#8221;{}&#8221; custom_padding__hover=&#8221;|||&#8221;][et_pb_blurb title=&#8221;The different programs&#8221; url=&#8221;\/en\/international-students\/&#8221; use_icon=&#8221;on&#8221; font_icon=&#8221;&#x69;||divi||400&#8243; icon_color=&#8221;#ffffff&#8221; icon_placement=&#8221;left&#8221; _builder_version=&#8221;4.16&#8243; _module_preset=&#8221;default&#8221; header_text_color=&#8221;#ffffff&#8221; header_font_size=&#8221;20px&#8221; background_color=&#8221;#2b87da&#8221; use_background_color_gradient=&#8221;on&#8221; background_color_gradient_type=&#8221;circular&#8221; background_color_gradient_stops=&#8221;#2b87da 11%|#d0d4d8 100%&#8221; background_color_gradient_start_position=&#8221;11%&#8221; background_color_gradient_end=&#8221;#d0d4d8&#8243; custom_padding=&#8221;25px|25px|25px|25px|true|true&#8221; global_colors_info=&#8221;{}&#8221;][\/et_pb_blurb][et_pb_blurb title=&#8221;Academic calendar&#8221; url=&#8221;\/en\/international-students\/calendar\/&#8221; use_icon=&#8221;on&#8221; font_icon=&#8221;&#x69;||divi||400&#8243; icon_color=&#8221;#ffffff&#8221; icon_placement=&#8221;left&#8221; _builder_version=&#8221;4.16&#8243; _module_preset=&#8221;default&#8221; header_text_color=&#8221;#ffffff&#8221; header_font_size=&#8221;20px&#8221; background_color=&#8221;#2b87da&#8221; use_background_color_gradient=&#8221;on&#8221; background_color_gradient_type=&#8221;circular&#8221; background_color_gradient_stops=&#8221;#2b87da 11%|#d0d4d8 100%&#8221; background_color_gradient_start_position=&#8221;11%&#8221; background_color_gradient_end=&#8221;#d0d4d8&#8243; custom_padding=&#8221;25px|25px|25px|25px|true|true&#8221; saved_tabs=&#8221;all&#8221; global_colors_info=&#8221;{}&#8221;][\/et_pb_blurb][et_pb_blurb title=&#8221;Useful information&#8221; url=&#8221;\/en\/international-students\/useful-informations\/&#8221; use_icon=&#8221;on&#8221; font_icon=&#8221;&#x69;||divi||400&#8243; icon_color=&#8221;#ffffff&#8221; icon_placement=&#8221;left&#8221; _builder_version=&#8221;4.16&#8243; _module_preset=&#8221;default&#8221; header_text_color=&#8221;#ffffff&#8221; header_font_size=&#8221;20px&#8221; background_color=&#8221;#2b87da&#8221; use_background_color_gradient=&#8221;on&#8221; background_color_gradient_type=&#8221;circular&#8221; background_color_gradient_stops=&#8221;#2b87da 11%|#d0d4d8 100%&#8221; background_color_gradient_start_position=&#8221;11%&#8221; background_color_gradient_end=&#8221;#d0d4d8&#8243; custom_padding=&#8221;25px|25px|25px|25px|true|true&#8221; saved_tabs=&#8221;all&#8221; global_colors_info=&#8221;{}&#8221;][\/et_pb_blurb][et_pb_blurb title=&#8221;Testimonies&#8221; url=&#8221;\/en\/international-students\/testimonies\/&#8221; use_icon=&#8221;on&#8221; font_icon=&#8221;&#x69;||divi||400&#8243; icon_color=&#8221;#ffffff&#8221; icon_placement=&#8221;left&#8221; _builder_version=&#8221;4.16&#8243; _module_preset=&#8221;default&#8221; header_text_color=&#8221;#ffffff&#8221; header_font_size=&#8221;20px&#8221; background_color=&#8221;#2b87da&#8221; use_background_color_gradient=&#8221;on&#8221; background_color_gradient_type=&#8221;circular&#8221; background_color_gradient_stops=&#8221;#2b87da 11%|#d0d4d8 100%&#8221; background_color_gradient_start_position=&#8221;11%&#8221; background_color_gradient_end=&#8221;#d0d4d8&#8243; custom_padding=&#8221;25px|25px|25px|25px|true|true&#8221; saved_tabs=&#8221;all&#8221; global_colors_info=&#8221;{}&#8221;][\/et_pb_blurb][\/et_pb_column][\/et_pb_row][et_pb_row _builder_version=&#8221;4.16&#8243; _module_preset=&#8221;default&#8221; width=&#8221;100%&#8221; custom_padding=&#8221;||7px|0px||&#8221; global_colors_info=&#8221;{}&#8221;][et_pb_column type=&#8221;4_4&#8243; _builder_version=&#8221;4.16&#8243; _module_preset=&#8221;default&#8221; global_colors_info=&#8221;{}&#8221;][et_pb_blurb title=&#8221;Basic requirements for admission to preparatory classes for the Grandes Ecoles&#8221; use_icon=&#8221;on&#8221; font_icon=&#8221;&#x45;||divi||400&#8243; icon_color=&#8221;#0c71c3&#8243; icon_placement=&#8221;left&#8221; content_max_width=&#8221;1100px&#8221; _builder_version=&#8221;4.16&#8243; _module_preset=&#8221;default&#8221; header_font=&#8221;Roboto||||||||&#8221; header_text_color=&#8221;#0c71c3&#8243; body_font=&#8221;Roboto||||||||&#8221; body_text_color=&#8221;#7f7f7f&#8221; body_font_size=&#8221;16px&#8221; width=&#8221;79.5%&#8221; custom_margin=&#8221;||18px|-6px|false|false&#8221; custom_padding=&#8221;|2px|24px|5px|false|false&#8221; global_colors_info=&#8221;{}&#8221;]<\/p>\n<p>The preparation for the competitive entrance examination may be given in French <em>high schools<\/em> or in specialized private institutions. The classes in which this preparation is offered are called <em>classes pr\u00e9paratoires<\/em>.<\/p>\n<p>The basic diploma which is required in order to be admissible for preparatory classes leading to admission in a <em>Grande Ecole<\/em> is the <em>baccalaur\u00e9at g\u00e9n\u00e9ral<\/em> which is obtained after 7 years of secondary studies. The high school student will have chosen one of the three academic cirricular within the <em>baccalaur\u00e9at g\u00e9n\u00e9ral<\/em>: a scientific curriculum, a literary curriculum or an economics and social sciences curriculum.<\/p>\n<p>[\/et_pb_blurb][et_pb_blurb title=&#8221;The competitive entrance examination and its preparation&#8221; use_icon=&#8221;on&#8221; font_icon=&#8221;&#x45;||divi||400&#8243; icon_color=&#8221;#0c71c3&#8243; icon_placement=&#8221;left&#8221; content_max_width=&#8221;1100px&#8221; _builder_version=&#8221;4.16&#8243; _module_preset=&#8221;default&#8221; header_font=&#8221;Roboto||||||||&#8221; header_text_color=&#8221;#0c71c3&#8243; body_font=&#8221;Roboto||||||||&#8221; body_text_color=&#8221;#7f7f7f&#8221; body_font_size=&#8221;16px&#8221; width=&#8221;79.5%&#8221; custom_margin=&#8221;||18px|-6px|false|false&#8221; custom_padding=&#8221;|2px|27px|5px|false|false&#8221; global_colors_info=&#8221;{}&#8221;]<\/p>\n<p>The admission to each <em>Grande Ecole<\/em> is strictly limited annually by the Board of each institution in connection with the Ministry of Higher Education and Research and the sponsoring ministries.<\/p>\n<p>This competitive entrance examination requires intensive preparatory work. A student seeking entrance to one of these schools may complete the work in two years. But three years is not unusual for preparation of the exam after completion of the <em>baccalaur\u00e9at g\u00e9n\u00e9ral<\/em>.<\/p>\n<p>It is important to note that the academic quality of these <em>classes pr\u00e9paratoires<\/em> is of the highest level. They are renowned for the intense amount of work expected from their students as well as for the severity of their grading system which is based on a scale of 0 to 20.<br \/>They are usually several <em>Grandes Ecoles<\/em> specializing in the same fields of studies. Access to the majority of these schools is extremely difficult. The competition is very severe while the study curriculum is vast and the level of instruction high.<\/p>\n<p>[\/et_pb_blurb][et_pb_blurb title=&#8221;Duration of studies and career openings&#8221; use_icon=&#8221;on&#8221; font_icon=&#8221;&#x45;||divi||400&#8243; icon_color=&#8221;#0c71c3&#8243; icon_placement=&#8221;left&#8221; content_max_width=&#8221;1100px&#8221; _builder_version=&#8221;4.16&#8243; _module_preset=&#8221;default&#8221; header_font=&#8221;Roboto||||||||&#8221; header_text_color=&#8221;#0c71c3&#8243; body_font=&#8221;Roboto||||||||&#8221; body_text_color=&#8221;#7f7f7f&#8221; body_font_size=&#8221;16px&#8221; width=&#8221;79.5%&#8221; custom_margin=&#8221;||18px|-6px|false|false&#8221; custom_padding=&#8221;|2px||5px|false|false&#8221; global_colors_info=&#8221;{}&#8221;]<\/p>\n<p>The usual duration of studies in the <em>Grandes Ecoles<\/em>, like <strong>ENSMA<\/strong>, is 3 years (after the two years of <em>classes pr\u00e9paratoires<\/em>), including several internships in companies amounting to a total of at least six months (<strong>at ENSMA the average duration of internship periods is 10 months<\/strong>).<\/p>\n<p>The teaching in the <em>Grandes Ecoles<\/em> is of a very high level and is directed towards the preparation of a professional career. This teaching is more based on a theoretical and more general approach. For instance, at <strong>ENSMA<\/strong>, the students are trained in aeronautics, transport, mechanics and energy. The training is said to be &#8220;polytechnical&#8221; though students are able to choose &#8220;major subjects&#8221; during the last year of their attendance at the school (i.e. aerodynamics, energetics, heat transfer, structures, materials, computer science and avionics).<\/p>\n<p style=\"text-align: justify;\">In all the professional sectors of the French economy, employers often show a tendency to give preference to graduates of the <em>Grandes Ecoles<\/em> over graduates from the French universities.<\/p>\n<p>[\/et_pb_blurb][\/et_pb_column][\/et_pb_row][\/et_pb_section]<\/p>\n","protected":false},"excerpt":{"rendered":"<p>Things to knowThe Grandes Ecoles, at the highest level of French higher education, represent a specificity of the educational system which is not very much known abroad. They are very selective and prestigious schools of higher education. These institutions some of which are linked to universities, exist in the engineering, agricultural, applied and physical sciences, [&hellip;]<\/p>\n","protected":false},"author":30,"featured_media":0,"parent":16140,"menu_order":0,"comment_status":"closed","ping_status":"closed","template":"","meta":{"_et_pb_use_builder":"on","_et_pb_old_content":"","_et_gb_content_width":"","footnotes":""},"class_list":["post-16149","page","type-page","status-publish","hentry"],"_links":{"self":[{"href":"https:\/\/www.ensma.fr\/en\/wp-json\/wp\/v2\/pages\/16149","targetHints":{"allow":["GET"]}}],"collection":[{"href":"https:\/\/www.ensma.fr\/en\/wp-json\/wp\/v2\/pages"}],"about":[{"href":"https:\/\/www.ensma.fr\/en\/wp-json\/wp\/v2\/types\/page"}],"author":[{"embeddable":true,"href":"https:\/\/www.ensma.fr\/en\/wp-json\/wp\/v2\/users\/30"}],"replies":[{"embeddable":true,"href":"https:\/\/www.ensma.fr\/en\/wp-json\/wp\/v2\/comments?post=16149"}],"version-history":[{"count":7,"href":"https:\/\/www.ensma.fr\/en\/wp-json\/wp\/v2\/pages\/16149\/revisions"}],"predecessor-version":[{"id":21530,"href":"https:\/\/www.ensma.fr\/en\/wp-json\/wp\/v2\/pages\/16149\/revisions\/21530"}],"up":[{"embeddable":true,"href":"https:\/\/www.ensma.fr\/en\/wp-json\/wp\/v2\/pages\/16140"}],"wp:attachment":[{"href":"https:\/\/www.ensma.fr\/en\/wp-json\/wp\/v2\/media?parent=16149"}],"curies":[{"name":"wp","href":"https:\/\/api.w.org\/{rel}","templated":true}]}}