{"id":16166,"date":"2013-11-26T17:02:32","date_gmt":"2013-11-26T16:02:32","guid":{"rendered":"https:\/\/www.ensma.fr\/sejours-a-l-etranger\/"},"modified":"2023-11-28T15:52:30","modified_gmt":"2023-11-28T14:52:30","slug":"study-abroad","status":"publish","type":"page","link":"https:\/\/www.ensma.fr\/en\/study-abroad\/","title":{"rendered":"Study abroad"},"content":{"rendered":"<p>[et_pb_section fb_built=&#8221;1&#8243; _builder_version=&#8221;4.16&#8243; background_color=&#8221;RGBA(0,0,0,0)&#8221; use_background_color_gradient=&#8221;on&#8221; background_color_gradient_direction=&#8221;95deg&#8221; background_color_gradient_stops=&#8221;rgba(0,0,0,0) 20%|#ffffff 20%&#8221; background_color_gradient_overlays_image=&#8221;on&#8221; background_color_gradient_start=&#8221;rgba(0,0,0,0)&#8221; background_color_gradient_start_position=&#8221;20%&#8221; background_color_gradient_end=&#8221;#ffffff&#8221; background_color_gradient_end_position=&#8221;17%&#8221; background_image=&#8221;https:\/\/www.ensma.fr\/wp-content\/uploads\/2021\/05\/cover_plaquette21_web.jpg&#8221; background_size=&#8221;contain&#8221; background_position=&#8221;top_left&#8221; min_height=&#8221;1218.1px&#8221; custom_padding=&#8221;||1px|||&#8221; background_last_edited=&#8221;on|tablet&#8221; background_enable_image_tablet=&#8221;off&#8221; locked=&#8221;off&#8221; global_colors_info=&#8221;{}&#8221;][et_pb_row column_structure=&#8221;2_5,3_5&#8243; _builder_version=&#8221;4.16&#8243; custom_padding=&#8221;||21px|||&#8221; global_colors_info=&#8221;{}&#8221;][et_pb_column type=&#8221;2_5&#8243; _builder_version=&#8221;4.16&#8243; custom_padding=&#8221;|||&#8221; global_colors_info=&#8221;{}&#8221; custom_padding__hover=&#8221;|||&#8221;][et_pb_text _builder_version=&#8221;4.16&#8243; text_font=&#8221;Roboto|500|||||||&#8221; text_text_color=&#8221;#939393&#8243; text_font_size=&#8221;21px&#8221; text_line_height=&#8221;2em&#8221; quote_font=&#8221;||||||||&#8221; header_font=&#8221;||||||||&#8221; header_2_font=&#8221;Rubik|700|||||||&#8221; header_2_font_size=&#8221;40px&#8221; header_2_line_height=&#8221;1.4em&#8221; header_3_text_align=&#8221;right&#8221; header_3_text_color=&#8221;#757575&#8243; header_3_font_size=&#8221;39px&#8221; header_5_font=&#8221;Rubik|700||on|||||&#8221; header_5_letter_spacing=&#8221;5px&#8221; header_5_line_height=&#8221;1.2em&#8221; text_orientation=&#8221;right&#8221; background_layout=&#8221;dark&#8221; max_width=&#8221;600px&#8221; max_width_tablet=&#8221;&#8221; max_width_phone=&#8221;&#8221; max_width_last_edited=&#8221;on|phone&#8221; custom_margin=&#8221;-46px|||||&#8221; custom_margin_tablet=&#8221;|70px||70px&#8221; custom_margin_phone=&#8221;|50px||50px&#8221; custom_margin_last_edited=&#8221;off|desktop&#8221; custom_padding=&#8221;0px||3px|||&#8221; text_line_height_last_edited=&#8221;off|desktop&#8221; header_2_font_size_tablet=&#8221;&#8221; header_2_font_size_phone=&#8221;30px&#8221; header_2_font_size_last_edited=&#8221;on|phone&#8221; global_colors_info=&#8221;{}&#8221;]<\/p>\n<p>&nbsp;<\/p>\n<h3>Study<\/h3>\n<h3>abroad<\/h3>\n<p>[\/et_pb_text][\/et_pb_column][et_pb_column type=&#8221;3_5&#8243; _builder_version=&#8221;4.16&#8243; custom_padding=&#8221;|||&#8221; global_colors_info=&#8221;{}&#8221; custom_padding__hover=&#8221;|||&#8221;][et_pb_text _builder_version=&#8221;4.16&#8243; text_font=&#8221;Roboto|500|||||||&#8221; text_text_color=&#8221;#7f7f7f&#8221; text_font_size=&#8221;16px&#8221; text_line_height=&#8221;1.8em&#8221; quote_font=&#8221;||||||||&#8221; header_font=&#8221;||||||||&#8221; header_2_font=&#8221;Rubik|700|||||||&#8221; header_2_font_size=&#8221;40px&#8221; header_2_line_height=&#8221;1.4em&#8221; header_5_font=&#8221;Rubik|700||on|||||&#8221; header_5_letter_spacing=&#8221;5px&#8221; header_5_line_height=&#8221;1.2em&#8221; background_layout=&#8221;dark&#8221; max_width=&#8221;600px&#8221; max_width_tablet=&#8221;&#8221; max_width_phone=&#8221;&#8221; max_width_last_edited=&#8221;on|phone&#8221; custom_margin=&#8221;||||false|false&#8221; custom_margin_tablet=&#8221;|70px||70px&#8221; custom_margin_phone=&#8221;|50px||50px&#8221; custom_margin_last_edited=&#8221;off|desktop&#8221; custom_padding=&#8221;|||&#8221; text_line_height_last_edited=&#8221;off|desktop&#8221; header_2_font_size_tablet=&#8221;&#8221; header_2_font_size_phone=&#8221;30px&#8221; header_2_font_size_last_edited=&#8221;on|phone&#8221; global_colors_info=&#8221;{}&#8221;]<\/p>\n<p>Students from the engineering program have various study abroad opportunities during their studies at ISAE-ENSMA.<\/p>\n<p>[\/et_pb_text][\/et_pb_column][\/et_pb_row][et_pb_row column_structure=&#8221;1_4,1_2,1_4&#8243; _builder_version=&#8221;4.16&#8243; _module_preset=&#8221;default&#8221; max_width=&#8221;1327px&#8221; custom_margin=&#8221;|auto||auto|false|false&#8221; custom_padding=&#8221;61px||0px|0px|false|false&#8221; global_colors_info=&#8221;{}&#8221;][et_pb_column type=&#8221;1_4&#8243; _builder_version=&#8221;4.16&#8243; _module_preset=&#8221;default&#8221; custom_padding=&#8221;|0px|||false|false&#8221; global_colors_info=&#8221;{}&#8221;][\/et_pb_column][et_pb_column type=&#8221;1_2&#8243; _builder_version=&#8221;4.16&#8243; _module_preset=&#8221;default&#8221; custom_padding=&#8221;|30px|||false|false&#8221; global_colors_info=&#8221;{}&#8221;][et_pb_blurb use_icon=&#8221;on&#8221; font_icon=&#8221;&#x45;||divi||400&#8243; icon_color=&#8221;#0c71c3&#8243; icon_placement=&#8221;left&#8221; content_max_width=&#8221;1100px&#8221; _builder_version=&#8221;4.16.0&#8243; _module_preset=&#8221;default&#8221; header_font=&#8221;Roboto||||||||&#8221; header_text_color=&#8221;#0c71c3&#8243; body_font=&#8221;Roboto||||||||&#8221; body_text_color=&#8221;#7f7f7f&#8221; body_font_size=&#8221;16px&#8221; width=&#8221;100%&#8221; custom_margin=&#8221;||24px|-6px|false|false&#8221; custom_padding=&#8221;|2px||5px|false|false&#8221; locked=&#8221;off&#8221; global_colors_info=&#8221;{}&#8221;]<\/p>\n<p style=\"text-align: justify;\">ISAE-ENSMA students can study abroad either for an academic mobility, a double degree, or an internship.<\/p>\n<p style=\"text-align: justify;\">Students are required to spend a minimum of 3 months abroad in order to obtain the engineering degree.<\/p>\n<p>[\/et_pb_blurb][et_pb_toggle title=&#8221;Academic mobility&#8221; icon_color=&#8221;#0C71C3&#8243; _builder_version=&#8221;4.23.1&#8243; _module_preset=&#8221;default&#8221; hover_enabled=&#8221;0&#8243; border_color_all=&#8221;#0C71C3&#8243; locked=&#8221;off&#8221; global_colors_info=&#8221;{}&#8221; sticky_enabled=&#8221;0&#8243;]<\/p>\n<p><strong>Eligibility<\/strong><\/p>\n<p>&#8211; Students under the FISE status<\/p>\n<p>&#8211; In the 3rd year of the engineering degree program<\/p>\n<p>&#8211; Duration of the mobility: from 3 to 24 months<\/p>\n<p>&#8211; From one to two semesters of study up to the double degree<\/p>\n<p>&#8211; In one of the <strong>55 partner universities<\/strong> that have signed an institutional agreement with ISAE-ENSMA.<\/p>\n<p>&#8211; As a free-mover student, with prior validation of the desired study program<\/p>\n<p>&#8211; The different possible programmes: <a href=\"https:\/\/www.ensma.fr\/reseaux-et-conventions\/\" target=\"_blank\" rel=\"noopener\">Erasmus+, BRAFITEC, ARFITEC, BCI, GE4<\/a><\/p>\n<p>&#8211; When to apply? Between October and December of your 2nd year of the engineering cycle.<\/p>\n<p>Applications are studied by a selection committee. Selection criteria include academic results, integration of the mobility with the professional project, motivation and language level.<\/p>\n<p>All detailed information on the application procedure is available on the <a href=\"https:\/\/auth-cas.ensma.fr\/authentification\/login?service=https%3A%2F%2Fent.ensma.fr%2F\" target=\"_blank\" rel=\"noopener\">intranet<\/a>.<\/p>\n<p>Regular information meetings are organised by the International Relations Office.<\/p>\n<p><strong><\/strong><\/p>\n<p><strong>Language preparation and support<\/strong><\/p>\n<p>As part of the Erasmus program, students can take an online language test before their departure and at the end of their mobility on the <a href=\"https:\/\/academy.europa.eu\/\">EU Academy<\/a> platform. The test can be taken in the language of the destination country or in the language of instruction. Depending on the level obtained, free courses are then made available to students.<\/p>\n<p>[\/et_pb_toggle][et_pb_toggle title=&#8221;Internships&#8221; icon_color=&#8221;#0C71C3&#8243; _builder_version=&#8221;4.16.0&#8243; _module_preset=&#8221;default&#8221; border_color_all=&#8221;#0C71C3&#8243; locked=&#8221;off&#8221; global_colors_info=&#8221;{}&#8221;]<\/p>\n<p>Students can do one of their internships abroad:<\/p>\n<p><strong>Dipl\u00f4me Ing\u00e9nieur<\/strong><\/p>\n<p>&#8211; The blue-collar internship carried out at the end of the first year, between July and August, from 1 to 2 months, in a company.<\/p>\n<p>&#8211; The Junior Engineer training carried out at the end of the second year, between June and September, from 3 to 4 months, in a company or a research laboratory (in a partner university or not).<\/p>\n<p>&#8211; The graduation project to carry out at the end of the 3rd year, between April and September, from 3 to 6 months, in a company or a research laboratory (in a partner university or not)<\/p>\n<p>&nbsp;<\/p>\n<p><strong>Masters<\/strong><\/p>\n<p>&#8211; The Master thesis to be carried out between March\/April (depending on the Master program) and September, of a minimum of 5 months<\/p>\n<p>All information on internships is available <a href=\"https:\/\/www.ensma.fr\/en\/engineering-program\/internships-and-projects\/\" target=\"_blank\" rel=\"noopener\">here<\/a>.<\/p>\n<p>[\/et_pb_toggle][et_pb_toggle title=&#8221;Financial support&#8221; icon_color=&#8221;#0C71C3&#8243; _builder_version=&#8221;4.18.0&#8243; _module_preset=&#8221;default&#8221; border_color_all=&#8221;#0C71C3&#8243; locked=&#8221;off&#8221; global_colors_info=&#8221;{}&#8221;]<\/p>\n<p>There are a number of financial aids available to help you finance your stay abroad.<\/p>\n<p>You should <strong>check your eligibility beforehand<\/strong>.<\/p>\n<p>&#8211; Erasmus Study Grant (Europe), between 200 and 310 \u20ac\/month<\/p>\n<p>&#8211; Erasmus Internship grant (Europe), between 420 and 520\u20ac\/month<\/p>\n<p>&#8211; Nouvelle Aquitaine region grant &#8211; Post-bac internship abroad (outside Europe), between 80 and 110 \u20ac\/week<\/p>\n<p>&#8211; New Aquitaine region grant &#8211; Post-bac study abroad (outside Europe), between 80 and 110 \u20ac\/week<\/p>\n<p>&#8211; CampusMouv&#8217;86 &#8211; Vienne Departmental Council<\/p>\n<p>&nbsp;<\/p>\n<p>The <strong>school is also committed<\/strong> to supporting you in your mobility project through<\/p>\n<p>&#8211; The FSMI (Social Fund for International Mobility), between 350 and 450\u20ac\/month<\/p>\n<p>&#8211; The AMI (Aide \u00e0 la mobilit\u00e9 internationale), 400\u20ac\/month<\/p>\n<p>Various financial aids may also be available depending on your destination (BRAFITEC for Brazil, ARFITEC for Argentina, EOLE for the Netherlands, etc).<\/p>\n<p>Not all schemes can be combined. For more information and application formalities, please consult the school&#8217;s <a href=\"https:\/\/auth-cas.ensma.fr\/authentification\/login?service=https%3A%2F%2Fent.ensma.fr%2F\" target=\"_blank\" rel=\"noopener\">ENT<\/a>.<\/p>\n<p>[\/et_pb_toggle][\/et_pb_column][et_pb_column type=&#8221;1_4&#8243; _builder_version=&#8221;4.16&#8243; _module_preset=&#8221;default&#8221; global_colors_info=&#8221;{}&#8221;][et_pb_blurb title=&#8221;Partner universities&#8221; url=&#8221;\/en\/networks-and-bilateral-agreements\/&#8221; use_icon=&#8221;on&#8221; font_icon=&#8221;&#x69;||divi||400&#8243; icon_color=&#8221;#ffffff&#8221; icon_placement=&#8221;left&#8221; _builder_version=&#8221;4.16&#8243; _module_preset=&#8221;default&#8221; header_text_color=&#8221;#ffffff&#8221; header_font_size=&#8221;20px&#8221; background_color=&#8221;#2b87da&#8221; use_background_color_gradient=&#8221;on&#8221; background_color_gradient_type=&#8221;circular&#8221; background_color_gradient_stops=&#8221;#2b87da 11%|#d0d4d8 100%&#8221; background_color_gradient_start_position=&#8221;11%&#8221; background_color_gradient_end=&#8221;#d0d4d8&#8243; custom_padding=&#8221;25px|25px|25px|25px|true|true&#8221; locked=&#8221;off&#8221; global_colors_info=&#8221;{}&#8221;][\/et_pb_blurb][\/et_pb_column][\/et_pb_row][et_pb_row _builder_version=&#8221;4.16&#8243; _module_preset=&#8221;default&#8221; min_height=&#8221;70.8px&#8221; custom_padding=&#8221;0px||30px|||&#8221; global_colors_info=&#8221;{}&#8221;][et_pb_column type=&#8221;4_4&#8243; _builder_version=&#8221;4.16&#8243; _module_preset=&#8221;default&#8221; global_colors_info=&#8221;{}&#8221;][et_pb_text _builder_version=&#8221;4.16&#8243; _module_preset=&#8221;default&#8221; text_text_color=&#8221;#757575&#8243; text_font_size=&#8221;25px&#8221; custom_margin=&#8221;20px|||||&#8221; custom_padding=&#8221;25px||25px||true|false&#8221; border_width_bottom=&#8221;1px&#8221; border_color_bottom=&#8221;#a5a5a5&#8243; global_colors_info=&#8221;{}&#8221;]<\/p>\n<p>Testimonies<\/p>\n<p>[\/et_pb_text][\/et_pb_column][\/et_pb_row][et_pb_row column_structure=&#8221;1_4,1_4,1_4,1_4&#8243; _builder_version=&#8221;4.16&#8243; _module_preset=&#8221;default&#8221; custom_padding=&#8221;8px|||||&#8221; global_colors_info=&#8221;{}&#8221;][et_pb_column type=&#8221;1_4&#8243; _builder_version=&#8221;4.16&#8243; _module_preset=&#8221;default&#8221; global_colors_info=&#8221;{}&#8221;][et_pb_video src=&#8221;https:\/\/youtu.be\/HknOzJXRcNI?list=PLBM-LrjCsOB-ThY2jB-f1lAbjfYrA3iNw&#8221; _builder_version=&#8221;4.16&#8243; _module_preset=&#8221;default&#8221; global_colors_info=&#8221;{}&#8221;][\/et_pb_video][\/et_pb_column][et_pb_column type=&#8221;1_4&#8243; _builder_version=&#8221;4.16&#8243; _module_preset=&#8221;default&#8221; global_colors_info=&#8221;{}&#8221;][et_pb_video src=&#8221;https:\/\/youtu.be\/DVrh91d_zd0?list=PLBM-LrjCsOB-ThY2jB-f1lAbjfYrA3iNw&#8221; _builder_version=&#8221;4.16&#8243; _module_preset=&#8221;default&#8221; global_colors_info=&#8221;{}&#8221;][\/et_pb_video][\/et_pb_column][et_pb_column type=&#8221;1_4&#8243; _builder_version=&#8221;4.16&#8243; _module_preset=&#8221;default&#8221; global_colors_info=&#8221;{}&#8221;][et_pb_video src=&#8221;https:\/\/youtu.be\/W9JcDVh74VY?list=PLBM-LrjCsOB-ThY2jB-f1lAbjfYrA3iNw&#8221; _builder_version=&#8221;4.16&#8243; _module_preset=&#8221;default&#8221; global_colors_info=&#8221;{}&#8221;][\/et_pb_video][\/et_pb_column][et_pb_column type=&#8221;1_4&#8243; _builder_version=&#8221;4.16&#8243; _module_preset=&#8221;default&#8221; global_colors_info=&#8221;{}&#8221;][et_pb_video src=&#8221;https:\/\/youtu.be\/dlIIzUo9U_I?list=PLBM-LrjCsOB-ThY2jB-f1lAbjfYrA3iNw&#8221; _builder_version=&#8221;4.16&#8243; _module_preset=&#8221;default&#8221; global_colors_info=&#8221;{}&#8221;][\/et_pb_video][\/et_pb_column][\/et_pb_row][et_pb_row _builder_version=&#8221;4.16&#8243; _module_preset=&#8221;default&#8221; width_tablet=&#8221;&#8221; width_phone=&#8221;100%&#8221; width_last_edited=&#8221;on|phone&#8221; max_width=&#8221;1003px&#8221; max_width_tablet=&#8221;&#8221; max_width_phone=&#8221;&#8221; max_width_last_edited=&#8221;on|phone&#8221; module_alignment=&#8221;center&#8221; custom_margin=&#8221;|565px||565px||true&#8221; custom_padding=&#8221;34px||21px|||&#8221; border_color_all=&#8221;#757575&#8243; global_colors_info=&#8221;{}&#8221;][et_pb_column type=&#8221;4_4&#8243; _builder_version=&#8221;4.16&#8243; _module_preset=&#8221;default&#8221; global_colors_info=&#8221;{}&#8221;][et_pb_blurb title=&#8221;Contacts&#8221; use_icon=&#8221;on&#8221; font_icon=&#8221;&#x6b;||divi||400&#8243; icon_color=&#8221;#0c71c3&#8243; icon_placement=&#8221;left&#8221; content_max_width_tablet=&#8221;&#8221; content_max_width_phone=&#8221;&#8221; content_max_width_last_edited=&#8221;on|phone&#8221; _builder_version=&#8221;4.16&#8243; _module_preset=&#8221;default&#8221; header_font_size=&#8221;22px&#8221; body_font_size=&#8221;16px&#8221; width=&#8221;53.8%&#8221; width_tablet=&#8221;&#8221; width_phone=&#8221;80.6%&#8221; width_last_edited=&#8221;on|phone&#8221; module_alignment=&#8221;center&#8221; custom_padding=&#8221;20px|50px|20px|34px|false|false&#8221; custom_padding_tablet=&#8221;&#8221; custom_padding_phone=&#8221;20px|0px|20px|0px|false|false&#8221; custom_padding_last_edited=&#8221;on|phone&#8221; border_width_all=&#8221;1px&#8221; border_color_all=&#8221;#757575&#8243; global_colors_info=&#8221;{}&#8221;]<\/p>\n<p><span style=\"font-size: x-large;\"><strong><\/strong><\/span><\/p>\n<p><span style=\"font-size: x-large;\"><strong>International Relations Office<\/strong><\/span><\/p>\n<p>Mrs Aur\u00e9lie COTILLON &#8211; Tel: +33(0)5.49.49.80.16<\/p>\n<p>Outgoing mobility:<\/p>\n<p>Mrs Laura MONTOIS &#8211; Tel: +33(0)5.16.08.01.53 <span style=\"caret-color: #595959; color: #595959; font-family: 'Calibri Light', sans-serif; font-size: 14.666666984558105px; font-style: normal; font-variant-caps: normal; font-weight: normal; letter-spacing: normal; orphans: auto; text-align: start; text-indent: 0px; text-transform: none; white-space: normal; widows: auto; word-spacing: 0px; -webkit-text-size-adjust: auto; -webkit-text-stroke-width: 0px; text-decoration: none; display: inline !important; float: none;\"><\/span><\/p>\n<p><a href=\"mailto:international@ensma.fr\">international@ensma.fr<\/a><\/p>\n<p>[\/et_pb_blurb][\/et_pb_column][\/et_pb_row][\/et_pb_section]<\/p>\n","protected":false},"excerpt":{"rendered":"<p>&nbsp; Study abroadStudents from the engineering program have various study abroad opportunities during their studies at ISAE-ENSMA.ISAE-ENSMA students can study abroad either for an academic mobility, a double degree, or an internship. Students are required to spend a minimum of 3 months abroad in order to obtain the engineering degree.Eligibility &#8211; Students under the FISE [&hellip;]<\/p>\n","protected":false},"author":6,"featured_media":10537,"parent":0,"menu_order":0,"comment_status":"open","ping_status":"open","template":"","meta":{"_et_pb_use_builder":"on","_et_pb_old_content":"<p style=\"text-align: justify;\">Les \u00e9tudiants de l'ISAE-ENSMA ont diverses possibilit\u00e9s pour effectuer un s\u00e9jour \u00e0 l'\u00e9tranger dans le cadre de leur scolarit\u00e9.<\/p><p>\u00a0<\/p><p><span style=\"text-decoration: underline; color: #ff6600;\"><b>En 1re ann\u00e9e<\/b><\/span><\/p><p style=\"text-align: justify;\">\u00a0- stage ouvrier \u00e0 effectuer \u00e0 a fin de la premi\u00e8re ann\u00e9e, entre juillet et ao\u00fbt, de 1 \u00e0 2 mois, en entreprise<\/p><p>\u00a0<span style=\"text-decoration: underline; color: #ff6600;\"><b>En 2e ann\u00e9e<\/b><\/span><\/p><p style=\"text-align: justify;\">- stage ing\u00e9nieur \u00e0 effectuer \u00e0 la fin de la deuxi\u00e8me ann\u00e9e, entre juin et septembre, de 3 \u00e0 4 mois, en entreprise ou en laboratoire de recherche (au sein d'une universit\u00e9 partenaire ou non)<\/p><p style=\"text-align: justify;\"><span style=\"text-decoration: underline; color: #ff6600;\"><b>En 3e ann\u00e9e<\/b><\/span><\/p><p style=\"text-align: justify;\">- possibilit\u00e9 d'effectuer un semestre d'\u00e9tudes, une ann\u00e9e compl\u00e8te, un double dipl\u00f4me au sein d'une universit\u00e9 partenaire<\/p><p style=\"text-align: justify;\">- projet de fin d'\u00e9tudes \u00e0 effectuer \u00e0 la fin de la troisi\u00e8me ann\u00e9e, entre avril et septembre, de 3 \u00e0 6 mois, en entreprise ou laboratoire de recherche (au sein d'une universit\u00e9 partenaire ou non)<\/p><p style=\"text-align: justify;\">- possibilit\u00e9 de d\u00e9marrer un <a href=\"http:\/\/www.ensma.fr\/formations\/ingenieur\/les-enseignements\/\" target=\"_blank\" rel=\"noopener\">V.I.E.<\/a><\/p><p style=\"text-align: justify;\"><em><b>La liste des universit\u00e9s partenaires est disponible dans l'onglet \"R\u00e9seaux et Conventions\".<\/b><\/em><\/p>","_et_gb_content_width":"","footnotes":""},"class_list":["post-16166","page","type-page","status-publish","has-post-thumbnail","hentry"],"_links":{"self":[{"href":"https:\/\/www.ensma.fr\/en\/wp-json\/wp\/v2\/pages\/16166","targetHints":{"allow":["GET"]}}],"collection":[{"href":"https:\/\/www.ensma.fr\/en\/wp-json\/wp\/v2\/pages"}],"about":[{"href":"https:\/\/www.ensma.fr\/en\/wp-json\/wp\/v2\/types\/page"}],"author":[{"embeddable":true,"href":"https:\/\/www.ensma.fr\/en\/wp-json\/wp\/v2\/users\/6"}],"replies":[{"embeddable":true,"href":"https:\/\/www.ensma.fr\/en\/wp-json\/wp\/v2\/comments?post=16166"}],"version-history":[{"count":14,"href":"https:\/\/www.ensma.fr\/en\/wp-json\/wp\/v2\/pages\/16166\/revisions"}],"predecessor-version":[{"id":23875,"href":"https:\/\/www.ensma.fr\/en\/wp-json\/wp\/v2\/pages\/16166\/revisions\/23875"}],"wp:featuredmedia":[{"embeddable":true,"href":"https:\/\/www.ensma.fr\/en\/wp-json\/wp\/v2\/media\/10537"}],"wp:attachment":[{"href":"https:\/\/www.ensma.fr\/en\/wp-json\/wp\/v2\/media?parent=16166"}],"curies":[{"name":"wp","href":"https:\/\/api.w.org\/{rel}","templated":true}]}}