{"id":16429,"date":"2013-11-27T14:57:36","date_gmt":"2013-11-27T13:57:36","guid":{"rendered":"https:\/\/www.ensma.fr\/publications-de-lisae-ensma\/"},"modified":"2025-03-10T13:11:56","modified_gmt":"2025-03-10T12:11:56","slug":"isae-ensma-publications","status":"publish","type":"page","link":"https:\/\/www.ensma.fr\/en\/isae-ensma-publications\/","title":{"rendered":"ISAE-ENSMA&#8217;s publications"},"content":{"rendered":"<p>[et_pb_section fb_built=&#8221;1&#8243; _builder_version=&#8221;4.23.1&#8243; background_enable_color=&#8221;off&#8221; use_background_color_gradient=&#8221;on&#8221; background_color_gradient_direction=&#8221;95deg&#8221; background_color_gradient_stops=&#8221;rgba(255,255,255,0.72) 100%|rgba(255,255,255,0.82) 100%&#8221; background_color_gradient_overlays_image=&#8221;on&#8221; background_color_gradient_start=&#8221;rgba(255,255,255,0.72)&#8221; background_color_gradient_start_position=&#8221;100%&#8221; background_color_gradient_end=&#8221;rgba(255,255,255,0.82)&#8221; background_color_gradient_end_position=&#8221;17%&#8221; background_enable_image=&#8221;off&#8221; background_size=&#8221;stretch&#8221; background_position=&#8221;bottom_left&#8221; background_vertical_offset=&#8221;0%&#8221; min_height=&#8221;580.3px&#8221; custom_padding=&#8221;|||&#8221; locked=&#8221;off&#8221; global_colors_info=&#8221;{}&#8221;][et_pb_row _builder_version=&#8221;4.16&#8243; module_alignment=&#8221;center&#8221; min_height=&#8221;426.7px&#8221; custom_margin=&#8221;|411px||auto||&#8221; global_colors_info=&#8221;{}&#8221;][et_pb_column type=&#8221;4_4&#8243; _builder_version=&#8221;4.16&#8243; custom_padding=&#8221;|||&#8221; global_colors_info=&#8221;{}&#8221; custom_padding__hover=&#8221;|||&#8221;][et_pb_text _builder_version=&#8221;4.27.4&#8243; text_font=&#8221;Roboto|500|||||||&#8221; text_text_color=&#8221;#8F8F8F&#8221; text_font_size=&#8221;21px&#8221; text_line_height=&#8221;2em&#8221; quote_font=&#8221;||||||||&#8221; header_font=&#8221;||||||||&#8221; header_2_font=&#8221;Rubik|700|||||||&#8221; header_2_font_size=&#8221;40px&#8221; header_2_line_height=&#8221;1.4em&#8221; header_3_text_align=&#8221;right&#8221; header_3_text_color=&#8221;#757575&#8243; header_3_font_size=&#8221;39px&#8221; header_5_font=&#8221;Rubik|700||on|||||&#8221; header_5_letter_spacing=&#8221;5px&#8221; header_5_line_height=&#8221;1.2em&#8221; text_orientation=&#8221;right&#8221; background_layout=&#8221;dark&#8221; max_width=&#8221;1084px&#8221; max_width_tablet=&#8221;&#8221; max_width_phone=&#8221;&#8221; max_width_last_edited=&#8221;on|phone&#8221; module_alignment=&#8221;center&#8221; min_height=&#8221;3356px&#8221; custom_margin=&#8221;|||&#8221; custom_margin_tablet=&#8221;|70px||70px&#8221; custom_margin_phone=&#8221;|50px||50px&#8221; custom_margin_last_edited=&#8221;off|desktop&#8221; custom_padding=&#8221;0px|||||&#8221; hover_enabled=&#8221;0&#8243; text_line_height_last_edited=&#8221;off|desktop&#8221; header_2_font_size_tablet=&#8221;&#8221; header_2_font_size_phone=&#8221;30px&#8221; header_2_font_size_last_edited=&#8221;on|phone&#8221; global_colors_info=&#8221;{}&#8221; sticky_enabled=&#8221;0&#8243;]<\/p>\n<p><span style=\"color: #0c71c3;\"><a href=\"http:\/\/www.ensma.fr\/wp-content\/uploads\/2015\/02\/livres-enseignants-ENSMA.jpg\"><img decoding=\"async\" loading=\"lazy\" class=\"wp-image-3506 alignright\" style=\"width: 448px; height: 166px;\" alt=\"livres enseignants ENSMA\" src=\"http:\/\/www.ensma.fr\/wp-content\/uploads\/2015\/02\/livres-enseignants-ENSMA-300x144.jpg\" width=\"450\" height=\"171\" \/><\/a><\/span><\/p>\n<h1 style=\"text-align: center;\"><span style=\"color: #0c71c3;\"><\/span><\/h1>\n<h1 style=\"text-align: center;\"><span style=\"color: #0c71c3;\"><\/span><\/h1>\n<h1 style=\"text-align: center;\"><span style=\"color: #0c71c3;\"><\/span><\/h1>\n<h1 style=\"text-align: center;\"><span style=\"color: #0c71c3;\">Books published by teachers &amp; researchers<\/span><\/h1>\n<h1 style=\"text-align: center;\"><span style=\"color: #0c71c3;\">from ISAE-ENSMA<\/span><br \/><span style=\"color: #0c71c3;\"><\/span><\/h1>\n<p style=\"text-align: center;\"><span style=\"color: #0c71c3;\"> <\/span><\/p>\n<p style=\"text-align: center;\"><span style=\"color: #0c71c3;\"><\/span><\/p>\n<p style=\"text-align: center;\"><span style=\"color: #0c71c3;\"><\/span><\/p>\n<p style=\"text-align: center;\"><span style=\"color: #0c71c3;\">\u2014\u2014\u2014\u2014\u2014\u2014\u2014\u2014\u2014\u2014\u2014\u2014\u2014\u2014\u2014\u2014\u2014\u2014\u2014\u2014\u2014\u2014\u2014\u2014\u2014\u2014\u2014\u2014\u2014\u2014\u2014\u2014\u2014\u2014\u2014\u2014\u2014<\/span><\/p>\n<p style=\"text-align: center;\"><span style=\"color: #0c71c3;\"> <\/span><em><\/em><em><span style=\"color: #0c71c3;\"><strong>\u00ab ENSMA, de l\u2019IMAP \u00e0 l\u2019ISAE-ENSMA, 1948-2012 \u00bb <\/strong><\/span><\/em><span style=\"color: #999999;\">(french), by a collective of authors of the school, 176 pages, 318 illustrations, 2012. More than sixty years of the history of ENSMA traced through its major chronological stages, its research, its formation and cultural dimensions. 35\u20ac by check payable to &#8220;Agent comptable de l&#8217;ENSMA&#8221; (plus shipping costs if necessary) via the<\/span>\u00a0<a href=\"http:\/\/www.ensma.fr\/wp-content\/uploads\/2014\/02\/Bon-de-commande-livre-histoire-ENSMA-2012.pdf\" target=\"_blank\" rel=\"noopener noreferrer\">order form<\/a>.<span style=\"color: #0c71c3;\"> <\/span><\/p>\n<p style=\"text-align: center;\"><span style=\"color: #0c71c3;\"> \u2014\u2014\u2014\u2014\u2014\u2014\u2014\u2014\u2014\u2014\u2014\u2014\u2014\u2014\u2014\u2014\u2014\u2014\u2014\u2014\u2014\u2014\u2014\u2014\u2014\u2014\u2014\u2014\u2014\u2014\u2014\u2014\u2014\u2014\u2014\u2014\u2014<\/span><\/p>\n<div style=\"text-align: left;\">\n<div style=\"text-align: left;\">\n<div style=\"text-align: left;\">\n<div style=\"text-align: left;\">\n<p><span style=\"text-decoration: underline; color: #0c71c3;\"><strong>2025<\/strong><\/span><\/p>\n<div style=\"text-align: left;\">\n<div style=\"text-align: left;\">\n<div style=\"text-align: left;\">\n<div style=\"text-align: left;\">\n<p><span style=\"color: #999999;\"><span style=\"color: #808080;\"><b><i>Computational Fluid Dynamics: Novel Numerical and Computational Approaches. Methodology and Numerics <\/i><\/b><\/span><\/span><span style=\"color: #999999;\">\u00a0\/ Zeidan, Dia, Hidalgo, Arturo, Zhang, Lucy T., <span style=\"color: #808080;\"><strong>Goncalves da Silva, \u00c9ric<\/strong><\/span>, Springer, 2025<\/span><\/p>\n<\/div>\n<\/div>\n<\/div>\n<\/div>\n<p><span style=\"text-decoration: underline; color: #0c71c3;\"><strong>2024<\/strong><\/span><\/p>\n<div style=\"text-align: left;\">\n<div style=\"text-align: left;\">\n<div style=\"text-align: left;\">\n<div style=\"text-align: left;\">\n<p><span style=\"color: #999999;\"><span style=\"color: #808080;\"><b><i>Additive Manufacturing of Polymer-Based Composites Materials. Materials, Processes, and Properties <\/i><\/b><\/span><\/span><span style=\"color: #999999;\">\u00a0\/ <span style=\"color: #808080;\"><strong>Touchard, Fabienne<\/strong><\/span>, Sarasini Fabrizio, Elsevier, 2024<\/span><\/p>\n<\/div>\n<\/div>\n<\/div>\n<\/div>\n<p><span style=\"text-decoration: underline; color: #0c71c3;\"><strong>2023<\/strong><\/span><\/p>\n<p><span style=\"color: #999999;\"><span style=\"color: #808080;\"><b><i>Propri\u00e9t\u00e9s physiques des mat\u00e9riaux solides : Des m\u00e9taux aux semi-conducteurs<\/i><\/b><\/span><\/span><span style=\"color: #999999;\"> \/ <span style=\"color: #808080;\"><strong>Fortunier, Roland<\/strong><\/span>, Ellipses, 2023<\/span><\/p>\n<\/div>\n<\/div>\n<\/div>\n<\/div>\n<p style=\"text-align: left;\"><span style=\"text-decoration: underline; color: #0c71c3;\"><strong>2022<\/strong><\/span><\/p>\n<div style=\"text-align: left;\">\n<div style=\"text-align: left;\">\n<div style=\"text-align: left;\">\n<div style=\"text-align: left;\">\n<div style=\"text-align: left;\">\n<div style=\"text-align: left;\">\n<div style=\"text-align: left;\">\n<div style=\"text-align: left;\">\n<div style=\"text-align: left;\">\n<div style=\"text-align: left;\">\n<p><em><span style=\"color: #999999;\"><span style=\"color: #808080;\"><strong>Advances in Fluid Mechanics: Modelling and Simulations<\/strong><\/span><\/span><\/em><span style=\"color: #999999;\"> \/ Zeidan, Dia, Zhang, Lucy T., <span style=\"color: #808080;\"><strong>Goncalves da Silva, \u00c9ric<\/strong><\/span>, Merker, Jochen, Springer Nature Singapore Pte Ltd., 2022<br \/><\/span><span style=\"color: #999999;\"><\/span><\/p>\n<p><span style=\"color: #808080;\"><strong><em>\u00c9lasticit\u00e9 cristalline <\/em><\/strong><\/span><span style=\"color: #999999;\">\/ <span style=\"color: #808080;\"><strong>Gadaud, Pascal<\/strong><\/span>, ISTE \u00c9ditions, 2022<br \/><\/span><span style=\"color: #999999;\"><\/span><\/p>\n<p><span style=\"color: #999999;\"><span style=\"color: #808080;\"><strong><em>Nickel Base Single Crystals across Length Scales<\/em><\/strong><\/span> \/ Cailleteaud, Georges, <span style=\"color: #808080;\"><strong>Cormier, Jonathan<\/strong><\/span>, Eggeler, G\u00fcnther, Maurel, Vincent, Naz\u00e9, Loeiz, Elsevier Inc., 2022<\/span><span style=\"color: #999999;\"><\/span><span style=\"color: #999999;\"><\/span><\/p>\n<p><span style=\"color: #999999;\"><span style=\"color: #808080;\"><strong><em>Numerical Fluid Dynamics: Methods and Computations<\/em><\/strong><\/span> \/ Zeidan, Dia, Merker, Jochen, <span style=\"color: #808080;\"><strong>Goncalves da Silva, \u00c9ric<\/strong><\/span>, Zhang, Lucy, Springer Nature Singapore Pte Ltd., 2022<\/span><span style=\"color: #999999;\"><\/span><span style=\"color: #999999;\"><\/span><\/p>\n<p><span style=\"color: #999999;\"><span style=\"color: #808080;\"><strong><em>Numerical Methods for Engineers: a Practical<\/em> <em>Approach<\/em><\/strong><\/span> \/ Mohamad, Abdulmajeed, A., <span style=\"color: #808080;\"><strong>Benselama, Adel, M.<\/strong><\/span>, World Scientific Publishing Co Pte Ltd., 2022<\/span><span style=\"color: #999999;\"><\/span><span style=\"color: #999999;\"><\/span><\/p>\n<p><span style=\"color: #999999;\"><em><span style=\"color: #808080;\"><strong>La propulsion par fus\u00e9e. Technologie des fus\u00e9es : du moteur \u00e0 l&#8217;architecture<\/strong><\/span> \/ <\/em><span style=\"color: #808080;\"><strong>Bauer, Pascal<\/strong><\/span>, Bruckner, Adam, Ellipses, 2022<em><br \/><\/em><\/span><\/p>\n<p><span style=\"text-decoration: underline; color: #0c71c3;\"><strong>2019<\/strong><\/span><\/p>\n<\/div>\n<p style=\"text-align: left;\"><span style=\"color: #999999;\"><span style=\"color: #808080;\"><strong><i>\u00c9tude des couplages microstructure &#8211; environnement &#8211; m\u00e9canique : recueil des Journ\u00e9es Jeunes Chercheurs 2019 <\/i><\/strong><\/span>\/ <span style=\"color: #808080;\"><strong>H\u00e9naff, Gilbert<\/strong><\/span>, Blanc, Christine, Bosch, C\u00e9dric, Mines Paris Tech, 2019.<\/span><\/p>\n<p style=\"text-align: left;\"><span style=\"color: #999999;\"><span style=\"color: #808080;\"><strong><i>Thermo-a\u00e9rodynamique des moteurs et propulseurs : cours et probl\u00e8mes<\/i><\/strong><\/span> \/ <span style=\"color: #808080;\"><strong>Bauer, Pascal, Sotton, Julien, Bellenoue, Marc<\/strong><\/span>, Ellipses, 2019.<\/span><\/p>\n<p><span style=\"text-decoration: underline; color: #0c71c3;\"><strong>2018<\/strong><\/span><\/p>\n<\/div>\n<p style=\"text-align: left;\"><span style=\"color: #999999;\"><span style=\"color: #808080;\"><strong><i>Durability and Ageing of Organic Composite Materials Set: 2., Mechanical Behavior of Organic Matrix Composites. Effect of Thermo-Oxidative Ageing<\/i> <\/strong><\/span>\/ <span style=\"color: #808080;\"><strong>Gigliotti, Marco, Lafarie-Frenot, Marie-Christine, Grandidier, Jean-Claude<\/strong><\/span>, Minervino, Matteo, Iste ltd., 2018.<\/span><\/p>\n<p style=\"text-align: left;\"><span style=\"color: #999999;\"><span style=\"color: #808080;\"><strong><em>Initiation \u00e0 LabVIEW : les bases de la programmation<\/em><\/strong><\/span> \/ <span style=\"color: #808080;\"><strong>Cottet, Francis<\/strong><\/span>, Dunod, 2018.<\/span><\/p>\n<p style=\"text-align: left;\"><span style=\"color: #999999;\"><span style=\"color: #808080;\"><strong><em>Introduction aux syst\u00e8mes embarqu\u00e9s temps r\u00e9el : conception et mise en oeuvre<\/em><\/strong><\/span> \/ <strong>Grolleau, Emmanuel<\/strong>, Hugues, J\u00e9r\u00f4me, <span style=\"color: #808080;\"><strong>Ouhammou, Yassine, Bauer, Henri<\/strong>,<\/span> Dunod, 2018.<\/span><\/p>\n<p><span style=\"color: #999999;\"><span style=\"color: #808080;\"><strong><em>LabVIEW : programmation et applications. Introduction \u00e0 LabVIEW NXG<\/em><\/strong><\/span> \/ <span style=\"color: #808080;\"><strong>Cottet, Francis<\/strong><\/span>, Pinard, Michel, Desruelle, Luc, 4e \u00e9dition, Dunod, 2018.<\/span><\/p>\n<p><span style=\"text-decoration: underline; color: #0c71c3;\"><strong>2017<\/strong><\/span><\/p>\n<p style=\"text-align: left;\"><span style=\"color: #999999;\"><span style=\"color: #808080;\"><strong><i>Aide-m\u00e9moire du traitement du signal<\/i><\/strong><\/span> \/ <span style=\"color: #808080;\"><strong>Cottet, Francis<\/strong><\/span>, 3e \u00e9dition, Dunod, 2017.<\/span><\/p>\n<p><span style=\"text-decoration: underline; color: #0c71c3;\"><strong>2016<\/strong><\/span><\/p>\n<p style=\"text-align: left;\"><span style=\"color: #999999;\"><span style=\"color: #808080;\"><strong><i>La formation incendie<\/i><\/strong><\/span> \/ sous la direction de <span style=\"color: #808080;\"><strong>Rogaume, Thomas<\/strong><\/span>, Carlo Zaglia, 2016.<\/span><\/p>\n<p><span style=\"text-decoration: underline; color: #0c71c3;\"><strong>2015<\/strong><\/span><\/p>\n<\/div>\n<p style=\"text-align: left;\"><span style=\"color: #999999;\"><span style=\"color: #808080;\"><strong><i>Ondes de choc et d\u00e9tonations : de la th\u00e9orie aux applications. Cours, exercices et probl\u00e8mes corrig\u00e9s<\/i><\/strong><\/span> \/ <span style=\"color: #808080;\"><strong>Bauer, Pascal, Chinnayya, Ashwin, Resseguier, Thibaut de<\/strong><\/span>, Ellipses, 2015.<\/span><\/p>\n<div style=\"text-align: left;\">\n<p><span style=\"text-decoration: underline; color: #0c71c3;\"><strong>2014<\/strong><\/span><\/p>\n<\/div>\n<p style=\"text-align: left;\"><span style=\"color: #999999;\"><span style=\"color: #808080;\"><strong><i>Syst\u00e8mes temps r\u00e9el embarqu\u00e9s : Sp\u00e9cification, conception, impl\u00e9mentation et validation temporelle<\/i><\/strong><\/span> \/ <span style=\"color: #808080;\"><strong>Cottet, Francis, Grolleau, Emmanuel<\/strong>,<\/span> G\u00e9rard, S\u00e9bastien, <span style=\"color: #808080;\"><strong>Ouhammou, Yassine<\/strong><\/span>, Tucci-Piergiovanni, Sara, 2e \u00e9dition, Dunod, 2014.<\/span><\/p>\n<div style=\"text-align: left;\">\n<p><span style=\"text-decoration: underline; color: #0c71c3;\"><strong>2013<\/strong><\/span><\/p>\n<\/div>\n<p style=\"text-align: left;\"><span style=\"color: #999999;\"><span style=\"color: #808080;\"><strong><i>Comment financer l\u2019innovation dans les PME-PMI<\/i><\/strong><\/span> \/ <span style=\"color: #808080;\"><strong>Cottet, Francis<\/strong><\/span>, Toulouse : C\u00e9padu\u00e8s Editions, 2013.<\/span><\/p>\n<div style=\"text-align: left;\">\n<p><span style=\"color: #999999;\"><span style=\"color: #808080;\"><strong><i>M\u00e9canique des milieux continus : cours et exercices corrig\u00e9s<\/i><\/strong><\/span> \/ <span style=\"color: #808080;\"><strong>Coirier, Jean, Nadot-Martin, Carole<\/strong><\/span>, 4e \u00e9dition, Dunod, 2013.<\/span><\/p>\n<p style=\"text-align: left;\"><span style=\"color: #999999;\"><span style=\"text-decoration: underline;\"><strong><span style=\"color: #0c71c3; text-decoration: underline;\">2011<\/span><br \/><\/strong><\/span><i><\/i><\/span><\/p>\n<p style=\"text-align: left;\"><span style=\"color: #999999;\"><i><span style=\"color: #808080;\"><strong>Aide-m\u00e9moire du traitement du signal<\/strong><\/span> \/ <\/i><span style=\"color: #808080;\"><strong>Cottet, Francis<\/strong><\/span>, 2e \u00e9dition, Dunod, 2011.<\/span><\/p>\n<p style=\"text-align: left;\"><span style=\"color: #999999;\"><span style=\"color: #808080;\"><strong><i>La thermodynamique, des principes aux applications : principes, syst\u00e8mes simples, utilisation<\/i><\/strong><\/span> \/ Ch\u00e8ze, Claude<strong>, <span style=\"color: #808080;\">Bauer, Pascal<\/span><\/strong>, Ellipses, 2011.<\/span><\/p>\n<div style=\"text-align: left;\">\n<div style=\"text-align: left;\">\n<p style=\"text-align: left;\"><span style=\"color: #999999;\"><span style=\"text-decoration: underline;\"><strong><span style=\"color: #0c71c3; text-decoration: underline;\">2009<\/span><br \/><\/strong><\/span><i><\/i><\/span><\/p>\n<p style=\"text-align: left;\"><span style=\"color: #999999;\"><span style=\"color: #808080;\"><strong><i>LabVIEW : programmation et applications<\/i><\/strong><\/span> \/ <span style=\"color: #808080;\"><strong>Cottet, Francis<\/strong><\/span>, Pinard, Michel, 2e \u00e9dition, Dunod, 2009.<\/span><\/p>\n<p style=\"text-align: left;\"><span style=\"color: #999999;\"><span style=\"color: #808080;\"><strong><i>Propulseurs a\u00e9ronautiques et spatiaux : thermodynamique des gaz inertes et r\u00e9actifs, syst\u00e8mes de propulsion ana\u00e9robie et a\u00e9robie<\/i><\/strong><\/span> \/ <span style=\"color: #808080;\"><strong>Bauer, Pascal<\/strong><\/span>, Ellipses, 2009.<\/span><\/p>\n<\/div>\n<p style=\"text-align: left;\"><span style=\"color: #999999;\"><span style=\"color: #808080;\"><strong><i>Traitement des signaux et acquisition de donn\u00e9es : cours et exercices corrig\u00e9s<\/i><\/strong><\/span> \/ <span style=\"color: #808080;\"><strong>Cottet, Francis<\/strong><\/span> , 3e \u00e9dition, Dunod, 2009.<\/span><\/p>\n<p><span style=\"color: #999999;\"><span style=\"text-decoration: underline;\"><strong><span style=\"color: #0c71c3; text-decoration: underline;\">2005<\/span><br \/><\/strong><\/span><span style=\"color: #808080;\"><strong><i>Mat\u00e9riaux, Structures : Fatigue des structures. Endurance, crit\u00e8res de dimensionnement, propagation des fissures, rupture<\/i><\/strong><\/span> \/ <span style=\"color: #808080;\"><strong>H\u00e9naff, Gilbert<\/strong><\/span>, Morel, Franck, Ellipses, 2005.<\/span><\/p>\n<\/div>\n<\/div>\n<\/div>\n<\/div>\n<\/div>\n<\/div>\n<\/div>\n<\/div>\n<\/div>\n<p>[\/et_pb_text][\/et_pb_column][\/et_pb_row][\/et_pb_section]<\/p>\n","protected":false},"excerpt":{"rendered":"<p>Books published by teachers &amp; researchers from ISAE-ENSMA \u2014\u2014\u2014\u2014\u2014\u2014\u2014\u2014\u2014\u2014\u2014\u2014\u2014\u2014\u2014\u2014\u2014\u2014\u2014\u2014\u2014\u2014\u2014\u2014\u2014\u2014\u2014\u2014\u2014\u2014\u2014\u2014\u2014\u2014\u2014\u2014\u2014 \u00ab ENSMA, de l\u2019IMAP \u00e0 l\u2019ISAE-ENSMA, 1948-2012 \u00bb (french), by a collective of authors of the school, 176 pages, 318 illustrations, 2012. More than sixty years of the history of ENSMA traced through its major chronological stages, its research, its formation and cultural dimensions. 35\u20ac by [&hellip;]<\/p>\n","protected":false},"author":6,"featured_media":10391,"parent":0,"menu_order":0,"comment_status":"open","ping_status":"open","template":"","meta":{"_et_pb_use_builder":"on","_et_pb_old_content":"<p>\"ENSMA, de l'IMAP \u00e0 l'ISAE-ENSMA, 1948-2012\", par un collectif d'auteurs de l'\u00e9cole, 176 pages, 318 illustrations. Plus de soixante ans d'histoire de l'ENSMA retrac\u00e9s \u00e0 travers ses grandes \u00e9tapes chronologiques, sa recherche, sa formation, sa dimension sociale et culturelle. 35 \u20ac par ch\u00e8que \u00e0 l'ordre de l'agent comptable de l'ENSMA (plus frais d'exp\u00e9dition si n\u00e9cessaire) via le <a href=\"http:\/\/www.ensma.fr\/wp-content\/uploads\/2014\/02\/Bon-de-commande-livre-histoire-ENSMA-2012.pdf\">bon de commande<\/a>.<\/p><p><span style=\"text-decoration: underline;\">Liste des livres \u00e9crits par les enseignants-chercheurs de l'ISAE-ENSMA :<\/span><\/p><div><p><strong>2015<\/strong><\/p><\/div><p><i>Ondes de choc et d\u00e9tonations : de la th\u00e9orie aux applications. Cours, exercices et probl\u00e8mes corrig\u00e9s<\/i> \/ BAUER Pascal, CHIANNAYYA Ashwin, DE RESSEGUIER Thibaut, Ellipses, 2015.<\/p><div><p><strong>2014<\/strong><\/p><\/div><p><i>Syst\u00e8mes temps r\u00e9el embarqu\u00e9s : Sp\u00e9cification, conception, impl\u00e9mentation et validation temporelle<\/i> \/ COTTET Francis, GROLLEAU Emmanuel, GERARD S\u00e9bastien, OUHAMMOU Yassine, TUCCI-PIERGIOVANNI Sara, 2e \u00e9dition, Dunod, 2014, 626 p.<\/p><div><p><strong>2013<\/strong><\/p><\/div><p><i>Comment financer l'innovation dans les PME-PMI<\/i> \/ COTTET Francis, Toulouse : C\u00e9padu\u00e8s Editions, 2013, 148 p.<\/p><div><p><i>M\u00e9canique des milieux continus : cours et exercices corrig\u00e9s<\/i> \/ COIRIER Jean, NADOT-MARTIN Carole, 4e \u00e9dition, Dunod, 2013, 493 p.<\/p><p><strong>2011<\/strong><\/p><p><i>La thermodynamique, des principes aux applications : principes, syst\u00e8mes simples, utilisation<\/i> \/ CHEZE Claude, BAUER Pascal, Ellipses, 2011, 280 p.<\/p><div><p><i>Aide-m\u00e9moire du traitement du signal <\/i> \/ COTTET Francis. - 2e \u00e9dition, Dunod, 2011, 269 p.<\/p><div><p><strong>2009<\/strong><\/p><\/div><p><i>Propulseurs a\u00e9ronautiques et spatiaux : thermodynamique des gaz inertes et r\u00e9actifs, syst\u00e8mes de propulsion ana\u00e9robie et a\u00e9robie<\/i> \/ BAUER Pascal, Ellipses, 2009, 282 p.<\/p><p><i>Traitement des signaux et acquisition de donn\u00e9es : cours et exercices corrig\u00e9s<\/i> \/ COTTET Francis, 3e \u00e9dition, Dunod, 2009, 392 p.<\/p><p><i>LabVIEW : programmation et applications<\/i> \/ COTTET Francis, PINARD Michel, 2e \u00e9dition, Dunod, 2009, 456 p.<\/p><div><p><strong>2005<\/strong><\/p><p><i>Mat\u00e9riaux, Structures : Fatigue des structures. Endurance, crit\u00e8res de dimensionnement, propagation des fissures, rupture<\/i> \/ HENAFF Gilbert, MOREL Franck, Ellipses, 2005, 275 p.<\/p><\/div><\/div><\/div>","_et_gb_content_width":"","footnotes":""},"class_list":["post-16429","page","type-page","status-publish","has-post-thumbnail","hentry"],"_links":{"self":[{"href":"https:\/\/www.ensma.fr\/en\/wp-json\/wp\/v2\/pages\/16429","targetHints":{"allow":["GET"]}}],"collection":[{"href":"https:\/\/www.ensma.fr\/en\/wp-json\/wp\/v2\/pages"}],"about":[{"href":"https:\/\/www.ensma.fr\/en\/wp-json\/wp\/v2\/types\/page"}],"author":[{"embeddable":true,"href":"https:\/\/www.ensma.fr\/en\/wp-json\/wp\/v2\/users\/6"}],"replies":[{"embeddable":true,"href":"https:\/\/www.ensma.fr\/en\/wp-json\/wp\/v2\/comments?post=16429"}],"version-history":[{"count":54,"href":"https:\/\/www.ensma.fr\/en\/wp-json\/wp\/v2\/pages\/16429\/revisions"}],"predecessor-version":[{"id":26324,"href":"https:\/\/www.ensma.fr\/en\/wp-json\/wp\/v2\/pages\/16429\/revisions\/26324"}],"wp:featuredmedia":[{"embeddable":true,"href":"https:\/\/www.ensma.fr\/en\/wp-json\/wp\/v2\/media\/10391"}],"wp:attachment":[{"href":"https:\/\/www.ensma.fr\/en\/wp-json\/wp\/v2\/media?parent=16429"}],"curies":[{"name":"wp","href":"https:\/\/api.w.org\/{rel}","templated":true}]}}