{"id":16584,"date":"2013-11-27T11:58:49","date_gmt":"2013-11-27T10:58:49","guid":{"rendered":"https:\/\/www.ensma.fr\/companies\/evenements\/"},"modified":"2021-07-08T07:39:48","modified_gmt":"2021-07-08T06:39:48","slug":"events","status":"publish","type":"page","link":"https:\/\/www.ensma.fr\/en\/companies\/events\/","title":{"rendered":"Events"},"content":{"rendered":"<p>[et_pb_section fb_built=&#8221;1&#8243; _builder_version=&#8221;4.9.7&#8243; background_enable_color=&#8221;off&#8221; use_background_color_gradient=&#8221;on&#8221; background_color_gradient_start=&#8221;rgba(0,0,0,0)&#8221; background_color_gradient_end=&#8221;#ffffff&#8221; background_color_gradient_direction=&#8221;95deg&#8221; background_color_gradient_start_position=&#8221;20%&#8221; background_color_gradient_end_position=&#8221;17%&#8221; background_color_gradient_overlays_image=&#8221;on&#8221; background_image=&#8221;https:\/\/www.ensma.fr\/wp-content\/uploads\/2021\/05\/cover_plaquette21_web.jpg&#8221; background_position=&#8221;top_left&#8221; custom_padding=&#8221;|||&#8221; background_last_edited=&#8221;on|tablet&#8221; background_enable_image_tablet=&#8221;off&#8221; locked=&#8221;off&#8221;][et_pb_row column_structure=&#8221;1_2,1_2&#8243; _builder_version=&#8221;3.25&#8243; custom_padding=&#8221;||42px|||&#8221;][et_pb_column type=&#8221;1_2&#8243; _builder_version=&#8221;4.9.4&#8243; custom_padding=&#8221;|||&#8221; custom_padding__hover=&#8221;|||&#8221;][et_pb_text _builder_version=&#8221;4.9.7&#8243; text_font=&#8221;Roboto|500|||||||&#8221; text_text_color=&#8221;#939393&#8243; text_font_size=&#8221;21px&#8221; text_line_height=&#8221;2em&#8221; quote_font=&#8221;||||||||&#8221; header_font=&#8221;||||||||&#8221; header_2_font=&#8221;Rubik|700|||||||&#8221; header_2_font_size=&#8221;40px&#8221; header_2_line_height=&#8221;1.4em&#8221; header_3_text_align=&#8221;right&#8221; header_3_text_color=&#8221;#757575&#8243; header_3_font_size=&#8221;39px&#8221; header_5_font=&#8221;Rubik|700||on|||||&#8221; header_5_letter_spacing=&#8221;5px&#8221; header_5_line_height=&#8221;1.2em&#8221; text_orientation=&#8221;right&#8221; background_layout=&#8221;dark&#8221; max_width=&#8221;600px&#8221; max_width_tablet=&#8221;&#8221; max_width_phone=&#8221;&#8221; max_width_last_edited=&#8221;on|phone&#8221; custom_margin=&#8221;-28px||-6px||false|false&#8221; custom_margin_tablet=&#8221;|70px||70px&#8221; custom_margin_phone=&#8221;|50px||50px&#8221; custom_margin_last_edited=&#8221;off|desktop&#8221; custom_padding=&#8221;0px||0px||false|false&#8221; text_line_height_last_edited=&#8221;off|desktop&#8221; header_2_font_size_tablet=&#8221;&#8221; header_2_font_size_phone=&#8221;30px&#8221; header_2_font_size_last_edited=&#8221;on|phone&#8221;]<\/p>\n<p>&nbsp;<\/p>\n<h3>Events<\/h3>\n<p>[\/et_pb_text][\/et_pb_column][et_pb_column type=&#8221;1_2&#8243; _builder_version=&#8221;3.25&#8243; custom_padding=&#8221;|||&#8221; custom_padding__hover=&#8221;|||&#8221;][et_pb_text _builder_version=&#8221;4.9.7&#8243; text_font=&#8221;Roboto|500|||||||&#8221; text_text_color=&#8221;#7f7f7f&#8221; text_font_size=&#8221;16px&#8221; text_line_height=&#8221;1.8em&#8221; quote_font=&#8221;||||||||&#8221; header_font=&#8221;||||||||&#8221; header_2_font=&#8221;Rubik|700|||||||&#8221; header_2_font_size=&#8221;40px&#8221; header_2_line_height=&#8221;1.4em&#8221; header_5_font=&#8221;Rubik|700||on|||||&#8221; header_5_letter_spacing=&#8221;5px&#8221; header_5_line_height=&#8221;1.2em&#8221; background_layout=&#8221;dark&#8221; max_width=&#8221;600px&#8221; max_width_tablet=&#8221;&#8221; max_width_phone=&#8221;&#8221; max_width_last_edited=&#8221;on|phone&#8221; custom_margin=&#8221;||||false|false&#8221; custom_margin_tablet=&#8221;|70px||70px&#8221; custom_margin_phone=&#8221;|50px||50px&#8221; custom_margin_last_edited=&#8221;off|desktop&#8221; custom_padding=&#8221;|||&#8221; text_line_height_last_edited=&#8221;off|desktop&#8221; header_2_font_size_tablet=&#8221;&#8221; header_2_font_size_phone=&#8221;30px&#8221; header_2_font_size_last_edited=&#8221;on|phone&#8221;]<\/p>\n<p><span>During schooling at ISAE-ENSMA, various events allow students to meet industrialists.<\/span><strong><\/strong><\/p>\n<p>[\/et_pb_text][\/et_pb_column][\/et_pb_row][et_pb_row column_structure=&#8221;1_2,1_2&#8243; use_custom_gutter=&#8221;on&#8221; gutter_width=&#8221;1&#8243; custom_padding_last_edited=&#8221;on|tablet&#8221; admin_label=&#8221;Image Row&#8221; _builder_version=&#8221;4.9.4&#8243; max_width=&#8221;976px&#8221; min_height=&#8221;201px&#8221; custom_margin=&#8221;30px|auto||auto||&#8221; custom_padding=&#8221;||0px|100px|false|false&#8221; custom_padding_tablet=&#8221;|10px||10px|false|true&#8221; custom_padding_phone=&#8221;&#8221; locked=&#8221;off&#8221;][et_pb_column type=&#8221;1_2&#8243; _builder_version=&#8221;3.25&#8243; custom_padding=&#8221;|||&#8221; custom_padding__hover=&#8221;|||&#8221;][et_pb_blurb title=&#8221;Career fair&#8221; use_icon=&#8221;on&#8221; font_icon=&#8221;%%36%%&#8221; icon_color=&#8221;#0c71c3&#8243; icon_placement=&#8221;left&#8221; content_max_width=&#8221;830px&#8221; use_icon_font_size=&#8221;on&#8221; icon_font_size=&#8221;33px&#8221; _builder_version=&#8221;4.9.7&#8243; _module_preset=&#8221;default&#8221; header_font=&#8221;Roboto||||||||&#8221; header_text_color=&#8221;#225799&#8243; body_font=&#8221;Roboto||||||||&#8221; body_text_color=&#8221;#7f7f7f&#8221; body_font_size=&#8221;16px&#8221; min_height=&#8221;174px&#8221;]<\/p>\n<div class=\"learn-more-content\" style=\"visibility: visible;\">\n<p style=\"text-align: justify;\">Each year, mid November, a Career Fair takes place at ISAE-ENSMA. It is open to all ISAE-ENSMA students and it allows them to meet and talk with the partner companies.<o:p><\/o:p><\/p>\n<p style=\"text-align: justify;\">During the day, students meet the HR department representatives, as well as engineers and ISAE-ENSMA alumni who introduce their jobs and their career.<o:p><\/o:p><\/p>\n<p style=\"text-align: justify;\">The Career Fair is also dedicated to inernship or job-seeking.<o:p><\/o:p><\/p>\n<\/div>\n<p>[\/et_pb_blurb][\/et_pb_column][et_pb_column type=&#8221;1_2&#8243; _builder_version=&#8221;4.9.4&#8243; _module_preset=&#8221;default&#8221;][et_pb_image src=&#8221;https:\/\/www.ensma.fr\/wp-content\/uploads\/2021\/06\/forum-ensma-2018-7_web.jpg&#8221; title_text=&#8221;forum ensma 2018 7_web&#8221; _builder_version=&#8221;4.9.4&#8243; _module_preset=&#8221;default&#8221; width=&#8221;80%&#8221; module_alignment=&#8221;center&#8221; custom_margin=&#8221;0px|0px||10px|false|false&#8221; custom_padding=&#8221;|||0px|false|false&#8221;][\/et_pb_image][\/et_pb_column][\/et_pb_row][et_pb_row column_structure=&#8221;1_2,1_2&#8243; use_custom_gutter=&#8221;on&#8221; gutter_width=&#8221;1&#8243; custom_padding_last_edited=&#8221;on|tablet&#8221; admin_label=&#8221;Image Row&#8221; _builder_version=&#8221;4.9.4&#8243; max_width=&#8221;976px&#8221; custom_padding=&#8221;|||100px|false|false&#8221; custom_padding_tablet=&#8221;|10px||10px|false|true&#8221; custom_padding_phone=&#8221;&#8221; locked=&#8221;off&#8221;][et_pb_column type=&#8221;1_2&#8243; _builder_version=&#8221;3.25&#8243; custom_padding=&#8221;|||&#8221; custom_padding__hover=&#8221;|||&#8221;][et_pb_blurb title=&#8221;Plant tours&#8221; use_icon=&#8221;on&#8221; font_icon=&#8221;%%36%%&#8221; icon_color=&#8221;#0c71c3&#8243; icon_placement=&#8221;left&#8221; content_max_width=&#8221;830px&#8221; use_icon_font_size=&#8221;on&#8221; icon_font_size=&#8221;33px&#8221; _builder_version=&#8221;4.9.7&#8243; _module_preset=&#8221;default&#8221; header_font=&#8221;Roboto||||||||&#8221; header_text_color=&#8221;#225799&#8243; body_font=&#8221;Roboto||||||||&#8221; body_text_color=&#8221;#7f7f7f&#8221; body_font_size=&#8221;16px&#8221;]<\/p>\n<p style=\"text-align: justify;\">Plant tours allow the students to benefit from contacts with the industrial sector and thus complete their training. It takes place each year\u00a0 and is open to 1st year and 2nd year-students.<o:p><\/o:p><\/p>\n<p style=\"text-align: justify;\">List of the companies which recently open their doors to the students: Airbus Saint Nazaire, ATR Blagnac, Auto Chassis International Le Mans, CEA Le Ripault, Dassault Aviation Martignas, Dassault Aviation M\u00e9rignac, Dassault Aviation Biard, Fenwick Linde Cenon sur Vienne, Herakles Le Haillan, Leroy Somer Angoul\u00eame, MBDA Bourges, MECAFI Ch\u00e2tellerault, Ratier Figeac, SAFT Poitiers, SAGEM Saint-Beno\u00eet, SATECO Mirebeau, Safran Vernon, Safran Villaroche, SOGERMA Rochefort, Thales Avionics Ch\u00e2tellerault, VALEO Ch\u00e2tellerault, VIM Soudan&#8230;<o:p><\/o:p><\/p>\n<p style=\"text-align: justify;\">1st year-students also visit the ISAE-ENSMA research laboratories, in order to meet the teachers, the researchers and the PhD students.<o:p><\/o:p><\/p>\n<p>[\/et_pb_blurb][\/et_pb_column][et_pb_column type=&#8221;1_2&#8243; _builder_version=&#8221;4.9.4&#8243; _module_preset=&#8221;default&#8221;][et_pb_image src=&#8221;https:\/\/www.ensma.fr\/wp-content\/uploads\/2021\/06\/visite-Airbus_web.jpg&#8221; title_text=&#8221;visite Airbus_web&#8221; _builder_version=&#8221;4.9.4&#8243; _module_preset=&#8221;default&#8221; width=&#8221;81%&#8221; module_alignment=&#8221;center&#8221; custom_margin=&#8221;|||10px|false|false&#8221;][\/et_pb_image][\/et_pb_column][\/et_pb_row][et_pb_row column_structure=&#8221;1_2,1_2&#8243; use_custom_gutter=&#8221;on&#8221; gutter_width=&#8221;1&#8243; custom_padding_last_edited=&#8221;on|tablet&#8221; admin_label=&#8221;Image Row&#8221; _builder_version=&#8221;4.9.4&#8243; max_width=&#8221;976px&#8221; custom_padding=&#8221;|||100px|false|false&#8221; custom_padding_tablet=&#8221;|10px||10px|false|true&#8221; custom_padding_phone=&#8221;&#8221; locked=&#8221;off&#8221;][et_pb_column type=&#8221;1_2&#8243; _builder_version=&#8221;3.25&#8243; custom_padding=&#8221;|||&#8221; custom_padding__hover=&#8221;|||&#8221;][et_pb_blurb title=&#8221;Career days&#8221; use_icon=&#8221;on&#8221; font_icon=&#8221;%%36%%&#8221; icon_color=&#8221;#0c71c3&#8243; icon_placement=&#8221;left&#8221; content_max_width=&#8221;830px&#8221; use_icon_font_size=&#8221;on&#8221; icon_font_size=&#8221;33px&#8221; _builder_version=&#8221;4.9.7&#8243; _module_preset=&#8221;default&#8221; header_font=&#8221;Roboto||||||||&#8221; header_text_color=&#8221;#225799&#8243; body_font=&#8221;Roboto||||||||&#8221; body_text_color=&#8221;#7f7f7f&#8221; body_font_size=&#8221;16px&#8221;]<\/p>\n<p><span class=\"VIiyi\" jsaction=\"mouseup:BR6jm\" jsname=\"jqKxS\" lang=\"en\"><span jsaction=\"agoMJf:PFBcW;usxOmf:aWLT7;jhKsnd:P7O7bd,F8DmGf;Q4AGo:Gm7gYd,qAKMYb;uFUCPb:pvnm0e,pfE8Hb,PFBcW;f56efd:dJXsye;EnoYf:KNzws,ZJsZZ,JgVSJc;zdMJQc:cCQNKb,ZJsZZ,zchEXc;Ytrrj:JJDvdc;tNR8yc:GeFvjb;oFN6Ye:hij5Wb\" jsname=\"txFAF\" class=\"JLqJ4b ChMk0b\" data-language-for-alternatives=\"en\" data-language-to-translate-into=\"fr\" data-phrase-index=\"0\" jscontroller=\"Zl5N8\" jsdata=\"uqLsIf;_;$10\" jsmodel=\"SsMkhd\"><span jsaction=\"click:qtZ4nf,GFf3ac,tMZCfe; contextmenu:Nqw7Te,QP7LD; mouseout:Nqw7Te; mouseover:qtZ4nf,c2aHje\" jsname=\"W297wb\">In order to allow students to know the different possible paths after their diploma, ISAE-ENSMA organizes every year, in conjunction with our industrial partners (large companies in the aerospace and defense sectors such as Safran, Dassault<\/span><\/span> <span jsaction=\"agoMJf:PFBcW;usxOmf:aWLT7;jhKsnd:P7O7bd,F8DmGf;Q4AGo:Gm7gYd,qAKMYb;uFUCPb:pvnm0e,pfE8Hb,PFBcW;f56efd:dJXsye;EnoYf:KNzws,ZJsZZ,JgVSJc;zdMJQc:cCQNKb,ZJsZZ,zchEXc;Ytrrj:JJDvdc;tNR8yc:GeFvjb;oFN6Ye:hij5Wb\" jsname=\"txFAF\" class=\"JLqJ4b ChMk0b\" data-language-for-alternatives=\"en\" data-language-to-translate-into=\"fr\" data-phrase-index=\"1\" jscontroller=\"Zl5N8\" jsdata=\"uqLsIf;_;$11\" jsmodel=\"SsMkhd\"><span jsaction=\"click:qtZ4nf,GFf3ac,tMZCfe; contextmenu:Nqw7Te,QP7LD; mouseout:Nqw7Te; mouseover:qtZ4nf,c2aHje\" jsname=\"W297wb\">, Arianegroup, MBDA, etc.), events to present professions and possible post-graduation paths.<\/span><\/span><\/span> During the days, round tables take place mainly with the ISAE-ENSMA alumni who show their core activity and their career development. Simulated interviews also allow the students to become familiar with recruitment techniques.<\/p>\n<p><span class=\"VIiyi\" jsaction=\"mouseup:BR6jm\" jsname=\"jqKxS\" lang=\"en\"><span jsaction=\"agoMJf:PFBcW;usxOmf:aWLT7;jhKsnd:P7O7bd,F8DmGf;Q4AGo:Gm7gYd,qAKMYb;uFUCPb:pvnm0e,pfE8Hb,PFBcW;f56efd:dJXsye;EnoYf:KNzws,ZJsZZ,JgVSJc;zdMJQc:cCQNKb,ZJsZZ,zchEXc;Ytrrj:JJDvdc;tNR8yc:GeFvjb;oFN6Ye:hij5Wb\" jsname=\"txFAF\" class=\"JLqJ4b ChMk0b\" data-language-for-alternatives=\"en\" data-language-to-translate-into=\"fr\" data-phrase-index=\"0\" jscontroller=\"Zl5N8\" jsdata=\"uqLsIf;_;$38\" jsmodel=\"SsMkhd\"><span jsaction=\"click:qtZ4nf,GFf3ac,tMZCfe; contextmenu:Nqw7Te,QP7LD; mouseout:Nqw7Te; mouseover:qtZ4nf,c2aHje\" jsname=\"W297wb\">In order to stay in tune with the expectations of our students and developments in their chosen fields, the school regularly offers new &#8220;career days&#8221;, with new topics covered.<\/span><\/span><\/span><\/p>\n<p>[\/et_pb_blurb][\/et_pb_column][et_pb_column type=&#8221;1_2&#8243; _builder_version=&#8221;4.9.4&#8243; _module_preset=&#8221;default&#8221;][et_pb_image src=&#8221;https:\/\/www.ensma.fr\/wp-content\/uploads\/2021\/06\/forum-ensma-2018-5_web.jpg&#8221; title_text=&#8221;forum ensma 2018 5_web&#8221; show_bottom_space=&#8221;off&#8221; _builder_version=&#8221;4.9.4&#8243; _module_preset=&#8221;default&#8221; width=&#8221;80%&#8221; module_alignment=&#8221;center&#8221; custom_margin=&#8221;100px|||10px|false|false&#8221; custom_margin_tablet=&#8221;10px||||false|false&#8221; custom_margin_phone=&#8221;&#8221; custom_margin_last_edited=&#8221;on|tablet&#8221;][\/et_pb_image][\/et_pb_column][\/et_pb_row][et_pb_row column_structure=&#8221;1_2,1_2&#8243; use_custom_gutter=&#8221;on&#8221; gutter_width=&#8221;1&#8243; custom_padding_last_edited=&#8221;on|tablet&#8221; admin_label=&#8221;Image Row&#8221; _builder_version=&#8221;4.9.4&#8243; max_width=&#8221;976px&#8221; custom_padding=&#8221;|||100px|false|false&#8221; custom_padding_tablet=&#8221;|10px||10px|false|true&#8221; custom_padding_phone=&#8221;&#8221; locked=&#8221;off&#8221;][et_pb_column type=&#8221;1_2&#8243; _builder_version=&#8221;3.25&#8243; custom_padding=&#8221;|||&#8221; custom_padding__hover=&#8221;|||&#8221;][et_pb_blurb title=&#8221;Innovation day&#8221; use_icon=&#8221;on&#8221; font_icon=&#8221;%%36%%&#8221; icon_color=&#8221;#0c71c3&#8243; icon_placement=&#8221;left&#8221; content_max_width=&#8221;830px&#8221; use_icon_font_size=&#8221;on&#8221; icon_font_size=&#8221;33px&#8221; _builder_version=&#8221;4.9.7&#8243; _module_preset=&#8221;default&#8221; header_font=&#8221;Roboto||||||||&#8221; header_text_color=&#8221;#225799&#8243; body_font=&#8221;Roboto||||||||&#8221; body_text_color=&#8221;#7f7f7f&#8221; body_font_size=&#8221;16px&#8221; hover_enabled=&#8221;0&#8243; sticky_enabled=&#8221;0&#8243;]<\/p>\n<p style=\"text-align: justify;\">This event, organised once a year at ISAE-ENSMA, aims to promote innovation, research and the entrepreneurial spirit, by introducing students to the SME\/SMI and start-up sectors in terms of innovation and employment. It includes conferences, testimonies, discussion sessions and a space dedicated to PhD in industry, to share and discover innovation issues, particularly from the New Aquitaine region.<\/p>\n<p>[\/et_pb_blurb][\/et_pb_column][et_pb_column type=&#8221;1_2&#8243; _builder_version=&#8221;4.9.4&#8243; _module_preset=&#8221;default&#8221;][et_pb_image src=&#8221;https:\/\/www.ensma.fr\/wp-content\/uploads\/2021\/06\/forum-ensma-2018-6_web.jpg&#8221; title_text=&#8221;forum ensma 2018 6_web&#8221; align=&#8221;right&#8221; _builder_version=&#8221;4.9.4&#8243; _module_preset=&#8221;default&#8221; width=&#8221;74%&#8221; module_alignment=&#8221;center&#8221; custom_margin=&#8221;|||10px|false|false&#8221;][\/et_pb_image][\/et_pb_column][\/et_pb_row][\/et_pb_section]<\/p>\n","protected":false},"excerpt":{"rendered":"<p>&nbsp; EventsDuring schooling at ISAE-ENSMA, various events allow students to meet industrialists. Each year, mid November, a Career Fair takes place at ISAE-ENSMA. It is open to all ISAE-ENSMA students and it allows them to meet and talk with the partner companies. During the day, students meet the HR department representatives, as well as engineers [&hellip;]<\/p>\n","protected":false},"author":6,"featured_media":9500,"parent":10573,"menu_order":0,"comment_status":"open","ping_status":"open","template":"","meta":{"_et_pb_use_builder":"on","_et_pb_old_content":"<p>\u00a0<\/p><p><strong><span style=\"color: #ff6600;\">Forum Entreprises<\/span><\/strong><\/p><p style=\"text-align: justify;\">Tous les ans, d\u00e9but janvier, un forum est organis\u00e9 dans les locaux de l'ISAE-ENSMA. Il est accessible \u00e0 tous les \u00e9tudiants de l'\u00e9cole et leur permet de d\u00e9couvrir les entreprises partenaires.<\/p><p style=\"text-align: justify;\">Au cours de cette journ\u00e9e, les \u00e9tudiants pourront rencontrer des personnels des ressources humaines, mais \u00e9galement des ing\u00e9nieurs et des anciens de l'ISAE-ENSMA qui pr\u00e9sentent leurs m\u00e9tiers et leurs parcours.<\/p><p style=\"text-align: justify;\">Le Forum Entreprises est \u00e9galement une occasion privil\u00e9gi\u00e9e pour la recherche de stages ou d'emploi.<\/p><p>\u00a0<\/p><p><strong><span style=\"color: #ff6600;\">Visites d'entreprises<\/span><\/strong><\/p><p style=\"text-align: justify;\">Les visites d'entreprises permettent aux \u00e9tudiants de b\u00e9n\u00e9ficier de nombreux contacts avec le monde industriel et ainsi de compl\u00e9ter leur formation. Elles ont lieu chaque ann\u00e9e en mars\/ avril et concernent les \u00e9tudiants de 1re et 2e ann\u00e9e.<\/p><p style=\"text-align: justify;\">Les entreprises qui ont ouvert leurs portes aux \u00e9tudiants r\u00e9cemment: AIRBUS Saint Nazaire, ATR Blagnac, AUTO CHASSIS INTERNATIONAL Le Mans, CEA Le Ripault, DASSAULT AVIATION Martignas, DASSAULT AVIATION M\u00e9rignac, DASSAULT AVIATION Biard, FENWICK LINDE Cenon sur Vienne, HERAKLES Le Haillan, LEROY SOMER Angoul\u00eame, MBDA Bourges, MECAFI Ch\u00e2tellerault, RATIER Figeac, SAFT Poitiers, SAGEM Saint-Beno\u00eet, SATECO Mirebeau, SNECMA Vernon, SNECMA Villaroche, SOGERMA Rochefort, THALES AVIONICS Ch\u00e2tellerault, VALEO Ch\u00e2tellerault et VIM Soudan.<\/p><p style=\"text-align: justify;\">Les \u00e9tudiants de 1re ann\u00e9e visitent \u00e9galement les laboratoires de l'ISAE-ENSMA, afin de rencontrer les enseignants, les chercheurs et les doctorants.<\/p><p>\u00a0<\/p><p><strong><span style=\"color: #ff6600;\">Journ\u00e9es M\u00e9tiers<\/span><\/strong><\/p><p style=\"text-align: justify;\">Des journ\u00e9es m\u00e9tiers sont organis\u00e9es tous les ans dans les locaux de l'ISAE-ENSMA:<\/p><ul style=\"text-align: justify;\"><li>1 journ\u00e9e est consacr\u00e9e \u00e0 l'entreprise Dassault, pour les \u00e9tudiants de 2\u00e8me ann\u00e9e;<\/li><li>1 journ\u00e9e est consacr\u00e9e au groupe Safran, pour les \u00e9tudiants de 3\u00e8me ann\u00e9e,<\/li><li>1 journ\u00e9e est consacr\u00e9e au groupe Airbus, pour les \u00e9tudiants de 3\u00e8me ann\u00e9e.<\/li><\/ul><p style=\"text-align: justify;\">Lors de ces journ\u00e9es, des tables rondes sont organis\u00e9es principalement avec des anciens \u00e9tudiants de l'ISAE-ENSMA qui apportent des t\u00e9moignages sur leur coeur de m\u00e9tier, leur \u00e9volution de carri\u00e8re. Des simulations d'entretien d'embauche permettent \u00e9galement aux \u00e9tudiants de se familiariser avec les techniques de recrutement.<\/p>","_et_gb_content_width":"","footnotes":""},"class_list":["post-16584","page","type-page","status-publish","has-post-thumbnail","hentry"],"_links":{"self":[{"href":"https:\/\/www.ensma.fr\/en\/wp-json\/wp\/v2\/pages\/16584","targetHints":{"allow":["GET"]}}],"collection":[{"href":"https:\/\/www.ensma.fr\/en\/wp-json\/wp\/v2\/pages"}],"about":[{"href":"https:\/\/www.ensma.fr\/en\/wp-json\/wp\/v2\/types\/page"}],"author":[{"embeddable":true,"href":"https:\/\/www.ensma.fr\/en\/wp-json\/wp\/v2\/users\/6"}],"replies":[{"embeddable":true,"href":"https:\/\/www.ensma.fr\/en\/wp-json\/wp\/v2\/comments?post=16584"}],"version-history":[{"count":5,"href":"https:\/\/www.ensma.fr\/en\/wp-json\/wp\/v2\/pages\/16584\/revisions"}],"predecessor-version":[{"id":16595,"href":"https:\/\/www.ensma.fr\/en\/wp-json\/wp\/v2\/pages\/16584\/revisions\/16595"}],"up":[{"embeddable":true,"href":"https:\/\/www.ensma.fr\/en\/wp-json\/wp\/v2\/pages\/10573"}],"wp:featuredmedia":[{"embeddable":true,"href":"https:\/\/www.ensma.fr\/en\/wp-json\/wp\/v2\/media\/9500"}],"wp:attachment":[{"href":"https:\/\/www.ensma.fr\/en\/wp-json\/wp\/v2\/media?parent=16584"}],"curies":[{"name":"wp","href":"https:\/\/api.w.org\/{rel}","templated":true}]}}