{"id":16672,"date":"2014-03-17T09:32:05","date_gmt":"2014-03-17T08:32:05","guid":{"rendered":"https:\/\/www.ensma.fr\/mentions-legales\/"},"modified":"2021-07-09T08:49:13","modified_gmt":"2021-07-09T07:49:13","slug":"legals","status":"publish","type":"page","link":"https:\/\/www.ensma.fr\/en\/legals\/","title":{"rendered":"Legals"},"content":{"rendered":"<p>[et_pb_section fb_built=&#8221;1&#8243; admin_label=&#8221;section&#8221; _builder_version=&#8221;3.22&#8243;][et_pb_row admin_label=&#8221;row&#8221; _builder_version=&#8221;4.9.7&#8243; background_size=&#8221;initial&#8221; background_position=&#8221;top_left&#8221; background_repeat=&#8221;repeat&#8221; hover_enabled=&#8221;0&#8243; sticky_enabled=&#8221;0&#8243;][et_pb_column type=&#8221;4_4&#8243; _builder_version=&#8221;3.25&#8243; custom_padding=&#8221;|||&#8221; custom_padding__hover=&#8221;|||&#8221;][et_pb_text admin_label=&#8221;Text&#8221; _builder_version=&#8221;4.9.7&#8243; background_size=&#8221;initial&#8221; background_position=&#8221;top_left&#8221; background_repeat=&#8221;repeat&#8221; hover_enabled=&#8221;0&#8243; sticky_enabled=&#8221;0&#8243;]<\/p>\n<p>Only available in <a href=\"https:\/\/www.ensma.fr\/mentions-legales\/\" target=\"_blank\" rel=\"noopener\">French<\/a><\/p>\n<p><strong>Photo credits<\/strong><br \/>R. Barrault, O. Geay, A. Gouillardon, T. Kamin, T. Montassier, C. Nadot, G. P\u00e9couyoul, MJ. Pichon, D. Proux, F. Touchard, M. Vimenet \/ Futuroscope, AIRBUS, Bureau des El\u00e8ves ISAE-ENSMA, CNRS, CROUS, DASSAULT Aviation, D\u00e9partment de la Vienne, EADS, ENSMAir, ESA \/ CNES \/ ARIANESPACE \/ CEF, Fansmare, Grand Poitiers, Habitat de la Vienne, Institut Pprime, ISAE-ENSMA, laboratoire LIAS, Le club photo ISAE-ENSMA, R\u00e9gion Nouvelle-Aquitaine, SNECMA-Groupe SAFRAN, Universit\u00e9 de Poitiers.<\/p>\n<p>[\/et_pb_text][\/et_pb_column][\/et_pb_row][\/et_pb_section]<\/p>\n","protected":false},"excerpt":{"rendered":"<p>Only available in French Photo creditsR. Barrault, O. Geay, A. Gouillardon, T. Kamin, T. Montassier, C. Nadot, G. P\u00e9couyoul, MJ. Pichon, D. Proux, F. Touchard, M. Vimenet \/ Futuroscope, AIRBUS, Bureau des El\u00e8ves ISAE-ENSMA, CNRS, CROUS, DASSAULT Aviation, D\u00e9partment de la Vienne, EADS, ENSMAir, ESA \/ CNES \/ ARIANESPACE \/ CEF, Fansmare, Grand Poitiers, Habitat [&hellip;]<\/p>\n","protected":false},"author":6,"featured_media":11913,"parent":0,"menu_order":0,"comment_status":"open","ping_status":"open","template":"","meta":{"_et_pb_use_builder":"on","_et_pb_old_content":"<b style=\"line-height: 1.5em;\">Editeur du site<\/b>\r\n\r\nENSMA\r\nT\u00e9l\u00e9port 2, 1 avenue Cl\u00e9ment Ader\r\nBP 40109\r\n86961 Futuroscope Chasseneuil Cedex\r\nFrance\r\n\r\n\u00a0\r\n\r\n<b>H\u00e9bergement<\/b>\r\n\r\nLe site est h\u00e9berg\u00e9 en local par l'ENSMA\r\n\r\n\u00a0\r\n\r\n<b>Graphisme et conception<\/b>\r\n\r\nStudio Exosma\r\n1, avenue d\u2019Ester, Ester technopole\r\n87069 LIMOGES\r\nCourriel : <a href=\"mailto:info@studio-exosma.fr\">info@studio-exosma.fr<\/a>\r\n\r\nWeb : <a href=\"http:\/\/www.studio-exosma.fr\/\">www.studio-exosma.fr<\/a>\r\n\r\n\u00a0\r\n\r\n<b>D\u00e9claration \u00e0 la CNIL<\/b>\r\n<p style=\"text-align: justify;\">Le site www.ensma.fr est d\u00e9clar\u00e9 aupr\u00e8s de la Commission Nationale de l\u2019Informatique et des Libert\u00e9s (CNIL) sous le n\u00b0 11 39 410.<\/p>\r\n\u00a0\r\n\r\n<b>Droit d'acc\u00e8s aux donn\u00e9es personnelles\u00a0\u00a0\u00a0\u00a0\u00a0\u00a0\u00a0\u00a0\u00a0\u00a0\u00a0 <\/b>\r\n<p style=\"text-align: justify;\">Toutes les donn\u00e9es personnelles recueillies sur le site sont trait\u00e9es avec la plus stricte confidentialit\u00e9. Nous vous rappelons que vous disposez d'un droit d'acc\u00e8s, de modification, de rectification et de suppression des donn\u00e9es qui vous concernent (art. 34 de la loi \"Informatique et Libert\u00e9s\" du 6 janvier 1978 modifi\u00e9e).<\/p>\r\nPour exercer ce droit, adressez-vous par courrier \u00e0 :\r\n\r\nENSMA\r\n\r\nWebmaster\r\nT\u00e9l\u00e9port 2, 1 avenue Cl\u00e9ment Ader\r\n\r\nBP 40109\r\n86961 Futuroscope Chasseneuil Cedex\r\nFrance\r\n\r\nou par mail \u00e0 : <a href=\"mailto:webmaster@ensma.fr\">webmaster@ensma.fr<\/a>\r\n\r\n\u00a0\r\n\r\n<b>Propri\u00e9t\u00e9 intellectuelle<\/b>\r\n<p style=\"text-align: justify;\">L\u2019ensemble des \u00e9l\u00e9ments figurant sur notre site sont prot\u00e9g\u00e9s par les dispositions du Code de la Propri\u00e9t\u00e9 Intellectuelle. En cons\u00e9quence, toute reproduction de ceux-ci, totale ou partielle, ou imitation, sans notre accord expr\u00e8s, pr\u00e9alable et \u00e9crit, est interdite.<\/p>\r\n\u00a0\r\n\r\n<b>Responsabilit\u00e9<\/b>\r\n<p style=\"text-align: justify;\">L\u2019ensemble des informations accessibles via ce site sont fournies en l\u2019\u00e9tat. L\u2019ENSMA ne donne aucune garantie, explicite ou implicite, et n\u2019assume aucune responsabilit\u00e9 relative \u00e0 l\u2019utilisation de ces informations. L\u2019ENSMA n\u2019est pas responsable ni de l\u2019exactitude, ni des erreurs, ni des omissions contenues sur ce site. L\u2019utilisateur est seul responsable de l\u2019utilisation de telles informations.<\/p>\r\n<p style=\"text-align: justify;\">L\u2019ENSMA se r\u00e9serve le droit de modifier \u00e0 tout moment les pr\u00e9sentes notamment en actualisant ce site. L\u2019ENSMA ne pourra \u00eatre responsable pour quel que dommage que ce soit tant direct qu\u2019indirect, r\u00e9sultant d\u2019une information contenue sur ce site. L\u2019utilisateur s\u2019engage \u00e0 ne transmettre sur ce site aucune information pouvant entra\u00eener une responsabilit\u00e9 civile ou p\u00e9nale et s\u2019engage \u00e0 ce titre \u00e0 ne pas divulguer via ce site des informations ill\u00e9gales, contraires \u00e0 l\u2019ordre public ou diffamatoires. Les sites ext\u00e9rieurs ayant un lien hypertexte avec le pr\u00e9sent site ne sont pas sous contr\u00f4le de L\u2019ENSMA qui d\u00e9cline par cons\u00e9quent toute responsabilit\u00e9 quant \u00e0 leur contenu. L\u2019utilisateur est seul responsable de leur utilisation.<\/p>\r\n<p style=\"text-align: justify;\">Aucune information personnelle de l\u2019utilisateur du site n\u2019est publi\u00e9e \u00e0 l\u2019insu de l\u2019utilisateur, \u00e9chang\u00e9e, transf\u00e9r\u00e9e, c\u00e9d\u00e9e ou vendue sur un support quelconque \u00e0 des tiers.<\/p>\r\n<p style=\"text-align: justify;\">Les bases de donn\u00e9es sont prot\u00e9g\u00e9es par les dispositions de la loi du 1er juillet 1998 transposant la directive 96\/9 du 11 mars 1996 relative \u00e0 la protection juridique des bases de donn\u00e9es.<\/p>\r\n\u00a0\r\n\r\n<b>Charte informatique<\/b>\r\n<p style=\"text-align: justify;\">La charte informatique d\u00e9finit les conditions d'utilisation et les r\u00e8gles de bon usage des moyens informatiques de l'ENSMA.<\/p>\r\n\u00a0\r\n\r\n<b>Cr\u00e9dits photos <\/b>\r\n<p style=\"text-align: justify;\">O. Geay, A. Gouillardon, T. Montassier, G. P\u00e9couyoul, MJ. Pichon, D. Proux, F. Touchard, M. Vimenet \/ Futuroscope, AIRBUS, DASSAULT Aviation, EADS, ESA \/ CNES \/ ARIANESPACE \/ CEF, Le club photo ENSMA, SNECMA-Groupe SAFRAN.<\/p>\r\n\u00a0\r\n\r\n<b>Messagerie<\/b>\r\n\r\nPour toute remarque sur le fonctionnement du site, \u00e9crivez \u00e0 l\u2019administrateur du site <a href=\"mailto:webmaster@ensma.fr\">webmaster@ensma.fr<\/a>\r\n\r\n\u00a0","_et_gb_content_width":"","footnotes":""},"class_list":["post-16672","page","type-page","status-publish","has-post-thumbnail","hentry"],"_links":{"self":[{"href":"https:\/\/www.ensma.fr\/en\/wp-json\/wp\/v2\/pages\/16672","targetHints":{"allow":["GET"]}}],"collection":[{"href":"https:\/\/www.ensma.fr\/en\/wp-json\/wp\/v2\/pages"}],"about":[{"href":"https:\/\/www.ensma.fr\/en\/wp-json\/wp\/v2\/types\/page"}],"author":[{"embeddable":true,"href":"https:\/\/www.ensma.fr\/en\/wp-json\/wp\/v2\/users\/6"}],"replies":[{"embeddable":true,"href":"https:\/\/www.ensma.fr\/en\/wp-json\/wp\/v2\/comments?post=16672"}],"version-history":[{"count":3,"href":"https:\/\/www.ensma.fr\/en\/wp-json\/wp\/v2\/pages\/16672\/revisions"}],"predecessor-version":[{"id":16677,"href":"https:\/\/www.ensma.fr\/en\/wp-json\/wp\/v2\/pages\/16672\/revisions\/16677"}],"wp:featuredmedia":[{"embeddable":true,"href":"https:\/\/www.ensma.fr\/en\/wp-json\/wp\/v2\/media\/11913"}],"wp:attachment":[{"href":"https:\/\/www.ensma.fr\/en\/wp-json\/wp\/v2\/media?parent=16672"}],"curies":[{"name":"wp","href":"https:\/\/api.w.org\/{rel}","templated":true}]}}