{"id":23494,"date":"2023-09-29T11:06:02","date_gmt":"2023-09-29T10:06:02","guid":{"rendered":"https:\/\/www.ensma.fr\/social-commitments\/egalite-et-vss\/"},"modified":"2023-10-25T13:58:40","modified_gmt":"2023-10-25T12:58:40","slug":"equality-sexism-and-sexual-assault","status":"publish","type":"page","link":"https:\/\/www.ensma.fr\/en\/social-commitments\/equality-sexism-and-sexual-assault\/","title":{"rendered":"Equality &#038; Sexism and Sexual Assault"},"content":{"rendered":"<p>[et_pb_section fb_built=&#8221;1&#8243; _builder_version=&#8221;4.16&#8243; use_background_color_gradient=&#8221;on&#8221; background_color_gradient_direction=&#8221;95deg&#8221; background_color_gradient_stops=&#8221;rgba(0,0,0,0) 20%|#ffffff 20%&#8221; background_color_gradient_overlays_image=&#8221;on&#8221; background_color_gradient_start=&#8221;rgba(0,0,0,0)&#8221; background_color_gradient_start_position=&#8221;20%&#8221; background_color_gradient_end=&#8221;#ffffff&#8221; background_color_gradient_end_position=&#8221;17%&#8221; background_image=&#8221;https:\/\/www.ensma.fr\/wp-content\/uploads\/2021\/05\/cover_plaquette21_web.jpg&#8221; background_position=&#8221;center_right&#8221; min_height=&#8221;2124.1px&#8221; background_last_edited=&#8221;on|tablet&#8221; background_enable_image_tablet=&#8221;off&#8221; locked=&#8221;off&#8221; global_colors_info=&#8221;{}&#8221;][et_pb_row column_structure=&#8221;1_4,3_4&#8243; use_custom_gutter=&#8221;on&#8221; gutter_width=&#8221;2&#8243; _builder_version=&#8221;4.22.1&#8243; _module_preset=&#8221;default&#8221; max_width=&#8221;934px&#8221; link_option_url_new_window=&#8221;on&#8221; collapsed=&#8221;off&#8221; global_colors_info=&#8221;{}&#8221; disabled_on=&#8221;off|off|off&#8221;][et_pb_column type=&#8221;1_4&#8243; _builder_version=&#8221;4.22.1&#8243; _module_preset=&#8221;default&#8221; background_color=&#8221;rgba(0,0,0,0)&#8221; background_enable_image=&#8221;off&#8221; background_size=&#8221;initial&#8221; global_colors_info=&#8221;{}&#8221;][et_pb_text _builder_version=&#8221;4.22.2&#8243; text_font=&#8221;Roboto|500|||||||&#8221; text_text_color=&#8221;#939393&#8243; text_font_size=&#8221;21px&#8221; text_line_height=&#8221;2em&#8221; quote_font=&#8221;||||||||&#8221; header_font=&#8221;||||||||&#8221; header_2_font=&#8221;Rubik|700|||||||&#8221; header_2_font_size=&#8221;40px&#8221; header_2_line_height=&#8221;1.4em&#8221; header_3_text_align=&#8221;right&#8221; header_3_text_color=&#8221;#757575&#8243; header_3_font_size=&#8221;39px&#8221; header_5_font=&#8221;Rubik|700||on|||||&#8221; header_5_letter_spacing=&#8221;5px&#8221; header_5_line_height=&#8221;1.2em&#8221; text_orientation=&#8221;right&#8221; background_layout=&#8221;dark&#8221; max_width=&#8221;600px&#8221; max_width_tablet=&#8221;&#8221; max_width_phone=&#8221;&#8221; max_width_last_edited=&#8221;on|phone&#8221; custom_margin=&#8221;|||&#8221; custom_margin_tablet=&#8221;|70px||70px&#8221; custom_margin_phone=&#8221;|50px||50px&#8221; custom_margin_last_edited=&#8221;off|desktop&#8221; custom_padding=&#8221;|||&#8221; text_line_height_last_edited=&#8221;off|desktop&#8221; header_2_font_size_tablet=&#8221;&#8221; header_2_font_size_phone=&#8221;30px&#8221; header_2_font_size_last_edited=&#8221;on|phone&#8221; locked=&#8221;off&#8221; global_colors_info=&#8221;{}&#8221;]<\/p>\n<h3 style=\"text-align: right;\"><strong>Equality &amp; Sexism and Sexual Assault<\/strong><\/h3>\n<p>&nbsp;<\/p>\n<h3 style=\"text-align: right;\"><img loading=\"lazy\" decoding=\"async\" src=\"https:\/\/www.ensma.fr\/wp-content\/uploads\/2023\/09\/Egalite-VSS-1-239x300.jpg\" width=\"146\" height=\"183\" alt=\"\" class=\"wp-image-22662 alignleft size-medium\" \/><\/h3>\n<p>[\/et_pb_text][\/et_pb_column][et_pb_column type=&#8221;3_4&#8243; _builder_version=&#8221;4.16&#8243; _module_preset=&#8221;default&#8221; global_colors_info=&#8221;{}&#8221;][et_pb_text _builder_version=&#8221;4.22.2&#8243; _module_preset=&#8221;default&#8221; text_font_size=&#8221;16px&#8221; custom_padding=&#8221;||0px|||&#8221; global_colors_info=&#8221;{}&#8221;]<\/p>\n<p>In December 2013, ISAE-ENSMA signed up to \u00ab\u00a0<strong>The Charter Equality between Women and Men in Higher Education Institutions<\/strong>\u00bb. Institutions that have signed this Charter undertake to implement a common policy on <strong>Equality between Women and Men<\/strong>: this commitment concerns students as well as all staff and the governance of the institution.<\/p>\n<p><strong>The key points to be respected and acted upon are as follows:<\/strong><\/p>\n<ul>\n<li>raising awareness of professional equality among all students and staff;<\/li>\n<li>vigilance against sexist behavior from students and staff;<\/li>\n<li>introduction of gender-disaggregated data for staff surveys and career reviews (studies by socio-professional category, level of responsibility, etc.);<\/li>\n<li>implementation of an upstream attractiveness policy to encourage women to enter scientific and technical professions&#8230;<\/li>\n<\/ul>\n<p>[\/et_pb_text][\/et_pb_column][\/et_pb_row][et_pb_row column_structure=&#8221;1_2,1_2&#8243; custom_padding_last_edited=&#8221;on|tablet&#8221; _builder_version=&#8221;4.16&#8243; _module_preset=&#8221;default&#8221; custom_padding=&#8221;||5px|100px|false|false&#8221; custom_padding_tablet=&#8221;|10px||10px|false|true&#8221; custom_padding_phone=&#8221;&#8221; locked=&#8221;off&#8221; global_colors_info=&#8221;{}&#8221;][et_pb_column type=&#8221;1_2&#8243; _builder_version=&#8221;4.16&#8243; _module_preset=&#8221;default&#8221; global_colors_info=&#8221;{}&#8221;][et_pb_text _builder_version=&#8221;4.22.2&#8243; _module_preset=&#8221;default&#8221; text_font_size=&#8221;16px&#8221; background_enable_image=&#8221;off&#8221; background_size=&#8221;contain&#8221; background_position=&#8221;bottom_right&#8221; custom_margin=&#8221;||0px||false|false&#8221; custom_padding=&#8221;||14px||false|false&#8221; locked=&#8221;off&#8221; global_colors_info=&#8221;{}&#8221;]<\/p>\n<p>ISAE-ENSMA benefits from the support of the \u201c<a href=\"https:\/\/www.ellesbougent.com\/en\/association\/presentation\/\" target=\"_blank\" rel=\"noopener\">Elles bougent<\/a>\u201d association, as a partner. Every year, ISAE-ENSMA links up with the association a few female student volunteers to lead interventions in nearby high schools and colleges to encourage young girls to pursue their studies in scientific and engineering fields.<\/p>\n<p>Since 2014, documents such as the social report and the employment \u00a0data survey have provided in-depth gender-specific data and analysis. ISAE-ENSMA can provide the CGE (Conf\u00e9rence des Grandes Ecoles)\u00a0 with the necessary data for the <a href=\"https:\/\/www.cge.asso.fr\/wp-content\/uploads\/2023\/03\/CGE_Barometre_Egalite_FH_VF-06.03.2023.pdf\" target=\"_blank\" rel=\"noopener\">Equality Barometer<\/a>, a common document for the Grandes Ecoles on gender equality.<\/p>\n<p>In addition, a public presentation summarizing these data is given each year by the school\u2019s coordinator.<a href=\"https:\/\/csf.ensma.fr\/?page_id=2037\" target=\"_blank\" rel=\"noopener\"><\/a><\/p>\n<p>The CESA association (<a href=\"https:\/\/csf.ensma.fr\/?page_id=2037\">Club Ensmatique de Solidarit\u00e9 Antisexiste<\/a>), created in 2020, works in partnership with the the school\u2019s coordinator to promote equality at ISAE-ENSMA and organize actions such as:<\/p>\n<ul>\n<li>collection of sanitary protection,<\/li>\n<li><a href=\"https:\/\/www.ensma.fr\/les-etudiants-de-lisae-ensma-sengagent-pour-octobre-rose\/\">Pink October<\/a>,<\/li>\n<li>presentations in secondary or high schools to encourage girls to take up scientific studies&#8230;<\/li>\n<\/ul>\n<p>[\/et_pb_text][\/et_pb_column][et_pb_column type=&#8221;1_2&#8243; _builder_version=&#8221;4.16&#8243; _module_preset=&#8221;default&#8221; global_colors_info=&#8221;{}&#8221;][et_pb_text _builder_version=&#8221;4.22.2&#8243; _module_preset=&#8221;default&#8221; text_font_size=&#8221;16px&#8221; background_enable_image=&#8221;off&#8221; background_size=&#8221;contain&#8221; background_position=&#8221;bottom_right&#8221; width=&#8221;100%&#8221; min_height=&#8221;178.2px&#8221; custom_margin=&#8221;-2px||0px|-2px|false|false&#8221; custom_padding=&#8221;||0px||false|false&#8221; locked=&#8221;off&#8221; global_colors_info=&#8221;{}&#8221;]<\/p>\n<p>On the subject of <strong>sexism and sexual assault<\/strong>, since 2022 the school has organized a <a href=\"https:\/\/www.ensma.fr\/?s=violence+sexistes&amp;et_pb_searchform_submit=et_search_proccess&amp;et_pb_include_posts=yes&amp;et_pb_include_pages=yes\">compulsory conference-debate<\/a> for all freshmen students. A partnership with a law firm has been established to organize a series of dedicated conferences. A student survey has also been carried out by the CESA association and the school\u2019s coordinator to identify cases of sexist and sexual violence.<\/p>\n<p>In 2023, ISAE-ENSMA signed the \u201c<a href=\"https:\/\/www.cpas1option.com\/\" target=\"_blank\" rel=\"noopener\">Cpas1option<\/a>\u201d charter, an initiative launched by the Bureau national des \u00e9l\u00e8ves ing\u00e9nieurs (BNEI), the Conf\u00e9rence des directeurs des \u00e9coles fran\u00e7aises d&#8217;ing\u00e9nieurs (CDEFI) and the Conf\u00e9rence des grandes \u00e9coles (CGE), with the aim of taking concrete, effective action to prevent addictive behavior, risky behavior and harassment, as well as sexist and sexual violence.<\/p>\n<p>In July 2023, a meeting was organized with the teaching staff to remind them of the new laws concerning SGBV.<\/p>\n<p>In addition, sexual and gender-based violence, as well as the laws governing these aspects of professional life, are also covered in the course \u201cBusiness Ethics and Sustainability\u201d, one of the compulsory English modules for all students at the school.<\/p>\n<p>On a broader level, each university has set up a helpline to provide support and assistance to all victims of sexual and gender-based violence.<\/p>\n<p>.<\/p>\n<ul><\/ul>\n<p>[\/et_pb_text][\/et_pb_column][\/et_pb_row][et_pb_row _builder_version=&#8221;4.16&#8243; _module_preset=&#8221;default&#8221; min_height=&#8221;20.8px&#8221; custom_margin=&#8221;|auto||337px||&#8221; global_colors_info=&#8221;{}&#8221;][et_pb_column type=&#8221;4_4&#8243; _builder_version=&#8221;4.16&#8243; _module_preset=&#8221;default&#8221; global_colors_info=&#8221;{}&#8221;][et_pb_divider color=&#8221;#939393&#8243; divider_style=&#8221;dotted&#8221; divider_weight=&#8221;5px&#8221; _builder_version=&#8221;4.16&#8243; _module_preset=&#8221;default&#8221; global_colors_info=&#8221;{}&#8221;][\/et_pb_divider][\/et_pb_column][\/et_pb_row][et_pb_row column_structure=&#8221;1_4,1_2,1_4&#8243; _builder_version=&#8221;4.16&#8243; _module_preset=&#8221;default&#8221; max_width=&#8221;934px&#8221; global_colors_info=&#8221;{}&#8221; use_custom_gutter=&#8221;on&#8221; gutter_width=&#8221;2&#8243; disabled_on=&#8221;off|off|off&#8221;][et_pb_column type=&#8221;1_4&#8243; _builder_version=&#8221;4.16&#8243; _module_preset=&#8221;default&#8221; custom_padding=&#8221;|0px|||false|false&#8221; global_colors_info=&#8221;{}&#8221;][\/et_pb_column][et_pb_column type=&#8221;1_2&#8243; _builder_version=&#8221;4.16&#8243; _module_preset=&#8221;default&#8221; custom_padding=&#8221;|30px|||false|false&#8221; global_colors_info=&#8221;{}&#8221;][et_pb_text _builder_version=&#8221;4.22.2&#8243; _module_preset=&#8221;default&#8221; text_text_color=&#8221;#757575&#8243; text_font_size=&#8221;25px&#8221; custom_margin=&#8221;0px||66px||false|false&#8221; custom_padding=&#8221;42px||42px||true|false&#8221; border_width_bottom=&#8221;1px&#8221; border_color_bottom=&#8221;#a5a5a5&#8243; global_colors_info=&#8221;{}&#8221;]<\/p>\n<p>Find info, a helpline, any other help<\/p>\n<p>[\/et_pb_text][et_pb_toggle title=&#8221;Useful numbers&#8221; open_toggle_text_color=&#8221;#0c71c3&#8243; closed_toggle_text_color=&#8221;#000000&#8243; icon_color=&#8221;#0c71c3&#8243; open_icon_color=&#8221;#0c71c3&#8243; _builder_version=&#8221;4.22.2&#8243; _module_preset=&#8221;default&#8221; title_text_color=&#8221;#0c71c3&#8243; title_font_size=&#8221;18px&#8221; min_height=&#8221;63px&#8221; custom_margin=&#8221;-19px||51px|-339px||&#8221; custom_margin_tablet=&#8221;|||20px|false|false&#8221; custom_margin_phone=&#8221;&#8221; custom_margin_last_edited=&#8221;on|phone&#8221; global_colors_info=&#8221;{}&#8221;]<\/p>\n<h4><strong><\/strong><\/h4>\n<ul>\n<li>University Health Service: <a href=\"mailto:infirmiers@univ-poitiers.fr\" target=\"_blank\" rel=\"noopener\">infirmiers@univ-poitiers.fr<\/a><\/li>\n<li>Social workers from the University of Poitiers: <a href=\"mailto:social@etu_poitiers.fr,\" target=\"_blank\" rel=\"noopener\">social@etu_poitiers.fr,<\/a> 0 805 29 75 75<\/li>\n<li>3919, a free, dedicated telephone number that guarantees your anonymity<\/li>\n<li>In case of emergency, dial 17, or by SMS at 114,\u00a0 115 for emergency accommodation via SAMU<\/li>\n<li>The <a href=\"https:\/\/www.service-public.fr\/cmi\" target=\"_blank\" rel=\"noopener\">platform for reporting gender-based and sexual violence<\/a><\/li>\n<li>all the <a href=\"https:\/\/www.etudiant.gouv.fr\/fr\/besoin-d-une-aide-psychologique-1297\" target=\"_blank\" rel=\"noopener\">information you need if you&#8217;re looking for psychological help<\/a><\/li>\n<\/ul>\n<p>[\/et_pb_toggle][\/et_pb_column][et_pb_column type=&#8221;1_4&#8243; _builder_version=&#8221;4.16&#8243; _module_preset=&#8221;default&#8221; global_colors_info=&#8221;{}&#8221;][\/et_pb_column][\/et_pb_row][et_pb_row use_custom_gutter=&#8221;on&#8221; gutter_width=&#8221;1&#8243; make_equal=&#8221;on&#8221; _builder_version=&#8221;4.16&#8243; _module_preset=&#8221;default&#8221; module_alignment=&#8221;center&#8221; custom_margin=&#8221;40px||||false|false&#8221; custom_padding=&#8221;|||50px|false|false&#8221; global_colors_info=&#8221;{}&#8221;][et_pb_column type=&#8221;4_4&#8243; _builder_version=&#8221;4.16&#8243; _module_preset=&#8221;default&#8221; global_colors_info=&#8221;{}&#8221;][et_pb_gallery gallery_ids=&#8221;23130,22859,22863,22867&#8243; show_title_and_caption=&#8221;off&#8221; show_pagination=&#8221;off&#8221; _builder_version=&#8221;4.22.2&#8243; _module_preset=&#8221;default&#8221; custom_margin=&#8221;||0px||false|false&#8221; custom_padding=&#8221;0px||||false|false&#8221; animation_style=&#8221;slide&#8221; animation_direction=&#8221;right&#8221; border_width_all=&#8221;4px&#8221; border_color_all=&#8221;#ffffff&#8221; border_color_right=&#8221;#ffffff&#8221; border_color_bottom=&#8221;#ffffff&#8221; global_colors_info=&#8221;{}&#8221;][\/et_pb_gallery][et_pb_gallery gallery_ids=&#8221;22877,22869,23134,22861&#8243; show_title_and_caption=&#8221;off&#8221; show_pagination=&#8221;off&#8221; _builder_version=&#8221;4.22.2&#8243; _module_preset=&#8221;default&#8221; animation_style=&#8221;slide&#8221; animation_direction=&#8221;left&#8221; border_width_all=&#8221;4px&#8221; border_color_all=&#8221;#ffffff&#8221; global_colors_info=&#8221;{}&#8221;][\/et_pb_gallery][\/et_pb_column][\/et_pb_row][\/et_pb_section]<\/p>\n","protected":false},"excerpt":{"rendered":"<p>Equality &amp; Sexism and Sexual Assault &nbsp; In December 2013, ISAE-ENSMA signed up to \u00ab\u00a0The Charter Equality between Women and Men in Higher Education Institutions\u00bb. Institutions that have signed this Charter undertake to implement a common policy on Equality between Women and Men: this commitment concerns students as well as all staff and the governance [&hellip;]<\/p>\n","protected":false},"author":49,"featured_media":0,"parent":23463,"menu_order":0,"comment_status":"closed","ping_status":"closed","template":"","meta":{"_et_pb_use_builder":"on","_et_pb_old_content":"","_et_gb_content_width":"","footnotes":""},"class_list":["post-23494","page","type-page","status-publish","hentry"],"_links":{"self":[{"href":"https:\/\/www.ensma.fr\/en\/wp-json\/wp\/v2\/pages\/23494","targetHints":{"allow":["GET"]}}],"collection":[{"href":"https:\/\/www.ensma.fr\/en\/wp-json\/wp\/v2\/pages"}],"about":[{"href":"https:\/\/www.ensma.fr\/en\/wp-json\/wp\/v2\/types\/page"}],"author":[{"embeddable":true,"href":"https:\/\/www.ensma.fr\/en\/wp-json\/wp\/v2\/users\/49"}],"replies":[{"embeddable":true,"href":"https:\/\/www.ensma.fr\/en\/wp-json\/wp\/v2\/comments?post=23494"}],"version-history":[{"count":8,"href":"https:\/\/www.ensma.fr\/en\/wp-json\/wp\/v2\/pages\/23494\/revisions"}],"predecessor-version":[{"id":23670,"href":"https:\/\/www.ensma.fr\/en\/wp-json\/wp\/v2\/pages\/23494\/revisions\/23670"}],"up":[{"embeddable":true,"href":"https:\/\/www.ensma.fr\/en\/wp-json\/wp\/v2\/pages\/23463"}],"wp:attachment":[{"href":"https:\/\/www.ensma.fr\/en\/wp-json\/wp\/v2\/media?parent=23494"}],"curies":[{"name":"wp","href":"https:\/\/api.w.org\/{rel}","templated":true}]}}