{"id":23504,"date":"2023-09-29T11:06:41","date_gmt":"2023-09-29T10:06:41","guid":{"rendered":"https:\/\/www.ensma.fr\/social-commitments\/handicap\/"},"modified":"2023-10-25T14:01:54","modified_gmt":"2023-10-25T13:01:54","slug":"disability","status":"publish","type":"page","link":"https:\/\/www.ensma.fr\/en\/social-commitments\/disability\/","title":{"rendered":"Disability"},"content":{"rendered":"<p>[et_pb_section fb_built=&#8221;1&#8243; _builder_version=&#8221;4.16&#8243; use_background_color_gradient=&#8221;on&#8221; background_color_gradient_direction=&#8221;95deg&#8221; background_color_gradient_stops=&#8221;rgba(0,0,0,0) 20%|#ffffff 20%&#8221; background_color_gradient_overlays_image=&#8221;on&#8221; background_color_gradient_start=&#8221;rgba(0,0,0,0)&#8221; background_color_gradient_start_position=&#8221;20%&#8221; background_color_gradient_end=&#8221;#ffffff&#8221; background_color_gradient_end_position=&#8221;17%&#8221; background_image=&#8221;https:\/\/www.ensma.fr\/wp-content\/uploads\/2021\/05\/cover_plaquette21_web.jpg&#8221; background_position=&#8221;center_right&#8221; min_height=&#8221;2124.1px&#8221; background_last_edited=&#8221;on|tablet&#8221; background_enable_image_tablet=&#8221;off&#8221; locked=&#8221;off&#8221; global_colors_info=&#8221;{}&#8221;][et_pb_row column_structure=&#8221;1_4,3_4&#8243; use_custom_gutter=&#8221;on&#8221; gutter_width=&#8221;2&#8243; _builder_version=&#8221;4.22.1&#8243; _module_preset=&#8221;default&#8221; max_width=&#8221;934px&#8221; link_option_url_new_window=&#8221;on&#8221; collapsed=&#8221;off&#8221; global_colors_info=&#8221;{}&#8221; disabled_on=&#8221;off|off|off&#8221;][et_pb_column type=&#8221;1_4&#8243; _builder_version=&#8221;4.22.1&#8243; _module_preset=&#8221;default&#8221; background_color=&#8221;rgba(0,0,0,0)&#8221; background_enable_image=&#8221;off&#8221; background_size=&#8221;initial&#8221; global_colors_info=&#8221;{}&#8221;][et_pb_text _builder_version=&#8221;4.22.2&#8243; text_font=&#8221;Roboto|500|||||||&#8221; text_text_color=&#8221;#939393&#8243; text_font_size=&#8221;21px&#8221; text_line_height=&#8221;2em&#8221; quote_font=&#8221;||||||||&#8221; header_font=&#8221;||||||||&#8221; header_2_font=&#8221;Rubik|700|||||||&#8221; header_2_font_size=&#8221;40px&#8221; header_2_line_height=&#8221;1.4em&#8221; header_3_text_align=&#8221;right&#8221; header_3_text_color=&#8221;#757575&#8243; header_3_font_size=&#8221;39px&#8221; header_5_font=&#8221;Rubik|700||on|||||&#8221; header_5_letter_spacing=&#8221;5px&#8221; header_5_line_height=&#8221;1.2em&#8221; text_orientation=&#8221;right&#8221; background_layout=&#8221;dark&#8221; max_width=&#8221;600px&#8221; max_width_tablet=&#8221;&#8221; max_width_phone=&#8221;&#8221; max_width_last_edited=&#8221;on|phone&#8221; custom_margin=&#8221;|||&#8221; custom_margin_tablet=&#8221;|70px||70px&#8221; custom_margin_phone=&#8221;|50px||50px&#8221; custom_margin_last_edited=&#8221;off|desktop&#8221; custom_padding=&#8221;|||&#8221; text_line_height_last_edited=&#8221;off|desktop&#8221; header_2_font_size_tablet=&#8221;&#8221; header_2_font_size_phone=&#8221;30px&#8221; header_2_font_size_last_edited=&#8221;on|phone&#8221; locked=&#8221;off&#8221; global_colors_info=&#8221;{}&#8221;]<\/p>\n<h3 style=\"text-align: right;\"><strong>Disability<\/strong><\/h3>\n<p><img loading=\"lazy\" decoding=\"async\" src=\"https:\/\/www.ensma.fr\/wp-content\/uploads\/2023\/09\/logo-handicap-300x200.jpg\" width=\"300\" height=\"200\" alt=\"\" class=\"wp-image-22658 alignleft size-medium\" style=\"float: right;\" \/><\/p>\n<p>[\/et_pb_text][\/et_pb_column][et_pb_column type=&#8221;3_4&#8243; _builder_version=&#8221;4.16&#8243; _module_preset=&#8221;default&#8221; global_colors_info=&#8221;{}&#8221;][et_pb_text _builder_version=&#8221;4.22.2&#8243; _module_preset=&#8221;default&#8221; text_font_size=&#8221;16px&#8221; custom_padding=&#8221;||0px|||&#8221; global_colors_info=&#8221;{}&#8221;]<\/p>\n<p>The school has an active disability policy aimed at constantly improving its skills in implementing the arrangements needed to welcome and support students with special educational needs.<\/p>\n<p>Since 2020, this ongoing concern has led to the introduction of the continuity of arrangements: any student suffering from a recognized disability who has previously benefited from specific arrangements will be granted, for his or her first year at the school and on presentation of previous notifications, arrangements identical to those previously granted.<\/p>\n<p>For students who have never benefited from special arrangements, an appointment with a CDAPH-approved doctor will be proposed as soon as they arrive at school, so that they can benefit from the necessary aids as quickly as possible.<\/p>\n<p>In both cases, for established disorders, the student will benefit from the arrangements granted to him\/her for the entire duration of his\/her studies at ISAE-ENSMA. These arrangements may be reviewed at any time, at the student&#8217;s request, in the event of a change in circumstances.<\/p>\n<p>The procedure is detailed in the document \u00ab\u00a0<a href=\"https:\/\/www.ensma.fr\/wp-content\/uploads\/2023\/09\/Accompagner-les-eleves-en-situation-de-handicap-.pdf\" target=\"_blank\" rel=\"noopener\">Supporting students with disabilities<\/a>\u00a0\u00bb.<\/p>\n<p>[\/et_pb_text][\/et_pb_column][\/et_pb_row][et_pb_row _builder_version=&#8221;4.16&#8243; _module_preset=&#8221;default&#8221; min_height=&#8221;20.8px&#8221; custom_margin=&#8221;|auto||337px||&#8221; global_colors_info=&#8221;{}&#8221;][et_pb_column type=&#8221;4_4&#8243; _builder_version=&#8221;4.16&#8243; _module_preset=&#8221;default&#8221; global_colors_info=&#8221;{}&#8221;][et_pb_divider color=&#8221;#939393&#8243; divider_style=&#8221;dotted&#8221; divider_weight=&#8221;5px&#8221; _builder_version=&#8221;4.16&#8243; _module_preset=&#8221;default&#8221; global_colors_info=&#8221;{}&#8221;][\/et_pb_divider][\/et_pb_column][\/et_pb_row][et_pb_row column_structure=&#8221;1_4,1_2,1_4&#8243; _builder_version=&#8221;4.16&#8243; _module_preset=&#8221;default&#8221; max_width=&#8221;934px&#8221; global_colors_info=&#8221;{}&#8221; use_custom_gutter=&#8221;on&#8221; gutter_width=&#8221;2&#8243; disabled_on=&#8221;off|off|off&#8221;][et_pb_column type=&#8221;1_4&#8243; _builder_version=&#8221;4.16&#8243; _module_preset=&#8221;default&#8221; custom_padding=&#8221;|0px|||false|false&#8221; global_colors_info=&#8221;{}&#8221;][\/et_pb_column][et_pb_column type=&#8221;1_2&#8243; _builder_version=&#8221;4.16&#8243; _module_preset=&#8221;default&#8221; custom_padding=&#8221;|30px|||false|false&#8221; global_colors_info=&#8221;{}&#8221;][et_pb_text _builder_version=&#8221;4.22.2&#8243; _module_preset=&#8221;default&#8221; text_text_color=&#8221;#757575&#8243; text_font_size=&#8221;25px&#8221; custom_margin=&#8221;0px||66px||false|false&#8221; custom_padding=&#8221;42px||42px||true|false&#8221; border_width_bottom=&#8221;1px&#8221; border_color_bottom=&#8221;#a5a5a5&#8243; global_colors_info=&#8221;{}&#8221;]<\/p>\n<p>Key actions<\/p>\n<p>[\/et_pb_text][et_pb_toggle title=&#8221;Job Dating &#8221; open_toggle_text_color=&#8221;#0c71c3&#8243; closed_toggle_text_color=&#8221;#000000&#8243; icon_color=&#8221;#0c71c3&#8243; open_icon_color=&#8221;#0c71c3&#8243; _builder_version=&#8221;4.22.2&#8243; _module_preset=&#8221;default&#8221; title_text_color=&#8221;#0c71c3&#8243; title_font_size=&#8221;18px&#8221; min_height=&#8221;63px&#8221; custom_margin=&#8221;-19px||51px|-339px||&#8221; custom_margin_tablet=&#8221;|||20px|false|false&#8221; custom_margin_phone=&#8221;&#8221; custom_margin_last_edited=&#8221;on|phone&#8221; global_colors_info=&#8221;{}&#8221;]<\/p>\n<p>ISAE-ENSMA took part in a Job Dating event on June 9, 2022, to promote the integration of jobseekers with disabilities, an event organized as part of the Poitiers site policy.<\/p>\n<p>[\/et_pb_toggle][et_pb_toggle title=&#8221;Supporting Day for Young DYS&#8221; open_toggle_text_color=&#8221;#0c71c3&#8243; closed_toggle_text_color=&#8221;#000000&#8243; icon_color=&#8221;#0c71c3&#8243; open_icon_color=&#8221;#0c71c3&#8243; _builder_version=&#8221;4.22.2&#8243; _module_preset=&#8221;default&#8221; title_text_color=&#8221;#0c71c3&#8243; title_font_size=&#8221;18px&#8221; min_height=&#8221;63px&#8221; custom_margin=&#8221;-19px||51px|-339px||&#8221; custom_margin_tablet=&#8221;|||20px|false|false&#8221; custom_margin_phone=&#8221;&#8221; custom_margin_last_edited=&#8221;on|phone&#8221; custom_padding=&#8221;||4px|||&#8221; global_colors_info=&#8221;{}&#8221;]<\/p>\n<p>For several years now, ISAE-ENSMA has been hosting the <a href=\"https:\/\/www.ensma.fr\/journee-accompagner-les-jeunes-dys\/\" target=\"_blank\" rel=\"noopener\">Supporting Day for Young DYS<\/a> organized by the Dys 86 network.<\/p>\n<p>[\/et_pb_toggle][et_pb_toggle title=&#8221;Other actions&#8221; open_toggle_text_color=&#8221;#0c71c3&#8243; closed_toggle_text_color=&#8221;#000000&#8243; icon_color=&#8221;#0c71c3&#8243; open_icon_color=&#8221;#0c71c3&#8243; _builder_version=&#8221;4.22.2&#8243; _module_preset=&#8221;default&#8221; title_text_color=&#8221;#0c71c3&#8243; title_font_size=&#8221;18px&#8221; min_height=&#8221;63px&#8221; custom_margin=&#8221;-10px||51px|-339px|false|false&#8221; custom_margin_tablet=&#8221;|||20px|false|false&#8221; custom_margin_phone=&#8221;&#8221; custom_margin_last_edited=&#8221;on|phone&#8221; custom_padding=&#8221;||4px|||&#8221; global_colors_info=&#8221;{}&#8221;]<\/p>\n<ul>\n<li>ISAE-ENSMA represents the Conf\u00e9rence des Directeurs des Ecoles Fran\u00e7aises d&#8217;Ing\u00e9nieurs (CDEFI) on the Conseil National Consultatif de Personnes Handicap\u00e9es (CNCPH).<\/li>\n<li>Representing the CDEFI, ISAE-ENSMA took part in:<\/li>\n<\/ul>\n<ol>\n<li>the 30th anniversary of the French Council of Disabled People for European and International Issues (CFHE)<\/li>\n<li>the National Conference on Disability (\u00c9lys\u00e9e, 2020, 2023)<\/li>\n<\/ol>\n<ul>\n<li>ISAE-ENSMA is a member, on behalf of CDEFI:<\/li>\n<\/ul>\n<ol>\n<li>the Comit\u00e9 National de Suivi de l&#8217;Universit\u00e9 Inclusive (National Inclusive University Monitoring Committee)<\/li>\n<li>the writing committee for the Aspie-Friendly label<\/li>\n<\/ol>\n<ul>\n<li>ISAE-ENSMA is a member of:<\/li>\n<\/ul>\n<ol>\n<li>the Disability Working Group of the Conf\u00e9rence des Grandes Ecoles (CGE)<\/li>\n<li>the higher education network of disability advisors<\/li>\n<\/ol>\n<p>[\/et_pb_toggle][et_pb_text _builder_version=&#8221;4.22.2&#8243; _module_preset=&#8221;default&#8221; text_text_color=&#8221;#757575&#8243; text_font_size=&#8221;25px&#8221; custom_margin=&#8221;0px||66px||false|false&#8221; custom_padding=&#8221;42px||42px||true|false&#8221; border_width_bottom=&#8221;1px&#8221; border_color_bottom=&#8221;#a5a5a5&#8243; global_colors_info=&#8221;{}&#8221;]<\/p>\n<p>Contact<\/p>\n<p>[\/et_pb_text][et_pb_toggle title=&#8221;You have a recognized or unrecognized disability or health problem&#8221; open_toggle_text_color=&#8221;#0c71c3&#8243; closed_toggle_text_color=&#8221;#000000&#8243; icon_color=&#8221;#0c71c3&#8243; open_icon_color=&#8221;#0c71c3&#8243; _builder_version=&#8221;4.22.2&#8243; _module_preset=&#8221;default&#8221; title_text_color=&#8221;#0c71c3&#8243; title_font_size=&#8221;18px&#8221; min_height=&#8221;63px&#8221; custom_margin=&#8221;-19px|||-339px||&#8221; custom_margin_tablet=&#8221;|||20px|false|false&#8221; custom_margin_phone=&#8221;&#8221; custom_margin_last_edited=&#8221;on|phone&#8221; custom_padding=&#8221;||23px|||&#8221; global_colors_info=&#8221;{}&#8221;]<\/p>\n<p>If you have a recognized or unrecognized disability, or a health problem: sensory (hearing-impaired, visually-impaired, etc.), motor, psychological, cognitive (DYS, etc.), autism spectrum disorders, visceral diseases and disabling illnesses, please contact our disability advisor at <a href=\"mailto:referenthandicap@ensma.fr\">referenthandicap@ensma.fr<\/a> who will help you with all the necessary formalities. He or she will also be able to answer any questions you may have before your arrival.<\/p>\n<p>[\/et_pb_toggle][et_pb_text _builder_version=&#8221;4.22.2&#8243; _module_preset=&#8221;default&#8221; text_text_color=&#8221;#757575&#8243; text_font_size=&#8221;25px&#8221; custom_margin=&#8221;0px||66px||false|false&#8221; custom_padding=&#8221;42px||42px||true|false&#8221; border_width_bottom=&#8221;1px&#8221; border_color_bottom=&#8221;#a5a5a5&#8243; global_colors_info=&#8221;{}&#8221;]<\/p>\n<p>Find info, a helpline, any other help<\/p>\n<p>[\/et_pb_text][et_pb_toggle title=&#8221;Useful numbers&#8221; open_toggle_text_color=&#8221;#0c71c3&#8243; closed_toggle_text_color=&#8221;#000000&#8243; icon_color=&#8221;#0c71c3&#8243; open_icon_color=&#8221;#0c71c3&#8243; _builder_version=&#8221;4.22.2&#8243; _module_preset=&#8221;default&#8221; title_text_color=&#8221;#0c71c3&#8243; title_font_size=&#8221;18px&#8221; min_height=&#8221;63px&#8221; custom_margin=&#8221;-19px|||-339px||&#8221; custom_margin_tablet=&#8221;|||20px|false|false&#8221; custom_margin_phone=&#8221;&#8221; custom_margin_last_edited=&#8221;on|phone&#8221; custom_padding=&#8221;||23px|||&#8221; global_colors_info=&#8221;{}&#8221;]<\/p>\n<p><a href=\"https:\/\/ssu.univ-poitiers.fr\/\" target=\"_blank\" rel=\"noopener\">Student health service from the University of Poitiers<\/a><\/p>\n<p><a href=\"http:\/\/www.mdph86.fr\/\" target=\"_blank\" rel=\"noopener noreferrer\">MDPH86<\/a><\/p>\n<p><a href=\"http:\/\/www.enseignementsup-recherche.gouv.fr\/pid24670\/etudiants-en-situation-de-handicap.html\" target=\"_blank\" rel=\"noopener noreferrer\">Students with disabilities<\/a> (Higher Education Ministry)<\/p>\n<p><a href=\"http:\/\/www.enseignementsup-recherche.gouv.fr\/pid24673\/personnels-en-situation-de-handicap.html\" target=\"_blank\" rel=\"noopener noreferrer\">Staff with disabilities<\/a> (Higher Education Ministry)<\/p>\n<p><a href=\"https:\/\/www.handicap.fr\/\" target=\"_blank\" rel=\"noopener noreferrer\">Site handicap<\/a><\/p>\n<p><a href=\"http:\/\/handisupco.fr\/\" target=\"_blank\" rel=\"noopener noreferrer\">Handisupco<\/a><\/p>\n<p>[\/et_pb_toggle][\/et_pb_column][et_pb_column type=&#8221;1_4&#8243; _builder_version=&#8221;4.16&#8243; _module_preset=&#8221;default&#8221; global_colors_info=&#8221;{}&#8221;][\/et_pb_column][\/et_pb_row][et_pb_row column_structure=&#8221;1_3,1_3,1_3&#8243; _builder_version=&#8221;4.16&#8243; _module_preset=&#8221;default&#8221; global_colors_info=&#8221;{}&#8221;][et_pb_column type=&#8221;1_3&#8243; _builder_version=&#8221;4.16&#8243; _module_preset=&#8221;default&#8221; global_colors_info=&#8221;{}&#8221;][et_pb_image src=&#8221;https:\/\/www.ensma.fr\/wp-content\/uploads\/2021\/12\/Handicap-Acces-aux-etudes-superieures-1.png&#8221; title_text=&#8221;Handicap &#8211; Acc\u00e8s aux \u00e9tudes sup\u00e9rieures&#8221; url=&#8221;https:\/\/www.etudiant.gouv.fr\/fr\/handicap-et-etudes-superieures-ep1-acces-aux-etudes-superieures-2130&#8243; _builder_version=&#8221;4.22.2&#8243; _module_preset=&#8221;default&#8221; global_colors_info=&#8221;{}&#8221;][\/et_pb_image][\/et_pb_column][et_pb_column type=&#8221;1_3&#8243; _builder_version=&#8221;4.16&#8243; _module_preset=&#8221;default&#8221; global_colors_info=&#8221;{}&#8221;][et_pb_image src=&#8221;https:\/\/www.ensma.fr\/wp-content\/uploads\/2021\/12\/Handicap-Le-droit-a-la-compensation.png&#8221; title_text=&#8221;Handicap &#8211; Le droit \u00e0 la compensation&#8221; url=&#8221;https:\/\/www.etudiant.gouv.fr\/fr\/handicap-et-etudes-superieures-ep4-le-droit-la-compensation-2137&#8243; _builder_version=&#8221;4.16&#8243; _module_preset=&#8221;default&#8221; global_colors_info=&#8221;{}&#8221;][\/et_pb_image][\/et_pb_column][et_pb_column type=&#8221;1_3&#8243; _builder_version=&#8221;4.16&#8243; _module_preset=&#8221;default&#8221; global_colors_info=&#8221;{}&#8221;][et_pb_image src=&#8221;https:\/\/www.ensma.fr\/wp-content\/uploads\/2021\/12\/Handicap-vers-le-monde-lentreprise.png&#8221; title_text=&#8221;Handicap &#8211; vers le monde l&#8217;entreprise&#8221; url=&#8221;https:\/\/www.etudiant.gouv.fr\/fr\/handicap-et-etudes-superieures-ep7-vers-le-monde-de-l-entreprise-2145&#8243; _builder_version=&#8221;4.16&#8243; _module_preset=&#8221;default&#8221; global_colors_info=&#8221;{}&#8221;][\/et_pb_image][\/et_pb_column][\/et_pb_row][et_pb_row _builder_version=&#8221;4.22.2&#8243; _module_preset=&#8221;default&#8221; global_colors_info=&#8221;{}&#8221;][et_pb_column type=&#8221;4_4&#8243; _builder_version=&#8221;4.22.2&#8243; _module_preset=&#8221;default&#8221; global_colors_info=&#8221;{}&#8221;][et_pb_text _builder_version=&#8221;4.22.2&#8243; _module_preset=&#8221;default&#8221; global_colors_info=&#8221;{}&#8221;]<\/p>\n<p style=\"text-align: center;\"><span style=\"color: #666666;\">D\u00e9couvrir d&#8217;autres \u00e9pisodes :<\/span><\/p>\n<p style=\"text-align: center;\"><a href=\"https:\/\/www.etudiant.gouv.fr\/fr\/handicap-et-etudes-superieures-ep3-le-choix-de-l-etablissement-2135\" target=\"_blank\" rel=\"noopener\">Ep. 3 &#8211; Le choix de l&#8217;\u00e9tablissement<\/a><\/p>\n<p style=\"text-align: center;\"><a href=\"https:\/\/www.etudiant.gouv.fr\/fr\/handicap-et-etudes-superieures-ep6-apres-mon-admission-dans-le-superieur-2142\" target=\"_blank\" rel=\"noopener\">Ep. 6 &#8211; Apr\u00e8s mon admission dans le sup\u00e9rieur<\/a><\/p>\n<p>[\/et_pb_text][\/et_pb_column][\/et_pb_row][\/et_pb_section]<\/p>\n","protected":false},"excerpt":{"rendered":"<p>Disability The school has an active disability policy aimed at constantly improving its skills in implementing the arrangements needed to welcome and support students with special educational needs. Since 2020, this ongoing concern has led to the introduction of the continuity of arrangements: any student suffering from a recognized disability who has previously benefited from [&hellip;]<\/p>\n","protected":false},"author":49,"featured_media":0,"parent":23463,"menu_order":0,"comment_status":"closed","ping_status":"closed","template":"","meta":{"_et_pb_use_builder":"on","_et_pb_old_content":"","_et_gb_content_width":"","footnotes":""},"class_list":["post-23504","page","type-page","status-publish","hentry"],"_links":{"self":[{"href":"https:\/\/www.ensma.fr\/en\/wp-json\/wp\/v2\/pages\/23504","targetHints":{"allow":["GET"]}}],"collection":[{"href":"https:\/\/www.ensma.fr\/en\/wp-json\/wp\/v2\/pages"}],"about":[{"href":"https:\/\/www.ensma.fr\/en\/wp-json\/wp\/v2\/types\/page"}],"author":[{"embeddable":true,"href":"https:\/\/www.ensma.fr\/en\/wp-json\/wp\/v2\/users\/49"}],"replies":[{"embeddable":true,"href":"https:\/\/www.ensma.fr\/en\/wp-json\/wp\/v2\/comments?post=23504"}],"version-history":[{"count":9,"href":"https:\/\/www.ensma.fr\/en\/wp-json\/wp\/v2\/pages\/23504\/revisions"}],"predecessor-version":[{"id":23673,"href":"https:\/\/www.ensma.fr\/en\/wp-json\/wp\/v2\/pages\/23504\/revisions\/23673"}],"up":[{"embeddable":true,"href":"https:\/\/www.ensma.fr\/en\/wp-json\/wp\/v2\/pages\/23463"}],"wp:attachment":[{"href":"https:\/\/www.ensma.fr\/en\/wp-json\/wp\/v2\/media?parent=23504"}],"curies":[{"name":"wp","href":"https:\/\/api.w.org\/{rel}","templated":true}]}}