{"id":23616,"date":"2023-10-18T21:08:14","date_gmt":"2023-10-18T20:08:14","guid":{"rendered":"https:\/\/www.ensma.fr\/futurolab\/"},"modified":"2025-01-27T01:00:53","modified_gmt":"2025-01-27T00:00:53","slug":"futurolab","status":"publish","type":"page","link":"https:\/\/www.ensma.fr\/en\/futurolab\/","title":{"rendered":"Futurolab AN"},"content":{"rendered":"<p>[et_pb_section fb_built=&#8221;1&#8243; fullwidth=&#8221;on&#8221; admin_label=&#8221;Hero&#8221; _builder_version=&#8221;4.16&#8243; use_background_color_gradient=&#8221;on&#8221; background_color_gradient_direction=&#8221;90deg&#8221; background_color_gradient_stops=&#8221;#eeeff2 33%|rgba(238,239,242,0) 52%&#8221; background_color_gradient_overlays_image=&#8221;on&#8221; background_color_gradient_start=&#8221;#eeeff2&#8243; background_color_gradient_start_position=&#8221;33%&#8221; background_color_gradient_end=&#8221;rgba(238,239,242,0)&#8221; background_color_gradient_end_position=&#8221;52%&#8221; background_image=&#8221;https:\/\/www.ensma.fr\/wp-content\/uploads\/2021\/03\/photo_aerienne_5_web-scaled.jpg&#8221; saved_tabs=&#8221;all&#8221; locked=&#8221;off&#8221; global_colors_info=&#8221;{}&#8221;][et_pb_fullwidth_header title=&#8221;Campus&#8221; subhead=&#8221;FUTUROLAB&#8221; content_max_width=&#8221;600px&#8221; _builder_version=&#8221;4.22.2&#8243; title_font=&#8221;Roboto|700||on|||||&#8221; title_text_color=&#8221;#ff7355&#8243; title_font_size=&#8221;16px&#8221; title_letter_spacing=&#8221;5px&#8221; title_line_height=&#8221;0.5em&#8221; content_font=&#8221;Rubik||||||||&#8221; content_text_color=&#8221;#415289&#8243; content_font_size=&#8221;18px&#8221; subhead_font=&#8221;Rubik|700|||||||&#8221; subhead_text_color=&#8221;rgba(0,0,0,0.8)&#8221; subhead_font_size=&#8221;50px&#8221; subhead_line_height=&#8221;1.5em&#8221; background_color=&#8221;rgba(255,255,255,0)&#8221; use_background_color_gradient=&#8221;on&#8221; background_color_gradient_stops=&#8221;rgba(255,255,255,0) 50%|rgba(255,255,255,0.7) 100%&#8221; background_color_gradient_start=&#8221;rgba(255,255,255,0)&#8221; background_color_gradient_start_position=&#8221;50%&#8221; background_color_gradient_end=&#8221;rgba(255,255,255,0.7)&#8221; background_size=&#8221;contain&#8221; background_position=&#8221;bottom_center&#8221; custom_button_one=&#8221;on&#8221; button_one_text_size=&#8221;16px&#8221; button_one_text_color=&#8221;#ffffff&#8221; button_one_bg_color=&#8221;#ff7355&#8243; button_one_border_width=&#8221;15px&#8221; button_one_border_color=&#8221;rgba(210,159,104,0)&#8221; button_one_border_radius=&#8221;100px&#8221; button_one_letter_spacing=&#8221;0px&#8221; button_one_font=&#8221;Rubik|700|||||||&#8221; button_one_use_icon=&#8221;off&#8221; custom_button_two=&#8221;on&#8221; button_two_text_size=&#8221;16px&#8221; button_two_text_color=&#8221;#ffffff&#8221; button_two_bg_color=&#8221;rgba(0,0,0,0.6)&#8221; button_two_border_width=&#8221;15px&#8221; button_two_border_color=&#8221;rgba(210,159,104,0)&#8221; button_two_border_radius=&#8221;100px&#8221; button_two_letter_spacing=&#8221;0px&#8221; button_two_font=&#8221;Rubik|700|||||||&#8221; button_two_use_icon=&#8221;off&#8221; background_layout=&#8221;light&#8221; max_width_last_edited=&#8221;off|desktop&#8221; module_alignment=&#8221;center&#8221; custom_margin=&#8221;|||&#8221; custom_padding=&#8221;1vw||4vw|||&#8221; subhead_font_size_tablet=&#8221;&#8221; subhead_font_size_phone=&#8221;30px&#8221; subhead_font_size_last_edited=&#8221;on|phone&#8221; button_one_border_radius_hover=&#8221;100px&#8221; button_two_border_radius_hover=&#8221;100px&#8221; button_one_bg_color_hover=&#8221;#ff8a70&#8243; button_two_bg_color_hover=&#8221;#ff8a70&#8243; global_colors_info=&#8221;{}&#8221; button_one_text_size__hover_enabled=&#8221;off&#8221; button_two_text_size__hover_enabled=&#8221;off&#8221; button_one_text_color__hover_enabled=&#8221;off&#8221; button_two_text_color__hover_enabled=&#8221;off&#8221; button_one_border_width__hover_enabled=&#8221;off&#8221; button_two_border_width__hover_enabled=&#8221;off&#8221; button_one_border_color__hover_enabled=&#8221;off&#8221; button_two_border_color__hover_enabled=&#8221;off&#8221; button_one_border_radius__hover_enabled=&#8221;on&#8221; button_one_border_radius__hover=&#8221;100px&#8221; button_two_border_radius__hover_enabled=&#8221;on&#8221; button_two_border_radius__hover=&#8221;100px&#8221; button_one_letter_spacing__hover_enabled=&#8221;off&#8221; button_two_letter_spacing__hover_enabled=&#8221;off&#8221; button_one_bg_color__hover_enabled=&#8221;on&#8221; button_one_bg_color__hover=&#8221;#ff8a70&#8243; button_two_bg_color__hover_enabled=&#8221;on&#8221; button_two_bg_color__hover=&#8221;#ff8a70&#8243;][\/et_pb_fullwidth_header][\/et_pb_section][et_pb_section fb_built=&#8221;1&#8243; _builder_version=&#8221;4.16&#8243; use_background_color_gradient=&#8221;on&#8221; background_color_gradient_direction=&#8221;97deg&#8221; background_color_gradient_stops=&#8221;#2b87da 16%|#ffffff 16%&#8221; background_color_gradient_start_position=&#8221;16%&#8221; background_color_gradient_end=&#8221;#ffffff&#8221; background_color_gradient_end_position=&#8221;11%&#8221; background_last_edited=&#8221;on|tablet&#8221; use_background_color_gradient_tablet=&#8221;off&#8221; use_background_color_gradient_phone=&#8221;off&#8221; background_enable_image_tablet=&#8221;off&#8221; locked=&#8221;off&#8221; global_colors_info=&#8221;{}&#8221;][et_pb_row column_structure=&#8221;2_5,3_5&#8243; _builder_version=&#8221;4.16&#8243; global_colors_info=&#8221;{}&#8221;][et_pb_column type=&#8221;2_5&#8243; _builder_version=&#8221;4.16&#8243; custom_padding=&#8221;|||&#8221; global_colors_info=&#8221;{}&#8221; custom_padding__hover=&#8221;|||&#8221;][et_pb_image src=&#8221;https:\/\/www.ensma.fr\/wp-content\/uploads\/2023\/10\/Logo_Futurolab.png&#8221; title_text=&#8221;Logo_Futurolab&#8221; align=&#8221;right&#8221; _builder_version=&#8221;4.22.2&#8243; _module_preset=&#8221;default&#8221; width=&#8221;70%&#8221; module_alignment=&#8221;right&#8221; custom_margin=&#8221;15px||15px||true|&#8221; global_colors_info=&#8221;{}&#8221;][\/et_pb_image][et_pb_image src=&#8221;https:\/\/www.ensma.fr\/wp-content\/uploads\/2023\/10\/Logos_Grand-Poitiers_Region_NA.png&#8221; title_text=&#8221;Logos_Grand-Poitiers_R\u00e9gion_NA&#8221; align=&#8221;center&#8221; _builder_version=&#8221;4.22.2&#8243; _module_preset=&#8221;default&#8221; width=&#8221;49%&#8221; module_alignment=&#8221;right&#8221; custom_margin=&#8221;-2px||47px|||&#8221; custom_padding=&#8221;17px||17px||true|&#8221; global_colors_info=&#8221;{}&#8221;][\/et_pb_image][et_pb_image src=&#8221;https:\/\/www.ensma.fr\/wp-content\/uploads\/2023\/10\/Futurolab_logo_robot2.png&#8221; title_text=&#8221;Futurolab_logo_robot2&#8243; align=&#8221;center&#8221; _builder_version=&#8221;4.22.2&#8243; _module_preset=&#8221;default&#8221; width=&#8221;49%&#8221; module_alignment=&#8221;right&#8221; custom_margin=&#8221;-15px||47px|||&#8221; global_colors_info=&#8221;{}&#8221;][\/et_pb_image][et_pb_image src=&#8221;https:\/\/www.ensma.fr\/wp-content\/uploads\/2023\/10\/Futurolab_logo_nuage.png&#8221; title_text=&#8221;Futurolab_logo_nuage&#8221; align=&#8221;center&#8221; _builder_version=&#8221;4.22.2&#8243; _module_preset=&#8221;default&#8221; width=&#8221;49%&#8221; module_alignment=&#8221;right&#8221; custom_margin=&#8221;-7px|||||&#8221; global_colors_info=&#8221;{}&#8221;][\/et_pb_image][\/et_pb_column][et_pb_column type=&#8221;3_5&#8243; _builder_version=&#8221;4.16&#8243; custom_padding=&#8221;|||&#8221; global_colors_info=&#8221;{}&#8221; custom_padding__hover=&#8221;|||&#8221;][et_pb_text _builder_version=&#8221;4.22.2&#8243; text_font=&#8221;Roboto|500|||||||&#8221; text_text_color=&#8221;#7f7f7f&#8221; text_font_size=&#8221;16px&#8221; text_line_height=&#8221;1.8em&#8221; quote_font=&#8221;||||||||&#8221; header_font=&#8221;||||||||&#8221; header_2_font=&#8221;Rubik|700|||||||&#8221; header_2_font_size=&#8221;40px&#8221; header_2_line_height=&#8221;1.4em&#8221; header_5_font=&#8221;Rubik|700||on|||||&#8221; header_5_letter_spacing=&#8221;5px&#8221; header_5_line_height=&#8221;1.2em&#8221; background_layout=&#8221;dark&#8221; max_width=&#8221;600px&#8221; max_width_tablet=&#8221;&#8221; max_width_phone=&#8221;&#8221; max_width_last_edited=&#8221;on|phone&#8221; custom_margin=&#8221;||||false|false&#8221; custom_margin_tablet=&#8221;|70px||70px&#8221; custom_margin_phone=&#8221;|50px||50px&#8221; custom_margin_last_edited=&#8221;off|desktop&#8221; custom_padding=&#8221;|||&#8221; text_line_height_last_edited=&#8221;off|desktop&#8221; header_2_font_size_tablet=&#8221;&#8221; header_2_font_size_phone=&#8221;30px&#8221; header_2_font_size_last_edited=&#8221;on|phone&#8221; global_colors_info=&#8221;{}&#8221;]<\/p>\n<p><strong>For WHAT to do?<\/strong><\/p>\n<ul>\n<li>Student initiative (projects, innovation, entrepreneurship)<\/li>\n<li>Pedagogical experimentation, collaborative work and autonomy<\/li>\n<li>Multidisciplinary approach: scientific-technical + social science + social responsibility<\/li>\n<\/ul>\n<p>[\/et_pb_text][et_pb_image src=&#8221;https:\/\/www.ensma.fr\/wp-content\/uploads\/2023\/10\/FUTUROLAB_cest-quoi-scaled.jpg&#8221; title_text=&#8221;FUTUROLAB_c&#8217;est-quoi&#8221; url=&#8221;https:\/\/www.ensma.fr\/wp-content\/uploads\/2023\/10\/FUTUROLAB_cest-quoi-scaled.jpg&#8221; align=&#8221;center&#8221; _builder_version=&#8221;4.22.2&#8243; _module_preset=&#8221;default&#8221; width=&#8221;47%&#8221; max_width=&#8221;47%&#8221; custom_margin=&#8221;-14px||2px|90px||&#8221; global_colors_info=&#8221;{}&#8221;][\/et_pb_image][et_pb_image title_text=&#8221;FUTUROLAB_c&#8217;est-quoi&#8221; _builder_version=&#8221;4.22.2&#8243; _module_preset=&#8221;default&#8221; global_colors_info=&#8221;{}&#8221;][\/et_pb_image][et_pb_text _builder_version=&#8221;4.22.2&#8243; text_font=&#8221;Roboto|500|||||||&#8221; text_text_color=&#8221;#7f7f7f&#8221; text_font_size=&#8221;16px&#8221; text_line_height=&#8221;1.8em&#8221; quote_font=&#8221;||||||||&#8221; header_font=&#8221;||||||||&#8221; header_2_font=&#8221;Rubik|700|||||||&#8221; header_2_font_size=&#8221;40px&#8221; header_2_line_height=&#8221;1.4em&#8221; header_5_font=&#8221;Rubik|700||on|||||&#8221; header_5_letter_spacing=&#8221;5px&#8221; header_5_line_height=&#8221;1.2em&#8221; background_layout=&#8221;dark&#8221; max_width=&#8221;600px&#8221; max_width_tablet=&#8221;&#8221; max_width_phone=&#8221;&#8221; max_width_last_edited=&#8221;on|phone&#8221; custom_margin=&#8221;||||false|false&#8221; custom_margin_tablet=&#8221;|70px||70px&#8221; custom_margin_phone=&#8221;|50px||50px&#8221; custom_margin_last_edited=&#8221;off|desktop&#8221; custom_padding=&#8221;|||&#8221; text_line_height_last_edited=&#8221;off|desktop&#8221; header_2_font_size_tablet=&#8221;&#8221; header_2_font_size_phone=&#8221;30px&#8221; header_2_font_size_last_edited=&#8221;on|phone&#8221; global_colors_info=&#8221;{}&#8221;]<\/p>\n<p><strong>For WHO?<\/strong><\/p>\n<ul>\n<li>CATT campus training (ISAE-ENSMA, University of Poitiers)<\/li>\n<li>Entrepreneurship PEPITE, clubs, Junior company EJE<\/li>\n<li>Personnel of the Aeronautical Campus and TransporT (CATT)<\/li>\n<li>Companies: support, innovation<\/li>\n<\/ul>\n<p><strong>How?<\/strong> 3 thematic spaces on 2000 m2<\/p>\n<ul>\n<li>Hydrogen and Hybrid Systems for Mobility<\/li>\n<li>Aerodynamics and structures for aeronautics and transport<\/li>\n<li>Intelligent autonomous systems and virtual reality<\/li>\n<li>And the essential workshop: machining, composites, additive manufacturing, electronics,&#8230;<\/li>\n<\/ul>\n<p>[\/et_pb_text][et_pb_blurb title=&#8221;Contact&#8221; use_icon=&#8221;on&#8221; font_icon=&#8221;&#x45;||divi||400&#8243; icon_color=&#8221;#7f7f7f&#8221; icon_placement=&#8221;left&#8221; content_max_width=&#8221;920px&#8221; _builder_version=&#8221;4.22.2&#8243; _module_preset=&#8221;default&#8221; header_font=&#8221;Roboto||||||||&#8221; header_text_color=&#8221;#7f7f7f&#8221; body_font=&#8221;Roboto||||||||&#8221; body_text_color=&#8221;#7f7f7f&#8221; body_font_size=&#8221;16px&#8221; min_height=&#8221;30px&#8221; custom_margin=&#8221;-18px|||||&#8221; locked=&#8221;off&#8221; global_colors_info=&#8221;{}&#8221;]<\/p>\n<p><a href=\"mailto:futurolab@ensma.fr\">futurolab@ensma.fr<\/a><\/p>\n<p>[\/et_pb_blurb][\/et_pb_column][\/et_pb_row][et_pb_row _builder_version=&#8221;4.22.2&#8243; _module_preset=&#8221;default&#8221; border_width_bottom=&#8221;1px&#8221; border_color_bottom=&#8221;#878787&#8243; locked=&#8221;off&#8221; global_colors_info=&#8221;{}&#8221;][et_pb_column type=&#8221;4_4&#8243; _builder_version=&#8221;4.22.2&#8243; _module_preset=&#8221;default&#8221; global_colors_info=&#8221;{}&#8221;][et_pb_text _builder_version=&#8221;4.27.4&#8243; _module_preset=&#8221;default&#8221; text_font_size=&#8221;26px&#8221; text_line_height=&#8221;1.8em&#8221; hover_enabled=&#8221;0&#8243; global_colors_info=&#8221;{}&#8221; sticky_enabled=&#8221;0&#8243;]<\/p>\n<p>Current student projects<\/p>\n<p>[\/et_pb_text][\/et_pb_column][\/et_pb_row][et_pb_row _builder_version=&#8221;4.27.4&#8243; _module_preset=&#8221;default&#8221; global_colors_info=&#8221;{}&#8221; theme_builder_area=&#8221;post_content&#8221;][et_pb_column type=&#8221;4_4&#8243; _builder_version=&#8221;4.27.4&#8243; _module_preset=&#8221;default&#8221; global_colors_info=&#8221;{}&#8221; theme_builder_area=&#8221;post_content&#8221;][et_pb_text _builder_version=&#8221;4.27.4&#8243; _module_preset=&#8221;default&#8221; hover_enabled=&#8221;0&#8243; global_colors_info=&#8221;{}&#8221; theme_builder_area=&#8221;post_content&#8221; sticky_enabled=&#8221;0&#8243;]<\/p>\n<ul>\n<li>\n<p>CubeSat 3U entirely designed by NAASC students who will take off in 2026!<\/p>\n<\/li>\n<\/ul>\n<p>&#8211; <a href=\"https:\/\/www.ensma.fr\/wp-content\/uploads\/2025\/01\/NAASC-general.pdf\" target=\"_blank\" rel=\"noopener\">Nano NAASC<\/a><\/p>\n<p>&#8211; <a href=\"https:\/\/www.ensma.fr\/wp-content\/uploads\/2025\/01\/NAASC-ICARE.pdf\" target=\"_blank\" rel=\"noopener\">ICARE<\/a><\/p>\n<p>&#8211; <a href=\"https:\/\/www.ensma.fr\/wp-content\/uploads\/2025\/01\/NAASC-vibratoire.pdf\" target=\"_blank\" rel=\"noopener\">Banc de test vibratoire<\/a><\/p>\n<p>[\/et_pb_text][et_pb_text _builder_version=&#8221;4.27.4&#8243; _module_preset=&#8221;default&#8221; hover_enabled=&#8221;0&#8243; global_colors_info=&#8221;{}&#8221; theme_builder_area=&#8221;post_content&#8221; sticky_enabled=&#8221;0&#8243;]<\/p>\n<ul>\n<li>\n<p>Fuel Cell Test set up for Training.<\/p>\n<\/li>\n<\/ul>\n<p>&#8211; <a href=\"https:\/\/www.ensma.fr\/wp-content\/uploads\/2025\/01\/Pile-a-Combustible.pdf\" target=\"_blank\" rel=\"noopener\">Hydrog\u00e8ne et syst\u00e8mes hybrides pour la mobilit\u00e9<\/a><\/p>\n<p>[\/et_pb_text][et_pb_text _builder_version=&#8221;4.27.4&#8243; _module_preset=&#8221;default&#8221; hover_enabled=&#8221;0&#8243; global_colors_info=&#8221;{}&#8221; theme_builder_area=&#8221;post_content&#8221; sticky_enabled=&#8221;0&#8243;]<\/p>\n<ul>\n<li>\n<p>The aircraft of the students of ISAE-ENSMA is instrumented to make measurements in flight (accelerations, efforts, shocks, &#8230;) and will make a tour of Europe in 2024: Build2Fly. Students designed ground test benches to replay the forces on the structure and compare to the digital twin of the aircraft.<\/p>\n<\/li>\n<\/ul>\n<p>&#8211; <a href=\"https:\/\/www.ensma.fr\/wp-content\/uploads\/2025\/01\/Build2fly-p300.pdf\" target=\"_blank\" rel=\"noopener\">Pioneer 300 et Build2Fly<\/a><\/p>\n<p>[\/et_pb_text][et_pb_text _builder_version=&#8221;4.27.4&#8243; _module_preset=&#8221;default&#8221; hover_enabled=&#8221;0&#8243; global_colors_info=&#8221;{}&#8221; theme_builder_area=&#8221;post_content&#8221; sticky_enabled=&#8221;0&#8243;]<\/p>\n<ul>\n<li>\n<p>Installation of a wind tunnel for student projects.<\/p>\n<\/li>\n<\/ul>\n<p>&#8211; <a href=\"https:\/\/www.ensma.fr\/wp-content\/uploads\/2025\/01\/Soufflerie.pdf\" target=\"_blank\" rel=\"noopener\">A\u00e9rodynamique et structure pour l&#8217;a\u00e9ronautique et le transport<\/a><\/p>\n<p>[\/et_pb_text][et_pb_text _builder_version=&#8221;4.27.4&#8243; _module_preset=&#8221;default&#8221; hover_enabled=&#8221;0&#8243; global_colors_info=&#8221;{}&#8221; theme_builder_area=&#8221;post_content&#8221; sticky_enabled=&#8221;0&#8243;]<\/p>\n<ul>\n<li>\n<p>Test bench to study the energy chain of a hydrogen bicycle.<\/p>\n<\/li>\n<\/ul>\n<p>&#8211; <a href=\"https:\/\/www.ensma.fr\/wp-content\/uploads\/2025\/01\/velo-H2.pdf\" target=\"_blank\" rel=\"noopener\">V\u00e9lo H2<\/a><\/p>\n<p>[\/et_pb_text][et_pb_text _builder_version=&#8221;4.27.4&#8243; _module_preset=&#8221;default&#8221; hover_enabled=&#8221;0&#8243; global_colors_info=&#8221;{}&#8221; theme_builder_area=&#8221;post_content&#8221; sticky_enabled=&#8221;0&#8243;]<\/p>\n<ul>\n<li>\n<p>Energy bench for producing energy from the combustion of iron powders.<\/p>\n<\/li>\n<\/ul>\n<p>&#8211; <a href=\"https:\/\/www.ensma.fr\/wp-content\/uploads\/2025\/01\/bruleur-Fe.pdf\" target=\"_blank\" rel=\"noopener\">Br\u00fbleur de particules de fer<\/a><\/p>\n<p>[\/et_pb_text][et_pb_text _builder_version=&#8221;4.27.4&#8243; _module_preset=&#8221;default&#8221; hover_enabled=&#8221;0&#8243; global_colors_info=&#8221;{}&#8221; theme_builder_area=&#8221;post_content&#8221; sticky_enabled=&#8221;0&#8243;]<\/p>\n<ul>\n<li>\n<p>Design and manufacture of a rotary motor.<\/p>\n<\/li>\n<\/ul>\n<p>&#8211; <a href=\"https:\/\/www.ensma.fr\/wp-content\/uploads\/2025\/01\/moteur-rotatif.pdf\" target=\"_blank\" rel=\"noopener\">Moteur rotatif<\/a><\/p>\n<p>[\/et_pb_text][et_pb_text _builder_version=&#8221;4.27.4&#8243; _module_preset=&#8221;default&#8221; hover_enabled=&#8221;0&#8243; global_colors_info=&#8221;{}&#8221; theme_builder_area=&#8221;post_content&#8221; sticky_enabled=&#8221;0&#8243;]<\/p>\n<ul>\n<li>\n<p>Manufacture of a teaching robot and its digital twin.<\/p>\n<\/li>\n<\/ul>\n<p>&#8211; <a href=\"https:\/\/www.ensma.fr\/wp-content\/uploads\/2025\/01\/robot-R2DEMUP.pdf\" target=\"_blank\" rel=\"noopener\">Robot<\/a><\/p>\n<p>[\/et_pb_text][et_pb_text _builder_version=&#8221;4.27.4&#8243; _module_preset=&#8221;default&#8221; hover_enabled=&#8221;0&#8243; global_colors_info=&#8221;{}&#8221; theme_builder_area=&#8221;post_content&#8221; sticky_enabled=&#8221;0&#8243;]<\/p>\n<ul>\n<li>\n<p>Drone manufacturing.<\/p>\n<\/li>\n<\/ul>\n<p>&#8211; <a href=\"https:\/\/www.ensma.fr\/wp-content\/uploads\/2025\/01\/aeromodelisme.pdf\" target=\"_blank\" rel=\"noopener\">ENSMA\u00e9ro<\/a><\/p>\n<p>[\/et_pb_text][et_pb_text _builder_version=&#8221;4.27.4&#8243; _module_preset=&#8221;default&#8221; hover_enabled=&#8221;0&#8243; global_colors_info=&#8221;{}&#8221; theme_builder_area=&#8221;post_content&#8221; sticky_enabled=&#8221;0&#8243;]<\/p>\n<ul>\n<li>\n<p>Design and manufacture of a car simulator.<\/p>\n<\/li>\n<\/ul>\n<p>&#8211; <a href=\"https:\/\/www.ensma.fr\/wp-content\/uploads\/2025\/01\/simulateur-auto.pdf\" target=\"_blank\" rel=\"noopener\">Simulateur auto<\/a><\/p>\n<p>[\/et_pb_text][et_pb_text _builder_version=&#8221;4.27.4&#8243; _module_preset=&#8221;default&#8221; hover_enabled=&#8221;0&#8243; global_colors_info=&#8221;{}&#8221; theme_builder_area=&#8221;post_content&#8221; sticky_enabled=&#8221;0&#8243;]<\/p>\n<ul>\n<li>\n<p>Manufacture of an aircraft simulator.<\/p>\n<\/li>\n<\/ul>\n<p>&#8211; <a href=\"https:\/\/www.ensma.fr\/wp-content\/uploads\/2025\/01\/simulateur-avion.pdf\" target=\"_blank\" rel=\"noopener\">Simulateur avion<\/a><\/p>\n<p>[\/et_pb_text][\/et_pb_column][\/et_pb_row][\/et_pb_section]<\/p>\n","protected":false},"excerpt":{"rendered":"<p>For WHAT to do? Student initiative (projects, innovation, entrepreneurship) Pedagogical experimentation, collaborative work and autonomy Multidisciplinary approach: scientific-technical + social science + social responsibility For WHO? CATT campus training (ISAE-ENSMA, University of Poitiers) Entrepreneurship PEPITE, clubs, Junior company EJE Personnel of the Aeronautical Campus and TransporT (CATT) Companies: support, innovation How? 3 thematic spaces on [&hellip;]<\/p>\n","protected":false},"author":30,"featured_media":0,"parent":0,"menu_order":0,"comment_status":"closed","ping_status":"closed","template":"","meta":{"_et_pb_use_builder":"on","_et_pb_old_content":"","_et_gb_content_width":"","footnotes":""},"class_list":["post-23616","page","type-page","status-publish","hentry"],"_links":{"self":[{"href":"https:\/\/www.ensma.fr\/en\/wp-json\/wp\/v2\/pages\/23616","targetHints":{"allow":["GET"]}}],"collection":[{"href":"https:\/\/www.ensma.fr\/en\/wp-json\/wp\/v2\/pages"}],"about":[{"href":"https:\/\/www.ensma.fr\/en\/wp-json\/wp\/v2\/types\/page"}],"author":[{"embeddable":true,"href":"https:\/\/www.ensma.fr\/en\/wp-json\/wp\/v2\/users\/30"}],"replies":[{"embeddable":true,"href":"https:\/\/www.ensma.fr\/en\/wp-json\/wp\/v2\/comments?post=23616"}],"version-history":[{"count":18,"href":"https:\/\/www.ensma.fr\/en\/wp-json\/wp\/v2\/pages\/23616\/revisions"}],"predecessor-version":[{"id":26102,"href":"https:\/\/www.ensma.fr\/en\/wp-json\/wp\/v2\/pages\/23616\/revisions\/26102"}],"wp:attachment":[{"href":"https:\/\/www.ensma.fr\/en\/wp-json\/wp\/v2\/media?parent=23616"}],"curies":[{"name":"wp","href":"https:\/\/api.w.org\/{rel}","templated":true}]}}