{"id":9499,"date":"2013-11-27T11:45:58","date_gmt":"2013-11-27T10:45:58","guid":{"rendered":"https:\/\/www-dev.ensma.fr\/ensma-and-industries\/stages\/"},"modified":"2021-06-01T15:22:20","modified_gmt":"2021-06-01T14:22:20","slug":"internships","status":"publish","type":"page","link":"https:\/\/www.ensma.fr\/en\/companies\/internships\/","title":{"rendered":"Internships"},"content":{"rendered":"<p>[et_pb_section fb_built=&#8221;1&#8243; _builder_version=&#8221;4.9.4&#8243; background_enable_color=&#8221;off&#8221; use_background_color_gradient=&#8221;on&#8221; background_color_gradient_start=&#8221;rgba(0,0,0,0)&#8221; background_color_gradient_end=&#8221;#ffffff&#8221; background_color_gradient_direction=&#8221;95deg&#8221; background_color_gradient_start_position=&#8221;20%&#8221; background_color_gradient_end_position=&#8221;17%&#8221; background_color_gradient_overlays_image=&#8221;on&#8221; background_image=&#8221;https:\/\/www-dev.ensma.fr\/wp-content\/uploads\/2021\/05\/cover_plaquette21_web.jpg&#8221; background_size=&#8221;contain&#8221; background_position=&#8221;bottom_left&#8221; custom_padding=&#8221;|||&#8221; hover_enabled=&#8221;0&#8243; locked=&#8221;off&#8221; title_text=&#8221;cover_plaquette21_web&#8221; sticky_enabled=&#8221;0&#8243;][et_pb_row column_structure=&#8221;1_2,1_2&#8243; _builder_version=&#8221;3.25&#8243;][et_pb_column type=&#8221;1_2&#8243; _builder_version=&#8221;3.25&#8243; custom_padding=&#8221;|||&#8221; custom_padding__hover=&#8221;|||&#8221;][et_pb_text _builder_version=&#8221;4.7.7&#8243; text_font=&#8221;Roboto|500|||||||&#8221; text_text_color=&#8221;#939393&#8243; text_font_size=&#8221;21px&#8221; text_line_height=&#8221;2em&#8221; quote_font=&#8221;||||||||&#8221; header_font=&#8221;||||||||&#8221; header_2_font=&#8221;Rubik|700|||||||&#8221; header_2_font_size=&#8221;40px&#8221; header_2_line_height=&#8221;1.4em&#8221; header_3_text_align=&#8221;right&#8221; header_3_text_color=&#8221;#757575&#8243; header_3_font_size=&#8221;39px&#8221; header_5_font=&#8221;Rubik|700||on|||||&#8221; header_5_letter_spacing=&#8221;5px&#8221; header_5_line_height=&#8221;1.2em&#8221; text_orientation=&#8221;right&#8221; background_layout=&#8221;dark&#8221; max_width=&#8221;600px&#8221; max_width_tablet=&#8221;&#8221; max_width_phone=&#8221;&#8221; max_width_last_edited=&#8221;on|phone&#8221; custom_margin=&#8221;|||&#8221; custom_margin_tablet=&#8221;|70px||70px&#8221; custom_margin_phone=&#8221;|50px||50px&#8221; custom_margin_last_edited=&#8221;off|desktop&#8221; custom_padding=&#8221;|||&#8221; text_line_height_last_edited=&#8221;off|desktop&#8221; header_2_font_size_tablet=&#8221;&#8221; header_2_font_size_phone=&#8221;30px&#8221; header_2_font_size_last_edited=&#8221;on|phone&#8221;]<\/p>\n<p>&nbsp;<\/p>\n<h3>Recruiting interns from<\/h3>\n<h3>ISAE-ENSMA<\/h3>\n<p>[\/et_pb_text][\/et_pb_column][et_pb_column type=&#8221;1_2&#8243; _builder_version=&#8221;3.25&#8243; custom_padding=&#8221;|||&#8221; custom_padding__hover=&#8221;|||&#8221;][et_pb_text _builder_version=&#8221;4.9.4&#8243; text_font=&#8221;Roboto|500|||||||&#8221; text_text_color=&#8221;#7f7f7f&#8221; text_font_size=&#8221;16px&#8221; text_line_height=&#8221;1.8em&#8221; quote_font=&#8221;||||||||&#8221; header_font=&#8221;||||||||&#8221; header_2_font=&#8221;Rubik|700|||||||&#8221; header_2_font_size=&#8221;40px&#8221; header_2_line_height=&#8221;1.4em&#8221; header_5_font=&#8221;Rubik|700||on|||||&#8221; header_5_letter_spacing=&#8221;5px&#8221; header_5_line_height=&#8221;1.2em&#8221; background_layout=&#8221;dark&#8221; max_width=&#8221;600px&#8221; max_width_tablet=&#8221;&#8221; max_width_phone=&#8221;&#8221; max_width_last_edited=&#8221;on|phone&#8221; custom_margin=&#8221;-5px|||||&#8221; custom_margin_tablet=&#8221;|70px||70px&#8221; custom_margin_phone=&#8221;|50px||50px&#8221; custom_margin_last_edited=&#8221;off|desktop&#8221; custom_padding=&#8221;|||&#8221; text_line_height_last_edited=&#8221;off|desktop&#8221; header_2_font_size_tablet=&#8221;&#8221; header_2_font_size_phone=&#8221;30px&#8221; header_2_font_size_last_edited=&#8221;on|phone&#8221;]<\/p>\n<div class=\"et_pb_column et_pb_column_4_4 et_pb_column_0  et_pb_css_mix_blend_mode_passthrough et-last-child\">\n<div class=\"et_pb_module et_pb_text et_pb_text_0  et_pb_text_align_left et_pb_bg_layout_light\">\n<div class=\"et_pb_text_inner\">\n<p style=\"text-align: justify;\">During their studies at ISAE-ENSMA, students have the opportunity to live the professional life of an engineer through several internship periods. You can forward an internship proposal to ISAE-ENSMA.<\/p>\n<\/div>\n<\/div>\n<\/div>\n<p><em>\u00a0<\/em><\/p>\n<p>[\/et_pb_text][\/et_pb_column][\/et_pb_row][et_pb_row use_custom_gutter=&#8221;on&#8221; gutter_width=&#8221;1&#8243; admin_label=&#8221;Image Row&#8221; _builder_version=&#8221;4.7.7&#8243; max_width=&#8221;976px&#8221; locked=&#8221;off&#8221;][et_pb_column type=&#8221;4_4&#8243; _builder_version=&#8221;3.25&#8243; custom_padding=&#8221;|||&#8221; custom_padding__hover=&#8221;|||&#8221;][et_pb_blurb title=&#8221;%22Blue-collar%22 internship&#8221; use_icon=&#8221;on&#8221; font_icon=&#8221;%%36%%&#8221; icon_color=&#8221;#0c71c3&#8243; icon_placement=&#8221;left&#8221; content_max_width=&#8221;830px&#8221; use_icon_font_size=&#8221;on&#8221; icon_font_size=&#8221;33px&#8221; _builder_version=&#8221;4.9.4&#8243; _module_preset=&#8221;default&#8221; header_font=&#8221;Roboto||||||||&#8221; header_text_color=&#8221;#225799&#8243; body_font=&#8221;Roboto||||||||&#8221; body_text_color=&#8221;#7f7f7f&#8221; body_font_size=&#8221;16px&#8221;]<\/p>\n<div class=\"learn-more-content\" style=\"visibility: visible;\">\n<div class=\"learn-more-content\" style=\"visibility: visible;\">\n<div class=\"learn-more-content\" style=\"visibility: visible;\">\n<p style=\"text-align: justify;\">(between the 1st and the 2nd year of studies, duration: 1 to 2 months, from July to August)<br \/>The aim of the first compulsory internship is to let the student discover production operations and the importance of human factors in a company. The student must write a report which is graded. The report comprises an account of the task performed by the student and an analysis of the labour relations in the company.<\/p>\n<\/div>\n<\/div>\n<\/div>\n<p>[\/et_pb_blurb][\/et_pb_column][\/et_pb_row][et_pb_row use_custom_gutter=&#8221;on&#8221; gutter_width=&#8221;1&#8243; admin_label=&#8221;Image Row&#8221; _builder_version=&#8221;4.7.7&#8243; max_width=&#8221;976px&#8221; locked=&#8221;off&#8221;][et_pb_column type=&#8221;4_4&#8243; _builder_version=&#8221;3.25&#8243; custom_padding=&#8221;|||&#8221; custom_padding__hover=&#8221;|||&#8221;][et_pb_blurb title=&#8221;%22Junior engineer%22 undergraduate training&#8221; use_icon=&#8221;on&#8221; font_icon=&#8221;%%36%%&#8221; icon_color=&#8221;#0c71c3&#8243; icon_placement=&#8221;left&#8221; content_max_width=&#8221;830px&#8221; use_icon_font_size=&#8221;on&#8221; icon_font_size=&#8221;33px&#8221; _builder_version=&#8221;4.9.4&#8243; _module_preset=&#8221;default&#8221; header_font=&#8221;Roboto||||||||&#8221; header_text_color=&#8221;#225799&#8243; body_font=&#8221;Roboto||||||||&#8221; body_text_color=&#8221;#7f7f7f&#8221; body_font_size=&#8221;16px&#8221;]<\/p>\n<div class=\"learn-more-content\" style=\"visibility: visible;\">\n<p style=\"text-align: justify;\">(between the 2nd and the 3rd year of studies: duration: 3 to 4 months, from June to September)<br \/>The second compulsory internship is performed in industry or in a research institute, in France or abroad. The student is supervised by a mentor. The internship aims at enabling the student to experience the responsibilities of an engineer. Performing the tasks assigned to an engineer is the opportunity for the student to finalize his\/her career objectives. It allows the students to select his\/her \u201cmajor\u201d for his\/her final year of studies.<\/p>\n<\/div>\n<p>[\/et_pb_blurb][\/et_pb_column][\/et_pb_row][et_pb_row use_custom_gutter=&#8221;on&#8221; gutter_width=&#8221;1&#8243; admin_label=&#8221;Image Row&#8221; _builder_version=&#8221;4.7.7&#8243; max_width=&#8221;976px&#8221; locked=&#8221;off&#8221;][et_pb_column type=&#8221;4_4&#8243; _builder_version=&#8221;3.25&#8243; custom_padding=&#8221;|||&#8221; custom_padding__hover=&#8221;|||&#8221;][et_pb_blurb title=&#8221;Graduation project&#8221; use_icon=&#8221;on&#8221; font_icon=&#8221;%%36%%&#8221; icon_color=&#8221;#0c71c3&#8243; icon_placement=&#8221;left&#8221; content_max_width=&#8221;830px&#8221; use_icon_font_size=&#8221;on&#8221; icon_font_size=&#8221;33px&#8221; _builder_version=&#8221;4.9.4&#8243; _module_preset=&#8221;default&#8221; header_font=&#8221;Roboto||||||||&#8221; header_text_color=&#8221;#225799&#8243; body_font=&#8221;Roboto||||||||&#8221; body_text_color=&#8221;#7f7f7f&#8221; body_font_size=&#8221;16px&#8221;]<\/p>\n<div class=\"learn-more-content\" style=\"visibility: visible;\">\n<div class=\"learn-more-content\" style=\"visibility: visible;\">\n<p style=\"text-align: justify;\">(at the end of the last semester of studies at ISAE-ENSMA. Duration: 3 to 6 months, between April and September)<br \/>To complete his\/her academic training, the graduation internship can be performed either in industry or in a research institution, in France or abroad.<\/p>\n<p style=\"text-align: justify;\">As a junior engineer level intern, the student engineer is in a charge of a study which complements his education and is in line with his career objectives. The graduation project is the opportunity to actively take part in the development of an engineering project for a company (design, modeling, test campaigns and test analyses\u2026). The graduation project is a springboard for the student engineer in his pursuit of a high profile career.<\/p>\n<\/div>\n<\/div>\n<p>[\/et_pb_blurb][\/et_pb_column][\/et_pb_row][et_pb_row use_custom_gutter=&#8221;on&#8221; gutter_width=&#8221;1&#8243; admin_label=&#8221;Image Row&#8221; _builder_version=&#8221;4.7.7&#8243; max_width=&#8221;976px&#8221; locked=&#8221;off&#8221;][et_pb_column type=&#8221;4_4&#8243; _builder_version=&#8221;3.25&#8243; custom_padding=&#8221;|||&#8221; custom_padding__hover=&#8221;|||&#8221;][et_pb_blurb title=&#8221;How to find and validate the internships?&#8221; use_icon=&#8221;on&#8221; font_icon=&#8221;%%36%%&#8221; icon_color=&#8221;#0c71c3&#8243; icon_placement=&#8221;left&#8221; content_max_width=&#8221;830px&#8221; use_icon_font_size=&#8221;on&#8221; icon_font_size=&#8221;33px&#8221; _builder_version=&#8221;4.9.4&#8243; _module_preset=&#8221;default&#8221; header_font=&#8221;Roboto||||||||&#8221; header_text_color=&#8221;#225799&#8243; body_font=&#8221;Roboto||||||||&#8221; body_text_color=&#8221;#7f7f7f&#8221; body_font_size=&#8221;16px&#8221;]<\/p>\n<p>The students find their internship by themselves. They apply for internship positions through the human resources department of companies or directly to potential internship supervisors. When they find an internship, the internship\u2019s description must be forwarded for validation to ISAE-ENSMA\u2019s internship service. Students can also select an internship proposed by ISAE-ENSMA\u2019s internship service. As concerns graduation projects, the subjects of the studies must be validated by an ISAE-ENSMA faculty member or an ISAE-ENSMA laboratory researcher, who will also liaise with the student and his\/her mentor during the internship.<\/p>\n<p>[\/et_pb_blurb][\/et_pb_column][\/et_pb_row][et_pb_row use_custom_gutter=&#8221;on&#8221; gutter_width=&#8221;1&#8243; admin_label=&#8221;Image Row&#8221; _builder_version=&#8221;4.7.7&#8243; max_width=&#8221;976px&#8221; locked=&#8221;off&#8221;][et_pb_column type=&#8221;4_4&#8243; _builder_version=&#8221;3.25&#8243; custom_padding=&#8221;|||&#8221; custom_padding__hover=&#8221;|||&#8221;][et_pb_blurb title=&#8221;Evaluation of the internship&#8221; use_icon=&#8221;on&#8221; font_icon=&#8221;%%36%%&#8221; icon_color=&#8221;#0c71c3&#8243; icon_placement=&#8221;left&#8221; content_max_width=&#8221;830px&#8221; use_icon_font_size=&#8221;on&#8221; icon_font_size=&#8221;33px&#8221; _builder_version=&#8221;4.9.4&#8243; _module_preset=&#8221;default&#8221; header_font=&#8221;Roboto||||||||&#8221; header_text_color=&#8221;#225799&#8243; body_font=&#8221;Roboto||||||||&#8221; body_text_color=&#8221;#7f7f7f&#8221; body_font_size=&#8221;16px&#8221;]<\/p>\n<p>At mid-stage, the student engineer must forward a progress report to ISAE-ENSMA\u2019s internship service. Following the internship, a report and a summary must be written up. A jury composed of two faculty members, including ENSMA\u2019s supervising correspondent, and the employer\u2019s supervisor (if possible), assesses the presentation of the project by the student. The grades given by the three members are averaged.<\/p>\n<p>[\/et_pb_blurb][\/et_pb_column][\/et_pb_row][\/et_pb_section][et_pb_section fb_built=&#8221;1&#8243; _builder_version=&#8221;4.7.7&#8243; _module_preset=&#8221;default&#8221; custom_padding=&#8221;0px|||||&#8221;][et_pb_row _builder_version=&#8221;4.7.7&#8243; _module_preset=&#8221;default&#8221;][et_pb_column type=&#8221;4_4&#8243; _builder_version=&#8221;4.7.7&#8243; _module_preset=&#8221;default&#8221;][et_pb_blurb title=&#8221;Contact&#8221; use_icon=&#8221;on&#8221; font_icon=&#8221;%%74%%&#8221; icon_color=&#8221;#0c71c3&#8243; icon_placement=&#8221;left&#8221; _builder_version=&#8221;4.9.4&#8243; _module_preset=&#8221;default&#8221; body_line_height=&#8221;1em&#8221; width=&#8221;50%&#8221; width_tablet=&#8221;&#8221; width_phone=&#8221;100%&#8221; width_last_edited=&#8221;on|phone&#8221; module_alignment=&#8221;center&#8221; custom_padding=&#8221;20px|75px|20px|75px|true|true&#8221; custom_padding_tablet=&#8221;&#8221; custom_padding_phone=&#8221;|3px||3px|true|true&#8221; custom_padding_last_edited=&#8221;on|phone&#8221; border_width_all=&#8221;2px&#8221;]<\/p>\n<div class=\"learn-more-content\" style=\"visibility: visible;\">\n<p><strong>Corporate relations office<\/strong><\/p>\n<p>Internships and job offers<\/p>\n<p><a href=\"mailto:stages@ensma.fr\" target=\"_blank\" rel=\"noopener noreferrer\">stages@ensma.fr<\/a><\/p>\n<p><a href=\"mailto:emploi@ensma.fr\" target=\"_blank\" rel=\"noopener\">emploi@ensma.fr<\/a><\/p>\n<p>Tel: +33(0)5 49 49 80 13 ou +33(0)5 49 49 80 05<\/p>\n<p>Head of office:<br \/>Mrs. Annette ROY<\/p>\n<p><a href=\"mailto:annette.roy@ensma.fr\" target=\"_blank\" rel=\"noopener noreferrer\">annette.roy@ensma.fr<\/a><\/p>\n<p>Tel: +33(0)5 49 49 84 20<\/p>\n<\/div>\n<p>[\/et_pb_blurb][\/et_pb_column][\/et_pb_row][\/et_pb_section][et_pb_section fb_built=&#8221;1&#8243; _builder_version=&#8221;4.7.4&#8243; _module_preset=&#8221;default&#8221; background_color=&#8221;#515151&#8243; custom_margin=&#8221;-23px||||false|false&#8221; custom_padding=&#8221;0px||||false|false&#8221;][et_pb_row column_structure=&#8221;1_3,2_3&#8243; _builder_version=&#8221;4.7.4&#8243; _module_preset=&#8221;default&#8221;][et_pb_column type=&#8221;1_3&#8243; _builder_version=&#8221;4.7.4&#8243; _module_preset=&#8221;default&#8221;][et_pb_image src=&#8221;https:\/\/www-dev.ensma.fr\/wp-content\/uploads\/2020\/12\/logo_ensma_blanc.png&#8221; title_text=&#8221;logo_ensma_blanc&#8221; _builder_version=&#8221;4.7.4&#8243; _module_preset=&#8221;default&#8221;][\/et_pb_image][\/et_pb_column][et_pb_column type=&#8221;2_3&#8243; _builder_version=&#8221;4.7.4&#8243; _module_preset=&#8221;default&#8221;][et_pb_text _builder_version=&#8221;4.7.4&#8243; _module_preset=&#8221;default&#8221; text_text_color=&#8221;#ffffff&#8221; text_font_size=&#8221;17px&#8221; text_line_height=&#8221;1.8em&#8221; header_text_color=&#8221;#ffffff&#8221; header_2_text_color=&#8221;#ffffff&#8221; header_4_text_color=&#8221;#ffffff&#8221; header_4_font_size=&#8221;21px&#8221; custom_margin=&#8221;13px|||13px|false|false&#8221;]<\/p>\n<h4 class=\"titre-actus\">\u00c9cole nationale sup\u00e9rieure de m\u00e9canique et d\u2019a\u00e9rotechnique<\/h4>\n<p>T\u00e9l\u00e9port 2 \u2013 1 avenue Cl\u00e9ment Ader<br \/> BP 40109<br \/> 86961 Futuroscope Chasseneuil Cedex<br \/> T\u00e9l. +33 (0)5 49 49 80 80<br \/> Fax : +33 (0)5 49 49 80 00<\/p>\n<p>[\/et_pb_text][\/et_pb_column][\/et_pb_row][\/et_pb_section]<\/p>\n","protected":false},"excerpt":{"rendered":"<p>&nbsp; Recruiting interns from ISAE-ENSMA During their studies at ISAE-ENSMA, students have the opportunity to live the professional life of an engineer through several internship periods. You can forward an internship proposal to ISAE-ENSMA. \u00a0 (between the 1st and the 2nd year of studies, duration: 1 to 2 months, from July to August)The aim of [&hellip;]<\/p>\n","protected":false},"author":6,"featured_media":9500,"parent":10573,"menu_order":0,"comment_status":"open","ping_status":"open","template":"","meta":{"_et_pb_use_builder":"on","_et_pb_old_content":"<p style=\"text-align: justify;\">Au cours de la scolarit\u00e9 \u00e0 l'ISAE-ENSMA, diff\u00e9rents stages permettent aux \u00e9l\u00e8ves d'aborder les situations quotidiennes de la vie d'ing\u00e9nieur.<\/p><p>[learn_more caption=\"Faire une proposition de stage\"]<\/p><p>Nous vous invitons \u00e0 d\u00e9poser vos propositions de stage directement sur le Career Center de l'ISAE-ENSMA via le formulaire accessible <a href=\"http:\/\/ensma.jobteaser.com\/fr\/sp_job_offers\/users\/new\" target=\"_blank\" rel=\"noopener noreferrer\">ici<\/a>.<\/p><p>Ce formulaire vous permettra de diffuser vos offres sur une plateforme \u00e0 destination exclusive de nos \u00e9tudiants.<\/p><p>Pour toute question, nous restons \u00e0 votre disposition via le mail <a href=\"mailto:careercenter@isae-ensma.fr\">careercenter@isae-ensma.fr<\/a><\/p><p>[\/learn_more]<\/p><p>[learn_more caption=\"Stage Ouvrier\"]<\/p><p>(entre la 1re et la 2e ann\u00e9e : 1 \u00e0 2 mois de juillet \u00e0 ao\u00fbt)<\/p><p style=\"text-align: justify;\">Au cours de ce premier stage, l\u2019\u00e9tudiant d\u00e9couvre la fonction de production et peut appr\u00e9cier l\u2019importance des contacts humains au sein de l\u2019entreprise. A son issue, un rapport pr\u00e9sentant l'entreprise, le travail effectu\u00e9 et les relations sociales, doit \u00eatre fourni et donne lieu \u00e0 une \u00e9valuation<\/p><p>[\/learn_more]<\/p><p>[learn_more caption=\"Stage Ing\u00e9nieur\"]<\/p><p>(entre la 2e et la 3e ann\u00e9e : 3 \u00e0 4 mois de juin \u00e0 septembre)<\/p><p style=\"text-align: justify;\">Ce stage, effectu\u00e9 en entreprise ou dans un organisme, en France ou \u00e0 l'\u00e9tranger, encadr\u00e9 par un ing\u00e9nieur \"Ma\u00eetre de Stage\", permet \u00e0 l'\u00e9l\u00e8ve de d\u00e9couvrir le m\u00e9tier d'ing\u00e9nieur et lui offre l'occasion d'une premi\u00e8re initiation. Cette d\u00e9couverte du m\u00e9tier d\u2019ing\u00e9nieur en entreprise permet \u00e0 l\u2019\u00e9tudiant de pr\u00e9ciser son projet professionnel et d\u2019orienter ses choix de formation en troisi\u00e8me ann\u00e9e.<\/p><p>[\/learn_more]<\/p><p>[learn_more caption=\"Projet de fin d'\u00e9tudes (PFE)\"]<\/p><p>(fin du cursus ENSMA : 3 \u00e0 6 mois d\u2019avril \u00e0 septembre)<\/p><p style=\"text-align: justify;\">Inscrit \u00e0 la fin du cursus scolaire de l\u2019\u00e9l\u00e8ve ing\u00e9nieur, ce dernier stage peut s\u2019effectuer en entreprise ou dans un organisme de recherche, en France ou \u00e0 l\u2019\u00e9tranger.<\/p><p style=\"text-align: justify;\">Charg\u00e9 d\u2019une \u00e9tude pour ing\u00e9nieur d\u00e9butant, l\u2019\u00e9tudiant compl\u00e8te sa formation suivant l\u2019orientation de son projet professionnel. Le PFE lui permet de participer activement \u00e0 la r\u00e9alisation d\u2019un projet technique industriel (conception, mod\u00e9lisation, suivi et analyse d\u2019essais...). Plac\u00e9 en fin de cursus, ce dernier stage est un v\u00e9ritable tremplin pour l\u2019insertion professionnelle des jeunes dipl\u00f4m\u00e9s.<\/p><p>[\/learn_more]<\/p><p>[learn_more caption=\"La recherche et la validation du sujet de stage (SI et PFE)\"]<\/p><p style=\"text-align: justify;\">Les \u00e9l\u00e8ves effectuent la d\u00e9marche de recherche de leurs stages (SI et PFE) par l'envoi d'une lettre de motivation et de leur CV au Service des Stages de l'entreprise choisie ou directement au responsable du stage (le \"Ma\u00eetre de Stage\"). Ils posent leur candidature sur les sujets propos\u00e9s \u00e0 l'Ecole par les entreprises, valid\u00e9s et mis \u00e0 leur disposition par le Service des Stages de l'ISAE-ENSMA, ou sur des sujets qu'ils trouvent par eux-m\u00eames et qu'ils soumettent au Service pour validation. Pour les PFE, le sujet est valid\u00e9 en collaboration avec un correspondant, enseignant chercheur de l'Ecole, qui suivra l'\u00e9l\u00e8ve tout au long de son stage.<\/p><p>[\/learn_more]<\/p><p>[learn_more caption=\"L'\u00e9valuation du stage\"]<\/p><p style=\"text-align: justify;\">A mi-parcours, les \u00e9l\u00e8ves envoient au Service des Stages un \u00e9tat d'avancement de leur travail. A la fin du stage, ils r\u00e9digent un rapport et un r\u00e9sum\u00e9, puis effectuent une soutenance \u00e0 l'Ecole devant un jury compos\u00e9 de deux enseignants chercheurs (dont le correspondant, pour le PFE) et du Ma\u00eetre de Stage, s'il peut assister \u00e0 la soutenance. Une note, moyenne de celles donn\u00e9es par ces trois personnes, est attribu\u00e9e pour l'ensemble du travail.<\/p><p>[\/learn_more]<\/p><p>[learn_more caption=\"Contact\"]<\/p><p>DIRECTION DES RELATIONS EXTERIEURES<\/p><p>Stages et insertion professionnelle<\/p><p><a href=\"mailto:stages@ensma.fr\">stages@ensma.fr<\/a><\/p><p>Tel : 05.49.49.80.13 ou 05.49.49.80.05<\/p><p>\u00a0<\/p><p>Responsable du service : Mme Aur\u00e9lie COTILLON<\/p><p><a href=\"mailto:aurelie.cotillon@ensma.fr\">aurelie.cotillon@ensma.fr<\/a><\/p><p>Tel : 05.49.49.80.16<\/p><p>[\/learn_more]<\/p>","_et_gb_content_width":"","footnotes":""},"class_list":["post-9499","page","type-page","status-publish","has-post-thumbnail","hentry"],"_links":{"self":[{"href":"https:\/\/www.ensma.fr\/en\/wp-json\/wp\/v2\/pages\/9499","targetHints":{"allow":["GET"]}}],"collection":[{"href":"https:\/\/www.ensma.fr\/en\/wp-json\/wp\/v2\/pages"}],"about":[{"href":"https:\/\/www.ensma.fr\/en\/wp-json\/wp\/v2\/types\/page"}],"author":[{"embeddable":true,"href":"https:\/\/www.ensma.fr\/en\/wp-json\/wp\/v2\/users\/6"}],"replies":[{"embeddable":true,"href":"https:\/\/www.ensma.fr\/en\/wp-json\/wp\/v2\/comments?post=9499"}],"version-history":[{"count":11,"href":"https:\/\/www.ensma.fr\/en\/wp-json\/wp\/v2\/pages\/9499\/revisions"}],"predecessor-version":[{"id":14405,"href":"https:\/\/www.ensma.fr\/en\/wp-json\/wp\/v2\/pages\/9499\/revisions\/14405"}],"up":[{"embeddable":true,"href":"https:\/\/www.ensma.fr\/en\/wp-json\/wp\/v2\/pages\/10573"}],"wp:featuredmedia":[{"embeddable":true,"href":"https:\/\/www.ensma.fr\/en\/wp-json\/wp\/v2\/media\/9500"}],"wp:attachment":[{"href":"https:\/\/www.ensma.fr\/en\/wp-json\/wp\/v2\/media?parent=9499"}],"curies":[{"name":"wp","href":"https:\/\/api.w.org\/{rel}","templated":true}]}}