{"id":9591,"date":"2021-01-19T15:37:58","date_gmt":"2021-01-19T14:37:58","guid":{"rendered":"https:\/\/www-dev.ensma.fr\/demo-divi\/"},"modified":"2021-04-30T14:53:29","modified_gmt":"2021-04-30T13:53:29","slug":"demo-divi","status":"publish","type":"page","link":"https:\/\/www.ensma.fr\/en\/demo-divi\/","title":{"rendered":"Ensma vie \u00e0 l"},"content":{"rendered":"<p>[et_pb_section fb_built=&#8221;1&#8243; _builder_version=&#8221;4.7.4&#8243; background_enable_color=&#8221;off&#8221; use_background_color_gradient=&#8221;on&#8221; background_color_gradient_start=&#8221;rgba(0,0,0,0)&#8221; background_color_gradient_end=&#8221;#ffffff&#8221; background_color_gradient_direction=&#8221;95deg&#8221; background_color_gradient_start_position=&#8221;20%&#8221; background_color_gradient_end_position=&#8221;17%&#8221; background_color_gradient_overlays_image=&#8221;on&#8221; background_image=&#8221;https:\/\/www-dev.ensma.fr\/wp-content\/uploads\/2020\/12\/Ensma-ecole.png&#8221; background_size=&#8221;contain&#8221; background_position=&#8221;bottom_left&#8221; custom_padding=&#8221;|||&#8221; locked=&#8221;off&#8221;][et_pb_row column_structure=&#8221;1_2,1_2&#8243; _builder_version=&#8221;3.25&#8243;][et_pb_column type=&#8221;1_2&#8243; _builder_version=&#8221;3.25&#8243; custom_padding=&#8221;|||&#8221; custom_padding__hover=&#8221;|||&#8221;][et_pb_text _builder_version=&#8221;4.7.4&#8243; text_font=&#8221;Roboto|500|||||||&#8221; text_text_color=&#8221;#939393&#8243; text_font_size=&#8221;21px&#8221; text_line_height=&#8221;2em&#8221; quote_font=&#8221;||||||||&#8221; header_font=&#8221;||||||||&#8221; header_2_font=&#8221;Rubik|700|||||||&#8221; header_2_font_size=&#8221;40px&#8221; header_2_line_height=&#8221;1.4em&#8221; header_3_text_align=&#8221;right&#8221; header_3_text_color=&#8221;#757575&#8243; header_3_font_size=&#8221;39px&#8221; header_5_font=&#8221;Rubik|700||on|||||&#8221; header_5_letter_spacing=&#8221;5px&#8221; header_5_line_height=&#8221;1.2em&#8221; text_orientation=&#8221;right&#8221; background_layout=&#8221;dark&#8221; max_width=&#8221;600px&#8221; max_width_tablet=&#8221;&#8221; max_width_phone=&#8221;&#8221; max_width_last_edited=&#8221;on|phone&#8221; custom_margin=&#8221;|||&#8221; custom_margin_tablet=&#8221;|70px||70px&#8221; custom_margin_phone=&#8221;|50px||50px&#8221; custom_margin_last_edited=&#8221;off|desktop&#8221; custom_padding=&#8221;|||&#8221; text_line_height_last_edited=&#8221;off|desktop&#8221; header_2_font_size_tablet=&#8221;&#8221; header_2_font_size_phone=&#8221;30px&#8221; header_2_font_size_last_edited=&#8221;on|phone&#8221;]<\/p>\n<p>Le mot du Directeur<\/p>\n<h3>Prof. Roland Fortunier<\/h3>\n<p>[\/et_pb_text][et_pb_image src=&#8221;https:\/\/www-dev.ensma.fr\/wp-content\/uploads\/2017\/09\/Roland-Fortunier_ISAE-ENSMA_2017_m\u00e9daillon-3.jpg&#8221; title_text=&#8221;Roland Fortunier_ISAE-ENSMA_2017_m\u00e9daillon 3&#8243; align=&#8221;center&#8221; _builder_version=&#8221;4.7.4&#8243; _module_preset=&#8221;default&#8221; width=&#8221;42%&#8221; module_alignment=&#8221;right&#8221;][\/et_pb_image][\/et_pb_column][et_pb_column type=&#8221;1_2&#8243; _builder_version=&#8221;3.25&#8243; custom_padding=&#8221;|||&#8221; custom_padding__hover=&#8221;|||&#8221;][et_pb_text _builder_version=&#8221;4.7.4&#8243; text_font=&#8221;Roboto|500|||||||&#8221; text_text_color=&#8221;#7f7f7f&#8221; text_font_size=&#8221;16px&#8221; text_line_height=&#8221;2em&#8221; quote_font=&#8221;||||||||&#8221; header_font=&#8221;||||||||&#8221; header_2_font=&#8221;Rubik|700|||||||&#8221; header_2_font_size=&#8221;40px&#8221; header_2_line_height=&#8221;1.4em&#8221; header_5_font=&#8221;Rubik|700||on|||||&#8221; header_5_letter_spacing=&#8221;5px&#8221; header_5_line_height=&#8221;1.2em&#8221; background_layout=&#8221;dark&#8221; max_width=&#8221;600px&#8221; max_width_tablet=&#8221;&#8221; max_width_phone=&#8221;&#8221; max_width_last_edited=&#8221;on|phone&#8221; custom_margin=&#8221;99px|||||&#8221; custom_margin_tablet=&#8221;|70px||70px&#8221; custom_margin_phone=&#8221;|50px||50px&#8221; custom_margin_last_edited=&#8221;off|desktop&#8221; custom_padding=&#8221;|||&#8221; text_line_height_last_edited=&#8221;off|desktop&#8221; header_2_font_size_tablet=&#8221;&#8221; header_2_font_size_phone=&#8221;30px&#8221; header_2_font_size_last_edited=&#8221;on|phone&#8221;]<\/p>\n<p><em>R\u00e9f\u00e9rence sur son territoire et dans sa r\u00e9gion, Membre du groupe ISAE, p\u00f4le mondial de formation et de recherche en a\u00e9ronautique et spatial, L\u2019ISAE-ENSMA r\u00e9pond pr\u00e9sent face aux d\u00e9fis industriels et soci\u00e9taux, dans le domaine des transports et de l\u2019\u00e9nergie, en formant des scientifiques de haut niveau, capables de piloter des projets complexes, de faire preuve de leadership pour manager des \u00e9quipes et des organisations, et d&#8217;initiative pour entreprendre, dans un contexte international fortement connect\u00e9.<\/em><\/p>\n<p>[\/et_pb_text][\/et_pb_column][\/et_pb_row][et_pb_row _builder_version=&#8221;4.7.7&#8243; _module_preset=&#8221;default&#8221; max_width=&#8221;948px&#8221; max_width_tablet=&#8221;&#8221; max_width_phone=&#8221;&#8221; max_width_last_edited=&#8221;on|tablet&#8221; module_alignment=&#8221;center&#8221;][et_pb_column type=&#8221;4_4&#8243; _builder_version=&#8221;4.7.7&#8243; _module_preset=&#8221;default&#8221;][et_pb_text _builder_version=&#8221;4.7.4&#8243; _module_preset=&#8221;default&#8221; text_font_size=&#8221;16px&#8221;]<\/p>\n<p>Cette vision guide la formation des ing\u00e9nieurs ISAE-ENSMA pour les prochaines ann\u00e9es. Elle s\u2019appuie sur de nombreux partenariats acad\u00e9miques et industriels, ainsi que sur des travaux de recherche d\u2019excellence \u00e9troitement li\u00e9s aux enseignements de haut niveau dispens\u00e9s.<\/p>\n<p>L\u2019ENSMA a \u00e9t\u00e9 cr\u00e9\u00e9e en 1948 \u00e0 Poitiers pour former des ing\u00e9nieurs dans les domaines de la m\u00e9canique et de l\u2019a\u00e9rotechnique. Depuis 1993, elle est implant\u00e9e sur un campus r\u00e9solument novateur au sein du Futuroscope. En 2011, elle est devenue ISAE-ENSMA en fondant avec ISAE-SUPAERO le premier p\u00f4le mondial de formation sup\u00e9rieure en a\u00e9ronautique et spatial\u00a0: le groupe ISAE.<\/p>\n<p>L\u2019enseignement couvre des domaines scientifiques \u00e9tendus tels que la m\u00e9canique des fluides et des structures, l\u2019a\u00e9rodynamique, l\u2019\u00e9nergie, la thermique et la propulsion, les mat\u00e9riaux, l\u2019informatique temps r\u00e9el, \u2026 De nombreux industriels participent \u00e0 ces enseignements, et font profiter les \u00e9l\u00e8ves de leur exp\u00e9rience sur des cas concrets, dans le cadre de chaires industrielles ou de partenariats durables.<\/p>\n<p>Une formation en sciences humaines et sociale, ainsi qu\u2019une solide culture internationale, viennent compl\u00e9ter l\u2019expertise de nos \u00e9tudiants. Acteurs de leur formation, motiv\u00e9s par des projets innovants, ils sont les scientifiques et les managers de demain qui sauront relever les d\u00e9fis industriels et soci\u00e9taux du futur.<\/p>\n<p>Les pages qui suivent donnent une description assez compl\u00e8te de notre Ecole. Je vous en souhaite une tr\u00e8s bonne lecture.<\/p>\n<p>[\/et_pb_text][et_pb_blurb use_icon=&#8221;on&#8221; font_icon=&#8221;%%40%%&#8221; icon_color=&#8221;#0c71c3&#8243; icon_placement=&#8221;left&#8221; content_max_width=&#8221;1083px&#8221; _builder_version=&#8221;4.7.4&#8243; _module_preset=&#8221;default&#8221; body_font_size=&#8221;16px&#8221; background_color=&#8221;#e0e0e0&#8243; custom_padding=&#8221;27px|27px|27px|27px|true|true&#8221;]<\/p>\n<p>En 2011, l\u2019ENSMA a franchi un cap en adoptant la marque ISAE et en prenant le nom d\u2019usage ISAE-ENSMA. En effet, l\u2019ISAE \u2013 Institut Sup\u00e9rieur de l\u2019A\u00e9ronautique et de l\u2019Espace issu de la fusion SUPAERO et ENSICA \u2013 d\u00e9cline sa marque vers les \u00e9coles d\u2019ing\u00e9nieurs a\u00e9ronautiques fran\u00e7aises respectant une charte commune de valeurs et partageant des projets collectifs de d\u00e9veloppement. En 2012, l\u2019ESTACA et l&#8217;Ecole de l\u2019Air ont int\u00e9gr\u00e9 le Groupe ISAE. Le Groupe ISAE ainsi form\u00e9 permet d\u2019accro\u00eetre le rayonnement et la visibilit\u00e9 de ses membres, et de promouvoir la formation d\u2019ing\u00e9nieurs d\u2019excellence dans les domaines de l\u2019a\u00e9ronautique et de l\u2019espace.<\/p>\n<p>[\/et_pb_blurb][\/et_pb_column][\/et_pb_row][\/et_pb_section]<\/p>\n","protected":false},"excerpt":{"rendered":"<p>Le mot du Directeur Prof. Roland FortunierR\u00e9f\u00e9rence sur son territoire et dans sa r\u00e9gion, Membre du groupe ISAE, p\u00f4le mondial de formation et de recherche en a\u00e9ronautique et spatial, L\u2019ISAE-ENSMA r\u00e9pond pr\u00e9sent face aux d\u00e9fis industriels et soci\u00e9taux, dans le domaine des transports et de l\u2019\u00e9nergie, en formant des scientifiques de haut niveau, capables de [&hellip;]<\/p>\n","protected":false},"author":33,"featured_media":0,"parent":0,"menu_order":0,"comment_status":"closed","ping_status":"closed","template":"","meta":{"_et_pb_use_builder":"on","_et_pb_old_content":"","_et_gb_content_width":"","footnotes":""},"class_list":["post-9591","page","type-page","status-publish","hentry"],"_links":{"self":[{"href":"https:\/\/www.ensma.fr\/en\/wp-json\/wp\/v2\/pages\/9591","targetHints":{"allow":["GET"]}}],"collection":[{"href":"https:\/\/www.ensma.fr\/en\/wp-json\/wp\/v2\/pages"}],"about":[{"href":"https:\/\/www.ensma.fr\/en\/wp-json\/wp\/v2\/types\/page"}],"author":[{"embeddable":true,"href":"https:\/\/www.ensma.fr\/en\/wp-json\/wp\/v2\/users\/33"}],"replies":[{"embeddable":true,"href":"https:\/\/www.ensma.fr\/en\/wp-json\/wp\/v2\/comments?post=9591"}],"version-history":[{"count":1,"href":"https:\/\/www.ensma.fr\/en\/wp-json\/wp\/v2\/pages\/9591\/revisions"}],"predecessor-version":[{"id":9593,"href":"https:\/\/www.ensma.fr\/en\/wp-json\/wp\/v2\/pages\/9591\/revisions\/9593"}],"wp:attachment":[{"href":"https:\/\/www.ensma.fr\/en\/wp-json\/wp\/v2\/media?parent=9591"}],"curies":[{"name":"wp","href":"https:\/\/api.w.org\/{rel}","templated":true}]}}